{"id":1016,"date":"2019-10-28T13:36:48","date_gmt":"2019-10-28T13:36:48","guid":{"rendered":"https:\/\/sidimurcia.org\/wp\/?page_id=1016"},"modified":"2021-10-15T08:39:18","modified_gmt":"2021-10-15T08:39:18","slug":"articulos-anteriores-de-zonificacion-por-municipios","status":"publish","type":"page","link":"https:\/\/sidimurcia.org\/index.php\/articulos-anteriores-de-zonificacion-por-municipios\/","title":{"rendered":"Articulos anteriores de Zonificaci\u00f3n por Municipios."},"content":{"rendered":"<table border=\"0\" width=\"100%\" cellspacing=\"0\" cellpadding=\"0\">\n<tbody>\n<tr>\n<td><a href=\"https:\/\/sd.sidimurcia.org\/index2.php?option=com_content&#038;task=view&#038;id=13031&#038;Itemid=206\">Resoluci\u00f3n 14\/01\/19 por la que se establecen las zonas de escolarizaci\u00f3n en la CARM, admisi\u00f3n 2019. <\/a><\/td>\n<\/tr>\n<tr>\n<td><a href=\"https:\/\/sd.sidimurcia.org\/index2.php?option=com_content&#038;task=view&#038;id=11865&#038;Itemid=206\"> Resoluci\u00f3n 17\/01\/18 establece la adscripci\u00f3n entre centros escolares de la CARM, curso 18\/19 <\/a><\/td>\n<\/tr>\n<tr>\n<td><a href=\"https:\/\/sd.sidimurcia.org\/index2.php?option=com_content&#038;task=view&#038;id=11814&#038;Itemid=206\"> Resoluci\u00f3n 08\/01\/18 por la que se establecen las zonas de escolarizaci\u00f3n en la CARM, admisi\u00f3n 2018. <\/a><\/td>\n<\/tr>\n<tr>\n<td><a href=\"https:\/\/sd.sidimurcia.org\/index2.php?option=com_content&#038;task=view&#038;id=10826&#038;Itemid=206\"> Resoluci\u00f3n 03\/03\/17 por la que se establecen las zonas de escolarizaci\u00f3n en la CARM, admisi\u00f3n 2017. <\/a><\/td>\n<\/tr>\n<tr>\n<td><a href=\"https:\/\/sd.sidimurcia.org\/index2.php?option=com_content&#038;task=view&#038;id=9610&#038;Itemid=206\"> Resoluci\u00f3n 10\/2\/2016 adscripci\u00f3n entre centros escolares Regi\u00f3n de Murcia. <\/a><\/td>\n<\/tr>\n<tr>\n<td><a href=\"https:\/\/sd.sidimurcia.org\/index2.php?option=com_content&#038;task=view&#038;id=7050&#038;Itemid=206\"> Resoluci\u00f3n 14\/02\/2014 sobre adscripci\u00f3n Colegios Infantil y Primaria a IES en LA UNI\u00d3N. <\/a><\/td>\n<\/tr>\n<tr>\n<td><a href=\"https:\/\/sd.sidimurcia.org\/index2.php?option=com_content&#038;task=view&#038;id=7049&#038;Itemid=206\"> Resoluci\u00f3n 14\/02\/2014 actualiza zonificaci\u00f3n escolar en infantil y primaria &#8211; Ciudad de Murcia. <\/a><\/td>\n<\/tr>\n<tr>\n<td><a href=\"https:\/\/sd.sidimurcia.org\/index2.php?option=com_content&#038;task=view&#038;id=6041&#038;Itemid=206\"> Resoluci\u00f3n 11\/2\/2013 actualiza \u00e1reas influencia de pertenencia determinados centros educativos. <\/a><\/td>\n<\/tr>\n<tr>\n<td><a href=\"https:\/\/sd.sidimurcia.org\/index2.php?option=com_content&#038;task=view&#038;id=4483&#038;Itemid=206\"> Modificaci\u00f3n de la zonificaci\u00f3n escolar del municipio de Molina de Segura. <\/a><\/td>\n<\/tr>\n<tr>\n<td><a href=\"https:\/\/sd.sidimurcia.org\/index2.php?option=com_content&#038;task=view&#038;id=3398&#038;Itemid=206\"> Cambio contrase\u00f1a cuentas correo electr\u00f3nico murciaeduca <\/a><\/td>\n<\/tr>\n<tr>\n<td><a href=\"https:\/\/sd.sidimurcia.org\/index2.php?option=com_content&#038;task=view&#038;id=3353&#038;Itemid=206\"> Modificaci\u00f3n de la zonificaci\u00f3n del municipio de Archena. <\/a><\/td>\n<\/tr>\n<tr>\n<td><a href=\"https:\/\/sd.sidimurcia.org\/index2.php?option=com_content&#038;task=view&#038;id=3346&#038;Itemid=206\"> Modificada la zonificaci\u00f3n de Cartagena para las etapas de Educaci\u00f3n Infantil y Primaria. <\/a><\/td>\n<\/tr>\n<tr>\n<td><a href=\"https:\/\/sd.sidimurcia.org\/index2.php?option=com_content&#038;task=view&#038;id=3340&#038;Itemid=206\"> Modificaci\u00f3n de la zonificaci\u00f3n para Ense\u00f1anzas Secundaria del municipio de Lorca. <\/a><\/td>\n<\/tr>\n<\/tbody>\n<\/table>\n","protected":false},"excerpt":{"rendered":"<p>Resoluci\u00f3n 14\/01\/19 por la que se establecen las zonas de escolarizaci\u00f3n en la CARM, admisi\u00f3n 2019. Resoluci\u00f3n 17\/01\/18 establece la &#8230; <a title=\"Articulos anteriores de Zonificaci\u00f3n por Municipios.\" class=\"read-more\" href=\"https:\/\/sidimurcia.org\/index.php\/articulos-anteriores-de-zonificacion-por-municipios\/\" aria-label=\"Leer m\u00e1s sobre Articulos anteriores de Zonificaci\u00f3n por Municipios.\">Leer mas<\/a><\/p>\n","protected":false},"author":1,"featured_media":0,"parent":0,"menu_order":0,"comment_status":"closed","ping_status":"closed","template":"","meta":{"footnotes":""},"class_list":["post-1016","page","type-page","status-publish"],"yoast_head":"<!-- This site is optimized with the Yoast SEO plugin v27.2 - https:\/\/yoast.com\/product\/yoast-seo-wordpress\/ -->\n<title>Articulos anteriores de Zonificaci\u00f3n por Municipios. - SIDI<\/title>\n<meta name=\"robots\" content=\"index, follow, max-snippet:-1, max-image-preview:large, max-video-preview:-1\" \/>\n<link rel=\"canonical\" href=\"https:\/\/sidimurcia.org\/index.php\/articulos-anteriores-de-zonificacion-por-municipios\/\" \/>\n<meta property=\"og:locale\" content=\"es_ES\" \/>\n<meta property=\"og:type\" content=\"article\" \/>\n<meta property=\"og:title\" content=\"Articulos anteriores de Zonificaci\u00f3n por Municipios. - SIDI\" \/>\n<meta property=\"og:description\" content=\"Resoluci\u00f3n 14\/01\/19 por la que se establecen las zonas de escolarizaci\u00f3n en la CARM, admisi\u00f3n 2019. Resoluci\u00f3n 17\/01\/18 establece la ... Leer mas\" \/>\n<meta property=\"og:url\" content=\"https:\/\/sidimurcia.org\/index.php\/articulos-anteriores-de-zonificacion-por-municipios\/\" \/>\n<meta property=\"og:site_name\" content=\"SIDI\" \/>\n<meta property=\"article:publisher\" content=\"https:\/\/es-es.facebook.com\/sidi.sindicatodedocentes\" \/>\n<meta property=\"article:modified_time\" content=\"2021-10-15T08:39:18+00:00\" \/>\n<meta name=\"twitter:card\" content=\"summary_large_image\" \/>\n<meta name=\"twitter:site\" content=\"@SIDIMURCIA\" \/>\n<meta name=\"twitter:label1\" content=\"Tiempo de lectura\" \/>\n\t<meta name=\"twitter:data1\" content=\"1 minuto\" \/>\n<script type=\"application\/ld+json\" class=\"yoast-schema-graph\">{\"@context\":\"https:\/\/schema.org\",\"@graph\":[{\"@type\":\"WebPage\",\"@id\":\"https:\/\/sidimurcia.org\/index.php\/articulos-anteriores-de-zonificacion-por-municipios\/\",\"url\":\"https:\/\/sidimurcia.org\/index.php\/articulos-anteriores-de-zonificacion-por-municipios\/\",\"name\":\"Articulos anteriores de Zonificaci\u00f3n por Municipios. - SIDI\",\"isPartOf\":{\"@id\":\"https:\/\/sidimurcia.org\/#website\"},\"datePublished\":\"2019-10-28T13:36:48+00:00\",\"dateModified\":\"2021-10-15T08:39:18+00:00\",\"breadcrumb\":{\"@id\":\"https:\/\/sidimurcia.org\/index.php\/articulos-anteriores-de-zonificacion-por-municipios\/#breadcrumb\"},\"inLanguage\":\"es\",\"potentialAction\":[{\"@type\":\"ReadAction\",\"target\":[\"https:\/\/sidimurcia.org\/index.php\/articulos-anteriores-de-zonificacion-por-municipios\/\"]}]},{\"@type\":\"BreadcrumbList\",\"@id\":\"https:\/\/sidimurcia.org\/index.php\/articulos-anteriores-de-zonificacion-por-municipios\/#breadcrumb\",\"itemListElement\":[{\"@type\":\"ListItem\",\"position\":1,\"name\":\"Portada\",\"item\":\"https:\/\/sidimurcia.org\/\"},{\"@type\":\"ListItem\",\"position\":2,\"name\":\"Articulos anteriores de Zonificaci\u00f3n por Municipios.\"}]},{\"@type\":\"WebSite\",\"@id\":\"https:\/\/sidimurcia.org\/#website\",\"url\":\"https:\/\/sidimurcia.org\/\",\"name\":\"SIDI\",\"description\":\"Sindicato Independiente de Docentes\",\"publisher\":{\"@id\":\"https:\/\/sidimurcia.org\/#organization\"},\"potentialAction\":[{\"@type\":\"SearchAction\",\"target\":{\"@type\":\"EntryPoint\",\"urlTemplate\":\"https:\/\/sidimurcia.org\/?s={search_term_string}\"},\"query-input\":{\"@type\":\"PropertyValueSpecification\",\"valueRequired\":true,\"valueName\":\"search_term_string\"}}],\"inLanguage\":\"es\"},{\"@type\":\"Organization\",\"@id\":\"https:\/\/sidimurcia.org\/#organization\",\"name\":\"Sindicato Independiente de Docentes - SIDI\",\"url\":\"https:\/\/sidimurcia.org\/\",\"logo\":{\"@type\":\"ImageObject\",\"inLanguage\":\"es\",\"@id\":\"https:\/\/sidimurcia.org\/#\/schema\/logo\/image\/\",\"url\":\"https:\/\/sidimurcia.org\/wp-content\/uploads\/cropped-PARAPESTANAWEB-1.jpg\",\"contentUrl\":\"https:\/\/sidimurcia.org\/wp-content\/uploads\/cropped-PARAPESTANAWEB-1.jpg\",\"width\":512,\"height\":512,\"caption\":\"Sindicato Independiente de Docentes - SIDI\"},\"image\":{\"@id\":\"https:\/\/sidimurcia.org\/#\/schema\/logo\/image\/\"},\"sameAs\":[\"https:\/\/es-es.facebook.com\/sidi.sindicatodedocentes\",\"https:\/\/x.com\/SIDIMURCIA\",\"https:\/\/www.instagram.com\/sidi_murcia\/\",\"https:\/\/www.youtube.com\/channel\/UCwwdL3uFtDKJdbOfmC70wIQ\"]}]}<\/script>\n<!-- \/ Yoast SEO plugin. -->","yoast_head_json":{"title":"Articulos anteriores de Zonificaci\u00f3n por Municipios. - SIDI","robots":{"index":"index","follow":"follow","max-snippet":"max-snippet:-1","max-image-preview":"max-image-preview:large","max-video-preview":"max-video-preview:-1"},"canonical":"https:\/\/sidimurcia.org\/index.php\/articulos-anteriores-de-zonificacion-por-municipios\/","og_locale":"es_ES","og_type":"article","og_title":"Articulos anteriores de Zonificaci\u00f3n por Municipios. - SIDI","og_description":"Resoluci\u00f3n 14\/01\/19 por la que se establecen las zonas de escolarizaci\u00f3n en la CARM, admisi\u00f3n 2019. Resoluci\u00f3n 17\/01\/18 establece la ... Leer mas","og_url":"https:\/\/sidimurcia.org\/index.php\/articulos-anteriores-de-zonificacion-por-municipios\/","og_site_name":"SIDI","article_publisher":"https:\/\/es-es.facebook.com\/sidi.sindicatodedocentes","article_modified_time":"2021-10-15T08:39:18+00:00","twitter_card":"summary_large_image","twitter_site":"@SIDIMURCIA","twitter_misc":{"Tiempo de lectura":"1 minuto"},"schema":{"@context":"https:\/\/schema.org","@graph":[{"@type":"WebPage","@id":"https:\/\/sidimurcia.org\/index.php\/articulos-anteriores-de-zonificacion-por-municipios\/","url":"https:\/\/sidimurcia.org\/index.php\/articulos-anteriores-de-zonificacion-por-municipios\/","name":"Articulos anteriores de Zonificaci\u00f3n por Municipios. - SIDI","isPartOf":{"@id":"https:\/\/sidimurcia.org\/#website"},"datePublished":"2019-10-28T13:36:48+00:00","dateModified":"2021-10-15T08:39:18+00:00","breadcrumb":{"@id":"https:\/\/sidimurcia.org\/index.php\/articulos-anteriores-de-zonificacion-por-municipios\/#breadcrumb"},"inLanguage":"es","potentialAction":[{"@type":"ReadAction","target":["https:\/\/sidimurcia.org\/index.php\/articulos-anteriores-de-zonificacion-por-municipios\/"]}]},{"@type":"BreadcrumbList","@id":"https:\/\/sidimurcia.org\/index.php\/articulos-anteriores-de-zonificacion-por-municipios\/#breadcrumb","itemListElement":[{"@type":"ListItem","position":1,"name":"Portada","item":"https:\/\/sidimurcia.org\/"},{"@type":"ListItem","position":2,"name":"Articulos anteriores de Zonificaci\u00f3n por Municipios."}]},{"@type":"WebSite","@id":"https:\/\/sidimurcia.org\/#website","url":"https:\/\/sidimurcia.org\/","name":"SIDI","description":"Sindicato Independiente de Docentes","publisher":{"@id":"https:\/\/sidimurcia.org\/#organization"},"potentialAction":[{"@type":"SearchAction","target":{"@type":"EntryPoint","urlTemplate":"https:\/\/sidimurcia.org\/?s={search_term_string}"},"query-input":{"@type":"PropertyValueSpecification","valueRequired":true,"valueName":"search_term_string"}}],"inLanguage":"es"},{"@type":"Organization","@id":"https:\/\/sidimurcia.org\/#organization","name":"Sindicato Independiente de Docentes - SIDI","url":"https:\/\/sidimurcia.org\/","logo":{"@type":"ImageObject","inLanguage":"es","@id":"https:\/\/sidimurcia.org\/#\/schema\/logo\/image\/","url":"https:\/\/sidimurcia.org\/wp-content\/uploads\/cropped-PARAPESTANAWEB-1.jpg","contentUrl":"https:\/\/sidimurcia.org\/wp-content\/uploads\/cropped-PARAPESTANAWEB-1.jpg","width":512,"height":512,"caption":"Sindicato Independiente de Docentes - SIDI"},"image":{"@id":"https:\/\/sidimurcia.org\/#\/schema\/logo\/image\/"},"sameAs":["https:\/\/es-es.facebook.com\/sidi.sindicatodedocentes","https:\/\/x.com\/SIDIMURCIA","https:\/\/www.instagram.com\/sidi_murcia\/","https:\/\/www.youtube.com\/channel\/UCwwdL3uFtDKJdbOfmC70wIQ"]}]}},"_links":{"self":[{"href":"https:\/\/sidimurcia.org\/index.php\/wp-json\/wp\/v2\/pages\/1016","targetHints":{"allow":["GET"]}}],"collection":[{"href":"https:\/\/sidimurcia.org\/index.php\/wp-json\/wp\/v2\/pages"}],"about":[{"href":"https:\/\/sidimurcia.org\/index.php\/wp-json\/wp\/v2\/types\/page"}],"author":[{"embeddable":true,"href":"https:\/\/sidimurcia.org\/index.php\/wp-json\/wp\/v2\/users\/1"}],"replies":[{"embeddable":true,"href":"https:\/\/sidimurcia.org\/index.php\/wp-json\/wp\/v2\/comments?post=1016"}],"version-history":[{"count":0,"href":"https:\/\/sidimurcia.org\/index.php\/wp-json\/wp\/v2\/pages\/1016\/revisions"}],"wp:attachment":[{"href":"https:\/\/sidimurcia.org\/index.php\/wp-json\/wp\/v2\/media?parent=1016"}],"curies":[{"name":"wp","href":"https:\/\/api.w.org\/{rel}","templated":true}]}}