{"id":103,"date":"2019-10-10T12:27:12","date_gmt":"2019-10-10T12:27:12","guid":{"rendered":"https:\/\/sidimurcia.org\/wp\/?page_id=103"},"modified":"2026-01-22T16:50:16","modified_gmt":"2026-01-22T16:50:16","slug":"protocolo-en-caso-de-agresion-al-docente","status":"publish","type":"page","link":"https:\/\/sidimurcia.org\/index.php\/protocolo-en-caso-de-agresion-al-docente\/","title":{"rendered":"PROTOCOLO EN CASO DE AGRESI\u00d3N AL DOCENTE, ACOSO LABORAL O ACOSO SEXUAL O POR RAZ\u00d3N DE SEXO."},"content":{"rendered":"<p style=\"text-align: justify;\"><span style=\"font-family: arial, helvetica, sans-serif; color: #d4458b;\"><strong>Actuaci\u00f3n en caso de agresi\u00f3n a un docente<br \/>\n<\/strong><\/span><\/p>\n<p style=\"text-align: justify;\"><span style=\"font-family: arial, helvetica, sans-serif;\">La consejer\u00eda tiene establecido un protocolo de actuaci\u00f3n ante cualquier tipo de agresi\u00f3n sufrida por el profesorado de esta Comunidad aut\u00f3noma (tanto f\u00edsica, como verbal); ademas existe una p\u00f3liza para ello por la que asignan a un abogado; no obstante os aconsejamos que os pong\u00e1is en contacto con el\u00a0 SIDI para que os asesoremos; ademas de poner a vuestra disposici\u00f3n de forma totalmente gratuita para los afiliados al servicio jur\u00eddico del sindicato; que puede si lo cre\u00e9is conveniente, sustituir en vuestra representaci\u00f3n ante los tribunales al que ofrece la administraci\u00f3n.<\/span><\/p>\n<ul>\n<li style=\"text-align: justify;\"><a href=\"https:\/\/www.carm.es\/web\/pagina?IDCONTENIDO=3937&amp;IDTIPO=100&amp;RASTRO=c2659$m\"><span style=\"font-family: arial, helvetica, sans-serif;\">Protocolo de Actuaci\u00f3n en caso de Siniestro<\/span><\/a><\/li>\n<li style=\"text-align: justify;\"><span style=\"font-family: arial, helvetica, sans-serif;\"><a href=\"http:\/\/www.carm.es\/web\/pagina?IDCONTENIDO=3938&amp;IDTIPO=100&amp;RASTRO=c897$m34327,8862,3924\">P\u00f3liza de Responsabilidad Civil de los Empleados P\u00fablicos<\/a><\/span><\/li>\n<li style=\"text-align: justify;\"><span style=\"font-family: arial, helvetica, sans-serif;\"><a href=\"https:\/\/sede.carm.es\/web\/pagina?IDCONTENIDO=402&amp;IDTIPO=240&amp;RASTRO=c$m#seccion-basica\">ENLACE A SEDE ELECTR\u00d3NICA &#8211; Reclamaci\u00f3n de responsabilidad patrimonial por el funcionamiento de la Administraci\u00f3n (c\u00f3digo 402)<\/a> <\/span>\n<ul>\n<li><span style=\"font-family: arial, helvetica, sans-serif;\"><a title=\"Este enlace se abrir\u00e1 en una nueva ventana\" href=\"https:\/\/sede.carm.es\/documentos\/402\/Formulario reclamaci\u00f3n responsabilidad patrimonial.v2.pdf\" target=\"_blank\" rel=\"noopener\">Formulario reclamaci\u00f3n responsabilidad patrimonial<\/a><\/span><\/li>\n<\/ul>\n<\/li>\n<\/ul>\n<hr \/>\n<p style=\"text-align: justify;\"><span style=\"color: #d4458b;\"><strong><span style=\"font-family: arial, helvetica, sans-serif;\">Protocolo para la prevenci\u00f3n, identificaci\u00f3n y actuaci\u00f3n frente al acoso laboral en la Administraci\u00f3n Regional<\/span><\/strong><\/span><\/p>\n<ul class=\"listadoMenu\">\n<li style=\"text-align: justify;\"><span style=\"font-family: arial, helvetica, sans-serif;\"><a title=\"Resoluci\u00f3n de 8 de abril de 2020, de la Secretar\u00eda General de la Consejer\u00eda de Presidencia y Hacienda, por la que se dispone la publicaci\u00f3n en el Bolet\u00edn Oficial de la Regi\u00f3n de Murcia del Acuerdo del Consejo de Gobierno de 2 de abril de 2020, por el que se aprueba el Protocolo para la prevenci\u00f3n, identificaci\u00f3n y actuaci\u00f3n frente al acoso laboral en la Administraci\u00f3n Regional, negociado con acuerdo el d\u00eda 25 de noviembre de 2019, en la Mesa General de Negociaci\u00f3n de las condiciones de trabajo comunes al personal funcionario, estatutario y laboral de la Administraci\u00f3n P\u00fablica de la Comunidad Aut\u00f3noma de la Regi\u00f3n de Murcia - Este enlace se abrir\u00e1 en una nueva ventana\" href=\"https:\/\/www.carm.es\/web\/descarga?ARCHIVO=2020-2019.pdf&amp;ALIAS=ARCH&amp;IDCONTENIDO=163336&amp;IDTIPO=60&amp;RASTRO=c$m743,50430\" target=\"_blank\" rel=\"noopener\">Resoluci\u00f3n de 8 de abril de 2020, de la Secretar\u00eda General de la Consejer\u00eda de Presidencia y Hacienda, por la que se dispone la publicaci\u00f3n en el Bolet\u00edn Oficial de la Regi\u00f3n de Murcia del Acuerdo del Consejo de Gobierno de 2 de abril de 2020, por el que se aprueba el Protocolo para la prevenci\u00f3n, identificaci\u00f3n y actuaci\u00f3n frente al acoso laboral en la Administraci\u00f3n Regional, negociado con acuerdo el d\u00eda 25 de noviembre de 2019, en la Mesa General de Negociaci\u00f3n de las condiciones de trabajo comunes al personal funcionario, estatutario y laboral de la Administraci\u00f3n P\u00fablica de la Comunidad Aut\u00f3noma de la Regi\u00f3n de Murcia<\/a><\/span><\/li>\n<li><span style=\"font-family: arial, helvetica, sans-serif;\"><a title=\"Solicitud de actuaci\u00f3n frente al acoso laboral - Este enlace se abrir\u00e1 en una nueva ventana\" href=\"https:\/\/sede.carm.es\/web\/pagina?IDCONTENIDO=3276&amp;IDTIPO=240&amp;RASTRO=c$m40288\" target=\"_blank\" rel=\"noopener\"><b>Solicitud de actuaci\u00f3n frente al acoso laboral<\/b><\/a><\/span><\/li>\n<li style=\"text-align: justify;\"><span style=\"font-family: arial, helvetica, sans-serif;\"><a title=\"Este enlace se abrir\u00e1 en una nueva ventana\" href=\"https:\/\/www.carm.es\/web\/descarga?ARCHIVO=NO%20acoso%20laboral.pdf&amp;ALIAS=ARCH&amp;IDCONTENIDO=131597&amp;IDTIPO=60&amp;RASTRO=c$m743,50430\" target=\"_blank\" rel=\"noopener\">Acoso laboral<\/a><\/span><\/li>\n<li style=\"text-align: justify;\"><a title=\"Gu\u00eda de prevenci\u00f3n, identificaci\u00f3n y actuaci\u00f3n frente al acoso laboral en la Administraci\u00f3n Regional - Este enlace se abrir\u00e1 en una nueva ventana\" href=\"https:\/\/www.carm.es\/web\/descarga?ARCHIVO=Gu%C3%ADaAcoso.pdf&amp;ALIAS=ARCH&amp;IDCONTENIDO=179064&amp;IDTIPO=60&amp;RASTRO=c$m743,50430\" target=\"_blank\" rel=\"noopener\"><span style=\"font-family: arial, helvetica, sans-serif;\">Gu\u00eda de prevenci\u00f3n, identificaci\u00f3n y actuaci\u00f3n frente al acoso laboral en la Administraci\u00f3n Regional<\/span><\/a><\/li>\n<\/ul>\n<hr \/>\n<p style=\"text-align: justify;\"><strong><span style=\"font-family: arial, helvetica, sans-serif; color: #d4458b;\">Protocolo de actuaci\u00f3n para la prevenci\u00f3n del acoso sexual y del acoso por raz\u00f3n de sexo, en el \u00e1mbito de la Administraci\u00f3n P\u00fablica de la Regi\u00f3n de Murcia<\/span><\/strong><\/p>\n<ul>\n<li style=\"text-align: justify;\"><span style=\"font-family: arial, helvetica, sans-serif;\"><a title=\"Atenci\u00f3n: Va a abandonar esta Sede Electr\u00f3nica\" href=\"https:\/\/www.borm.es\/services\/anuncio\/71075\/pdf\" target=\"_blank\" rel=\"noopener\">Resoluci\u00f3n de 12 de septiembre de 2014, de la Secretar\u00eda General de la Consejer\u00eda de Econom\u00eda y Hacienda, por la que se dispone la publicaci\u00f3n en el Bolet\u00edn Oficial de la Regi\u00f3n de Murcia del Acuerdo de la Mesa General de Negociaci\u00f3n de las condiciones de trabajo comunes al personal funcionario,estatutario y laboral de la Administraci\u00f3n P\u00fablica de la Regi\u00f3n de Murcia, sobre protocolo de actuaci\u00f3n para la prevenci\u00f3n del acoso sexual y del acoso por raz\u00f3n de sexo, en el \u00e1mbito de la Administraci\u00f3n P\u00fablica de la Regi\u00f3n de Murcia, ratificado por Acuerdo del Consejo de Gobierno de 25 de julio de 2014.<\/a><\/span><\/li>\n<li style=\"text-align: justify;\"><span style=\"font-family: arial, helvetica, sans-serif;\"><a title=\"Este enlace se abrir\u00e1 en una nueva ventana\" href=\"https:\/\/sede.carm.es\/documentos\/1412\/Solicitud%20de%20Actuaci%C3%B3n%20por%20Acoso%20Sexual%20(1).doc\" target=\"_blank\" rel=\"noopener\">Solicitud<\/a><\/span><\/li>\n<li style=\"text-align: justify;\"><a href=\"https:\/\/sede.carm.es\/web\/pagina?IDCONTENIDO=1412&amp;IDTIPO=240&amp;RASTRO=c$m40288#seccion-solicitudes\"><span style=\"font-family: arial, helvetica, sans-serif;\">Enlace sede electr\u00f3nica &#8211; procedimiento 1412<\/span><\/a><\/li>\n<li style=\"text-align: justify;\"><span style=\"font-family: arial, helvetica, sans-serif;\"><u>Si es personal adscrito a la Consejer\u00eda de Educaci\u00f3n<\/u>:\u00a0correo:\u00a0sergio.vidal@carm.es,\u00a0 tel\u00e9fono: 988279839; correo: josel.munoz4@carm.es, tel\u00e9fono:\u00a0968279845<\/span><\/li>\n<\/ul>\n<hr \/>\n<p><span style=\"font-family: arial, helvetica, sans-serif;\"><strong>Servicio de Prevenci\u00f3n de Riesgos Laborales<\/strong><\/span><\/p>\n<ul>\n<li style=\"list-style-type: none;\">\n<ul>\n<li><span style=\"font-family: arial, helvetica, sans-serif;\">968 27 98 45<\/span><\/li>\n<li><span style=\"font-family: arial, helvetica, sans-serif;\">968 27 98 39<\/span><\/li>\n<li><span style=\"font-family: arial, helvetica, sans-serif;\">968 27 98 44<\/span><\/li>\n<li><span style=\"font-family: arial, helvetica, sans-serif;\">968 27 98 13<\/span><\/li>\n<li><span style=\"font-family: arial, helvetica, sans-serif;\">968 27 98 14<\/span><\/li>\n<\/ul>\n<\/li>\n<li><span style=\"font-family: arial, helvetica, sans-serif;\">sprl_educacion@murciaeduca.es<\/span><\/li>\n<li style=\"text-align: justify;\"><a href=\"https:\/\/sede.carm.es\/web\/pagina?IDCONTENIDO=3254&amp;IDTIPO=240&amp;RASTRO=c$m40288\"><span style=\"font-family: arial, helvetica, sans-serif;\">Solicitud de Adaptaci\u00f3n o reubicaci\u00f3n del puesto de trabajo en personal docente \u2013 ENLACE SEDE ELECTR\u00d3NICA DE LA CARM (c\u00f3digo 3254)<\/span><\/a><\/li>\n<\/ul>\n<p style=\"text-align: justify;\"><strong><span style=\"font-family: arial, helvetica, sans-serif; color: #3c48a9;\">Creemos en un servicio p\u00fablico de calidad y digno.<\/span><\/strong><\/p>\n","protected":false},"excerpt":{"rendered":"<p>Actuaci\u00f3n en caso de agresi\u00f3n a un docente La consejer\u00eda tiene establecido un protocolo de actuaci\u00f3n ante cualquier tipo de &#8230; <a title=\"PROTOCOLO EN CASO DE AGRESI\u00d3N AL DOCENTE, ACOSO LABORAL O ACOSO SEXUAL O POR RAZ\u00d3N DE SEXO.\" class=\"read-more\" href=\"https:\/\/sidimurcia.org\/index.php\/protocolo-en-caso-de-agresion-al-docente\/\" aria-label=\"Leer m\u00e1s sobre PROTOCOLO EN CASO DE AGRESI\u00d3N AL DOCENTE, ACOSO LABORAL O ACOSO SEXUAL O POR RAZ\u00d3N DE SEXO.\">Leer mas<\/a><\/p>\n","protected":false},"author":1,"featured_media":0,"parent":0,"menu_order":0,"comment_status":"closed","ping_status":"closed","template":"","meta":{"footnotes":""},"class_list":["post-103","page","type-page","status-publish"],"yoast_head":"<!-- This site is optimized with the Yoast SEO plugin v27.2 - https:\/\/yoast.com\/product\/yoast-seo-wordpress\/ -->\n<title>PROTOCOLO EN CASO DE AGRESI\u00d3N AL DOCENTE, ACOSO LABORAL O ACOSO SEXUAL O POR RAZ\u00d3N DE SEXO. - SIDI<\/title>\n<meta name=\"robots\" content=\"index, follow, max-snippet:-1, max-image-preview:large, max-video-preview:-1\" \/>\n<link rel=\"canonical\" href=\"https:\/\/sidimurcia.org\/index.php\/protocolo-en-caso-de-agresion-al-docente\/\" \/>\n<meta property=\"og:locale\" content=\"es_ES\" \/>\n<meta property=\"og:type\" content=\"article\" \/>\n<meta property=\"og:title\" content=\"PROTOCOLO EN CASO DE AGRESI\u00d3N AL DOCENTE, ACOSO LABORAL O ACOSO SEXUAL O POR RAZ\u00d3N DE SEXO. - SIDI\" \/>\n<meta property=\"og:description\" content=\"Actuaci\u00f3n en caso de agresi\u00f3n a un docente La consejer\u00eda tiene establecido un protocolo de actuaci\u00f3n ante cualquier tipo de ... Leer mas\" \/>\n<meta property=\"og:url\" content=\"https:\/\/sidimurcia.org\/index.php\/protocolo-en-caso-de-agresion-al-docente\/\" \/>\n<meta property=\"og:site_name\" content=\"SIDI\" \/>\n<meta property=\"article:publisher\" content=\"https:\/\/es-es.facebook.com\/sidi.sindicatodedocentes\" \/>\n<meta property=\"article:modified_time\" content=\"2026-01-22T16:50:16+00:00\" \/>\n<meta name=\"twitter:card\" content=\"summary_large_image\" \/>\n<meta name=\"twitter:site\" content=\"@SIDIMURCIA\" \/>\n<meta name=\"twitter:label1\" content=\"Tiempo de lectura\" \/>\n\t<meta name=\"twitter:data1\" content=\"3 minutos\" \/>\n<script type=\"application\/ld+json\" class=\"yoast-schema-graph\">{\"@context\":\"https:\/\/schema.org\",\"@graph\":[{\"@type\":\"WebPage\",\"@id\":\"https:\/\/sidimurcia.org\/index.php\/protocolo-en-caso-de-agresion-al-docente\/\",\"url\":\"https:\/\/sidimurcia.org\/index.php\/protocolo-en-caso-de-agresion-al-docente\/\",\"name\":\"PROTOCOLO EN CASO DE AGRESI\u00d3N AL DOCENTE, ACOSO LABORAL O ACOSO SEXUAL O POR RAZ\u00d3N DE SEXO. - SIDI\",\"isPartOf\":{\"@id\":\"https:\/\/sidimurcia.org\/#website\"},\"datePublished\":\"2019-10-10T12:27:12+00:00\",\"dateModified\":\"2026-01-22T16:50:16+00:00\",\"breadcrumb\":{\"@id\":\"https:\/\/sidimurcia.org\/index.php\/protocolo-en-caso-de-agresion-al-docente\/#breadcrumb\"},\"inLanguage\":\"es\",\"potentialAction\":[{\"@type\":\"ReadAction\",\"target\":[\"https:\/\/sidimurcia.org\/index.php\/protocolo-en-caso-de-agresion-al-docente\/\"]}]},{\"@type\":\"BreadcrumbList\",\"@id\":\"https:\/\/sidimurcia.org\/index.php\/protocolo-en-caso-de-agresion-al-docente\/#breadcrumb\",\"itemListElement\":[{\"@type\":\"ListItem\",\"position\":1,\"name\":\"Portada\",\"item\":\"https:\/\/sidimurcia.org\/\"},{\"@type\":\"ListItem\",\"position\":2,\"name\":\"PROTOCOLO EN CASO DE AGRESI\u00d3N AL DOCENTE, ACOSO LABORAL O ACOSO SEXUAL O POR RAZ\u00d3N DE SEXO.\"}]},{\"@type\":\"WebSite\",\"@id\":\"https:\/\/sidimurcia.org\/#website\",\"url\":\"https:\/\/sidimurcia.org\/\",\"name\":\"SIDI\",\"description\":\"Sindicato Independiente de Docentes\",\"publisher\":{\"@id\":\"https:\/\/sidimurcia.org\/#organization\"},\"potentialAction\":[{\"@type\":\"SearchAction\",\"target\":{\"@type\":\"EntryPoint\",\"urlTemplate\":\"https:\/\/sidimurcia.org\/?s={search_term_string}\"},\"query-input\":{\"@type\":\"PropertyValueSpecification\",\"valueRequired\":true,\"valueName\":\"search_term_string\"}}],\"inLanguage\":\"es\"},{\"@type\":\"Organization\",\"@id\":\"https:\/\/sidimurcia.org\/#organization\",\"name\":\"Sindicato Independiente de Docentes - SIDI\",\"url\":\"https:\/\/sidimurcia.org\/\",\"logo\":{\"@type\":\"ImageObject\",\"inLanguage\":\"es\",\"@id\":\"https:\/\/sidimurcia.org\/#\/schema\/logo\/image\/\",\"url\":\"https:\/\/sidimurcia.org\/wp-content\/uploads\/cropped-PARAPESTANAWEB-1.jpg\",\"contentUrl\":\"https:\/\/sidimurcia.org\/wp-content\/uploads\/cropped-PARAPESTANAWEB-1.jpg\",\"width\":512,\"height\":512,\"caption\":\"Sindicato Independiente de Docentes - SIDI\"},\"image\":{\"@id\":\"https:\/\/sidimurcia.org\/#\/schema\/logo\/image\/\"},\"sameAs\":[\"https:\/\/es-es.facebook.com\/sidi.sindicatodedocentes\",\"https:\/\/x.com\/SIDIMURCIA\",\"https:\/\/www.instagram.com\/sidi_murcia\/\",\"https:\/\/www.youtube.com\/channel\/UCwwdL3uFtDKJdbOfmC70wIQ\"]}]}<\/script>\n<!-- \/ Yoast SEO plugin. -->","yoast_head_json":{"title":"PROTOCOLO EN CASO DE AGRESI\u00d3N AL DOCENTE, ACOSO LABORAL O ACOSO SEXUAL O POR RAZ\u00d3N DE SEXO. - SIDI","robots":{"index":"index","follow":"follow","max-snippet":"max-snippet:-1","max-image-preview":"max-image-preview:large","max-video-preview":"max-video-preview:-1"},"canonical":"https:\/\/sidimurcia.org\/index.php\/protocolo-en-caso-de-agresion-al-docente\/","og_locale":"es_ES","og_type":"article","og_title":"PROTOCOLO EN CASO DE AGRESI\u00d3N AL DOCENTE, ACOSO LABORAL O ACOSO SEXUAL O POR RAZ\u00d3N DE SEXO. - SIDI","og_description":"Actuaci\u00f3n en caso de agresi\u00f3n a un docente La consejer\u00eda tiene establecido un protocolo de actuaci\u00f3n ante cualquier tipo de ... Leer mas","og_url":"https:\/\/sidimurcia.org\/index.php\/protocolo-en-caso-de-agresion-al-docente\/","og_site_name":"SIDI","article_publisher":"https:\/\/es-es.facebook.com\/sidi.sindicatodedocentes","article_modified_time":"2026-01-22T16:50:16+00:00","twitter_card":"summary_large_image","twitter_site":"@SIDIMURCIA","twitter_misc":{"Tiempo de lectura":"3 minutos"},"schema":{"@context":"https:\/\/schema.org","@graph":[{"@type":"WebPage","@id":"https:\/\/sidimurcia.org\/index.php\/protocolo-en-caso-de-agresion-al-docente\/","url":"https:\/\/sidimurcia.org\/index.php\/protocolo-en-caso-de-agresion-al-docente\/","name":"PROTOCOLO EN CASO DE AGRESI\u00d3N AL DOCENTE, ACOSO LABORAL O ACOSO SEXUAL O POR RAZ\u00d3N DE SEXO. - SIDI","isPartOf":{"@id":"https:\/\/sidimurcia.org\/#website"},"datePublished":"2019-10-10T12:27:12+00:00","dateModified":"2026-01-22T16:50:16+00:00","breadcrumb":{"@id":"https:\/\/sidimurcia.org\/index.php\/protocolo-en-caso-de-agresion-al-docente\/#breadcrumb"},"inLanguage":"es","potentialAction":[{"@type":"ReadAction","target":["https:\/\/sidimurcia.org\/index.php\/protocolo-en-caso-de-agresion-al-docente\/"]}]},{"@type":"BreadcrumbList","@id":"https:\/\/sidimurcia.org\/index.php\/protocolo-en-caso-de-agresion-al-docente\/#breadcrumb","itemListElement":[{"@type":"ListItem","position":1,"name":"Portada","item":"https:\/\/sidimurcia.org\/"},{"@type":"ListItem","position":2,"name":"PROTOCOLO EN CASO DE AGRESI\u00d3N AL DOCENTE, ACOSO LABORAL O ACOSO SEXUAL O POR RAZ\u00d3N DE SEXO."}]},{"@type":"WebSite","@id":"https:\/\/sidimurcia.org\/#website","url":"https:\/\/sidimurcia.org\/","name":"SIDI","description":"Sindicato Independiente de Docentes","publisher":{"@id":"https:\/\/sidimurcia.org\/#organization"},"potentialAction":[{"@type":"SearchAction","target":{"@type":"EntryPoint","urlTemplate":"https:\/\/sidimurcia.org\/?s={search_term_string}"},"query-input":{"@type":"PropertyValueSpecification","valueRequired":true,"valueName":"search_term_string"}}],"inLanguage":"es"},{"@type":"Organization","@id":"https:\/\/sidimurcia.org\/#organization","name":"Sindicato Independiente de Docentes - SIDI","url":"https:\/\/sidimurcia.org\/","logo":{"@type":"ImageObject","inLanguage":"es","@id":"https:\/\/sidimurcia.org\/#\/schema\/logo\/image\/","url":"https:\/\/sidimurcia.org\/wp-content\/uploads\/cropped-PARAPESTANAWEB-1.jpg","contentUrl":"https:\/\/sidimurcia.org\/wp-content\/uploads\/cropped-PARAPESTANAWEB-1.jpg","width":512,"height":512,"caption":"Sindicato Independiente de Docentes - SIDI"},"image":{"@id":"https:\/\/sidimurcia.org\/#\/schema\/logo\/image\/"},"sameAs":["https:\/\/es-es.facebook.com\/sidi.sindicatodedocentes","https:\/\/x.com\/SIDIMURCIA","https:\/\/www.instagram.com\/sidi_murcia\/","https:\/\/www.youtube.com\/channel\/UCwwdL3uFtDKJdbOfmC70wIQ"]}]}},"_links":{"self":[{"href":"https:\/\/sidimurcia.org\/index.php\/wp-json\/wp\/v2\/pages\/103","targetHints":{"allow":["GET"]}}],"collection":[{"href":"https:\/\/sidimurcia.org\/index.php\/wp-json\/wp\/v2\/pages"}],"about":[{"href":"https:\/\/sidimurcia.org\/index.php\/wp-json\/wp\/v2\/types\/page"}],"author":[{"embeddable":true,"href":"https:\/\/sidimurcia.org\/index.php\/wp-json\/wp\/v2\/users\/1"}],"replies":[{"embeddable":true,"href":"https:\/\/sidimurcia.org\/index.php\/wp-json\/wp\/v2\/comments?post=103"}],"version-history":[{"count":0,"href":"https:\/\/sidimurcia.org\/index.php\/wp-json\/wp\/v2\/pages\/103\/revisions"}],"wp:attachment":[{"href":"https:\/\/sidimurcia.org\/index.php\/wp-json\/wp\/v2\/media?parent=103"}],"curies":[{"name":"wp","href":"https:\/\/api.w.org\/{rel}","templated":true}]}}