{"id":1037,"date":"2019-10-29T09:12:47","date_gmt":"2019-10-29T09:12:47","guid":{"rendered":"https:\/\/sidimurcia.org\/wp\/?page_id=1037"},"modified":"2021-01-13T12:14:38","modified_gmt":"2021-01-13T12:14:38","slug":"publicaciones-de-los-ultimos-7-dias","status":"publish","type":"page","link":"https:\/\/sidimurcia.org\/index.php\/publicaciones-de-los-ultimos-7-dias\/","title":{"rendered":"Publicaciones de los \u00faltimos 7 dias"},"content":{"rendered":"<p>A continuaci\u00f3n se muestran las publicaciones realizadas en la \u00faltima semana en sidimurcia.org<a href=\"https:\/\/sidimurcia.org\/index.php\/publicaciones-posteriores-a-octubre-de-2019\/\"><span style=\"font-size: 12pt;\">. \u00a0<\/span> <\/a><\/p>\n<p>Si necesitas algo de la antigua web, <a href=\"https:\/\/sidimurcia.org\/index.php\/publicaciones-anteriores-a-octubre-de-2019\/\" target=\"_blank\" rel=\"noopener noreferrer\">PULSANDO AQU\u00cd<\/a> puedes encontrarlo.<\/p>\n<aside id=\"category-posts-7\" class=\"widget inner-padding cat-post-widget amr_widget\"><ul id=\"category-posts-7-internal\" class=\"category-posts-internal\">\n<li class='cat-post-item'><div><a class=\"cat-post-title\" href=\"https:\/\/sidimurcia.org\/index.php\/2026\/04\/21\/concurso-regional-dibuja-tu-rincon-favorito-de-la-region-de-murcia-curso-2025-2026\/\" rel=\"bookmark\">Concurso regional \u201cDibuja tu rinc\u00f3n favorito de la Regi\u00f3n de Murcia\u201d curso 2025-2026<\/a>. <span class=\"cat-post-date post-date\">21\/04\/2026<\/span><\/div><\/li><li class='cat-post-item'><div><a class=\"cat-post-title\" href=\"https:\/\/sidimurcia.org\/index.php\/2026\/04\/20\/educacion-de-adultos-instrucciones-del-proceso-de-admision-y-matriculacion-de-alumnos-en-regimen-presencial-y-a-distancia-curso-26-27\/\" rel=\"bookmark\">EDUCACI\u00d3N DE ADULTOS: Instrucciones del proceso de admisi\u00f3n y matriculaci\u00f3n de alumnos en r\u00e9gimen presencial y a distancia. Curso 26\/27.<\/a>. <span class=\"cat-post-date post-date\">20\/04\/2026<\/span><\/div><\/li><li class='cat-post-item'><div><a class=\"cat-post-title\" href=\"https:\/\/sidimurcia.org\/index.php\/2026\/04\/20\/resolucion-de-3-de-abril-de-2026-que-publica-en-el-borm-acuerdo-sobre-personal-docente-interino\/\" rel=\"bookmark\">Resoluci\u00f3n de 3 de abril de 2026 que publica en el BORM Acuerdo sobre personal docente interino<\/a>. <span class=\"cat-post-date post-date\">20\/04\/2026<\/span><\/div><\/li><li class='cat-post-item'><div><a class=\"cat-post-title\" href=\"https:\/\/sidimurcia.org\/index.php\/2026\/04\/18\/instrucciones-relativas-al-procedimiento-de-admision-y-matricula-en-los-ciclos-formativos-de-fp-de-grado-basico-curso-26-27\/\" rel=\"bookmark\">Instrucciones relativas al procedimiento de admisi\u00f3n y matr\u00edcula en los ciclos formativos de FP de Grado B\u00e1sico, curso 26\/27.<\/a>. <span class=\"cat-post-date post-date\">18\/04\/2026<\/span><\/div><\/li><li class='cat-post-item'><div><a class=\"cat-post-title\" href=\"https:\/\/sidimurcia.org\/index.php\/2026\/04\/17\/instrucciones-de-organizacion-y-aplicacion-de-la-evaluacion-de-diagnostico-de-4o-de-primaria-y-2o-de-la-eso-curso-25-26\/\" rel=\"bookmark\">Instrucciones de organizaci\u00f3n y aplicaci\u00f3n de la evaluaci\u00f3n de diagn\u00f3stico de 4\u00ba de Primaria y 2\u00ba de la ESO, curso 25\/26.<\/a>. <span class=\"cat-post-date post-date\">17\/04\/2026<\/span><\/div><\/li><li class='cat-post-item'><div><a class=\"cat-post-title\" href=\"https:\/\/sidimurcia.org\/index.php\/2026\/04\/17\/resolucion-16-04-26-publica-habilitaciones-definitiva-concedidas-o-denegadas-dentro-del-proyecto-abc\/\" rel=\"bookmark\">Resoluci\u00f3n 16\/04\/26 publica habilitaciones DEFINITIVA concedidas o denegadas dentro del Proyecto ABC<\/a>. <span class=\"cat-post-date post-date\">17\/04\/2026<\/span><\/div><\/li><li class='cat-post-item'><div><a class=\"cat-post-title\" href=\"https:\/\/sidimurcia.org\/index.php\/2026\/04\/17\/__trashed-2\/\" rel=\"bookmark\">OPOSICIONES 2026: Resoluci\u00f3n PROVISIONAL de aspirantes admitidos y excluidos.<\/a>. <span class=\"cat-post-date post-date\">17\/04\/2026<\/span><\/div><\/li><li class='cat-post-item'><div><a class=\"cat-post-title\" href=\"https:\/\/sidimurcia.org\/index.php\/2026\/04\/16\/orden-16-04-26-adquisicion-nuevas-especialidades-por-el-personal-funcionario-del-cuerpo-de-maestros\/\" rel=\"bookmark\">Orden 16\/04\/26 adquisici\u00f3n nuevas especialidades por el personal FUNCIONARIO del Cuerpo de maestros.<\/a>. <span class=\"cat-post-date post-date\">16\/04\/2026<\/span><\/div><\/li><li class='cat-post-item'><div><a class=\"cat-post-title\" href=\"https:\/\/sidimurcia.org\/index.php\/2026\/04\/16\/resolucion-provisional-de-proyectos-de-innovacion-en-fp-para-ano-2026\/\" rel=\"bookmark\">Resoluci\u00f3n PROVISIONAL de Proyectos de Innovaci\u00f3n en FP para el a\u00f1o 2026.<\/a>. <span class=\"cat-post-date post-date\">16\/04\/2026<\/span><\/div><\/li><li class='cat-post-item'><div><a class=\"cat-post-title\" href=\"https:\/\/sidimurcia.org\/index.php\/2026\/04\/16\/sidi-relacion-de-vacantes-y-sustituciones-sin-cubrir-por-falta-de-docentes-a-16-04-2026\/\" rel=\"bookmark\">SIDI \u2013 Relaci\u00f3n de vacantes y sustituciones sin cubrir por falta de docentes a 16\/04\/2026.<\/a>. <span class=\"cat-post-date post-date\">16\/04\/2026<\/span><\/div><\/li><li class='cat-post-item'><div><a class=\"cat-post-title\" href=\"https:\/\/sidimurcia.org\/index.php\/2026\/04\/15\/instrucciones-pruebas-de-acceso-al-gs-de-aapp-y-diseno-y-admision-y-matriculacion-en-la-escuela-de-arte-26-27\/\" rel=\"bookmark\">Instrucciones pruebas de acceso al GS de AAPP y Dise\u00f1o y admisi\u00f3n y matriculaci\u00f3n en la Escuela de Arte, 26\/27.<\/a>. <span class=\"cat-post-date post-date\">15\/04\/2026<\/span><\/div><\/li><li class='cat-post-item'><div><a class=\"cat-post-title\" href=\"https:\/\/sidimurcia.org\/index.php\/2026\/04\/14\/mefp-ayudas-programa-inmersion-linguistica-alumnos-sexto-de-primaria-y-segundo-de-eso-curso-26-27\/\" rel=\"bookmark\">MEFP: AYUDAS Programa Inmersi\u00f3n Ling\u00fc\u00edstica ALUMNOS sexto de Primaria y segundo de ESO, curso 26\/27.<\/a>. <span class=\"cat-post-date post-date\">14\/04\/2026<\/span><\/div><\/li><li class='cat-post-item'><div><a class=\"cat-post-title\" href=\"https:\/\/sidimurcia.org\/index.php\/2026\/04\/14\/resolucion-10-04-26-publica-habilitaciones-provisional-concedidas-o-denegadas-dentro-del-proyecto-abc\/\" rel=\"bookmark\">Resoluci\u00f3n 10\/04\/26 publica habilitaciones PROVISIONAL concedidas o denegadas dentro del Proyecto ABC<\/a>. <span class=\"cat-post-date post-date\">14\/04\/2026<\/span><\/div><\/li><li class='cat-post-item'><div><a class=\"cat-post-title\" href=\"https:\/\/sidimurcia.org\/index.php\/2026\/04\/14\/instrucciones-de-admision-y-matricula-al-conservatorio-superior-de-musica-manuel-massotti-littel-curso-26-27\/\" rel=\"bookmark\">Instrucciones de ADMISI\u00d3N y MATRICULA al Conservatorio Superior de M\u00fasica Manuel Massotti Littel, curso 26\/27<\/a>. <span class=\"cat-post-date post-date\">14\/04\/2026<\/span><\/div><\/li><li class='cat-post-item'><div><a class=\"cat-post-title\" href=\"https:\/\/sidimurcia.org\/index.php\/2026\/04\/14\/instrucciones-sobre-la-admision-y-matricula-para-la-escuela-superior-de-diseno-curso-26-27\/\" rel=\"bookmark\">Instrucciones sobre la ADMISI\u00d3N y MATRICULA para la Escuela Superior de Dise\u00f1o, curso 26\/27.<\/a>. <span class=\"cat-post-date post-date\">14\/04\/2026<\/span><\/div><\/li><li class='cat-post-item'><div><a class=\"cat-post-title\" href=\"https:\/\/sidimurcia.org\/index.php\/2026\/04\/14\/instrucciones-sobre-la-admision-y-matricula-para-la-escuela-superior-de-arte-dramatico-curso-26-27\/\" rel=\"bookmark\">Instrucciones sobre la ADMISI\u00d3N y MATRICULA para la Escuela Superior de Arte Dram\u00e1tico, curso 26\/27.<\/a>. <span class=\"cat-post-date post-date\">14\/04\/2026<\/span><\/div><\/li><li class='cat-post-item'><div><a class=\"cat-post-title\" href=\"https:\/\/sidimurcia.org\/index.php\/2026\/04\/14\/convocatoria-a-pruebas-de-acceso-a-las-ensenanzas-de-arte-dramatico-para-el-curso-26-27\/\" rel=\"bookmark\">Convocatoria a pruebas de acceso a las ense\u00f1anzas de Arte Dram\u00e1tico para el curso 26\/27<\/a>. <span class=\"cat-post-date post-date\">14\/04\/2026<\/span><\/div><\/li><li class='cat-post-item'><div><a class=\"cat-post-title\" href=\"https:\/\/sidimurcia.org\/index.php\/2026\/04\/14\/convocatoria-a-pruebas-de-acceso-a-los-estudios-superiores-de-diseno-para-el-curso-26-27\/\" rel=\"bookmark\">Convocatoria a pruebas de acceso a los Estudios Superiores de Dise\u00f1o para el curso 26\/27.<\/a>. <span class=\"cat-post-date post-date\">14\/04\/2026<\/span><\/div><\/li><li class='cat-post-item'><div><a class=\"cat-post-title\" href=\"https:\/\/sidimurcia.org\/index.php\/2026\/04\/14\/convocatoria-a-pruebas-de-acceso-a-los-estudios-superiores-de-musica-para-el-curso-26-27\/\" rel=\"bookmark\">Convocatoria a pruebas de acceso a los Estudios Superiores de M\u00fasica para el curso 26\/27.<\/a>. <span class=\"cat-post-date post-date\">14\/04\/2026<\/span><\/div><\/li><\/ul>\n<\/aside>\n","protected":false},"excerpt":{"rendered":"<p>A continuaci\u00f3n se muestran las publicaciones realizadas en la \u00faltima semana en sidimurcia.org. \u00a0 Si necesitas algo de la antigua &#8230; <a title=\"Convocatoria a pruebas de acceso a los Estudios Superiores de M\u00fasica para el curso 26\/27.\" class=\"read-more\" href=\"https:\/\/sidimurcia.org\/index.php\/2026\/04\/14\/convocatoria-a-pruebas-de-acceso-a-los-estudios-superiores-de-musica-para-el-curso-26-27\/\" aria-label=\"Leer m\u00e1s sobre Convocatoria a pruebas de acceso a los Estudios Superiores de M\u00fasica para el curso 26\/27.\">Leer mas<\/a><\/p>\n","protected":false},"author":1,"featured_media":0,"parent":0,"menu_order":0,"comment_status":"closed","ping_status":"closed","template":"","meta":{"footnotes":""},"class_list":["post-1037","page","type-page","status-publish","hentry"],"yoast_head":"<!-- This site is optimized with the Yoast SEO plugin v27.2 - https:\/\/yoast.com\/product\/yoast-seo-wordpress\/ -->\n<title>Publicaciones de los \u00faltimos 7 dias - SIDI<\/title>\n<meta name=\"robots\" content=\"index, follow, max-snippet:-1, max-image-preview:large, max-video-preview:-1\" \/>\n<link rel=\"canonical\" href=\"https:\/\/sidimurcia.org\/index.php\/publicaciones-de-los-ultimos-7-dias\/\" \/>\n<meta property=\"og:locale\" content=\"es_ES\" \/>\n<meta property=\"og:type\" content=\"article\" \/>\n<meta property=\"og:title\" content=\"Publicaciones de los \u00faltimos 7 dias - SIDI\" \/>\n<meta property=\"og:description\" content=\"A continuaci\u00f3n se muestran las publicaciones realizadas en la \u00faltima semana en sidimurcia.org. \u00a0 Si necesitas algo de la antigua ... Leer mas\" \/>\n<meta property=\"og:url\" content=\"https:\/\/sidimurcia.org\/index.php\/publicaciones-de-los-ultimos-7-dias\/\" \/>\n<meta property=\"og:site_name\" content=\"SIDI\" \/>\n<meta property=\"article:publisher\" content=\"https:\/\/es-es.facebook.com\/sidi.sindicatodedocentes\" \/>\n<meta property=\"article:modified_time\" content=\"2021-01-13T12:14:38+00:00\" \/>\n<meta name=\"twitter:card\" content=\"summary_large_image\" \/>\n<meta name=\"twitter:site\" content=\"@SIDIMURCIA\" \/>\n<script type=\"application\/ld+json\" class=\"yoast-schema-graph\">{\"@context\":\"https:\/\/schema.org\",\"@graph\":[{\"@type\":\"WebPage\",\"@id\":\"https:\/\/sidimurcia.org\/index.php\/publicaciones-de-los-ultimos-7-dias\/\",\"url\":\"https:\/\/sidimurcia.org\/index.php\/publicaciones-de-los-ultimos-7-dias\/\",\"name\":\"Publicaciones de los \u00faltimos 7 dias - SIDI\",\"isPartOf\":{\"@id\":\"https:\/\/sidimurcia.org\/#website\"},\"datePublished\":\"2019-10-29T09:12:47+00:00\",\"dateModified\":\"2021-01-13T12:14:38+00:00\",\"breadcrumb\":{\"@id\":\"https:\/\/sidimurcia.org\/index.php\/publicaciones-de-los-ultimos-7-dias\/#breadcrumb\"},\"inLanguage\":\"es\",\"potentialAction\":[{\"@type\":\"ReadAction\",\"target\":[\"https:\/\/sidimurcia.org\/index.php\/publicaciones-de-los-ultimos-7-dias\/\"]}]},{\"@type\":\"BreadcrumbList\",\"@id\":\"https:\/\/sidimurcia.org\/index.php\/publicaciones-de-los-ultimos-7-dias\/#breadcrumb\",\"itemListElement\":[{\"@type\":\"ListItem\",\"position\":1,\"name\":\"Portada\",\"item\":\"https:\/\/sidimurcia.org\/\"},{\"@type\":\"ListItem\",\"position\":2,\"name\":\"Publicaciones de los \u00faltimos 7 dias\"}]},{\"@type\":\"WebSite\",\"@id\":\"https:\/\/sidimurcia.org\/#website\",\"url\":\"https:\/\/sidimurcia.org\/\",\"name\":\"SIDI\",\"description\":\"Sindicato Independiente de Docentes\",\"publisher\":{\"@id\":\"https:\/\/sidimurcia.org\/#organization\"},\"potentialAction\":[{\"@type\":\"SearchAction\",\"target\":{\"@type\":\"EntryPoint\",\"urlTemplate\":\"https:\/\/sidimurcia.org\/?s={search_term_string}\"},\"query-input\":{\"@type\":\"PropertyValueSpecification\",\"valueRequired\":true,\"valueName\":\"search_term_string\"}}],\"inLanguage\":\"es\"},{\"@type\":\"Organization\",\"@id\":\"https:\/\/sidimurcia.org\/#organization\",\"name\":\"Sindicato Independiente de Docentes - SIDI\",\"url\":\"https:\/\/sidimurcia.org\/\",\"logo\":{\"@type\":\"ImageObject\",\"inLanguage\":\"es\",\"@id\":\"https:\/\/sidimurcia.org\/#\/schema\/logo\/image\/\",\"url\":\"https:\/\/sidimurcia.org\/wp-content\/uploads\/cropped-PARAPESTANAWEB-1.jpg\",\"contentUrl\":\"https:\/\/sidimurcia.org\/wp-content\/uploads\/cropped-PARAPESTANAWEB-1.jpg\",\"width\":512,\"height\":512,\"caption\":\"Sindicato Independiente de Docentes - SIDI\"},\"image\":{\"@id\":\"https:\/\/sidimurcia.org\/#\/schema\/logo\/image\/\"},\"sameAs\":[\"https:\/\/es-es.facebook.com\/sidi.sindicatodedocentes\",\"https:\/\/x.com\/SIDIMURCIA\",\"https:\/\/www.instagram.com\/sidi_murcia\/\",\"https:\/\/www.youtube.com\/channel\/UCwwdL3uFtDKJdbOfmC70wIQ\"]}]}<\/script>\n<!-- \/ Yoast SEO plugin. -->","yoast_head_json":{"title":"Publicaciones de los \u00faltimos 7 dias - SIDI","robots":{"index":"index","follow":"follow","max-snippet":"max-snippet:-1","max-image-preview":"max-image-preview:large","max-video-preview":"max-video-preview:-1"},"canonical":"https:\/\/sidimurcia.org\/index.php\/publicaciones-de-los-ultimos-7-dias\/","og_locale":"es_ES","og_type":"article","og_title":"Publicaciones de los \u00faltimos 7 dias - SIDI","og_description":"A continuaci\u00f3n se muestran las publicaciones realizadas en la \u00faltima semana en sidimurcia.org. \u00a0 Si necesitas algo de la antigua ... Leer mas","og_url":"https:\/\/sidimurcia.org\/index.php\/publicaciones-de-los-ultimos-7-dias\/","og_site_name":"SIDI","article_publisher":"https:\/\/es-es.facebook.com\/sidi.sindicatodedocentes","article_modified_time":"2021-01-13T12:14:38+00:00","twitter_card":"summary_large_image","twitter_site":"@SIDIMURCIA","schema":{"@context":"https:\/\/schema.org","@graph":[{"@type":"WebPage","@id":"https:\/\/sidimurcia.org\/index.php\/publicaciones-de-los-ultimos-7-dias\/","url":"https:\/\/sidimurcia.org\/index.php\/publicaciones-de-los-ultimos-7-dias\/","name":"Publicaciones de los \u00faltimos 7 dias - SIDI","isPartOf":{"@id":"https:\/\/sidimurcia.org\/#website"},"datePublished":"2019-10-29T09:12:47+00:00","dateModified":"2021-01-13T12:14:38+00:00","breadcrumb":{"@id":"https:\/\/sidimurcia.org\/index.php\/publicaciones-de-los-ultimos-7-dias\/#breadcrumb"},"inLanguage":"es","potentialAction":[{"@type":"ReadAction","target":["https:\/\/sidimurcia.org\/index.php\/publicaciones-de-los-ultimos-7-dias\/"]}]},{"@type":"BreadcrumbList","@id":"https:\/\/sidimurcia.org\/index.php\/publicaciones-de-los-ultimos-7-dias\/#breadcrumb","itemListElement":[{"@type":"ListItem","position":1,"name":"Portada","item":"https:\/\/sidimurcia.org\/"},{"@type":"ListItem","position":2,"name":"Publicaciones de los \u00faltimos 7 dias"}]},{"@type":"WebSite","@id":"https:\/\/sidimurcia.org\/#website","url":"https:\/\/sidimurcia.org\/","name":"SIDI","description":"Sindicato Independiente de Docentes","publisher":{"@id":"https:\/\/sidimurcia.org\/#organization"},"potentialAction":[{"@type":"SearchAction","target":{"@type":"EntryPoint","urlTemplate":"https:\/\/sidimurcia.org\/?s={search_term_string}"},"query-input":{"@type":"PropertyValueSpecification","valueRequired":true,"valueName":"search_term_string"}}],"inLanguage":"es"},{"@type":"Organization","@id":"https:\/\/sidimurcia.org\/#organization","name":"Sindicato Independiente de Docentes - SIDI","url":"https:\/\/sidimurcia.org\/","logo":{"@type":"ImageObject","inLanguage":"es","@id":"https:\/\/sidimurcia.org\/#\/schema\/logo\/image\/","url":"https:\/\/sidimurcia.org\/wp-content\/uploads\/cropped-PARAPESTANAWEB-1.jpg","contentUrl":"https:\/\/sidimurcia.org\/wp-content\/uploads\/cropped-PARAPESTANAWEB-1.jpg","width":512,"height":512,"caption":"Sindicato Independiente de Docentes - SIDI"},"image":{"@id":"https:\/\/sidimurcia.org\/#\/schema\/logo\/image\/"},"sameAs":["https:\/\/es-es.facebook.com\/sidi.sindicatodedocentes","https:\/\/x.com\/SIDIMURCIA","https:\/\/www.instagram.com\/sidi_murcia\/","https:\/\/www.youtube.com\/channel\/UCwwdL3uFtDKJdbOfmC70wIQ"]}]}},"_links":{"self":[{"href":"https:\/\/sidimurcia.org\/index.php\/wp-json\/wp\/v2\/pages\/1037","targetHints":{"allow":["GET"]}}],"collection":[{"href":"https:\/\/sidimurcia.org\/index.php\/wp-json\/wp\/v2\/pages"}],"about":[{"href":"https:\/\/sidimurcia.org\/index.php\/wp-json\/wp\/v2\/types\/page"}],"author":[{"embeddable":true,"href":"https:\/\/sidimurcia.org\/index.php\/wp-json\/wp\/v2\/users\/1"}],"replies":[{"embeddable":true,"href":"https:\/\/sidimurcia.org\/index.php\/wp-json\/wp\/v2\/comments?post=1037"}],"version-history":[{"count":0,"href":"https:\/\/sidimurcia.org\/index.php\/wp-json\/wp\/v2\/pages\/1037\/revisions"}],"wp:attachment":[{"href":"https:\/\/sidimurcia.org\/index.php\/wp-json\/wp\/v2\/media?parent=1037"}],"curies":[{"name":"wp","href":"https:\/\/api.w.org\/{rel}","templated":true}]}}