{"id":105,"date":"2019-10-10T12:27:35","date_gmt":"2019-10-10T12:27:35","guid":{"rendered":"https:\/\/sidimurcia.org\/wp\/?page_id=105"},"modified":"2025-06-06T10:42:54","modified_gmt":"2025-06-06T10:42:54","slug":"accidentes-laborales","status":"publish","type":"page","link":"https:\/\/sidimurcia.org\/index.php\/accidentes-laborales\/","title":{"rendered":"ACCIDENTES LABORALES"},"content":{"rendered":"<p><span style=\"font-family: arial, helvetica, sans-serif;\">En caso de sufrir un accidente laboral, ya sea en el propio centro o in itinere se deben seguir los procedimientos indicados.<\/span><br \/>\n<span style=\"font-family: arial, helvetica, sans-serif;\">Para cualquier aclaraci\u00f3n puedes dirigirte al SIDI e intentaremos solventar tus dudas.<\/span><br \/>\n<span style=\"font-family: arial, helvetica, sans-serif;\">joseluis.torrente@sidimurcia.org<\/span><br \/>\n<span style=\"font-family: arial, helvetica, sans-serif;\"><strong><br \/>\n<span style=\"color: #d4458b;\">PROCEDIMIENTOS A SEGUIR ANTE UN ACCIDENTE LABORAL:<\/span><\/strong><\/span><\/p>\n<p><img loading=\"lazy\" decoding=\"async\" class=\"wp-image-24018 aligncenter\" src=\"https:\/\/sidimurcia.org\/wp-content\/uploads\/inforgramaprl-300x186.jpg\" alt=\"\" width=\"819\" height=\"507\" srcset=\"https:\/\/sidimurcia.org\/wp-content\/uploads\/inforgramaprl-300x186.jpg 300w, https:\/\/sidimurcia.org\/wp-content\/uploads\/inforgramaprl.jpg 1339w\" sizes=\"auto, (max-width: 819px) 100vw, 819px\" \/><\/p>\n<p><span style=\"font-family: arial, helvetica, sans-serif; color: #3c48a9;\"><strong>FUNCIONARIOS\/AS:<\/strong><\/span><br \/>\n<span style=\"font-family: arial, helvetica, sans-serif;\">En un primer momento se deben dirigir a su entidad sanitaria o a urgencias, en funci\u00f3n de la gravedad, para ser atendidos y posteriormente iniciar el proceso para que se le reconozca como accidente laboral seg\u00fan se indican en las instrucciones.<\/span><\/p>\n<ul>\n<li><a href=\"https:\/\/sidimurcia.org\/wp-content\/uploads\/Procedimiento-para-solicitar-el-reconocimiento-de-accidente-en-acto-de-servicio-en-el-Regimen-Especial-de-MUFACE.pdf\"><span style=\"font-family: arial, helvetica, sans-serif;\">Instrucciones accidente laboral funcionarios<\/span><\/a><\/li>\n<li><span style=\"font-family: arial, helvetica, sans-serif;\">La documentaci\u00f3n indicada se puede presentar por sede electr\u00f3nica mediante el siguiente procedimiento:<\/span>\n<ul>\n<li style=\"text-align: justify;\"><span style=\"font-family: arial, helvetica, sans-serif;\"><a href=\"https:\/\/sede.carm.es\/web\/pagina?IDCONTENIDO=447&amp;IDTIPO=240&amp;RASTRO=c$m40288\">Presentaci\u00f3n a trav\u00e9s de Sede Electr\u00f3nica\u00a0 de la Carm:\u00a0 Derechos derivados de accidente en acto de servicio en el \u00e1mbito del mutualismo administrativo gestionado por MUFACE, del personal de la Consejer\u00eda de Educaci\u00f3n y Cultura (c\u00f3digo 447)<\/a><\/span><\/li>\n<\/ul>\n<\/li>\n<\/ul>\n<p><span style=\"font-family: arial, helvetica, sans-serif;\"><strong><span style=\"color: #3c48a9;\">INTERINOS\/AS:<\/span><br \/>\n<\/strong>En un primer momento se deben dirigir a <a href=\"https:\/\/www.ibermutua.es\/redcentros\/\">IBERMUTUA<\/a> o a urgencias, en funci\u00f3n de la gravedad, para ser atendidos y posteriormente comunicar el accidente a Riesgos Laborales de la Consejer\u00eda de Educaci\u00f3n.<\/span><\/p>\n<ul>\n<li><span style=\"font-family: arial, helvetica, sans-serif;\"><a href=\"https:\/\/sidimurcia.org\/images\/stories\/documentos\/accidentes_laborales\/instrucciones_accidente_laboral_interinos.pdf\" target=\"_self\" rel=\"noopener noreferrer\">Instrucciones accidente laboral interinos<\/a><\/span><\/li>\n<\/ul>\n<ul>\n<li><span style=\"font-family: arial, helvetica, sans-serif;\"><a href=\"https:\/\/www.carm.es\/web\/pagina?IDCONTENIDO=5139&amp;IDTIPO=100&amp;RASTRO=c897$m34327,8862,3921,5137\" target=\"_blank\" rel=\"noopener noreferrer\">Riesgo de embarazo para Interinas<\/a><\/span><\/li>\n<\/ul>\n<p><span style=\"font-family: arial, helvetica, sans-serif; color: #d4458b;\"><strong>COMUNICACI\u00d3N DE ACCIDENTE AL SERVICIO DE PREVENCI\u00d3N DE RIESGOS LABORALES.<\/strong><\/span><\/p>\n<p><span style=\"font-family: arial, helvetica, sans-serif;\">Dado que algunos de los tel\u00e9fonos de los documentos anteriores pueden estar obsoletos, pueden comunicar el accidente a:<\/span><\/p>\n<ul style=\"list-style-type: square;\">\n<li><span style=\"font-family: arial, helvetica, sans-serif;\">Direcci\u00f3n General de Recursos Humanos y Calidad Educativa<\/span><br \/>\n<span style=\"font-family: arial, helvetica, sans-serif;\">Servicio de Prevenci\u00f3n de Riesgos Laborales<\/span><br \/>\n<span style=\"font-family: arial, helvetica, sans-serif;\">Avda. La Fama, 15<\/span><br \/>\n<span style=\"font-family: arial, helvetica, sans-serif;\">30006 MURCIA<\/span><br \/>\n<span style=\"font-family: arial, helvetica, sans-serif;\"><strong>Tel\u00e9fonos: 968279813 &#8211; 968279814 &#8211; 968279839 &#8211; 968279844<br \/>\n<\/strong>sprl_educacion@murciaeduca.es<\/span><br \/>\n<span style=\"font-family: arial, helvetica, sans-serif;\">FAX: 968 279834<\/span><\/li>\n<\/ul>\n","protected":false},"excerpt":{"rendered":"<p>En caso de sufrir un accidente laboral, ya sea en el propio centro o in itinere se deben seguir los &#8230; <a title=\"ACCIDENTES LABORALES\" class=\"read-more\" href=\"https:\/\/sidimurcia.org\/index.php\/accidentes-laborales\/\" aria-label=\"Leer m\u00e1s sobre ACCIDENTES LABORALES\">Leer mas<\/a><\/p>\n","protected":false},"author":1,"featured_media":0,"parent":0,"menu_order":0,"comment_status":"closed","ping_status":"closed","template":"","meta":{"footnotes":""},"class_list":["post-105","page","type-page","status-publish"],"yoast_head":"<!-- This site is optimized with the Yoast SEO plugin v27.2 - https:\/\/yoast.com\/product\/yoast-seo-wordpress\/ -->\n<title>ACCIDENTES LABORALES - SIDI<\/title>\n<meta name=\"robots\" content=\"index, follow, max-snippet:-1, max-image-preview:large, max-video-preview:-1\" \/>\n<link rel=\"canonical\" href=\"https:\/\/sidimurcia.org\/index.php\/accidentes-laborales\/\" \/>\n<meta property=\"og:locale\" content=\"es_ES\" \/>\n<meta property=\"og:type\" content=\"article\" \/>\n<meta property=\"og:title\" content=\"ACCIDENTES LABORALES - SIDI\" \/>\n<meta property=\"og:description\" content=\"En caso de sufrir un accidente laboral, ya sea en el propio centro o in itinere se deben seguir los ... Leer mas\" \/>\n<meta property=\"og:url\" content=\"https:\/\/sidimurcia.org\/index.php\/accidentes-laborales\/\" \/>\n<meta property=\"og:site_name\" content=\"SIDI\" \/>\n<meta property=\"article:publisher\" content=\"https:\/\/es-es.facebook.com\/sidi.sindicatodedocentes\" \/>\n<meta property=\"article:modified_time\" content=\"2025-06-06T10:42:54+00:00\" \/>\n<meta property=\"og:image\" content=\"https:\/\/sidimurcia.org\/wp-content\/uploads\/inforgramaprl.jpg\" \/>\n\t<meta property=\"og:image:width\" content=\"1339\" \/>\n\t<meta property=\"og:image:height\" content=\"831\" \/>\n\t<meta property=\"og:image:type\" content=\"image\/jpeg\" \/>\n<meta name=\"twitter:card\" content=\"summary_large_image\" \/>\n<meta name=\"twitter:site\" content=\"@SIDIMURCIA\" \/>\n<meta name=\"twitter:label1\" content=\"Tiempo de lectura\" \/>\n\t<meta name=\"twitter:data1\" content=\"1 minuto\" \/>\n<script type=\"application\/ld+json\" class=\"yoast-schema-graph\">{\"@context\":\"https:\/\/schema.org\",\"@graph\":[{\"@type\":\"WebPage\",\"@id\":\"https:\/\/sidimurcia.org\/index.php\/accidentes-laborales\/\",\"url\":\"https:\/\/sidimurcia.org\/index.php\/accidentes-laborales\/\",\"name\":\"ACCIDENTES LABORALES - SIDI\",\"isPartOf\":{\"@id\":\"https:\/\/sidimurcia.org\/#website\"},\"primaryImageOfPage\":{\"@id\":\"https:\/\/sidimurcia.org\/index.php\/accidentes-laborales\/#primaryimage\"},\"image\":{\"@id\":\"https:\/\/sidimurcia.org\/index.php\/accidentes-laborales\/#primaryimage\"},\"thumbnailUrl\":\"https:\/\/sidimurcia.org\/wp-content\/uploads\/inforgramaprl-300x186.jpg\",\"datePublished\":\"2019-10-10T12:27:35+00:00\",\"dateModified\":\"2025-06-06T10:42:54+00:00\",\"breadcrumb\":{\"@id\":\"https:\/\/sidimurcia.org\/index.php\/accidentes-laborales\/#breadcrumb\"},\"inLanguage\":\"es\",\"potentialAction\":[{\"@type\":\"ReadAction\",\"target\":[\"https:\/\/sidimurcia.org\/index.php\/accidentes-laborales\/\"]}]},{\"@type\":\"ImageObject\",\"inLanguage\":\"es\",\"@id\":\"https:\/\/sidimurcia.org\/index.php\/accidentes-laborales\/#primaryimage\",\"url\":\"https:\/\/sidimurcia.org\/wp-content\/uploads\/inforgramaprl.jpg\",\"contentUrl\":\"https:\/\/sidimurcia.org\/wp-content\/uploads\/inforgramaprl.jpg\",\"width\":1339,\"height\":831},{\"@type\":\"BreadcrumbList\",\"@id\":\"https:\/\/sidimurcia.org\/index.php\/accidentes-laborales\/#breadcrumb\",\"itemListElement\":[{\"@type\":\"ListItem\",\"position\":1,\"name\":\"Portada\",\"item\":\"https:\/\/sidimurcia.org\/\"},{\"@type\":\"ListItem\",\"position\":2,\"name\":\"ACCIDENTES LABORALES\"}]},{\"@type\":\"WebSite\",\"@id\":\"https:\/\/sidimurcia.org\/#website\",\"url\":\"https:\/\/sidimurcia.org\/\",\"name\":\"SIDI\",\"description\":\"Sindicato Independiente de Docentes\",\"publisher\":{\"@id\":\"https:\/\/sidimurcia.org\/#organization\"},\"potentialAction\":[{\"@type\":\"SearchAction\",\"target\":{\"@type\":\"EntryPoint\",\"urlTemplate\":\"https:\/\/sidimurcia.org\/?s={search_term_string}\"},\"query-input\":{\"@type\":\"PropertyValueSpecification\",\"valueRequired\":true,\"valueName\":\"search_term_string\"}}],\"inLanguage\":\"es\"},{\"@type\":\"Organization\",\"@id\":\"https:\/\/sidimurcia.org\/#organization\",\"name\":\"Sindicato Independiente de Docentes - SIDI\",\"url\":\"https:\/\/sidimurcia.org\/\",\"logo\":{\"@type\":\"ImageObject\",\"inLanguage\":\"es\",\"@id\":\"https:\/\/sidimurcia.org\/#\/schema\/logo\/image\/\",\"url\":\"https:\/\/sidimurcia.org\/wp-content\/uploads\/cropped-PARAPESTANAWEB-1.jpg\",\"contentUrl\":\"https:\/\/sidimurcia.org\/wp-content\/uploads\/cropped-PARAPESTANAWEB-1.jpg\",\"width\":512,\"height\":512,\"caption\":\"Sindicato Independiente de Docentes - SIDI\"},\"image\":{\"@id\":\"https:\/\/sidimurcia.org\/#\/schema\/logo\/image\/\"},\"sameAs\":[\"https:\/\/es-es.facebook.com\/sidi.sindicatodedocentes\",\"https:\/\/x.com\/SIDIMURCIA\",\"https:\/\/www.instagram.com\/sidi_murcia\/\",\"https:\/\/www.youtube.com\/channel\/UCwwdL3uFtDKJdbOfmC70wIQ\"]}]}<\/script>\n<!-- \/ Yoast SEO plugin. -->","yoast_head_json":{"title":"ACCIDENTES LABORALES - SIDI","robots":{"index":"index","follow":"follow","max-snippet":"max-snippet:-1","max-image-preview":"max-image-preview:large","max-video-preview":"max-video-preview:-1"},"canonical":"https:\/\/sidimurcia.org\/index.php\/accidentes-laborales\/","og_locale":"es_ES","og_type":"article","og_title":"ACCIDENTES LABORALES - SIDI","og_description":"En caso de sufrir un accidente laboral, ya sea en el propio centro o in itinere se deben seguir los ... Leer mas","og_url":"https:\/\/sidimurcia.org\/index.php\/accidentes-laborales\/","og_site_name":"SIDI","article_publisher":"https:\/\/es-es.facebook.com\/sidi.sindicatodedocentes","article_modified_time":"2025-06-06T10:42:54+00:00","og_image":[{"width":1339,"height":831,"url":"https:\/\/sidimurcia.org\/wp-content\/uploads\/inforgramaprl.jpg","type":"image\/jpeg"}],"twitter_card":"summary_large_image","twitter_site":"@SIDIMURCIA","twitter_misc":{"Tiempo de lectura":"1 minuto"},"schema":{"@context":"https:\/\/schema.org","@graph":[{"@type":"WebPage","@id":"https:\/\/sidimurcia.org\/index.php\/accidentes-laborales\/","url":"https:\/\/sidimurcia.org\/index.php\/accidentes-laborales\/","name":"ACCIDENTES LABORALES - SIDI","isPartOf":{"@id":"https:\/\/sidimurcia.org\/#website"},"primaryImageOfPage":{"@id":"https:\/\/sidimurcia.org\/index.php\/accidentes-laborales\/#primaryimage"},"image":{"@id":"https:\/\/sidimurcia.org\/index.php\/accidentes-laborales\/#primaryimage"},"thumbnailUrl":"https:\/\/sidimurcia.org\/wp-content\/uploads\/inforgramaprl-300x186.jpg","datePublished":"2019-10-10T12:27:35+00:00","dateModified":"2025-06-06T10:42:54+00:00","breadcrumb":{"@id":"https:\/\/sidimurcia.org\/index.php\/accidentes-laborales\/#breadcrumb"},"inLanguage":"es","potentialAction":[{"@type":"ReadAction","target":["https:\/\/sidimurcia.org\/index.php\/accidentes-laborales\/"]}]},{"@type":"ImageObject","inLanguage":"es","@id":"https:\/\/sidimurcia.org\/index.php\/accidentes-laborales\/#primaryimage","url":"https:\/\/sidimurcia.org\/wp-content\/uploads\/inforgramaprl.jpg","contentUrl":"https:\/\/sidimurcia.org\/wp-content\/uploads\/inforgramaprl.jpg","width":1339,"height":831},{"@type":"BreadcrumbList","@id":"https:\/\/sidimurcia.org\/index.php\/accidentes-laborales\/#breadcrumb","itemListElement":[{"@type":"ListItem","position":1,"name":"Portada","item":"https:\/\/sidimurcia.org\/"},{"@type":"ListItem","position":2,"name":"ACCIDENTES LABORALES"}]},{"@type":"WebSite","@id":"https:\/\/sidimurcia.org\/#website","url":"https:\/\/sidimurcia.org\/","name":"SIDI","description":"Sindicato Independiente de Docentes","publisher":{"@id":"https:\/\/sidimurcia.org\/#organization"},"potentialAction":[{"@type":"SearchAction","target":{"@type":"EntryPoint","urlTemplate":"https:\/\/sidimurcia.org\/?s={search_term_string}"},"query-input":{"@type":"PropertyValueSpecification","valueRequired":true,"valueName":"search_term_string"}}],"inLanguage":"es"},{"@type":"Organization","@id":"https:\/\/sidimurcia.org\/#organization","name":"Sindicato Independiente de Docentes - SIDI","url":"https:\/\/sidimurcia.org\/","logo":{"@type":"ImageObject","inLanguage":"es","@id":"https:\/\/sidimurcia.org\/#\/schema\/logo\/image\/","url":"https:\/\/sidimurcia.org\/wp-content\/uploads\/cropped-PARAPESTANAWEB-1.jpg","contentUrl":"https:\/\/sidimurcia.org\/wp-content\/uploads\/cropped-PARAPESTANAWEB-1.jpg","width":512,"height":512,"caption":"Sindicato Independiente de Docentes - SIDI"},"image":{"@id":"https:\/\/sidimurcia.org\/#\/schema\/logo\/image\/"},"sameAs":["https:\/\/es-es.facebook.com\/sidi.sindicatodedocentes","https:\/\/x.com\/SIDIMURCIA","https:\/\/www.instagram.com\/sidi_murcia\/","https:\/\/www.youtube.com\/channel\/UCwwdL3uFtDKJdbOfmC70wIQ"]}]}},"_links":{"self":[{"href":"https:\/\/sidimurcia.org\/index.php\/wp-json\/wp\/v2\/pages\/105","targetHints":{"allow":["GET"]}}],"collection":[{"href":"https:\/\/sidimurcia.org\/index.php\/wp-json\/wp\/v2\/pages"}],"about":[{"href":"https:\/\/sidimurcia.org\/index.php\/wp-json\/wp\/v2\/types\/page"}],"author":[{"embeddable":true,"href":"https:\/\/sidimurcia.org\/index.php\/wp-json\/wp\/v2\/users\/1"}],"replies":[{"embeddable":true,"href":"https:\/\/sidimurcia.org\/index.php\/wp-json\/wp\/v2\/comments?post=105"}],"version-history":[{"count":0,"href":"https:\/\/sidimurcia.org\/index.php\/wp-json\/wp\/v2\/pages\/105\/revisions"}],"wp:attachment":[{"href":"https:\/\/sidimurcia.org\/index.php\/wp-json\/wp\/v2\/media?parent=105"}],"curies":[{"name":"wp","href":"https:\/\/api.w.org\/{rel}","templated":true}]}}