{"id":10852,"date":"2021-10-20T09:18:01","date_gmt":"2021-10-20T09:18:01","guid":{"rendered":"https:\/\/sidimurcia.org\/?page_id=10852"},"modified":"2024-01-31T14:25:14","modified_gmt":"2024-01-31T14:25:14","slug":"adjudicaciones","status":"publish","type":"page","link":"https:\/\/sidimurcia.org\/index.php\/adjudicaciones\/","title":{"rendered":"Adjudicaciones"},"content":{"rendered":"<p><img loading=\"lazy\" decoding=\"async\" class=\"size-full wp-image-8468 alignleft\" src=\"https:\/\/sidimurcia.org\/wp-content\/uploads\/adjudicaciones190x125.jpg\" alt=\"\" width=\"190\" height=\"125\" \/><\/p>\n<p>&nbsp;<\/p>\n<p><span style=\"font-size: 20px;\"><strong><span style=\"font-family: arial, helvetica, sans-serif;\">INFORMACI\u00d3N Y PUBLICACIONES SOBRE ACTOS DE ADJUDICACI\u00d3N EN MURCIA.<\/span><\/strong><\/span><\/p>\n<p><span style=\"font-size: 16px; font-family: helvetica, arial, sans-serif;\"><strong><span style=\"color: #008000;\">ACCESO R\u00c1PIDO:<\/span><\/strong><\/span><\/p>\n<div style=\"overflow-x: auto;\">\n<table style=\"border-collapse: collapse; width: 98.8061%; height: 92px;\">\n<tbody>\n<tr style=\"height: 24px;\">\n<td style=\"width: 48.9241%; height: 24px; background-color: #d7e8d5; text-align: center;\"><strong><span style=\"font-family: trebuchet ms, geneva, sans-serif; font-size: 16px;\"><a href=\"https:\/\/sidimurcia.org\/index.php\/actos-de-adjudicacion-convocatorias\/\">CONVOCATORIAS y VACANTES.<\/a><\/span><\/strong><\/td>\n<td style=\"width: 66.5871%; height: 24px; background-color: #ebd5d5; text-align: center;\"><strong><span style=\"font-family: trebuchet ms, geneva, sans-serif; font-size: 16px;\"><a href=\"https:\/\/sidimurcia.org\/index.php\/actos-de-adjudicacion-incidencias\/\">INCIDENCIAS.<\/a><\/span><\/strong><\/td>\n<\/tr>\n<tr style=\"height: 24px;\">\n<td style=\"width: 48.9241%; height: 24px; background-color: #f0e2d3; text-align: center;\"><strong><span style=\"font-family: trebuchet ms, geneva, sans-serif; font-size: 16px;\"><a href=\"https:\/\/sidimurcia.org\/index.php\/actos-de-adjudicacion-resultados-provisionales\/\">RESULTADOS PROVISIONALES.<\/a><\/span><\/strong><\/td>\n<td style=\"width: 66.5871%; height: 24px; background-color: #cee3f2; text-align: center;\"><strong><span style=\"font-family: trebuchet ms, geneva, sans-serif; font-size: 16px;\"><a href=\"https:\/\/sidimurcia.org\/index.php\/actos-de-adjudicacion-resultados-definitivos\/\">RESULTADOS DEFINITIVOS.<\/a><\/span><\/strong><\/td>\n<\/tr>\n<tr style=\"height: 24px;\">\n<td style=\"width: 48.9241%; height: 24px; background-color: #f2deaa; text-align: center;\"><strong><span style=\"font-family: trebuchet ms, geneva, sans-serif; font-size: 16px;\"><a href=\"https:\/\/sidimurcia.org\/index.php\/ultimos-adjudicatarios-maestros-curso-2023-2024\/\">\u00daLTIMOS ADJUDICATARIOS <span style=\"font-size: 12px;\">(CUERPO DE MAESTROS)<\/span>.<\/a><\/span><\/strong><\/td>\n<td style=\"width: 66.5871%; height: 24px; background-color: #e3d3f5; text-align: center;\"><strong><span style=\"font-family: trebuchet ms, geneva, sans-serif; font-size: 16px;\"><a href=\"https:\/\/sidimurcia.org\/index.php\/ultimos-adjudicatarios-secundaria-fp-otros\/\">\u00daLTIMOS ADJUDICATARIOS <span style=\"font-size: 12px;\">(SECUNDARIA, FP Y OTROS)<\/span>.<\/a><\/span><\/strong><\/td>\n<\/tr>\n<tr style=\"height: 24px;\">\n<td style=\"width: 48.9241%; height: 20px; background-color: #f5a4ad; text-align: center;\"><strong><span style=\"font-family: trebuchet ms, geneva, sans-serif; font-size: 16px;\"><a href=\"https:\/\/sidimurcia.org\/index.php\/actos-de-adjudicacion-excluidos\/\">EXCLUIDOS.<\/a><\/span><\/strong><\/td>\n<td style=\"width: 66.5871%; height: 20px; background-color: #faf9c3; text-align: center;\"><strong><span style=\"font-family: trebuchet ms, geneva, sans-serif; font-size: 16px;\"><a href=\"https:\/\/sidimurcia.org\/index.php\/usuario-y-contrasena\/\">RECUPERAR USUARIO y CONTRASE\u00d1A<\/a><\/span><\/strong><\/td>\n<\/tr>\n<\/tbody>\n<\/table>\n<\/div>\n<p><strong><span style=\"color: #008000; font-family: helvetica, arial, sans-serif;\">GU\u00cdAS DE AYUDA:<\/span> <\/strong><\/p>\n<ol>\n<li><strong><a href=\"https:\/\/sidimurcia.org\/index.php\/actos-de-adjudicacion-decalogo\/\">Dec\u00e1logo informativo<\/a>.<\/strong><\/li>\n<li><strong><a href=\"https:\/\/sidimurcia.org\/index.php\/kit-basico-de-supervivencia-para-actos-telematicos-de-interins-curso-20-21\/\">Kit B\u00e1sico de Supervivencia para actos telem\u00e1ticos.<\/a><\/strong><\/li>\n<\/ol>\n<p>&nbsp;<\/p>\n<p>&nbsp;<\/p>\n<p><strong>INFORMACI\u00d3N SOBRE LOS ENLACES ANTERIORES PARA ACTOS DE ADJUDICACI\u00d3N EN MURCIA.<\/strong><\/p>\n<p style=\"text-align: justify;\"><span style=\"font-family: arial black, sans-serif;\">1. <strong><span style=\"font-family: arial, helvetica, sans-serif;\">Informaci\u00f3n que debes conocer sobre los actos de adjudicaci\u00f3n.<\/span><\/strong><\/span> <span style=\"font-family: arial, helvetica, sans-serif;\">Recomendamos su lectura para entender su funcionamiento en Murcia:<\/span><\/p>\n<ul style=\"list-style-type: square; text-align: justify;\">\n<li><span style=\"font-family: arial, helvetica, sans-serif;\"><a href=\"https:\/\/sidimurcia.org\/index.php\/actos-de-adjudicacion-decalogo\/\">Dec\u00e1logo informativo<\/a>.<\/span><\/li>\n<li><a href=\"https:\/\/sidimurcia.org\/index.php\/kit-basico-de-supervivencia-para-actos-telematicos-de-interins-curso-20-21\/\"><span style=\"font-family: arial, helvetica, sans-serif;\">Nuestro Kit B\u00e1sico de Supervivencia.<\/span><\/a><\/li>\n<\/ul>\n<p style=\"text-align: justify;\"><span style=\"font-family: arial black, sans-serif;\">2. <a href=\"https:\/\/sidimurcia.org\/index.php\/actos-de-adjudicacion-convocatorias\/\"><strong><span style=\"font-family: arial, helvetica, sans-serif;\">Convocatorias a los actos de adjudicaci\u00f3n.<\/span><\/strong><\/a><\/span> <span style=\"font-family: arial, helvetica, sans-serif;\">Comprueba hasta que n\u00famero de la lista de interinos han convocado para participar en los actos de adjudicaci\u00f3n.<\/span><\/p>\n<p style=\"text-align: justify;\"><span style=\"font-family: arial black, sans-serif;\">3. <a href=\"https:\/\/sidimurcia.org\/index.php\/actos-de-adjudicacion-incidencias\/\"><strong><span style=\"font-family: arial, helvetica, sans-serif;\">Listados de incidencias por cuerpo.<\/span><\/strong><\/a><\/span> <span style=\"font-family: arial, helvetica, sans-serif;\">Comprueba si apareces en el listado correspondiente a tu cuerpo. Si apareces en \u00e9l y hubiera algo que solucionar debes hacerlo antes de la hora de cierre del acto de adjudicaci\u00f3n.<\/span><\/p>\n<p style=\"text-align: justify;\"><span style=\"font-family: arial black, sans-serif;\">4. <strong><span style=\"font-family: arial, helvetica, sans-serif;\"><a href=\"https:\/\/sidimurcia.org\/?page_id=7937&amp;preview=true\">Resultados provisionales.<\/a><\/span><\/strong><\/span> <span style=\"font-family: arial, helvetica, sans-serif;\">Comprueba si te han adjudicado provisionalmente. Estos resultados pueden sufrir variaciones.<\/span><\/p>\n<p style=\"text-align: justify;\"><span style=\"font-family: arial black, sans-serif;\">5. <strong><span style=\"font-family: arial, helvetica, sans-serif;\"><a href=\"https:\/\/sidimurcia.org\/index.php\/actos-de-adjudicacion-resultados-definitivos\/\">Resultados definitivos.<\/a><\/span><\/strong><\/span> <span style=\"font-family: arial, helvetica, sans-serif;\">Comprueba si te han adjudicado definitivamente un puesto y el d\u00eda en que tienes que incorporar en el centro.<\/span><\/p>\n<p style=\"text-align: justify;\"><span style=\"font-family: arial black, sans-serif;\">6. <strong><span style=\"font-family: arial, helvetica, sans-serif;\"><a href=\"https:\/\/sidimurcia.org\/index.php\/ultimos-adjudicatarios-maestros-curso-2023-2024\/\">Relaci\u00f3n de \u00faltimos adjudicatarios del Cuerpo de Maestros.<\/a><\/span><\/strong><\/span> <span style=\"font-family: arial, helvetica, sans-serif;\">Comprueba que n\u00famero de lista ha sido el \u00faltimo en ser adjudicado de cada acto de adjudicaci\u00f3n del cuerpo de maestros.<\/span><\/p>\n<p style=\"text-align: justify;\"><span style=\"font-family: arial black, sans-serif;\">7. <strong><span style=\"font-family: arial, helvetica, sans-serif;\"><a href=\"https:\/\/sidimurcia.org\/index.php\/ultimos-adjudicatarios-maestros-curso-2023-2024\/\">Relaci\u00f3n de \u00faltimos adjudicatarios del Cuerpo de Secundaria, FP y Otros.<\/a><\/span><\/strong><\/span> <span style=\"font-family: arial, helvetica, sans-serif;\">Comprueba que n\u00famero de lista ha sido el \u00faltimo en ser adjudicado de cada acto de adjudicaci\u00f3n del cuerpo de Secundaria, FP y Otros.<\/span><\/p>\n<p style=\"text-align: justify;\"><span style=\"font-family: arial black, sans-serif;\">8. <strong><span style=\"font-family: arial, helvetica, sans-serif;\"><a href=\"https:\/\/sidimurcia.org\/index.php\/actos-de-adjudicacion-excluidos\/\">Listados de excluidos.<\/a><\/span><\/strong><\/span> <span style=\"font-family: arial, helvetica, sans-serif;\">Comprueba si te han excluido por no participar en los actos y haberte llegado una jornada completa.<\/span><\/p>\n<p>&nbsp;<\/p>\n","protected":false},"excerpt":{"rendered":"<p>&nbsp; INFORMACI\u00d3N Y PUBLICACIONES SOBRE ACTOS DE ADJUDICACI\u00d3N EN MURCIA. ACCESO R\u00c1PIDO: CONVOCATORIAS y VACANTES. INCIDENCIAS. RESULTADOS PROVISIONALES. RESULTADOS DEFINITIVOS. &#8230; <a title=\"Adjudicaciones\" class=\"read-more\" href=\"https:\/\/sidimurcia.org\/index.php\/adjudicaciones\/\" aria-label=\"Leer m\u00e1s sobre Adjudicaciones\">Leer mas<\/a><\/p>\n","protected":false},"author":1,"featured_media":0,"parent":0,"menu_order":0,"comment_status":"closed","ping_status":"closed","template":"","meta":{"footnotes":""},"class_list":["post-10852","page","type-page","status-publish"],"yoast_head":"<!-- This site is optimized with the Yoast SEO plugin v27.2 - https:\/\/yoast.com\/product\/yoast-seo-wordpress\/ -->\n<title>Adjudicaciones - SIDI<\/title>\n<meta name=\"robots\" content=\"index, follow, max-snippet:-1, max-image-preview:large, max-video-preview:-1\" \/>\n<link rel=\"canonical\" href=\"https:\/\/sidimurcia.org\/index.php\/adjudicaciones\/\" \/>\n<meta property=\"og:locale\" content=\"es_ES\" \/>\n<meta property=\"og:type\" content=\"article\" \/>\n<meta property=\"og:title\" content=\"Adjudicaciones - SIDI\" \/>\n<meta property=\"og:description\" content=\"&nbsp; INFORMACI\u00d3N Y PUBLICACIONES SOBRE ACTOS DE ADJUDICACI\u00d3N EN MURCIA. ACCESO R\u00c1PIDO: CONVOCATORIAS y VACANTES. INCIDENCIAS. RESULTADOS PROVISIONALES. RESULTADOS DEFINITIVOS. ... Leer mas\" \/>\n<meta property=\"og:url\" content=\"https:\/\/sidimurcia.org\/index.php\/adjudicaciones\/\" \/>\n<meta property=\"og:site_name\" content=\"SIDI\" \/>\n<meta property=\"article:publisher\" content=\"https:\/\/es-es.facebook.com\/sidi.sindicatodedocentes\" \/>\n<meta property=\"article:modified_time\" content=\"2024-01-31T14:25:14+00:00\" \/>\n<meta property=\"og:image\" content=\"https:\/\/sidimurcia.org\/wp-content\/uploads\/adjudicaciones190x125.jpg\" \/>\n<meta name=\"twitter:card\" content=\"summary_large_image\" \/>\n<meta name=\"twitter:site\" content=\"@SIDIMURCIA\" \/>\n<meta name=\"twitter:label1\" content=\"Tiempo de lectura\" \/>\n\t<meta name=\"twitter:data1\" content=\"1 minuto\" \/>\n<script type=\"application\/ld+json\" class=\"yoast-schema-graph\">{\"@context\":\"https:\/\/schema.org\",\"@graph\":[{\"@type\":\"WebPage\",\"@id\":\"https:\/\/sidimurcia.org\/index.php\/adjudicaciones\/\",\"url\":\"https:\/\/sidimurcia.org\/index.php\/adjudicaciones\/\",\"name\":\"Adjudicaciones - SIDI\",\"isPartOf\":{\"@id\":\"https:\/\/sidimurcia.org\/#website\"},\"primaryImageOfPage\":{\"@id\":\"https:\/\/sidimurcia.org\/index.php\/adjudicaciones\/#primaryimage\"},\"image\":{\"@id\":\"https:\/\/sidimurcia.org\/index.php\/adjudicaciones\/#primaryimage\"},\"thumbnailUrl\":\"https:\/\/sidimurcia.org\/wp-content\/uploads\/adjudicaciones190x125.jpg\",\"datePublished\":\"2021-10-20T09:18:01+00:00\",\"dateModified\":\"2024-01-31T14:25:14+00:00\",\"breadcrumb\":{\"@id\":\"https:\/\/sidimurcia.org\/index.php\/adjudicaciones\/#breadcrumb\"},\"inLanguage\":\"es\",\"potentialAction\":[{\"@type\":\"ReadAction\",\"target\":[\"https:\/\/sidimurcia.org\/index.php\/adjudicaciones\/\"]}]},{\"@type\":\"ImageObject\",\"inLanguage\":\"es\",\"@id\":\"https:\/\/sidimurcia.org\/index.php\/adjudicaciones\/#primaryimage\",\"url\":\"https:\/\/sidimurcia.org\/wp-content\/uploads\/adjudicaciones190x125.jpg\",\"contentUrl\":\"https:\/\/sidimurcia.org\/wp-content\/uploads\/adjudicaciones190x125.jpg\",\"width\":190,\"height\":125},{\"@type\":\"BreadcrumbList\",\"@id\":\"https:\/\/sidimurcia.org\/index.php\/adjudicaciones\/#breadcrumb\",\"itemListElement\":[{\"@type\":\"ListItem\",\"position\":1,\"name\":\"Portada\",\"item\":\"https:\/\/sidimurcia.org\/\"},{\"@type\":\"ListItem\",\"position\":2,\"name\":\"Adjudicaciones\"}]},{\"@type\":\"WebSite\",\"@id\":\"https:\/\/sidimurcia.org\/#website\",\"url\":\"https:\/\/sidimurcia.org\/\",\"name\":\"SIDI\",\"description\":\"Sindicato Independiente de Docentes\",\"publisher\":{\"@id\":\"https:\/\/sidimurcia.org\/#organization\"},\"potentialAction\":[{\"@type\":\"SearchAction\",\"target\":{\"@type\":\"EntryPoint\",\"urlTemplate\":\"https:\/\/sidimurcia.org\/?s={search_term_string}\"},\"query-input\":{\"@type\":\"PropertyValueSpecification\",\"valueRequired\":true,\"valueName\":\"search_term_string\"}}],\"inLanguage\":\"es\"},{\"@type\":\"Organization\",\"@id\":\"https:\/\/sidimurcia.org\/#organization\",\"name\":\"Sindicato Independiente de Docentes - SIDI\",\"url\":\"https:\/\/sidimurcia.org\/\",\"logo\":{\"@type\":\"ImageObject\",\"inLanguage\":\"es\",\"@id\":\"https:\/\/sidimurcia.org\/#\/schema\/logo\/image\/\",\"url\":\"https:\/\/sidimurcia.org\/wp-content\/uploads\/cropped-PARAPESTANAWEB-1.jpg\",\"contentUrl\":\"https:\/\/sidimurcia.org\/wp-content\/uploads\/cropped-PARAPESTANAWEB-1.jpg\",\"width\":512,\"height\":512,\"caption\":\"Sindicato Independiente de Docentes - SIDI\"},\"image\":{\"@id\":\"https:\/\/sidimurcia.org\/#\/schema\/logo\/image\/\"},\"sameAs\":[\"https:\/\/es-es.facebook.com\/sidi.sindicatodedocentes\",\"https:\/\/x.com\/SIDIMURCIA\",\"https:\/\/www.instagram.com\/sidi_murcia\/\",\"https:\/\/www.youtube.com\/channel\/UCwwdL3uFtDKJdbOfmC70wIQ\"]}]}<\/script>\n<!-- \/ Yoast SEO plugin. -->","yoast_head_json":{"title":"Adjudicaciones - SIDI","robots":{"index":"index","follow":"follow","max-snippet":"max-snippet:-1","max-image-preview":"max-image-preview:large","max-video-preview":"max-video-preview:-1"},"canonical":"https:\/\/sidimurcia.org\/index.php\/adjudicaciones\/","og_locale":"es_ES","og_type":"article","og_title":"Adjudicaciones - SIDI","og_description":"&nbsp; INFORMACI\u00d3N Y PUBLICACIONES SOBRE ACTOS DE ADJUDICACI\u00d3N EN MURCIA. ACCESO R\u00c1PIDO: CONVOCATORIAS y VACANTES. INCIDENCIAS. RESULTADOS PROVISIONALES. RESULTADOS DEFINITIVOS. ... Leer mas","og_url":"https:\/\/sidimurcia.org\/index.php\/adjudicaciones\/","og_site_name":"SIDI","article_publisher":"https:\/\/es-es.facebook.com\/sidi.sindicatodedocentes","article_modified_time":"2024-01-31T14:25:14+00:00","og_image":[{"url":"https:\/\/sidimurcia.org\/wp-content\/uploads\/adjudicaciones190x125.jpg","type":"","width":"","height":""}],"twitter_card":"summary_large_image","twitter_site":"@SIDIMURCIA","twitter_misc":{"Tiempo de lectura":"1 minuto"},"schema":{"@context":"https:\/\/schema.org","@graph":[{"@type":"WebPage","@id":"https:\/\/sidimurcia.org\/index.php\/adjudicaciones\/","url":"https:\/\/sidimurcia.org\/index.php\/adjudicaciones\/","name":"Adjudicaciones - SIDI","isPartOf":{"@id":"https:\/\/sidimurcia.org\/#website"},"primaryImageOfPage":{"@id":"https:\/\/sidimurcia.org\/index.php\/adjudicaciones\/#primaryimage"},"image":{"@id":"https:\/\/sidimurcia.org\/index.php\/adjudicaciones\/#primaryimage"},"thumbnailUrl":"https:\/\/sidimurcia.org\/wp-content\/uploads\/adjudicaciones190x125.jpg","datePublished":"2021-10-20T09:18:01+00:00","dateModified":"2024-01-31T14:25:14+00:00","breadcrumb":{"@id":"https:\/\/sidimurcia.org\/index.php\/adjudicaciones\/#breadcrumb"},"inLanguage":"es","potentialAction":[{"@type":"ReadAction","target":["https:\/\/sidimurcia.org\/index.php\/adjudicaciones\/"]}]},{"@type":"ImageObject","inLanguage":"es","@id":"https:\/\/sidimurcia.org\/index.php\/adjudicaciones\/#primaryimage","url":"https:\/\/sidimurcia.org\/wp-content\/uploads\/adjudicaciones190x125.jpg","contentUrl":"https:\/\/sidimurcia.org\/wp-content\/uploads\/adjudicaciones190x125.jpg","width":190,"height":125},{"@type":"BreadcrumbList","@id":"https:\/\/sidimurcia.org\/index.php\/adjudicaciones\/#breadcrumb","itemListElement":[{"@type":"ListItem","position":1,"name":"Portada","item":"https:\/\/sidimurcia.org\/"},{"@type":"ListItem","position":2,"name":"Adjudicaciones"}]},{"@type":"WebSite","@id":"https:\/\/sidimurcia.org\/#website","url":"https:\/\/sidimurcia.org\/","name":"SIDI","description":"Sindicato Independiente de Docentes","publisher":{"@id":"https:\/\/sidimurcia.org\/#organization"},"potentialAction":[{"@type":"SearchAction","target":{"@type":"EntryPoint","urlTemplate":"https:\/\/sidimurcia.org\/?s={search_term_string}"},"query-input":{"@type":"PropertyValueSpecification","valueRequired":true,"valueName":"search_term_string"}}],"inLanguage":"es"},{"@type":"Organization","@id":"https:\/\/sidimurcia.org\/#organization","name":"Sindicato Independiente de Docentes - SIDI","url":"https:\/\/sidimurcia.org\/","logo":{"@type":"ImageObject","inLanguage":"es","@id":"https:\/\/sidimurcia.org\/#\/schema\/logo\/image\/","url":"https:\/\/sidimurcia.org\/wp-content\/uploads\/cropped-PARAPESTANAWEB-1.jpg","contentUrl":"https:\/\/sidimurcia.org\/wp-content\/uploads\/cropped-PARAPESTANAWEB-1.jpg","width":512,"height":512,"caption":"Sindicato Independiente de Docentes - SIDI"},"image":{"@id":"https:\/\/sidimurcia.org\/#\/schema\/logo\/image\/"},"sameAs":["https:\/\/es-es.facebook.com\/sidi.sindicatodedocentes","https:\/\/x.com\/SIDIMURCIA","https:\/\/www.instagram.com\/sidi_murcia\/","https:\/\/www.youtube.com\/channel\/UCwwdL3uFtDKJdbOfmC70wIQ"]}]}},"_links":{"self":[{"href":"https:\/\/sidimurcia.org\/index.php\/wp-json\/wp\/v2\/pages\/10852","targetHints":{"allow":["GET"]}}],"collection":[{"href":"https:\/\/sidimurcia.org\/index.php\/wp-json\/wp\/v2\/pages"}],"about":[{"href":"https:\/\/sidimurcia.org\/index.php\/wp-json\/wp\/v2\/types\/page"}],"author":[{"embeddable":true,"href":"https:\/\/sidimurcia.org\/index.php\/wp-json\/wp\/v2\/users\/1"}],"replies":[{"embeddable":true,"href":"https:\/\/sidimurcia.org\/index.php\/wp-json\/wp\/v2\/comments?post=10852"}],"version-history":[{"count":0,"href":"https:\/\/sidimurcia.org\/index.php\/wp-json\/wp\/v2\/pages\/10852\/revisions"}],"wp:attachment":[{"href":"https:\/\/sidimurcia.org\/index.php\/wp-json\/wp\/v2\/media?parent=10852"}],"curies":[{"name":"wp","href":"https:\/\/api.w.org\/{rel}","templated":true}]}}