{"id":1105,"date":"2019-10-29T12:04:22","date_gmt":"2019-10-29T12:04:22","guid":{"rendered":"https:\/\/sidimurcia.org\/wp\/?page_id=1105"},"modified":"2019-10-31T10:22:34","modified_gmt":"2019-10-31T10:22:34","slug":"oposiciones-2020","status":"publish","type":"page","link":"https:\/\/sidimurcia.org\/index.php\/oposiciones-2020\/","title":{"rendered":"Oposiciones 2020"},"content":{"rendered":"<aside id=\"category-posts-12\" class=\"widget inner-padding cat-post-widget amr_widget\"><ul id=\"category-posts-12-internal\" class=\"category-posts-internal\">\n<li class='cat-post-item'><div><a class=\"cat-post-title\" href=\"https:\/\/sidimurcia.org\/index.php\/2020\/07\/27\/oposiciones-2020-instrucciones-para-solicitar-la-devolucion-de-la-tasa-abonada-para-participar-en-los-procedimientos-selectivos\/\" rel=\"bookmark\">OPOSICIONES 2020: Instrucciones para solicitar la devoluci\u00f3n de la tasa abonada para participar en los procedimientos selectivos<\/a> <span class=\"cat-post-date post-date\">27\/07\/2020<\/span><\/div><\/li><li class='cat-post-item'><div><a class=\"cat-post-title\" href=\"https:\/\/sidimurcia.org\/index.php\/2020\/07\/09\/oposiciones-2020-se-declara-terminado-el-procedimiento-convocado-por-orden-de-3-de-marzo-de-2020\/\" rel=\"bookmark\">OPOSICIONES 2020: Se declara terminado el procedimiento convocado por Orden de 3 de marzo de 2020<\/a> <span class=\"cat-post-date post-date\">09\/07\/2020<\/span><\/div><\/li><li class='cat-post-item'><div><a class=\"cat-post-title\" href=\"https:\/\/sidimurcia.org\/index.php\/2020\/04\/04\/sidi-valora-positivamente-la-suspension-de-las-oposiciones-docentes-2020-en-murcia\/\" rel=\"bookmark\">SIDI VALORA POSITIVAMENTE LA SUSPENSI\u00d3N DE LAS OPOSICIONES DOCENTES 2020 EN MURCIA<\/a> <span class=\"cat-post-date post-date\">04\/04\/2020<\/span><\/div><\/li><li class='cat-post-item'><div><a class=\"cat-post-title\" href=\"https:\/\/sidimurcia.org\/index.php\/2020\/04\/03\/oposiciones-2020-educacion-suspende-la-convocatoria-de-oposiciones-de-secundaria\/\" rel=\"bookmark\">OPOSICIONES 2020: Educaci\u00f3n suspende la convocatoria de oposiciones de Secundaria<\/a> <span class=\"cat-post-date post-date\">03\/04\/2020<\/span><\/div><\/li><li class='cat-post-item'><div><a class=\"cat-post-title\" href=\"https:\/\/sidimurcia.org\/index.php\/2020\/03\/27\/oposiciones-docentes-2020-reunion-consejeria-de-educacion-de-murcia-y-los-sindicatos-de-educacion\/\" rel=\"bookmark\">OPOSICIONES DOCENTES 2020 \u2013 REUNI\u00d3N CONSEJER\u00cdA DE EDUCACI\u00d3N DE MURCIA Y LOS SINDICATOS DE EDUCACI\u00d3N<\/a> <span class=\"cat-post-date post-date\">27\/03\/2020<\/span><\/div><\/li><li class='cat-post-item'><div><a class=\"cat-post-title\" href=\"https:\/\/sidimurcia.org\/index.php\/2020\/03\/17\/la-consejeria-amplia-el-plazo-de-solicitudes-de-la-oposicion-y-del-plan-de-accion-social-tal-como-solicito-sidi-en-el-dia-de-ayer-16-03-2020\/\" rel=\"bookmark\">La Consejer\u00eda amplia el plazo de solicitudes de la Oposici\u00f3n y del Plan de Acci\u00f3n Social, tal como solicit\u00f3 SIDI en el d\u00eda de ayer 16\/03\/2020<\/a> <span class=\"cat-post-date post-date\">17\/03\/2020<\/span><\/div><\/li><li class='cat-post-item'><div><a class=\"cat-post-title\" href=\"https:\/\/sidimurcia.org\/index.php\/2020\/03\/05\/oposiciones-2020-convocatoria-de-oposiciones-de-secundaria-fp-y-otros-cuerpos\/\" rel=\"bookmark\">OPOSICIONES 2020 &#8211; Convocatoria de oposiciones de secundaria, fp y otros cuerpos.<\/a> <span class=\"cat-post-date post-date\">05\/03\/2020<\/span><\/div><\/li><li class='cat-post-item'><div><a class=\"cat-post-title\" href=\"https:\/\/sidimurcia.org\/index.php\/2020\/02\/11\/oposiciones-2020-resolucion-11-02-20-normas-sorteo-tribunales-solicitud-voluntarios-y-alegaciones\/\" rel=\"bookmark\">OPOSICIONES 2020: Resoluci\u00f3n 11\/02\/20 normas sorteo tribunales, solicitud voluntarios y alegaciones.<\/a> <span class=\"cat-post-date post-date\">11\/02\/2020<\/span><\/div><\/li><li class='cat-post-item'><div><a class=\"cat-post-title\" href=\"https:\/\/sidimurcia.org\/index.php\/2020\/02\/05\/oposiciones-2020-propuesta-de-plazas-minusvalia-y-accesos-de-subrupo-a2-a-a1\/\" rel=\"bookmark\">OPOSICIONES 2020 &#8211; propuesta de plazas minusval\u00eda y accesos de subrupo A2 a A1<\/a> <span class=\"cat-post-date post-date\">05\/02\/2020<\/span><\/div><\/li><li class='cat-post-item'><div><a class=\"cat-post-title\" href=\"https:\/\/sidimurcia.org\/index.php\/2019\/12\/17\/oposiciones-2020-decreto-299-2019-de-12-de-diciembre-por-el-que-se-aprueba-la-oep-de-2019-de-la-carm\/\" rel=\"bookmark\">OPOSICIONES 2020: Decreto 299\/2019, de 12 de diciembre, por el que se aprueba la OEP de 2019 de la CARM<\/a> <span class=\"cat-post-date post-date\">17\/12\/2019<\/span><\/div><\/li><li class='cat-post-item'><div><a class=\"cat-post-title\" href=\"https:\/\/sidimurcia.org\/index.php\/2019\/11\/12\/oposiciones-2020-sidi-rechaza-la-oferta-de-empleo-de-las-oposiciones-al-no-estar-vinculada-a-la-estabilidad-laboral\/\" rel=\"bookmark\">OPOSICIONES 2020: SIDI RECHAZA LA OFERTA DE EMPLEO DE LAS OPOSICIONES AL NO ESTAR VINCULADA A LA ESTABILIDAD LABORAL.<\/a> <span class=\"cat-post-date post-date\">12\/11\/2019<\/span><\/div><\/li><li class='cat-post-item'><div><a class=\"cat-post-title\" href=\"https:\/\/sidimurcia.org\/index.php\/2019\/10\/30\/oposiciones-2020-sidi-sobre-la-oferta-de-empleo-publico-docente-de-la-carm\/\" rel=\"bookmark\">OPOSICIONES 2020: SIDI SOBRE LA OFERTA DE EMPLEO P\u00daBLICO DOCENTE DE LA CARM.<\/a> <span class=\"cat-post-date post-date\">30\/10\/2019<\/span><\/div><\/li><\/ul>\n<\/aside>\n<p>&nbsp;<\/p>\n<p>Noticias de prensa relacionadas hasta la fecha:<\/p>\n<p><a href=\"https:\/\/www.laopiniondemurcia.es\/comunidad\/2019\/10\/29\/oposiciones-profesorado-region-murcia-comunidad\/1063832.html\">La Opini\u00f3n de Murcia &#8211; Oposiciones a profesorado en la Regi\u00f3n de Murcia: La Comunidad propone 550 plazas para Secundaria<\/a><br \/>\n<a href=\"https:\/\/www.laverdad.es\/murcia\/consejeria-educacion-propone-20191029103141-nt.html\">La Verdad &#8211; La Consejer\u00eda de Educaci\u00f3n propone convocar 550 plazas de profesor de Secundaria y FP<\/a><\/p>\n","protected":false},"excerpt":{"rendered":"<p>&nbsp; Noticias de prensa relacionadas hasta la fecha: La Opini\u00f3n de Murcia &#8211; Oposiciones a profesorado en la Regi\u00f3n de &#8230; <a title=\"OPOSICIONES 2020: SIDI SOBRE LA OFERTA DE EMPLEO P\u00daBLICO DOCENTE DE LA CARM.\" class=\"read-more\" href=\"https:\/\/sidimurcia.org\/index.php\/2019\/10\/30\/oposiciones-2020-sidi-sobre-la-oferta-de-empleo-publico-docente-de-la-carm\/\" aria-label=\"Leer m\u00e1s sobre OPOSICIONES 2020: SIDI SOBRE LA OFERTA DE EMPLEO P\u00daBLICO DOCENTE DE LA CARM.\">Leer mas<\/a><\/p>\n","protected":false},"author":1,"featured_media":0,"parent":0,"menu_order":0,"comment_status":"closed","ping_status":"closed","template":"","meta":{"footnotes":""},"class_list":["post-1105","page","type-page","status-publish","hentry"],"yoast_head":"<!-- This site is optimized with the Yoast SEO plugin v27.2 - https:\/\/yoast.com\/product\/yoast-seo-wordpress\/ -->\n<title>Oposiciones 2020 - SIDI<\/title>\n<meta name=\"robots\" content=\"index, follow, max-snippet:-1, max-image-preview:large, max-video-preview:-1\" \/>\n<link rel=\"canonical\" href=\"https:\/\/sidimurcia.org\/index.php\/oposiciones-2020\/\" \/>\n<meta property=\"og:locale\" content=\"es_ES\" \/>\n<meta property=\"og:type\" content=\"article\" \/>\n<meta property=\"og:title\" content=\"Oposiciones 2020 - SIDI\" \/>\n<meta property=\"og:description\" content=\"&nbsp; Noticias de prensa relacionadas hasta la fecha: La Opini\u00f3n de Murcia &#8211; Oposiciones a profesorado en la Regi\u00f3n de ... Leer mas\" \/>\n<meta property=\"og:url\" content=\"https:\/\/sidimurcia.org\/index.php\/oposiciones-2020\/\" \/>\n<meta property=\"og:site_name\" content=\"SIDI\" \/>\n<meta property=\"article:publisher\" content=\"https:\/\/es-es.facebook.com\/sidi.sindicatodedocentes\" \/>\n<meta property=\"article:modified_time\" content=\"2019-10-31T10:22:34+00:00\" \/>\n<meta name=\"twitter:card\" content=\"summary_large_image\" \/>\n<meta name=\"twitter:site\" content=\"@SIDIMURCIA\" \/>\n<script type=\"application\/ld+json\" class=\"yoast-schema-graph\">{\"@context\":\"https:\/\/schema.org\",\"@graph\":[{\"@type\":\"WebPage\",\"@id\":\"https:\/\/sidimurcia.org\/index.php\/oposiciones-2020\/\",\"url\":\"https:\/\/sidimurcia.org\/index.php\/oposiciones-2020\/\",\"name\":\"Oposiciones 2020 - SIDI\",\"isPartOf\":{\"@id\":\"https:\/\/sidimurcia.org\/#website\"},\"datePublished\":\"2019-10-29T12:04:22+00:00\",\"dateModified\":\"2019-10-31T10:22:34+00:00\",\"breadcrumb\":{\"@id\":\"https:\/\/sidimurcia.org\/index.php\/oposiciones-2020\/#breadcrumb\"},\"inLanguage\":\"es\",\"potentialAction\":[{\"@type\":\"ReadAction\",\"target\":[\"https:\/\/sidimurcia.org\/index.php\/oposiciones-2020\/\"]}]},{\"@type\":\"BreadcrumbList\",\"@id\":\"https:\/\/sidimurcia.org\/index.php\/oposiciones-2020\/#breadcrumb\",\"itemListElement\":[{\"@type\":\"ListItem\",\"position\":1,\"name\":\"Portada\",\"item\":\"https:\/\/sidimurcia.org\/\"},{\"@type\":\"ListItem\",\"position\":2,\"name\":\"Oposiciones 2020\"}]},{\"@type\":\"WebSite\",\"@id\":\"https:\/\/sidimurcia.org\/#website\",\"url\":\"https:\/\/sidimurcia.org\/\",\"name\":\"SIDI\",\"description\":\"Sindicato Independiente de Docentes\",\"publisher\":{\"@id\":\"https:\/\/sidimurcia.org\/#organization\"},\"potentialAction\":[{\"@type\":\"SearchAction\",\"target\":{\"@type\":\"EntryPoint\",\"urlTemplate\":\"https:\/\/sidimurcia.org\/?s={search_term_string}\"},\"query-input\":{\"@type\":\"PropertyValueSpecification\",\"valueRequired\":true,\"valueName\":\"search_term_string\"}}],\"inLanguage\":\"es\"},{\"@type\":\"Organization\",\"@id\":\"https:\/\/sidimurcia.org\/#organization\",\"name\":\"Sindicato Independiente de Docentes - SIDI\",\"url\":\"https:\/\/sidimurcia.org\/\",\"logo\":{\"@type\":\"ImageObject\",\"inLanguage\":\"es\",\"@id\":\"https:\/\/sidimurcia.org\/#\/schema\/logo\/image\/\",\"url\":\"https:\/\/sidimurcia.org\/wp-content\/uploads\/cropped-PARAPESTANAWEB-1.jpg\",\"contentUrl\":\"https:\/\/sidimurcia.org\/wp-content\/uploads\/cropped-PARAPESTANAWEB-1.jpg\",\"width\":512,\"height\":512,\"caption\":\"Sindicato Independiente de Docentes - SIDI\"},\"image\":{\"@id\":\"https:\/\/sidimurcia.org\/#\/schema\/logo\/image\/\"},\"sameAs\":[\"https:\/\/es-es.facebook.com\/sidi.sindicatodedocentes\",\"https:\/\/x.com\/SIDIMURCIA\",\"https:\/\/www.instagram.com\/sidi_murcia\/\",\"https:\/\/www.youtube.com\/channel\/UCwwdL3uFtDKJdbOfmC70wIQ\"]}]}<\/script>\n<!-- \/ Yoast SEO plugin. -->","yoast_head_json":{"title":"Oposiciones 2020 - SIDI","robots":{"index":"index","follow":"follow","max-snippet":"max-snippet:-1","max-image-preview":"max-image-preview:large","max-video-preview":"max-video-preview:-1"},"canonical":"https:\/\/sidimurcia.org\/index.php\/oposiciones-2020\/","og_locale":"es_ES","og_type":"article","og_title":"Oposiciones 2020 - SIDI","og_description":"&nbsp; Noticias de prensa relacionadas hasta la fecha: La Opini\u00f3n de Murcia &#8211; Oposiciones a profesorado en la Regi\u00f3n de ... Leer mas","og_url":"https:\/\/sidimurcia.org\/index.php\/oposiciones-2020\/","og_site_name":"SIDI","article_publisher":"https:\/\/es-es.facebook.com\/sidi.sindicatodedocentes","article_modified_time":"2019-10-31T10:22:34+00:00","twitter_card":"summary_large_image","twitter_site":"@SIDIMURCIA","schema":{"@context":"https:\/\/schema.org","@graph":[{"@type":"WebPage","@id":"https:\/\/sidimurcia.org\/index.php\/oposiciones-2020\/","url":"https:\/\/sidimurcia.org\/index.php\/oposiciones-2020\/","name":"Oposiciones 2020 - SIDI","isPartOf":{"@id":"https:\/\/sidimurcia.org\/#website"},"datePublished":"2019-10-29T12:04:22+00:00","dateModified":"2019-10-31T10:22:34+00:00","breadcrumb":{"@id":"https:\/\/sidimurcia.org\/index.php\/oposiciones-2020\/#breadcrumb"},"inLanguage":"es","potentialAction":[{"@type":"ReadAction","target":["https:\/\/sidimurcia.org\/index.php\/oposiciones-2020\/"]}]},{"@type":"BreadcrumbList","@id":"https:\/\/sidimurcia.org\/index.php\/oposiciones-2020\/#breadcrumb","itemListElement":[{"@type":"ListItem","position":1,"name":"Portada","item":"https:\/\/sidimurcia.org\/"},{"@type":"ListItem","position":2,"name":"Oposiciones 2020"}]},{"@type":"WebSite","@id":"https:\/\/sidimurcia.org\/#website","url":"https:\/\/sidimurcia.org\/","name":"SIDI","description":"Sindicato Independiente de Docentes","publisher":{"@id":"https:\/\/sidimurcia.org\/#organization"},"potentialAction":[{"@type":"SearchAction","target":{"@type":"EntryPoint","urlTemplate":"https:\/\/sidimurcia.org\/?s={search_term_string}"},"query-input":{"@type":"PropertyValueSpecification","valueRequired":true,"valueName":"search_term_string"}}],"inLanguage":"es"},{"@type":"Organization","@id":"https:\/\/sidimurcia.org\/#organization","name":"Sindicato Independiente de Docentes - SIDI","url":"https:\/\/sidimurcia.org\/","logo":{"@type":"ImageObject","inLanguage":"es","@id":"https:\/\/sidimurcia.org\/#\/schema\/logo\/image\/","url":"https:\/\/sidimurcia.org\/wp-content\/uploads\/cropped-PARAPESTANAWEB-1.jpg","contentUrl":"https:\/\/sidimurcia.org\/wp-content\/uploads\/cropped-PARAPESTANAWEB-1.jpg","width":512,"height":512,"caption":"Sindicato Independiente de Docentes - SIDI"},"image":{"@id":"https:\/\/sidimurcia.org\/#\/schema\/logo\/image\/"},"sameAs":["https:\/\/es-es.facebook.com\/sidi.sindicatodedocentes","https:\/\/x.com\/SIDIMURCIA","https:\/\/www.instagram.com\/sidi_murcia\/","https:\/\/www.youtube.com\/channel\/UCwwdL3uFtDKJdbOfmC70wIQ"]}]}},"_links":{"self":[{"href":"https:\/\/sidimurcia.org\/index.php\/wp-json\/wp\/v2\/pages\/1105","targetHints":{"allow":["GET"]}}],"collection":[{"href":"https:\/\/sidimurcia.org\/index.php\/wp-json\/wp\/v2\/pages"}],"about":[{"href":"https:\/\/sidimurcia.org\/index.php\/wp-json\/wp\/v2\/types\/page"}],"author":[{"embeddable":true,"href":"https:\/\/sidimurcia.org\/index.php\/wp-json\/wp\/v2\/users\/1"}],"replies":[{"embeddable":true,"href":"https:\/\/sidimurcia.org\/index.php\/wp-json\/wp\/v2\/comments?post=1105"}],"version-history":[{"count":0,"href":"https:\/\/sidimurcia.org\/index.php\/wp-json\/wp\/v2\/pages\/1105\/revisions"}],"wp:attachment":[{"href":"https:\/\/sidimurcia.org\/index.php\/wp-json\/wp\/v2\/media?parent=1105"}],"curies":[{"name":"wp","href":"https:\/\/api.w.org\/{rel}","templated":true}]}}