{"id":112,"date":"2019-10-10T12:33:13","date_gmt":"2019-10-10T12:33:13","guid":{"rendered":"https:\/\/sidimurcia.org\/wp\/?page_id=112"},"modified":"2025-12-29T10:08:17","modified_gmt":"2025-12-29T10:08:17","slug":"jubilaciones","status":"publish","type":"page","link":"https:\/\/sidimurcia.org\/index.php\/jubilaciones\/","title":{"rendered":"JUBILACIONES"},"content":{"rendered":"<table class=\"contentpaneopen\">\n<tbody>\n<tr>\n<td class=\"contentheading\" width=\"100%\">\n<h3><span style=\"font-family: arial, helvetica, sans-serif; color: #d4458b;\"><strong>JUBILACIONES<br \/>\n<\/strong><\/span><\/h3>\n<\/td>\n<\/tr>\n<\/tbody>\n<\/table>\n<table class=\"contentpaneopen\">\n<tbody>\n<tr>\n<td colspan=\"2\" valign=\"top\">\n<div style=\"text-align: justify;\" align=\"justify\"><span style=\"font-family: arial, helvetica, sans-serif;\">Aqu\u00ed dispones de la informaci\u00f3n para el c\u00e1lculo de pensiones, as\u00ed como de TODA la informaci\u00f3n relativa a las pensiones de <a href=\"http:\/\/www.clasespasivas.sepg.pap.hacienda.gob.es\/sitios\/clasespasivas\/es-ES\/Paginas\/inicio.aspx\" target=\"_self\" rel=\"noopener noreferrer\">Clases Pasivas del Estado<\/a> y de la <a href=\"http:\/\/www.seg-social.es\/wps\/portal\/wss\/internet\/Pensionistas\/Servicios\/34887\/40968\/34888?changeLanguage=es\">Seguridad Social.<\/a><\/span><\/div>\n<div style=\"text-align: justify;\" align=\"justify\"><\/div>\n<div style=\"text-align: justify;\" align=\"justify\">\n<p><span style=\"font-family: arial, helvetica, sans-serif;\">Para cualquier aclaraci\u00f3n puedes dirigirte al SIDI e intentaremos solventar tus dudas.<\/span><\/p>\n<p><span style=\"font-family: arial, helvetica, sans-serif;\">joseluis.torrente@sidimurcia.org<\/span><\/p>\n<ul>\n<li><a href=\"https:\/\/drive.google.com\/file\/d\/1GKVe9EcTx4YtaV9LWyGGpF63Rdkh2YuX\/view?usp=sharing\"><span style=\"font-family: arial, helvetica, sans-serif;\">SIDI INFORMA &#8211; PROCEDIMIENTO DE SOLICITUD DE DEVOLUCI\u00d3N PENSIONISTAS DE DOBLE COTIZACI\u00d3N HASTA 1978<\/span><\/a><\/li>\n<\/ul>\n<\/div>\n<p style=\"text-align: justify;\" align=\"CENTER\"><span style=\"font-family: arial, helvetica, sans-serif; color: #3c488b;\"><u><strong>JUBILACIONES DOCENTES<\/strong><\/u><\/span><\/p>\n<p style=\"text-align: justify;\"><span style=\"font-family: arial, helvetica, sans-serif;\">A ra\u00edz de la publicaci\u00f3n del <u><a href=\"https:\/\/www.boe.es\/boe\/dias\/2010\/12\/03\/pdfs\/BOE-A-2010-18651.pdf\" target=\"_top\" rel=\"noopener noreferrer\"><strong>Real Decreto-ley 13\/2010, de 3 de diciembre<\/strong><\/a><\/u><u> <\/u><u><a href=\"https:\/\/www.boe.es\/boe\/dias\/2010\/12\/03\/pdfs\/BOE-A-2010-18651.pdf\" target=\"_top\" rel=\"noopener noreferrer\"><strong>de actuaciones en el \u00e1mbito fiscal, laboral y liberalizadoras para fomentar la inversi\u00f3n y la creaci\u00f3n de empleo.<\/strong><\/a><\/u><\/span><\/p>\n<p style=\"text-align: justify;\" align=\"JUSTIFY\"><span style=\"font-family: arial, helvetica, sans-serif;\"><em><strong>Art\u00edculo 20. Inclusi\u00f3n en el R\u00e9gimen General de la Seguridad Social de los funcionarios p\u00fablicos y de otro personal de nuevo ingreso a partir del 1 de enero de 2011.<br \/>\nUno.<\/strong><\/em><em><br \/>\n1. <\/em><em><strong>Con efectos de 1 de enero de 2011<\/strong><\/em><em> y vigencia indefinida, el personal que se relaciona en el art\u00edculo 2.1 del Texto Refundido de la Ley de Clases Pasivas del Estado, aprobado por Real Decreto Legislativo 670\/1987, de 30 de abril, excepci\u00f3n hecha del comprendido en la letra i), <\/em><em><strong>estar\u00e1 obligatoriamente incluido, a los exclusivos efectos de lo dispuesto en dicha norma y en sus disposiciones de desarrollo, en el R\u00e9gimen General de la Seguridad Social siempre que el acceso a la condici\u00f3n de que se trate se produzca a partir de aqu\u00e9lla fecha.<\/strong><\/em><\/span><\/p>\n<p style=\"text-align: justify;\" align=\"JUSTIFY\"><span style=\"font-family: arial, helvetica, sans-serif;\"><em>2.\u00a0 <\/em><em><strong>La inclusi\u00f3n en el R\u00e9gimen General de la Seguridad Social del personal a que se refiere el apartado anterior respetar\u00e1, en todo caso, las especificidades de cada uno de los colectivos relativas a la edad de jubilaci\u00f3n forzosa, as\u00ed como, en su caso, las referidas a los tribunales m\u00e9dicos competentes para la declaraci\u00f3n de incapacidad o inutilidad del funcionario.<\/strong><\/em><\/span><\/p>\n<p style=\"text-align: justify;\" align=\"JUSTIFY\"><span style=\"font-family: arial, helvetica, sans-serif;\"><em><strong>Dos.<\/strong><\/em><em><br \/>\nEl personal incluido en el \u00e1mbito personal de cobertura del R\u00e9gimen de Clases Pasivas a 31 de diciembre de 2010 que, con posterioridad a dicha fecha, y sin soluci\u00f3n de continuidad, ingrese, cualquiera que sea el sistema de acceso, o reingrese, en otro Cuerpo que hubiera motivado, en dicha fecha, su encuadramiento en el R\u00e9gimen de Clases Pasivas, continuar\u00e1 incluido en dicho r\u00e9gimen.<\/em><\/span><\/p>\n<p style=\"text-align: justify;\" align=\"JUSTIFY\"><span style=\"font-family: arial, helvetica, sans-serif;\"><em>Continuar\u00e1n rigi\u00e9ndose por la normativa reguladora del R\u00e9gimen de Clases Pasivas del Estado los derechos pasivos que, en propio favor o en el de sus familiares, cause el personal comprendido en la letra i) del art\u00edculo 2.1 del Texto Refundido de la Ley de Clases Pasivas del Estado.<\/em><\/span><\/p>\n<p style=\"text-align: justify;\" align=\"JUSTIFY\"><span style=\"font-family: arial, helvetica, sans-serif;\">Por tanto, <strong>se aplicar\u00e1n dos tipos de jubilaci\u00f3n claramente diferenciadas para los funcionarios<\/strong>, <strong>en funci\u00f3n de la fecha de acceso a la funci\u00f3n p\u00fablica<\/strong>; una a trav\u00e9s del R\u00e9gimen de Clases Pasivas y otra a trav\u00e9s del R\u00e9gimen General de la Seguridad Social el cual tambi\u00e9n se aplica a los interinos.<\/span><\/p>\n<ul>\n<li><a href=\"https:\/\/rrhheducacion.carm.es\/jubilaciones-docentes-carm-guia-clara\/\"><span style=\"font-family: arial, helvetica, sans-serif;\">Enlace a gu\u00eda de la CARM sobre jubilaciones.<\/span><\/a><\/li>\n<\/ul>\n<p style=\"text-align: justify;\"><span style=\"font-family: arial, helvetica, sans-serif; color: #3c488b;\"><strong>JUBILACI\u00d3N R\u00c9GIMEN DE CLASES PASIVAS<\/strong><\/span><\/p>\n<p style=\"text-align: justify;\"><span style=\"font-family: arial, helvetica, sans-serif;\"><strong>FUNCIONARIOS<\/strong> CUYO ACCESO A LA FUNCI\u00d3N P\u00daBLICA FUERA <strong>ANTERIOR AL 1 DE ENERO DE 2011. <a href=\"https:\/\/sidimurcia.org\/wp-content\/uploads\/jubilacion_clases_pasivas.pdf\">SIGUE ESTE ENLACE PARA VER TODO EL PROCESO<\/a><\/strong><\/span><\/p>\n<blockquote>\n<ul>\n<li><span style=\"font-family: arial, helvetica, sans-serif;\"><strong><a href=\"https:\/\/drive.google.com\/file\/d\/1893PKNKFxKnSXxk-YibS4-8NHmwvsbYz\/view?usp=sharing\">HABER REGULADOR CLASES PASIVAS 2026<\/a><br \/>\n<\/strong><\/span><\/li>\n<\/ul>\n<\/blockquote>\n<p style=\"text-align: justify;\"><span style=\"font-family: arial, helvetica, sans-serif; color: #3c488b;\"><strong>JUBILACI\u00d3N R\u00c9GIMEN DE SEGURIDAD SOCIAL<\/strong><\/span><\/p>\n<p style=\"text-align: justify;\"><span style=\"font-family: arial, helvetica, sans-serif;\"><strong>FUNCIONARIOS<\/strong> CUYO ACCESO A LA FUNCI\u00d3N P\u00daBLICA FUERA <strong>POSTERIOR 1 DE ENERO DE 2011 E INTERINOS. <a href=\"https:\/\/sidimurcia.org\/wp-content\/uploads\/jubilacion_seguridad_social.pdf\">SIGUE ESTE ENLACE PARA VER EL PROCESO<\/a><\/strong><\/span><\/p>\n<p>&nbsp;<\/p>\n<p><img decoding=\"async\" class=\"aligncenter\" src=\"https:\/\/rrhheducacion.carm.es\/wp-content\/uploads\/2025\/06\/JUBILACIONES-RRHH-EDUCACION-definitivo.png\" alt=\"\" \/><\/td>\n<\/tr>\n<\/tbody>\n<\/table>\n","protected":false},"excerpt":{"rendered":"<p>JUBILACIONES Aqu\u00ed dispones de la informaci\u00f3n para el c\u00e1lculo de pensiones, as\u00ed como de TODA la informaci\u00f3n relativa a las &#8230; <a title=\"JUBILACIONES\" class=\"read-more\" href=\"https:\/\/sidimurcia.org\/index.php\/jubilaciones\/\" aria-label=\"Leer m\u00e1s sobre JUBILACIONES\">Leer mas<\/a><\/p>\n","protected":false},"author":1,"featured_media":0,"parent":0,"menu_order":0,"comment_status":"closed","ping_status":"closed","template":"","meta":{"footnotes":""},"class_list":["post-112","page","type-page","status-publish"],"yoast_head":"<!-- This site is optimized with the Yoast SEO plugin v27.2 - https:\/\/yoast.com\/product\/yoast-seo-wordpress\/ -->\n<title>JUBILACIONES - SIDI<\/title>\n<meta name=\"robots\" content=\"index, follow, max-snippet:-1, max-image-preview:large, max-video-preview:-1\" \/>\n<link rel=\"canonical\" href=\"https:\/\/sidimurcia.org\/index.php\/jubilaciones\/\" \/>\n<meta property=\"og:locale\" content=\"es_ES\" \/>\n<meta property=\"og:type\" content=\"article\" \/>\n<meta property=\"og:title\" content=\"JUBILACIONES - SIDI\" \/>\n<meta property=\"og:description\" content=\"JUBILACIONES Aqu\u00ed dispones de la informaci\u00f3n para el c\u00e1lculo de pensiones, as\u00ed como de TODA la informaci\u00f3n relativa a las ... Leer mas\" \/>\n<meta property=\"og:url\" content=\"https:\/\/sidimurcia.org\/index.php\/jubilaciones\/\" \/>\n<meta property=\"og:site_name\" content=\"SIDI\" \/>\n<meta property=\"article:publisher\" content=\"https:\/\/es-es.facebook.com\/sidi.sindicatodedocentes\" \/>\n<meta property=\"article:modified_time\" content=\"2025-12-29T10:08:17+00:00\" \/>\n<meta property=\"og:image\" content=\"https:\/\/rrhheducacion.carm.es\/wp-content\/uploads\/2025\/06\/JUBILACIONES-RRHH-EDUCACION-definitivo.png\" \/>\n<meta name=\"twitter:card\" content=\"summary_large_image\" \/>\n<meta name=\"twitter:site\" content=\"@SIDIMURCIA\" \/>\n<meta name=\"twitter:label1\" content=\"Tiempo de lectura\" \/>\n\t<meta name=\"twitter:data1\" content=\"3 minutos\" \/>\n<script type=\"application\/ld+json\" class=\"yoast-schema-graph\">{\"@context\":\"https:\/\/schema.org\",\"@graph\":[{\"@type\":\"WebPage\",\"@id\":\"https:\/\/sidimurcia.org\/index.php\/jubilaciones\/\",\"url\":\"https:\/\/sidimurcia.org\/index.php\/jubilaciones\/\",\"name\":\"JUBILACIONES - SIDI\",\"isPartOf\":{\"@id\":\"https:\/\/sidimurcia.org\/#website\"},\"primaryImageOfPage\":{\"@id\":\"https:\/\/sidimurcia.org\/index.php\/jubilaciones\/#primaryimage\"},\"image\":{\"@id\":\"https:\/\/sidimurcia.org\/index.php\/jubilaciones\/#primaryimage\"},\"thumbnailUrl\":\"https:\/\/rrhheducacion.carm.es\/wp-content\/uploads\/2025\/06\/JUBILACIONES-RRHH-EDUCACION-definitivo.png\",\"datePublished\":\"2019-10-10T12:33:13+00:00\",\"dateModified\":\"2025-12-29T10:08:17+00:00\",\"breadcrumb\":{\"@id\":\"https:\/\/sidimurcia.org\/index.php\/jubilaciones\/#breadcrumb\"},\"inLanguage\":\"es\",\"potentialAction\":[{\"@type\":\"ReadAction\",\"target\":[\"https:\/\/sidimurcia.org\/index.php\/jubilaciones\/\"]}]},{\"@type\":\"ImageObject\",\"inLanguage\":\"es\",\"@id\":\"https:\/\/sidimurcia.org\/index.php\/jubilaciones\/#primaryimage\",\"url\":\"https:\/\/rrhheducacion.carm.es\/wp-content\/uploads\/2025\/06\/JUBILACIONES-RRHH-EDUCACION-definitivo.png\",\"contentUrl\":\"https:\/\/rrhheducacion.carm.es\/wp-content\/uploads\/2025\/06\/JUBILACIONES-RRHH-EDUCACION-definitivo.png\"},{\"@type\":\"BreadcrumbList\",\"@id\":\"https:\/\/sidimurcia.org\/index.php\/jubilaciones\/#breadcrumb\",\"itemListElement\":[{\"@type\":\"ListItem\",\"position\":1,\"name\":\"Portada\",\"item\":\"https:\/\/sidimurcia.org\/\"},{\"@type\":\"ListItem\",\"position\":2,\"name\":\"JUBILACIONES\"}]},{\"@type\":\"WebSite\",\"@id\":\"https:\/\/sidimurcia.org\/#website\",\"url\":\"https:\/\/sidimurcia.org\/\",\"name\":\"SIDI\",\"description\":\"Sindicato Independiente de Docentes\",\"publisher\":{\"@id\":\"https:\/\/sidimurcia.org\/#organization\"},\"potentialAction\":[{\"@type\":\"SearchAction\",\"target\":{\"@type\":\"EntryPoint\",\"urlTemplate\":\"https:\/\/sidimurcia.org\/?s={search_term_string}\"},\"query-input\":{\"@type\":\"PropertyValueSpecification\",\"valueRequired\":true,\"valueName\":\"search_term_string\"}}],\"inLanguage\":\"es\"},{\"@type\":\"Organization\",\"@id\":\"https:\/\/sidimurcia.org\/#organization\",\"name\":\"Sindicato Independiente de Docentes - SIDI\",\"url\":\"https:\/\/sidimurcia.org\/\",\"logo\":{\"@type\":\"ImageObject\",\"inLanguage\":\"es\",\"@id\":\"https:\/\/sidimurcia.org\/#\/schema\/logo\/image\/\",\"url\":\"https:\/\/sidimurcia.org\/wp-content\/uploads\/cropped-PARAPESTANAWEB-1.jpg\",\"contentUrl\":\"https:\/\/sidimurcia.org\/wp-content\/uploads\/cropped-PARAPESTANAWEB-1.jpg\",\"width\":512,\"height\":512,\"caption\":\"Sindicato Independiente de Docentes - SIDI\"},\"image\":{\"@id\":\"https:\/\/sidimurcia.org\/#\/schema\/logo\/image\/\"},\"sameAs\":[\"https:\/\/es-es.facebook.com\/sidi.sindicatodedocentes\",\"https:\/\/x.com\/SIDIMURCIA\",\"https:\/\/www.instagram.com\/sidi_murcia\/\",\"https:\/\/www.youtube.com\/channel\/UCwwdL3uFtDKJdbOfmC70wIQ\"]}]}<\/script>\n<!-- \/ Yoast SEO plugin. -->","yoast_head_json":{"title":"JUBILACIONES - SIDI","robots":{"index":"index","follow":"follow","max-snippet":"max-snippet:-1","max-image-preview":"max-image-preview:large","max-video-preview":"max-video-preview:-1"},"canonical":"https:\/\/sidimurcia.org\/index.php\/jubilaciones\/","og_locale":"es_ES","og_type":"article","og_title":"JUBILACIONES - SIDI","og_description":"JUBILACIONES Aqu\u00ed dispones de la informaci\u00f3n para el c\u00e1lculo de pensiones, as\u00ed como de TODA la informaci\u00f3n relativa a las ... Leer mas","og_url":"https:\/\/sidimurcia.org\/index.php\/jubilaciones\/","og_site_name":"SIDI","article_publisher":"https:\/\/es-es.facebook.com\/sidi.sindicatodedocentes","article_modified_time":"2025-12-29T10:08:17+00:00","og_image":[{"url":"https:\/\/rrhheducacion.carm.es\/wp-content\/uploads\/2025\/06\/JUBILACIONES-RRHH-EDUCACION-definitivo.png","type":"","width":"","height":""}],"twitter_card":"summary_large_image","twitter_site":"@SIDIMURCIA","twitter_misc":{"Tiempo de lectura":"3 minutos"},"schema":{"@context":"https:\/\/schema.org","@graph":[{"@type":"WebPage","@id":"https:\/\/sidimurcia.org\/index.php\/jubilaciones\/","url":"https:\/\/sidimurcia.org\/index.php\/jubilaciones\/","name":"JUBILACIONES - SIDI","isPartOf":{"@id":"https:\/\/sidimurcia.org\/#website"},"primaryImageOfPage":{"@id":"https:\/\/sidimurcia.org\/index.php\/jubilaciones\/#primaryimage"},"image":{"@id":"https:\/\/sidimurcia.org\/index.php\/jubilaciones\/#primaryimage"},"thumbnailUrl":"https:\/\/rrhheducacion.carm.es\/wp-content\/uploads\/2025\/06\/JUBILACIONES-RRHH-EDUCACION-definitivo.png","datePublished":"2019-10-10T12:33:13+00:00","dateModified":"2025-12-29T10:08:17+00:00","breadcrumb":{"@id":"https:\/\/sidimurcia.org\/index.php\/jubilaciones\/#breadcrumb"},"inLanguage":"es","potentialAction":[{"@type":"ReadAction","target":["https:\/\/sidimurcia.org\/index.php\/jubilaciones\/"]}]},{"@type":"ImageObject","inLanguage":"es","@id":"https:\/\/sidimurcia.org\/index.php\/jubilaciones\/#primaryimage","url":"https:\/\/rrhheducacion.carm.es\/wp-content\/uploads\/2025\/06\/JUBILACIONES-RRHH-EDUCACION-definitivo.png","contentUrl":"https:\/\/rrhheducacion.carm.es\/wp-content\/uploads\/2025\/06\/JUBILACIONES-RRHH-EDUCACION-definitivo.png"},{"@type":"BreadcrumbList","@id":"https:\/\/sidimurcia.org\/index.php\/jubilaciones\/#breadcrumb","itemListElement":[{"@type":"ListItem","position":1,"name":"Portada","item":"https:\/\/sidimurcia.org\/"},{"@type":"ListItem","position":2,"name":"JUBILACIONES"}]},{"@type":"WebSite","@id":"https:\/\/sidimurcia.org\/#website","url":"https:\/\/sidimurcia.org\/","name":"SIDI","description":"Sindicato Independiente de Docentes","publisher":{"@id":"https:\/\/sidimurcia.org\/#organization"},"potentialAction":[{"@type":"SearchAction","target":{"@type":"EntryPoint","urlTemplate":"https:\/\/sidimurcia.org\/?s={search_term_string}"},"query-input":{"@type":"PropertyValueSpecification","valueRequired":true,"valueName":"search_term_string"}}],"inLanguage":"es"},{"@type":"Organization","@id":"https:\/\/sidimurcia.org\/#organization","name":"Sindicato Independiente de Docentes - SIDI","url":"https:\/\/sidimurcia.org\/","logo":{"@type":"ImageObject","inLanguage":"es","@id":"https:\/\/sidimurcia.org\/#\/schema\/logo\/image\/","url":"https:\/\/sidimurcia.org\/wp-content\/uploads\/cropped-PARAPESTANAWEB-1.jpg","contentUrl":"https:\/\/sidimurcia.org\/wp-content\/uploads\/cropped-PARAPESTANAWEB-1.jpg","width":512,"height":512,"caption":"Sindicato Independiente de Docentes - SIDI"},"image":{"@id":"https:\/\/sidimurcia.org\/#\/schema\/logo\/image\/"},"sameAs":["https:\/\/es-es.facebook.com\/sidi.sindicatodedocentes","https:\/\/x.com\/SIDIMURCIA","https:\/\/www.instagram.com\/sidi_murcia\/","https:\/\/www.youtube.com\/channel\/UCwwdL3uFtDKJdbOfmC70wIQ"]}]}},"_links":{"self":[{"href":"https:\/\/sidimurcia.org\/index.php\/wp-json\/wp\/v2\/pages\/112","targetHints":{"allow":["GET"]}}],"collection":[{"href":"https:\/\/sidimurcia.org\/index.php\/wp-json\/wp\/v2\/pages"}],"about":[{"href":"https:\/\/sidimurcia.org\/index.php\/wp-json\/wp\/v2\/types\/page"}],"author":[{"embeddable":true,"href":"https:\/\/sidimurcia.org\/index.php\/wp-json\/wp\/v2\/users\/1"}],"replies":[{"embeddable":true,"href":"https:\/\/sidimurcia.org\/index.php\/wp-json\/wp\/v2\/comments?post=112"}],"version-history":[{"count":0,"href":"https:\/\/sidimurcia.org\/index.php\/wp-json\/wp\/v2\/pages\/112\/revisions"}],"wp:attachment":[{"href":"https:\/\/sidimurcia.org\/index.php\/wp-json\/wp\/v2\/media?parent=112"}],"curies":[{"name":"wp","href":"https:\/\/api.w.org\/{rel}","templated":true}]}}