{"id":1239,"date":"2019-10-31T10:20:26","date_gmt":"2019-10-31T10:20:26","guid":{"rendered":"https:\/\/sidimurcia.org\/wp\/?page_id=1239"},"modified":"2022-01-17T12:39:36","modified_gmt":"2022-01-17T12:39:36","slug":"oposiciones","status":"publish","type":"page","link":"https:\/\/sidimurcia.org\/index.php\/oposiciones\/","title":{"rendered":"Oposiciones"},"content":{"rendered":"<p><strong><span style=\"font-size: 20px;\">INFORMACI\u00d3N:<\/span><\/strong><\/p>\n<p><span style=\"font-size: 20px;\">Accede a la informaci\u00f3n publicada de las \u00faltimas cuatro oposiciones del a\u00f1o que te interese:<\/span><\/p>\n<p><img loading=\"lazy\" decoding=\"async\" class=\"alignleft\" src=\"https:\/\/sp-ao.shortpixel.ai\/client\/to_webp,q_glossy,ret_img\/https:\/\/sidimurcia.org\/wp-content\/uploads\/oposiciones.jpg\" alt=\"\" width=\"186\" height=\"124\" \/><\/p>\n<ul>\n<li><a href=\"https:\/\/sidimurcia.org\/index.php\/oposiciones-2022\/\">OPOSICIONES <strong>2022<\/strong> PARA EL CUERPO DE PRIMARIA<\/a><\/li>\n<li><a href=\"https:\/\/sidimurcia.org\/index.php\/oposiciones-2021\/\">OPOSICIONES <strong>2021<\/strong> PARA LOS CUERPOS DE SECUNDARIA, FP Y OTROS<\/a><\/li>\n<li><a href=\"https:\/\/sidimurcia.org\/index.php\/oposiciones-2020\/\">OPOSICIONES <strong>2020<\/strong> PARA LOS CUERPOS DE SECUNDARIA, FP Y OTROS<\/a><\/li>\n<li><a href=\"https:\/\/sidimurcia.org\/index.php\/oposiciones-2019\/\">OPOSICIONES <strong>2019<\/strong> PARA EL CUERPO DE PRIMARIA<\/a><\/li>\n<\/ul>\n<p>&nbsp;<\/p>\n<hr \/>\n<p><strong><span style=\"font-size: 20px;\">HEMEROTECA<\/span><\/strong><br \/>\n<span style=\"font-size: 20px;\">Si buscas informaci\u00f3n de oposiciones anteriores a esta, busca la palabra \u00aboposici\u00f3n\u00bb dentro de nuestra hemeroteca de noticias publicadas anteriores a octubre de 2019:<\/span><\/p>\n<ul>\n<li><a href=\"https:\/\/sidimurcia.org\/index.php\/publicaciones-anteriores-a-octubre-de-2019\/\">HEMEROTECA: PUBLICACIONES ANTERIORES A OCTUBRE DE 2019<\/a> (Para la b\u00fasqueda con el navegador utiliza la combinaci\u00f3n de teclas CTRL+F y escribe la palabra o palabras a buscar)<\/li>\n<\/ul>\n","protected":false},"excerpt":{"rendered":"<p>INFORMACI\u00d3N: Accede a la informaci\u00f3n publicada de las \u00faltimas cuatro oposiciones del a\u00f1o que te interese: OPOSICIONES 2022 PARA EL &#8230; <a title=\"Oposiciones\" class=\"read-more\" href=\"https:\/\/sidimurcia.org\/index.php\/oposiciones\/\" aria-label=\"Leer m\u00e1s sobre Oposiciones\">Leer mas<\/a><\/p>\n","protected":false},"author":1,"featured_media":0,"parent":0,"menu_order":0,"comment_status":"closed","ping_status":"closed","template":"","meta":{"footnotes":""},"class_list":["post-1239","page","type-page","status-publish"],"yoast_head":"<!-- This site is optimized with the Yoast SEO plugin v27.2 - https:\/\/yoast.com\/product\/yoast-seo-wordpress\/ -->\n<title>Oposiciones - SIDI<\/title>\n<meta name=\"robots\" content=\"index, follow, max-snippet:-1, max-image-preview:large, max-video-preview:-1\" \/>\n<link rel=\"canonical\" href=\"https:\/\/sidimurcia.org\/index.php\/oposiciones\/\" \/>\n<meta property=\"og:locale\" content=\"es_ES\" \/>\n<meta property=\"og:type\" content=\"article\" \/>\n<meta property=\"og:title\" content=\"Oposiciones - SIDI\" \/>\n<meta property=\"og:description\" content=\"INFORMACI\u00d3N: Accede a la informaci\u00f3n publicada de las \u00faltimas cuatro oposiciones del a\u00f1o que te interese: OPOSICIONES 2022 PARA EL ... Leer mas\" \/>\n<meta property=\"og:url\" content=\"https:\/\/sidimurcia.org\/index.php\/oposiciones\/\" \/>\n<meta property=\"og:site_name\" content=\"SIDI\" \/>\n<meta property=\"article:publisher\" content=\"https:\/\/es-es.facebook.com\/sidi.sindicatodedocentes\" \/>\n<meta property=\"article:modified_time\" content=\"2022-01-17T12:39:36+00:00\" \/>\n<meta property=\"og:image\" content=\"https:\/\/sp-ao.shortpixel.ai\/client\/to_webp,q_glossy,ret_img\/https:\/\/sidimurcia.org\/wp-content\/uploads\/oposiciones.jpg\" \/>\n<meta name=\"twitter:card\" content=\"summary_large_image\" \/>\n<meta name=\"twitter:site\" content=\"@SIDIMURCIA\" \/>\n<meta name=\"twitter:label1\" content=\"Tiempo de lectura\" \/>\n\t<meta name=\"twitter:data1\" content=\"1 minuto\" \/>\n<script type=\"application\/ld+json\" class=\"yoast-schema-graph\">{\"@context\":\"https:\/\/schema.org\",\"@graph\":[{\"@type\":\"WebPage\",\"@id\":\"https:\/\/sidimurcia.org\/index.php\/oposiciones\/\",\"url\":\"https:\/\/sidimurcia.org\/index.php\/oposiciones\/\",\"name\":\"Oposiciones - SIDI\",\"isPartOf\":{\"@id\":\"https:\/\/sidimurcia.org\/#website\"},\"primaryImageOfPage\":{\"@id\":\"https:\/\/sidimurcia.org\/index.php\/oposiciones\/#primaryimage\"},\"image\":{\"@id\":\"https:\/\/sidimurcia.org\/index.php\/oposiciones\/#primaryimage\"},\"thumbnailUrl\":\"https:\/\/sp-ao.shortpixel.ai\/client\/to_webp,q_glossy,ret_img\/https:\/\/sidimurcia.org\/wp-content\/uploads\/oposiciones.jpg\",\"datePublished\":\"2019-10-31T10:20:26+00:00\",\"dateModified\":\"2022-01-17T12:39:36+00:00\",\"breadcrumb\":{\"@id\":\"https:\/\/sidimurcia.org\/index.php\/oposiciones\/#breadcrumb\"},\"inLanguage\":\"es\",\"potentialAction\":[{\"@type\":\"ReadAction\",\"target\":[\"https:\/\/sidimurcia.org\/index.php\/oposiciones\/\"]}]},{\"@type\":\"ImageObject\",\"inLanguage\":\"es\",\"@id\":\"https:\/\/sidimurcia.org\/index.php\/oposiciones\/#primaryimage\",\"url\":\"https:\/\/sp-ao.shortpixel.ai\/client\/to_webp,q_glossy,ret_img\/https:\/\/sidimurcia.org\/wp-content\/uploads\/oposiciones.jpg\",\"contentUrl\":\"https:\/\/sp-ao.shortpixel.ai\/client\/to_webp,q_glossy,ret_img\/https:\/\/sidimurcia.org\/wp-content\/uploads\/oposiciones.jpg\"},{\"@type\":\"BreadcrumbList\",\"@id\":\"https:\/\/sidimurcia.org\/index.php\/oposiciones\/#breadcrumb\",\"itemListElement\":[{\"@type\":\"ListItem\",\"position\":1,\"name\":\"Portada\",\"item\":\"https:\/\/sidimurcia.org\/\"},{\"@type\":\"ListItem\",\"position\":2,\"name\":\"Oposiciones\"}]},{\"@type\":\"WebSite\",\"@id\":\"https:\/\/sidimurcia.org\/#website\",\"url\":\"https:\/\/sidimurcia.org\/\",\"name\":\"SIDI\",\"description\":\"Sindicato Independiente de Docentes\",\"publisher\":{\"@id\":\"https:\/\/sidimurcia.org\/#organization\"},\"potentialAction\":[{\"@type\":\"SearchAction\",\"target\":{\"@type\":\"EntryPoint\",\"urlTemplate\":\"https:\/\/sidimurcia.org\/?s={search_term_string}\"},\"query-input\":{\"@type\":\"PropertyValueSpecification\",\"valueRequired\":true,\"valueName\":\"search_term_string\"}}],\"inLanguage\":\"es\"},{\"@type\":\"Organization\",\"@id\":\"https:\/\/sidimurcia.org\/#organization\",\"name\":\"Sindicato Independiente de Docentes - SIDI\",\"url\":\"https:\/\/sidimurcia.org\/\",\"logo\":{\"@type\":\"ImageObject\",\"inLanguage\":\"es\",\"@id\":\"https:\/\/sidimurcia.org\/#\/schema\/logo\/image\/\",\"url\":\"https:\/\/sidimurcia.org\/wp-content\/uploads\/cropped-PARAPESTANAWEB-1.jpg\",\"contentUrl\":\"https:\/\/sidimurcia.org\/wp-content\/uploads\/cropped-PARAPESTANAWEB-1.jpg\",\"width\":512,\"height\":512,\"caption\":\"Sindicato Independiente de Docentes - SIDI\"},\"image\":{\"@id\":\"https:\/\/sidimurcia.org\/#\/schema\/logo\/image\/\"},\"sameAs\":[\"https:\/\/es-es.facebook.com\/sidi.sindicatodedocentes\",\"https:\/\/x.com\/SIDIMURCIA\",\"https:\/\/www.instagram.com\/sidi_murcia\/\",\"https:\/\/www.youtube.com\/channel\/UCwwdL3uFtDKJdbOfmC70wIQ\"]}]}<\/script>\n<!-- \/ Yoast SEO plugin. -->","yoast_head_json":{"title":"Oposiciones - SIDI","robots":{"index":"index","follow":"follow","max-snippet":"max-snippet:-1","max-image-preview":"max-image-preview:large","max-video-preview":"max-video-preview:-1"},"canonical":"https:\/\/sidimurcia.org\/index.php\/oposiciones\/","og_locale":"es_ES","og_type":"article","og_title":"Oposiciones - SIDI","og_description":"INFORMACI\u00d3N: Accede a la informaci\u00f3n publicada de las \u00faltimas cuatro oposiciones del a\u00f1o que te interese: OPOSICIONES 2022 PARA EL ... Leer mas","og_url":"https:\/\/sidimurcia.org\/index.php\/oposiciones\/","og_site_name":"SIDI","article_publisher":"https:\/\/es-es.facebook.com\/sidi.sindicatodedocentes","article_modified_time":"2022-01-17T12:39:36+00:00","og_image":[{"url":"https:\/\/sp-ao.shortpixel.ai\/client\/to_webp,q_glossy,ret_img\/https:\/\/sidimurcia.org\/wp-content\/uploads\/oposiciones.jpg","type":"","width":"","height":""}],"twitter_card":"summary_large_image","twitter_site":"@SIDIMURCIA","twitter_misc":{"Tiempo de lectura":"1 minuto"},"schema":{"@context":"https:\/\/schema.org","@graph":[{"@type":"WebPage","@id":"https:\/\/sidimurcia.org\/index.php\/oposiciones\/","url":"https:\/\/sidimurcia.org\/index.php\/oposiciones\/","name":"Oposiciones - SIDI","isPartOf":{"@id":"https:\/\/sidimurcia.org\/#website"},"primaryImageOfPage":{"@id":"https:\/\/sidimurcia.org\/index.php\/oposiciones\/#primaryimage"},"image":{"@id":"https:\/\/sidimurcia.org\/index.php\/oposiciones\/#primaryimage"},"thumbnailUrl":"https:\/\/sp-ao.shortpixel.ai\/client\/to_webp,q_glossy,ret_img\/https:\/\/sidimurcia.org\/wp-content\/uploads\/oposiciones.jpg","datePublished":"2019-10-31T10:20:26+00:00","dateModified":"2022-01-17T12:39:36+00:00","breadcrumb":{"@id":"https:\/\/sidimurcia.org\/index.php\/oposiciones\/#breadcrumb"},"inLanguage":"es","potentialAction":[{"@type":"ReadAction","target":["https:\/\/sidimurcia.org\/index.php\/oposiciones\/"]}]},{"@type":"ImageObject","inLanguage":"es","@id":"https:\/\/sidimurcia.org\/index.php\/oposiciones\/#primaryimage","url":"https:\/\/sp-ao.shortpixel.ai\/client\/to_webp,q_glossy,ret_img\/https:\/\/sidimurcia.org\/wp-content\/uploads\/oposiciones.jpg","contentUrl":"https:\/\/sp-ao.shortpixel.ai\/client\/to_webp,q_glossy,ret_img\/https:\/\/sidimurcia.org\/wp-content\/uploads\/oposiciones.jpg"},{"@type":"BreadcrumbList","@id":"https:\/\/sidimurcia.org\/index.php\/oposiciones\/#breadcrumb","itemListElement":[{"@type":"ListItem","position":1,"name":"Portada","item":"https:\/\/sidimurcia.org\/"},{"@type":"ListItem","position":2,"name":"Oposiciones"}]},{"@type":"WebSite","@id":"https:\/\/sidimurcia.org\/#website","url":"https:\/\/sidimurcia.org\/","name":"SIDI","description":"Sindicato Independiente de Docentes","publisher":{"@id":"https:\/\/sidimurcia.org\/#organization"},"potentialAction":[{"@type":"SearchAction","target":{"@type":"EntryPoint","urlTemplate":"https:\/\/sidimurcia.org\/?s={search_term_string}"},"query-input":{"@type":"PropertyValueSpecification","valueRequired":true,"valueName":"search_term_string"}}],"inLanguage":"es"},{"@type":"Organization","@id":"https:\/\/sidimurcia.org\/#organization","name":"Sindicato Independiente de Docentes - SIDI","url":"https:\/\/sidimurcia.org\/","logo":{"@type":"ImageObject","inLanguage":"es","@id":"https:\/\/sidimurcia.org\/#\/schema\/logo\/image\/","url":"https:\/\/sidimurcia.org\/wp-content\/uploads\/cropped-PARAPESTANAWEB-1.jpg","contentUrl":"https:\/\/sidimurcia.org\/wp-content\/uploads\/cropped-PARAPESTANAWEB-1.jpg","width":512,"height":512,"caption":"Sindicato Independiente de Docentes - SIDI"},"image":{"@id":"https:\/\/sidimurcia.org\/#\/schema\/logo\/image\/"},"sameAs":["https:\/\/es-es.facebook.com\/sidi.sindicatodedocentes","https:\/\/x.com\/SIDIMURCIA","https:\/\/www.instagram.com\/sidi_murcia\/","https:\/\/www.youtube.com\/channel\/UCwwdL3uFtDKJdbOfmC70wIQ"]}]}},"_links":{"self":[{"href":"https:\/\/sidimurcia.org\/index.php\/wp-json\/wp\/v2\/pages\/1239","targetHints":{"allow":["GET"]}}],"collection":[{"href":"https:\/\/sidimurcia.org\/index.php\/wp-json\/wp\/v2\/pages"}],"about":[{"href":"https:\/\/sidimurcia.org\/index.php\/wp-json\/wp\/v2\/types\/page"}],"author":[{"embeddable":true,"href":"https:\/\/sidimurcia.org\/index.php\/wp-json\/wp\/v2\/users\/1"}],"replies":[{"embeddable":true,"href":"https:\/\/sidimurcia.org\/index.php\/wp-json\/wp\/v2\/comments?post=1239"}],"version-history":[{"count":0,"href":"https:\/\/sidimurcia.org\/index.php\/wp-json\/wp\/v2\/pages\/1239\/revisions"}],"wp:attachment":[{"href":"https:\/\/sidimurcia.org\/index.php\/wp-json\/wp\/v2\/media?parent=1239"}],"curies":[{"name":"wp","href":"https:\/\/api.w.org\/{rel}","templated":true}]}}