{"id":13432,"date":"2022-06-18T07:23:38","date_gmt":"2022-06-18T07:23:38","guid":{"rendered":"https:\/\/sidimurcia.org\/?page_id=13432"},"modified":"2022-06-27T10:18:51","modified_gmt":"2022-06-27T10:18:51","slug":"publicaciones-de-los-tribunales-2022","status":"publish","type":"page","link":"https:\/\/sidimurcia.org\/index.php\/publicaciones-de-los-tribunales-2022\/","title":{"rendered":"Publicaciones de los tribunales 2022"},"content":{"rendered":"<h2 style=\"text-align: justify;\" align=\"justify\"><span style=\"font-family: arial, helvetica, sans-serif;\">Accede a las publicaciones de los tribunales y a otra informaci\u00f3n de inter\u00e9s para ti en el proceso de oposici\u00f3n al Cuerpo de Maestros 2022.<\/span><\/h2>\n<p>&nbsp;<\/p>\n<h3 style=\"text-align: center;\" align=\"justify\"><img loading=\"lazy\" decoding=\"async\" class=\"alignleft\" src=\"https:\/\/sidimurcia.org\/wp-content\/uploads\/publicaciones-de-los-tribunales.jpg\" alt=\"\" width=\"331\" height=\"90\" \/><\/h3>\n<h3 class=\"entry-title\" style=\"text-align: justify;\"><span style=\"font-family: arial, helvetica, sans-serif;\"><img loading=\"lazy\" decoding=\"async\" src=\"https:\/\/sidimurcia.org\/wp-content\/uploads\/2019\/10\/informacion20x20.gif\" alt=\"\" width=\"21\" height=\"20\" \/><span style=\"color: #3645a0; font-size: 20px;\"> CITACIONES, PUBLICACIONES DE NOTAS Y OTRAS COMUNICACIONES DE CADA UNO DE LOS TRIBUNALES HACIA LOS OPOSITORES (pulsa en la ventana inferior y busca tu tribunal seg\u00fan tu cuerpo y especialidad):<\/span><\/span><\/h3>\n<p>&nbsp;<\/p>\n<p style=\"text-align: center;\"><strong><span style=\"color: #ff0000;\">ATENCI\u00d3N. LA CONSULTA SE PUEDE RALENTIZAR DADO EL ACCESO MASIVO QUE SE ESTA PRODUCIENDO A LA WEB DE LA CONSEJER\u00cdA<\/span><\/strong><\/p>\n<p style=\"text-align: center;\"><iframe loading=\"lazy\" src=\"\/\/servicios.educarm.es\/admin\/index2.php?aplicacion=PUBLICACIONES_TRIBUNALES&amp;module=publicacionesTribunales&amp;anyo=2022&amp;convocatoria=OPOPRI22\" width=\"1060\" height=\"320\"><span style=\"display: inline-block; width: 0px; overflow: hidden; line-height: 0;\" data-mce-type=\"bookmark\" class=\"mce_SELRES_start\">\ufeff<\/span><span style=\"display: inline-block; width: 0px; overflow: hidden; line-height: 0;\" data-mce-type=\"bookmark\" class=\"mce_SELRES_start\">\ufeff<\/span><span style=\"display: inline-block; width: 0px; overflow: hidden; line-height: 0;\" data-mce-type=\"bookmark\" class=\"mce_SELRES_start\">\ufeff<\/span><span style=\"display: inline-block; width: 0px; overflow: hidden; line-height: 0;\" data-mce-type=\"bookmark\" class=\"mce_SELRES_start\">\ufeff<\/span><span style=\"display: inline-block; width: 0px; overflow: hidden; line-height: 0;\" data-mce-type=\"bookmark\" class=\"mce_SELRES_start\">\ufeff<\/span><span style=\"display: inline-block; width: 0px; overflow: hidden; line-height: 0;\" data-mce-type=\"bookmark\" class=\"mce_SELRES_start\">\ufeff<\/span><span style=\"display: inline-block; width: 0px; overflow: hidden; line-height: 0;\" data-mce-type=\"bookmark\" class=\"mce_SELRES_start\"><span style=\"display: inline-block; width: 0px; overflow: hidden; line-height: 0;\" data-mce-type=\"bookmark\" class=\"mce_SELRES_start\">\ufeff<\/span>\ufeff<\/span><\/iframe><\/p>\n<div>\n<p style=\"text-align: justify;\"><span style=\"font-family: arial, helvetica, sans-serif; color: #d3448a; font-size: 20px;\"><strong>NOTICIAS:<\/strong><\/span><\/p>\n<ul style=\"text-align: justify;\">\n<li><span style=\"font-family: arial, helvetica, sans-serif;\"><img loading=\"lazy\" decoding=\"async\" src=\"https:\/\/sidimurcia.org\/wp-content\/uploads\/2019\/10\/informacion20x20.gif\" alt=\"\" width=\"21\" height=\"20\" \/> 10\/06\/2022 <strong>PUBLICACI\u00d3N DE LOS TRIBUNALES: <a class=\"cat-post-title\" href=\"https:\/\/sidimurcia.org\/index.php\/2022\/06\/10\/oposiciones-2022-criterios-de-valoracion-y-actuacion-por-especialidades\/\" rel=\"bookmark\">OPOSICIONES 2022: Criterios de valoraci\u00f3n y actuaci\u00f3n por especialidades<\/a><\/strong><\/span><\/li>\n<\/ul>\n<p>&nbsp;<\/p>\n<p style=\"text-align: justify;\"><span style=\"font-family: arial, helvetica, sans-serif; color: #3645a0;\"><strong>OTRA INFORMACI\u00d3N DE INTER\u00c9S:<\/strong><\/span><\/p>\n<p style=\"text-align: justify;\"><span style=\"font-family: arial, helvetica, sans-serif; color: #d3448a; font-size: 20px;\">GEN\u00c9RICA:<\/span><\/p>\n<ul style=\"text-align: justify;\">\n<li><span style=\"font-family: arial, helvetica, sans-serif;\">\ud83d\udccc <a href=\"https:\/\/drive.google.com\/file\/d\/1LR_Xy01bS6lcQCMOw9cwNYY5GB1qRnhd\/view?usp=sharing\">Gu\u00eda para oposiciones 2022 \u2013 SIDI<\/a><\/span><\/li>\n<li><span style=\"font-family: arial, helvetica, sans-serif;\">\ud83d\udccc <a href=\"https:\/\/www.carm.es\/web\/pagina?IDCONTENIDO=71076&amp;IDTIPO=100&amp;RASTRO=c798$m3977,71071,71074\" target=\"_blank\" rel=\"noopener\">Respuestas a preguntas frecuentes \u2013 CARM<\/a><\/span><\/li>\n<li><span style=\"font-family: arial, helvetica, sans-serif;\">\ud83d\udccc <a href=\"https:\/\/sidimurcia.org\/wp-content\/uploads\/Calendario-orientativo-oposiciones-2022.jpg\" target=\"_blank\" rel=\"noopener\">Calendario Orientativo Oposiciones 2022<\/a><\/span><\/li>\n<li><span style=\"font-family: arial, helvetica, sans-serif;\"><a href=\"https:\/\/sidimurcia.org\/index.php\/2022\/02\/28\/oposiciones-2022-convocatoria-de-oposiciones-de-maestros\/\">OPOSICIONES 2022 \u2013 <span style=\"font-size: 20px;\"><strong>CONVOCATORIA<\/strong><\/span> de oposiciones al Cuerpo de Maestros en la Regi\u00f3n de Murcia.<\/a><\/span><\/li>\n<li><span style=\"font-family: arial, helvetica, sans-serif;\"><a href=\"https:\/\/sidimurcia.org\/index.php\/2019\/02\/14\/orden-12-02-19-bases-de-procedimientos-selectivos-para-ingreso-a-nuevas-especialidades-docentes-carm\/\">ORDEN DE BASES &#8211; Orden 12\/02\/19 Bases de Procedimientos Selectivos para ingreso a nuevas Especialidades Docentes CARM<\/a><\/span><\/li>\n<li><a href=\"https:\/\/sidimurcia.org\/index.php\/category\/oposiciones\/oposiciones-2022\/\"><span style=\"font-family: arial, helvetica, sans-serif;\">RELACI\u00d3N DE NOTICIAS PUBLICADAS SOBRE LAS OPOSICIONES 2022<\/span><\/a><\/li>\n<\/ul>\n<p>&nbsp;<\/p>\n<p style=\"text-align: justify;\"><span style=\"font-family: arial, helvetica, sans-serif; color: #d3448a; font-size: 20px;\">FASE DE OPOSICI\u00d3N:<\/span><\/p>\n<ul style=\"text-align: justify;\">\n<li><span style=\"font-family: arial, helvetica, sans-serif;\"><a class=\"cat-post-title\" href=\"https:\/\/sidimurcia.org\/index.php\/2022\/05\/25\/oposiciones-2022-aspectos-formales-y-especificos-de-la-programacion-didactica-o-programa-de-intervencion\/\" rel=\"bookmark\">OPOSICIONES 2022: Aspectos formales y espec\u00edficos de la programaci\u00f3n did\u00e1ctica o programa de intervenci\u00f3n<\/a><\/span><\/li>\n<li><span style=\"font-family: arial, helvetica, sans-serif;\"><a class=\"cat-post-title\" href=\"https:\/\/sidimurcia.org\/index.php\/2022\/06\/06\/oposiciones-2022-distribucion-de-aspirantes-a-las-distintas-sedes-por-aula-y-hora-de-entrada-sedes-de-actuacion-a-partir-del-dia-20-y-medidas-sanitarias\/\" rel=\"bookmark\">OPOSICIONES 2022: Distribuci\u00f3n de aspirantes a las distintas sedes por aula y hora de entrada, sedes de actuaci\u00f3n a partir del d\u00eda 20 y medidas sanitarias<\/a><\/span><\/li>\n<li><span style=\"font-family: arial, helvetica, sans-serif;\"><a class=\"cat-post-title\" href=\"https:\/\/sidimurcia.org\/index.php\/2022\/05\/30\/oposiciones-2022-dia-hora-y-lugar-del-acto-de-presentacion-e-instrucciones-y-celebracion-primera-prueba-sedes-de-actuacion-2\/\" rel=\"bookmark\">OPOSICIONES 2022: D\u00eda, hora y lugar del acto de presentaci\u00f3n e instrucciones y celebraci\u00f3n primera prueba. Sedes de actuaci\u00f3n<\/a><\/span><\/li>\n<li><span style=\"font-family: arial, helvetica, sans-serif;\"><a class=\"cat-post-title\" href=\"https:\/\/sidimurcia.org\/index.php\/2022\/05\/27\/oposiciones-2022-relacion-definitiva-aspirantes-admitidos-y-excluidos-y-distribucion-por-tribunal\/\" rel=\"bookmark\">OPOSICIONES 2022: Relaci\u00f3n DEFINITIVA aspirantes admitidos y excluidos y distribuci\u00f3n por tribunal.<\/a><\/span><\/li>\n<\/ul>\n<p>&nbsp;<\/p>\n<p style=\"text-align: justify;\"><span style=\"font-family: arial, helvetica, sans-serif; color: #d3448a;\"><span style=\"font-size: 20px;\">FASE DE CONCURSO:<\/span><br \/>\n<\/span><\/p>\n<ul style=\"text-align: justify;\">\n<li><span style=\"font-family: arial, helvetica, sans-serif;\"><a href=\"https:\/\/sidimurcia.org\/wp-content\/uploads\/baremo-opo-2022.pdf\">ANEXO II (Orden de Bases)\u2013 BAREMO PARA LA VALORACI\u00d3N DE M\u00c9RITOS PARA EL INGRESO EN LOS CUERPOS DOCENTES DE ENSE\u00d1ANZA NO UNIVERSITARIA (Actualizado en 2022)<\/a><\/span><\/li>\n<li><span style=\"font-family: arial, helvetica, sans-serif;\"><img decoding=\"async\" src=\"https:\/\/sidimurcia.org\/wp-content\/uploads\/2019\/10\/logoword.png\" \/><a href=\"https:\/\/www.carm.es\/web\/descarga?ARCHIVO=ANEXO%20V%20Ficha%20baremaci%C3%B3n.docx&amp;ALIAS=ARCH&amp;IDCONTENIDO=178180&amp;IDTIPO=60&amp;RASTRO=c798$m3977,71071,71360\">ANEXO V \u2013 FICHA DE SOLICITUD DE BAREMACI\u00d3N<\/a><\/span><\/li>\n<li><span style=\"font-family: arial, helvetica, sans-serif;\"><img loading=\"lazy\" decoding=\"async\" src=\"https:\/\/sidimurcia.org\/wp-content\/uploads\/logo-excel.png\" width=\"38\" height=\"37\" \/><a href=\"https:\/\/sidimurcia.org\/wp-content\/uploads\/SIDI-NotaOposiciones2022.xlsx\">HERRAMIENTA: DESC\u00c1RGALA Y CALCULA TU NOTA DE OPOSICI\u00d3N Y EL RESULTADO DE TU BAREMO<\/a><\/span><\/li>\n<\/ul>\n<\/div>\n<p>&nbsp;<\/p>\n<p><span style=\"font-family: arial, helvetica, sans-serif; font-size: 20px; color: #d3448a;\">RECLAMACIONES:<\/span><\/p>\n<p><span style=\"font-family: arial, helvetica, sans-serif;\">En la Fase de Oposici\u00f3n, si no has superado la primera prueba (o, posteriormente la segunda) , puedes reclamar ante el tribunal, si lo crees conveniente.<\/span><\/p>\n<ul>\n<li><span style=\"font-family: arial, helvetica, sans-serif;\"><a href=\"https:\/\/youtu.be\/1Ir9ceI3LHk\">VIDEO EXPLICATIVO RECLAMACIONES<\/a><\/span><\/li>\n<li><span style=\"font-family: arial, helvetica, sans-serif;\"><a href=\"https:\/\/sidimurcia.org\/wp-content\/uploads\/RECLAMACIONES-PROCESO-SELECTIVO_2022.pdf\">PDF EXPLICATIVO RECLAMACIONES<\/a><\/span><\/li>\n<\/ul>\n<p><span style=\"font-family: arial, helvetica, sans-serif;\">Si eres afiliado, si adem\u00e1s crees conveniente interponer un recurso de alzada debes contactarnos para que te indiquemos como proceder.<\/span><\/p>\n","protected":false},"excerpt":{"rendered":"<p>Accede a las publicaciones de los tribunales y a otra informaci\u00f3n de inter\u00e9s para ti en el proceso de oposici\u00f3n &#8230; <a title=\"Publicaciones de los tribunales 2022\" class=\"read-more\" href=\"https:\/\/sidimurcia.org\/index.php\/publicaciones-de-los-tribunales-2022\/\" aria-label=\"Leer m\u00e1s sobre Publicaciones de los tribunales 2022\">Leer mas<\/a><\/p>\n","protected":false},"author":1,"featured_media":0,"parent":0,"menu_order":0,"comment_status":"closed","ping_status":"closed","template":"","meta":{"footnotes":""},"class_list":["post-13432","page","type-page","status-publish"],"yoast_head":"<!-- This site is optimized with the Yoast SEO plugin v27.2 - https:\/\/yoast.com\/product\/yoast-seo-wordpress\/ -->\n<title>Publicaciones de los tribunales 2022 - SIDI<\/title>\n<meta name=\"robots\" content=\"index, follow, max-snippet:-1, max-image-preview:large, max-video-preview:-1\" \/>\n<link rel=\"canonical\" href=\"https:\/\/sidimurcia.org\/index.php\/publicaciones-de-los-tribunales-2022\/\" \/>\n<meta property=\"og:locale\" content=\"es_ES\" \/>\n<meta property=\"og:type\" content=\"article\" \/>\n<meta property=\"og:title\" content=\"Publicaciones de los tribunales 2022 - SIDI\" \/>\n<meta property=\"og:description\" content=\"Accede a las publicaciones de los tribunales y a otra informaci\u00f3n de inter\u00e9s para ti en el proceso de oposici\u00f3n ... Leer mas\" \/>\n<meta property=\"og:url\" content=\"https:\/\/sidimurcia.org\/index.php\/publicaciones-de-los-tribunales-2022\/\" \/>\n<meta property=\"og:site_name\" content=\"SIDI\" \/>\n<meta property=\"article:publisher\" content=\"https:\/\/es-es.facebook.com\/sidi.sindicatodedocentes\" \/>\n<meta property=\"article:modified_time\" content=\"2022-06-27T10:18:51+00:00\" \/>\n<meta property=\"og:image\" content=\"https:\/\/sidimurcia.org\/wp-content\/uploads\/publicaciones-de-los-tribunales.jpg\" \/>\n<meta name=\"twitter:card\" content=\"summary_large_image\" \/>\n<meta name=\"twitter:site\" content=\"@SIDIMURCIA\" \/>\n<meta name=\"twitter:label1\" content=\"Tiempo de lectura\" \/>\n\t<meta name=\"twitter:data1\" content=\"2 minutos\" \/>\n<script type=\"application\/ld+json\" class=\"yoast-schema-graph\">{\"@context\":\"https:\/\/schema.org\",\"@graph\":[{\"@type\":\"WebPage\",\"@id\":\"https:\/\/sidimurcia.org\/index.php\/publicaciones-de-los-tribunales-2022\/\",\"url\":\"https:\/\/sidimurcia.org\/index.php\/publicaciones-de-los-tribunales-2022\/\",\"name\":\"Publicaciones de los tribunales 2022 - SIDI\",\"isPartOf\":{\"@id\":\"https:\/\/sidimurcia.org\/#website\"},\"primaryImageOfPage\":{\"@id\":\"https:\/\/sidimurcia.org\/index.php\/publicaciones-de-los-tribunales-2022\/#primaryimage\"},\"image\":{\"@id\":\"https:\/\/sidimurcia.org\/index.php\/publicaciones-de-los-tribunales-2022\/#primaryimage\"},\"thumbnailUrl\":\"https:\/\/sidimurcia.org\/wp-content\/uploads\/publicaciones-de-los-tribunales.jpg\",\"datePublished\":\"2022-06-18T07:23:38+00:00\",\"dateModified\":\"2022-06-27T10:18:51+00:00\",\"breadcrumb\":{\"@id\":\"https:\/\/sidimurcia.org\/index.php\/publicaciones-de-los-tribunales-2022\/#breadcrumb\"},\"inLanguage\":\"es\",\"potentialAction\":[{\"@type\":\"ReadAction\",\"target\":[\"https:\/\/sidimurcia.org\/index.php\/publicaciones-de-los-tribunales-2022\/\"]}]},{\"@type\":\"ImageObject\",\"inLanguage\":\"es\",\"@id\":\"https:\/\/sidimurcia.org\/index.php\/publicaciones-de-los-tribunales-2022\/#primaryimage\",\"url\":\"\",\"contentUrl\":\"\"},{\"@type\":\"BreadcrumbList\",\"@id\":\"https:\/\/sidimurcia.org\/index.php\/publicaciones-de-los-tribunales-2022\/#breadcrumb\",\"itemListElement\":[{\"@type\":\"ListItem\",\"position\":1,\"name\":\"Portada\",\"item\":\"https:\/\/sidimurcia.org\/\"},{\"@type\":\"ListItem\",\"position\":2,\"name\":\"Publicaciones de los tribunales 2022\"}]},{\"@type\":\"WebSite\",\"@id\":\"https:\/\/sidimurcia.org\/#website\",\"url\":\"https:\/\/sidimurcia.org\/\",\"name\":\"SIDI\",\"description\":\"Sindicato Independiente de Docentes\",\"publisher\":{\"@id\":\"https:\/\/sidimurcia.org\/#organization\"},\"potentialAction\":[{\"@type\":\"SearchAction\",\"target\":{\"@type\":\"EntryPoint\",\"urlTemplate\":\"https:\/\/sidimurcia.org\/?s={search_term_string}\"},\"query-input\":{\"@type\":\"PropertyValueSpecification\",\"valueRequired\":true,\"valueName\":\"search_term_string\"}}],\"inLanguage\":\"es\"},{\"@type\":\"Organization\",\"@id\":\"https:\/\/sidimurcia.org\/#organization\",\"name\":\"Sindicato Independiente de Docentes - SIDI\",\"url\":\"https:\/\/sidimurcia.org\/\",\"logo\":{\"@type\":\"ImageObject\",\"inLanguage\":\"es\",\"@id\":\"https:\/\/sidimurcia.org\/#\/schema\/logo\/image\/\",\"url\":\"https:\/\/sidimurcia.org\/wp-content\/uploads\/cropped-PARAPESTANAWEB-1.jpg\",\"contentUrl\":\"https:\/\/sidimurcia.org\/wp-content\/uploads\/cropped-PARAPESTANAWEB-1.jpg\",\"width\":512,\"height\":512,\"caption\":\"Sindicato Independiente de Docentes - SIDI\"},\"image\":{\"@id\":\"https:\/\/sidimurcia.org\/#\/schema\/logo\/image\/\"},\"sameAs\":[\"https:\/\/es-es.facebook.com\/sidi.sindicatodedocentes\",\"https:\/\/x.com\/SIDIMURCIA\",\"https:\/\/www.instagram.com\/sidi_murcia\/\",\"https:\/\/www.youtube.com\/channel\/UCwwdL3uFtDKJdbOfmC70wIQ\"]}]}<\/script>\n<!-- \/ Yoast SEO plugin. -->","yoast_head_json":{"title":"Publicaciones de los tribunales 2022 - SIDI","robots":{"index":"index","follow":"follow","max-snippet":"max-snippet:-1","max-image-preview":"max-image-preview:large","max-video-preview":"max-video-preview:-1"},"canonical":"https:\/\/sidimurcia.org\/index.php\/publicaciones-de-los-tribunales-2022\/","og_locale":"es_ES","og_type":"article","og_title":"Publicaciones de los tribunales 2022 - SIDI","og_description":"Accede a las publicaciones de los tribunales y a otra informaci\u00f3n de inter\u00e9s para ti en el proceso de oposici\u00f3n ... Leer mas","og_url":"https:\/\/sidimurcia.org\/index.php\/publicaciones-de-los-tribunales-2022\/","og_site_name":"SIDI","article_publisher":"https:\/\/es-es.facebook.com\/sidi.sindicatodedocentes","article_modified_time":"2022-06-27T10:18:51+00:00","og_image":[{"url":"https:\/\/sidimurcia.org\/wp-content\/uploads\/publicaciones-de-los-tribunales.jpg","type":"","width":"","height":""}],"twitter_card":"summary_large_image","twitter_site":"@SIDIMURCIA","twitter_misc":{"Tiempo de lectura":"2 minutos"},"schema":{"@context":"https:\/\/schema.org","@graph":[{"@type":"WebPage","@id":"https:\/\/sidimurcia.org\/index.php\/publicaciones-de-los-tribunales-2022\/","url":"https:\/\/sidimurcia.org\/index.php\/publicaciones-de-los-tribunales-2022\/","name":"Publicaciones de los tribunales 2022 - SIDI","isPartOf":{"@id":"https:\/\/sidimurcia.org\/#website"},"primaryImageOfPage":{"@id":"https:\/\/sidimurcia.org\/index.php\/publicaciones-de-los-tribunales-2022\/#primaryimage"},"image":{"@id":"https:\/\/sidimurcia.org\/index.php\/publicaciones-de-los-tribunales-2022\/#primaryimage"},"thumbnailUrl":"https:\/\/sidimurcia.org\/wp-content\/uploads\/publicaciones-de-los-tribunales.jpg","datePublished":"2022-06-18T07:23:38+00:00","dateModified":"2022-06-27T10:18:51+00:00","breadcrumb":{"@id":"https:\/\/sidimurcia.org\/index.php\/publicaciones-de-los-tribunales-2022\/#breadcrumb"},"inLanguage":"es","potentialAction":[{"@type":"ReadAction","target":["https:\/\/sidimurcia.org\/index.php\/publicaciones-de-los-tribunales-2022\/"]}]},{"@type":"ImageObject","inLanguage":"es","@id":"https:\/\/sidimurcia.org\/index.php\/publicaciones-de-los-tribunales-2022\/#primaryimage","url":"","contentUrl":""},{"@type":"BreadcrumbList","@id":"https:\/\/sidimurcia.org\/index.php\/publicaciones-de-los-tribunales-2022\/#breadcrumb","itemListElement":[{"@type":"ListItem","position":1,"name":"Portada","item":"https:\/\/sidimurcia.org\/"},{"@type":"ListItem","position":2,"name":"Publicaciones de los tribunales 2022"}]},{"@type":"WebSite","@id":"https:\/\/sidimurcia.org\/#website","url":"https:\/\/sidimurcia.org\/","name":"SIDI","description":"Sindicato Independiente de Docentes","publisher":{"@id":"https:\/\/sidimurcia.org\/#organization"},"potentialAction":[{"@type":"SearchAction","target":{"@type":"EntryPoint","urlTemplate":"https:\/\/sidimurcia.org\/?s={search_term_string}"},"query-input":{"@type":"PropertyValueSpecification","valueRequired":true,"valueName":"search_term_string"}}],"inLanguage":"es"},{"@type":"Organization","@id":"https:\/\/sidimurcia.org\/#organization","name":"Sindicato Independiente de Docentes - SIDI","url":"https:\/\/sidimurcia.org\/","logo":{"@type":"ImageObject","inLanguage":"es","@id":"https:\/\/sidimurcia.org\/#\/schema\/logo\/image\/","url":"https:\/\/sidimurcia.org\/wp-content\/uploads\/cropped-PARAPESTANAWEB-1.jpg","contentUrl":"https:\/\/sidimurcia.org\/wp-content\/uploads\/cropped-PARAPESTANAWEB-1.jpg","width":512,"height":512,"caption":"Sindicato Independiente de Docentes - SIDI"},"image":{"@id":"https:\/\/sidimurcia.org\/#\/schema\/logo\/image\/"},"sameAs":["https:\/\/es-es.facebook.com\/sidi.sindicatodedocentes","https:\/\/x.com\/SIDIMURCIA","https:\/\/www.instagram.com\/sidi_murcia\/","https:\/\/www.youtube.com\/channel\/UCwwdL3uFtDKJdbOfmC70wIQ"]}]}},"_links":{"self":[{"href":"https:\/\/sidimurcia.org\/index.php\/wp-json\/wp\/v2\/pages\/13432","targetHints":{"allow":["GET"]}}],"collection":[{"href":"https:\/\/sidimurcia.org\/index.php\/wp-json\/wp\/v2\/pages"}],"about":[{"href":"https:\/\/sidimurcia.org\/index.php\/wp-json\/wp\/v2\/types\/page"}],"author":[{"embeddable":true,"href":"https:\/\/sidimurcia.org\/index.php\/wp-json\/wp\/v2\/users\/1"}],"replies":[{"embeddable":true,"href":"https:\/\/sidimurcia.org\/index.php\/wp-json\/wp\/v2\/comments?post=13432"}],"version-history":[{"count":0,"href":"https:\/\/sidimurcia.org\/index.php\/wp-json\/wp\/v2\/pages\/13432\/revisions"}],"wp:attachment":[{"href":"https:\/\/sidimurcia.org\/index.php\/wp-json\/wp\/v2\/media?parent=13432"}],"curies":[{"name":"wp","href":"https:\/\/api.w.org\/{rel}","templated":true}]}}