{"id":1355,"date":"2019-11-05T09:40:10","date_gmt":"2019-11-05T09:40:10","guid":{"rendered":"https:\/\/sidimurcia.org\/?page_id=1355"},"modified":"2026-01-23T08:17:17","modified_gmt":"2026-01-23T08:17:17","slug":"accion-social","status":"publish","type":"page","link":"https:\/\/sidimurcia.org\/index.php\/accion-social\/","title":{"rendered":"Acci\u00f3n Social"},"content":{"rendered":"<h2 style=\"text-align: right;\"><span style=\"font-family: arial, helvetica, sans-serif; font-size: 24px; color: #d44566;\">A\u00d1O 2026<\/span><\/h2>\n<div align=\"justify\"><span style=\"font-family: arial, helvetica, sans-serif;\"><span style=\"color: #3c4866;\"><strong><span style=\"font-size: 20px;\"><span style=\"color: #3c488b;\">Normativa a aplicar<\/span><\/span><\/strong> <\/span>\u2013 <a href=\"http:\/\/www.carm.es\/web\/integra.servlets.Blob?ARCHIVO=69088-19016-orden06.pdf&amp;TABLA=ARCHIVOS&amp;CAMPOCLAVE=IDARCHIVO&amp;VALORCLAVE=130169&amp;CAMPOIMAGEN=ARCHIVO&amp;IDTIPO=60&amp;RASTRO=c798$m28762,55122\">Orden de 31 de mayo de 2006, de la Consejer\u00eda de Econom\u00eda y Hacienda, por la que se aprueba el Plan de Acci\u00f3n Social del Personal al servicio de la Administraci\u00f3n P\u00fablica de la Regi\u00f3n de Murcia<\/a><\/span><\/div>\n<ul>\n<li><a href=\"https:\/\/www.carm.es\/web\/descarga?ARCHIVO=ACCI%C3%93N%20SOCIAL%20DOCENTE%202025.pdf&amp;ALIAS=ARCH&amp;IDCONTENIDO=195099&amp;IDTIPO=60&amp;RASTRO=c77$m22725,22759,4254\"><strong><em><span style=\"font-family: arial, helvetica, sans-serif;\">CUADRO INFORMATIVO SOBRE LAS AYUDAS<\/span><\/em><\/strong><\/a><\/li>\n<li><a href=\"https:\/\/rrhheducacion.carm.es\/accion-social-docente-2025\/\"><span style=\"font-family: arial, helvetica, sans-serif;\">GU\u00cdA CARM DEL PLAN DE ACCI\u00d3N SOCIAL DOCENTE <\/span><\/a><\/li>\n<\/ul>\n<p><span style=\"font-family: arial, helvetica, sans-serif;\"><span style=\"color: #3c488b;\"><strong>Otra informaci\u00f3n adicional:<\/strong> <\/span><a href=\"https:\/\/sidimurcia.org\/wp-content\/uploads\/Manual-de-Solicitud-de-la-Ayuda-1947-v5.0.1.0.2021.pdf\">Gu\u00eda editada por la Consejer\u00eda de Educaci\u00f3n para la solicitud de ayudas mediante Sede Electr\u00f3nica<\/a><\/span><\/p>\n<p><span style=\"font-family: arial, helvetica, sans-serif;\"><span style=\"color: #ff0000; font-size: 16px;\"><strong><span style=\"color: #d44566;\">NOTA:<\/span> <\/strong><span style=\"color: #000000;\">La Presentaci\u00f3n debe de realizarse a trav\u00e9s de la sede electr\u00f3nica de la carm. <\/span><\/span>Puede interesarte leer nuestras <a href=\"https:\/\/sidimurcia.org\/index.php\/certificados-digitales\/\">Gu\u00edas de configuraci\u00f3n r\u00e1pida de DNI Electr\u00f3nico, Tarjeta EDUCARM, Certificado Digital de FNMT o CL@VE pulsando AQU\u00cd<\/a><\/span><\/p>\n<blockquote><p><span style=\"text-decoration: underline;\"><span style=\"font-family: arial, helvetica, sans-serif; color: #3c4866;\"><em><strong><span style=\"color: #3c488b; text-decoration: underline;\">RELACI\u00d3N DE AYUDAS DEL PLAN DE ACCI\u00d3N SOCIAL.<\/span><\/strong><\/em><\/span><\/span><\/p>\n<p align=\"justify\"><span style=\"font-family: arial, helvetica, sans-serif;\">a) <span style=\"color: #d44566;\"><strong>ANTICIPOS REINTEGRABLES.<\/strong><\/span> Los anticipos reintegrables a cuenta de las retribuciones en su modalidad de extraordinarios. En esta ayuda, su importe no podr\u00e1 ser superior al doble de las retribuciones ordinarias mensuales y su reintegro se realizar\u00e1 en el plazo m\u00ednimo de trece meses y m\u00e1ximo de treinta y seis meses.<span style=\"color: #3c488b;\"><strong>(<span style=\"text-decoration: underline;\">S\u00d3LO FUNCIONARIOS<\/span>)<\/strong>.<\/span><br \/>\n<\/span><\/p>\n<ul>\n<li><span style=\"font-family: arial, helvetica, sans-serif;\"><a href=\"http:\/\/servicios.educarm.es\/templates\/portal\/ficheros\/websDinamicas\/72\/Anexosolicitudanticiporeintegrableextraordinarioaccinsocial20201.pdf\">Formulario para la solicitud de Anticipos Reintegrables<\/a><\/span><\/li>\n<li><span style=\"font-family: arial, helvetica, sans-serif;\"><a href=\"http:\/\/servicios.educarm.es\/templates\/portal\/ficheros\/websDinamicas\/72\/DECLARACINnoayudaFUNCIONARIO2020.pdf\" target=\"_self\" rel=\"noopener noreferrer\">Modelo declaraci\u00f3n &#8211; certificado no concesi\u00f3n de ayuda por mismo motivo.<\/a><\/span><\/li>\n<li><span style=\"font-family: arial, helvetica, sans-serif;\">Presentaci\u00f3n ONLINE: <span style=\"font-size: 16px;\">Adjuntando el formulario a trav\u00e9s del <\/span><a href=\"https:\/\/sede.carm.es\/web\/pagina?IDCONTENIDO=662&amp;IDTIPO=240&amp;RASTRO=c$m40288\"><span style=\"color: #993366;\"><strong><span style=\"font-size: 16px;\">Procedimiento 662 en Sede Electr\u00f3nica (pulsa AQU\u00cd)<\/span><\/strong><\/span><\/a><\/span><\/li>\n<\/ul>\n<p align=\"justify\"><span style=\"font-family: arial, helvetica, sans-serif;\">b) <span style=\"color: #3c4866;\"><span style=\"color: #d44566;\"><strong>AYUDAS POR DISCAPACIDAD<\/strong><\/span>.<\/span> En esta ayuda, su importe m\u00e1ximo ser\u00e1 de 100 euros para el personal de la Administraci\u00f3n regional y de 1.000 euros para sus hijos e hijas. <span style=\"color: #3c488b;\"><strong>PLAZOS: Personal: 31 de marzo. Beneficiarios:\u00a0 30 de junio.<\/strong><\/span><\/span><\/p>\n<ul>\n<li><span style=\"font-family: arial, helvetica, sans-serif;\"><a href=\"http:\/\/servicios.educarm.es\/templates\/portal\/ficheros\/websDinamicas\/72\/Anexosolicitudaccinsocialdiscapacidad2020.pdf\">Formulario para la solicitud de Ayudas por Discapacidad<\/a><\/span><\/li>\n<li><span style=\"font-family: arial, helvetica, sans-serif;\"><a href=\"http:\/\/servicios.educarm.es\/templates\/portal\/ficheros\/websDinamicas\/72\/DECLARACINnoayudaFUNCIONARIO2020.pdf\" target=\"_self\" rel=\"noopener noreferrer\">Modelo declaraci\u00f3n &#8211; certificado no concesi\u00f3n de ayuda por mismo motivo.<\/a><\/span><\/li>\n<li><span style=\"font-family: arial, helvetica, sans-serif;\">Presentaci\u00f3n ONLINE <span style=\"color: #3c488b;\"><strong>para empleados<\/strong>:<\/span> <span style=\"font-size: 16px;\">Adjuntando el formulario a trav\u00e9s del <a href=\"https:\/\/sede.carm.es\/web\/pagina?IDCONTENIDO=892&amp;IDTIPO=240&amp;RASTRO=c$m40288\"><span style=\"color: #993366;\"><strong>Procedimiento 892 en Sede Electr\u00f3nica (pulsa AQU\u00cd)<\/strong><\/span><\/a><\/span><\/span><\/li>\n<li><span style=\"font-family: arial, helvetica, sans-serif;\">Presentaci\u00f3n ONLINE <span style=\"color: #3c488b;\"><strong>para Hijas\/os:<\/strong><\/span> <span style=\"font-size: 16px;\">Adjuntando el formulario a trav\u00e9s del<span style=\"color: #993366;\"> <a style=\"color: #993366;\" href=\"https:\/\/sede.carm.es\/web\/pagina?IDCONTENIDO=885&amp;IDTIPO=240&amp;RASTRO=c$m40288\"><strong>Procedimiento 885 en Sede Electr\u00f3nica (pulsa AQU\u00cd)<\/strong><\/a><strong>.<\/strong><\/span> <\/span><\/span><\/li>\n<\/ul>\n<p align=\"justify\"><span style=\"font-family: arial, helvetica, sans-serif;\">c) <strong><span style=\"color: #008000;\"><span style=\"color: #d44566;\">AYUDAS POR NATALIDAD O ADOPCI\u00d3N<\/span><\/span><\/strong><span style=\"color: #d44566;\">,<\/span> siendo su importe de 151 euros. <span style=\"color: #3c488b;\"><strong>PLAZO: hasta 60 d\u00edas naturales.<\/strong><\/span> En el caso de que ambos c\u00f3nyuges sean docentes se presentar\u00e1 el siguiente documento. <\/span><\/p>\n<ul>\n<li><span style=\"font-family: arial, helvetica, sans-serif;\"><a href=\"http:\/\/servicios.educarm.es\/templates\/portal\/ficheros\/websDinamicas\/72\/Anexosolicitudnatalidadaccinsocial2020.pdf\">Formulario para la solicitud de Ayudas por Natalidad o Adopci\u00f3n.<\/a><\/span><\/li>\n<li><span style=\"font-family: arial, helvetica, sans-serif;\"><a href=\"http:\/\/servicios.educarm.es\/templates\/portal\/ficheros\/websDinamicas\/72\/DECLARACINnoayudaFUNCIONARIO2020.pdf\" target=\"_self\" rel=\"noopener noreferrer\">Modelo declaraci\u00f3n &#8211; certificado no concesi\u00f3n de ayuda por mismo motivo.<\/a><\/span><\/li>\n<li><span style=\"font-family: arial, helvetica, sans-serif;\">Presentaci\u00f3n ONLINE: <span style=\"font-size: 16px;\">Adjuntando el formulario a trav\u00e9s del <a href=\"https:\/\/sede.carm.es\/web\/pagina?IDCONTENIDO=893&amp;IDTIPO=240&amp;RASTRO=c$m40288\"><strong><span style=\"color: #993366;\">Procedimiento 893 en Sede Electr\u00f3nica (pulsa AQU\u00cd)<\/span><\/strong><\/a><span style=\"color: #993366;\"><strong>.<\/strong><\/span><\/span><\/span><\/li>\n<\/ul>\n<p align=\"justify\"><span style=\"font-family: arial, helvetica, sans-serif;\">d) <strong><span style=\"color: #008000;\"><span style=\"color: #d44566;\">AYUDAS POR ESTUDIOS UNIVERSITARIOS<\/span><\/span><\/strong><span style=\"color: #d44566;\">.<\/span> Su importe ser\u00e1 de un m\u00e1ximo de 600 euros, que se incrementar\u00e1 hasta un m\u00e1ximo de 750 euros en caso de transporte o hasta un m\u00e1ximo de 900 en caso de residencia. <span style=\"color: #3c488b;\"><strong>PLAZO: 31 de marzo.<\/strong><\/span><\/span><\/p>\n<ul>\n<li><span style=\"font-family: arial, helvetica, sans-serif;\"><a href=\"http:\/\/servicios.educarm.es\/templates\/portal\/ficheros\/websDinamicas\/72\/Anexosolicitudestudiosuniversitariosaccinsocial2020pdf.pdf\">Formulario para la solicitud de Ayudas por Estudios Universitarios<\/a><\/span><\/li>\n<li><span style=\"font-family: arial, helvetica, sans-serif;\"><a href=\"http:\/\/servicios.educarm.es\/templates\/portal\/ficheros\/websDinamicas\/72\/DECLARACINnoayudaFUNCIONARIO2020.pdf\" target=\"_self\" rel=\"noopener noreferrer\">Modelo declaraci\u00f3n &#8211; certificado no concesi\u00f3n de ayuda por mismo motivo.<\/a><\/span><\/li>\n<li><span style=\"font-family: arial, helvetica, sans-serif;\">Presentaci\u00f3n ONLINE: <span style=\"font-size: 16px;\">Adjuntando el formulario a trav\u00e9s del <span style=\"color: #993366;\"><a style=\"color: #993366;\" href=\"https:\/\/sede.carm.es\/web\/pagina?IDCONTENIDO=1947&amp;IDTIPO=240&amp;RASTRO=c$m40288\"><strong>Procedimiento 1947 en Sede Electr\u00f3nica (pulsa AQU\u00cd)<\/strong><\/a><strong>.<\/strong><\/span><\/span><\/span><\/li>\n<\/ul>\n<p align=\"justify\"><span style=\"font-family: arial, helvetica, sans-serif;\">e) <span style=\"color: #d44566;\"><strong>PRESTACIONES PARA LA PROTECCI\u00d3N A LAS VICTIMAS DE VIOLENCIA DE G\u00c9NERO EN LA ADMINISTRACI\u00d3N REGIONAL<\/strong>,<\/span> que se ajustar\u00e1n a lo dispuesto en la disposici\u00f3n adicional vig\u00e9simo\u00a0 primera,\u00a0 letra b),\u00a0 de\u00a0 la\u00a0 Ley\u00a0 1\/2017,\u00a0 de\u00a0 9 enero,\u00a0 de Presupuestos Generales de la Comunidad Aut\u00f3noma de la Regi\u00f3n de Murcia, para el ejercicio 2017. <\/span><\/p>\n<ol>\n<li style=\"list-style-type: none;\">\n<ol>\n<li style=\"list-style-type: none;\">\n<ol style=\"list-style-type: upper-roman;\">\n<li><span style=\"font-family: arial, helvetica, sans-serif;\"><span style=\"color: #3c488b;\"><strong>Anticipo reintegrable extraordinario:<\/strong><\/span> 6000\u20ac con un plazo m\u00ednimo de 13 meses y m\u00e1ximo de 84 meses<\/span><\/li>\n<li><span style=\"font-family: arial, helvetica, sans-serif;\"><span style=\"color: #3c4866;\"><strong>A<span style=\"color: #3c488b;\">yuda de car\u00e1cter excepcional por bajos ingresos: <\/span><\/strong><\/span>Importe m\u00e1ximo 500 \u20ac y 500 \u20ac adicionales por cada hijo\/a a cargo).<\/span><\/li>\n<\/ol>\n<\/li>\n<\/ol>\n<\/li>\n<\/ol>\n<ul>\n<li><span style=\"font-family: arial, helvetica, sans-serif;\"><a href=\"http:\/\/servicios.educarm.es\/templates\/portal\/ficheros\/websDinamicas\/72\/SolicitudPrestacionAccionSocialparavictimasdeviolenciadegnero2020.pdf\">Formulario para la solicitud de prestaciones para la protecci\u00f3n a las V\u00edctimas de Violencia de G\u00e9nero.<\/a><\/span><\/li>\n<li><span style=\"font-family: arial, helvetica, sans-serif;\">Presentaci\u00f3n ONLINE: <span style=\"font-size: 16px;\">Adjuntando el formulario a trav\u00e9s del <span style=\"color: #993366;\"><a style=\"color: #993366;\" href=\"https:\/\/sede.carm.es\/web\/pagina?IDCONTENIDO=2531&amp;IDTIPO=240&amp;RASTRO=c$m40288\"><strong>Procedimiento 2531 en Sede Electr\u00f3nica (pulsa AQU\u00cd)<\/strong><\/a><strong>.<\/strong><\/span><\/span><\/span><\/li>\n<\/ul>\n<p align=\"justify\"><span style=\"font-family: arial, helvetica, sans-serif;\">f) <span style=\"color: #d44566;\"><strong>OTROS ESTUDIOS REGLADOS<\/strong><\/span> (ESO, Bachillerato, Ciclos Superiores de Formaci\u00f3n Profesional o equivalentes y estudios en Escuelas Oficiales de Idiomas). Su importe ser\u00e1 de un m\u00e1ximo de 200\u20ac. <span style=\"color: #3c4866;\"><strong><span style=\"color: #3c488b;\">PLAZO: Hasta el 31 de marzo.<\/span> <\/strong><\/span><\/span><\/p>\n<ul>\n<li><span style=\"font-family: arial, helvetica, sans-serif;\"><a href=\"http:\/\/servicios.educarm.es\/templates\/portal\/ficheros\/websDinamicas\/72\/Anexosolicitudaccinsocialotrosestudiosreglados2020.pdf\">Formulario para la solicitud de Ayudas por Otros Estudios Reglados<\/a><\/span><\/li>\n<li><span style=\"font-family: arial, helvetica, sans-serif;\"><a href=\"http:\/\/servicios.educarm.es\/templates\/portal\/ficheros\/websDinamicas\/72\/DECLARACINnoayudaFUNCIONARIO2020.pdf\" target=\"_self\" rel=\"noopener noreferrer\">Modelo declaraci\u00f3n &#8211; certificado no concesi\u00f3n de ayuda por mismo motivo.<\/a><\/span><\/li>\n<li><span style=\"font-family: arial, helvetica, sans-serif;\">Presentaci\u00f3n ONLINE: <span style=\"font-size: 16px;\">Adjuntando el formulario a trav\u00e9s del<span style=\"color: #993366;\"> <a style=\"color: #993366;\" href=\"https:\/\/sede.carm.es\/web\/pagina?IDCONTENIDO=1954&amp;IDTIPO=240&amp;RASTRO=c$m40288\"><strong>Procedimiento 1954 en Sede Electr\u00f3nica (pulsa AQU\u00cd)<\/strong><\/a><strong>.<\/strong><\/span><\/span><\/span><\/li>\n<\/ul>\n<p align=\"justify\"><span style=\"font-family: arial, helvetica, sans-serif;\">g) <span style=\"color: #d44566;\"><strong>OTROS ESTUDIOS<\/strong><\/span> (especializaciones o habilitaciones para el ejercicio de una actividad o profesi\u00f3n, que incluir\u00e1n los m\u00e1steres universitarios y doctorados, <strong> No se incluir\u00e1n<\/strong> los gastos de preparaci\u00f3n de oposiciones, asistencia a academias o cualquier otro estudio que no responda a un programa autorizado con el correspondiente diploma o certificado de asistencia y\/o aprovechamiento). Su importe ser\u00e1 del 50% de los gastos hasta un m\u00e1ximo de 400\u20ac. PLAZO: <span style=\"color: #3c488b;\"><strong>Hasta el 30 de septiembre. <\/strong><\/span><\/span><\/p>\n<ul>\n<li><span style=\"font-family: arial, helvetica, sans-serif;\"><a href=\"http:\/\/servicios.educarm.es\/templates\/portal\/ficheros\/websDinamicas\/72\/Anexosolicitudaccinsocialotrosestudios2020.pdf\">Formulario para la solicitud de Ayudas por Otros Estudios<\/a><\/span><\/li>\n<li><span style=\"font-family: arial, helvetica, sans-serif;\">Presentaci\u00f3n ONLINE: <span style=\"font-size: 12px;\"><span style=\"font-size: 16px;\">Adjuntando el formulario a trav\u00e9s del <\/span><span style=\"color: #993366;\"><strong><a style=\"color: #993366;\" href=\"https:\/\/sede.carm.es\/web\/pagina?IDCONTENIDO=895&amp;IDTIPO=240&amp;RASTRO=c$m40288\"><span style=\"font-size: 16px;\">Procedimiento 895 en Sede Electr\u00f3nica (pulsa AQU\u00cd)<\/span><\/a><\/strong><\/span><\/span><\/span><\/li>\n<\/ul>\n<p><span style=\"font-family: arial, helvetica, sans-serif;\"><span style=\"color: #3c48a9;\"><strong>NOTA SIDI:<\/strong> <\/span>Se debe de tener en cuenta lo establecido en la Orden de 31 de mayo de 2006. Apartado II.7.- Ayuda por estudios.<\/span><br \/>\n<span style=\"font-family: arial, helvetica, sans-serif;\">II.7.2. Requisitos. <\/span><span style=\"font-family: arial, helvetica, sans-serif;\">b) <strong>\u00danicamente se podr\u00e1 solicitar ayuda para una sola clase de estudios.<\/strong><\/span><\/p><\/blockquote>\n<p style=\"text-align: right;\"><span style=\"font-family: arial, helvetica, sans-serif;\"><strong><span style=\"font-size: 16px;\"><em><span style=\"color: #3c488b;\">CONTACTO PLAN DE ACCI\u00d3N SOCIAL:<\/span> 968375177 \u2013 <span style=\"color: #3366ff;\">spd_accionsocial@murciaeduca.es<\/span><\/em><\/span><\/strong><\/span><\/p>\n","protected":false},"excerpt":{"rendered":"<p>A\u00d1O 2026 Normativa a aplicar \u2013 Orden de 31 de mayo de 2006, de la Consejer\u00eda de Econom\u00eda y Hacienda, &#8230; <a title=\"Acci\u00f3n Social\" class=\"read-more\" href=\"https:\/\/sidimurcia.org\/index.php\/accion-social\/\" aria-label=\"Leer m\u00e1s sobre Acci\u00f3n Social\">Leer mas<\/a><\/p>\n","protected":false},"author":1,"featured_media":0,"parent":0,"menu_order":0,"comment_status":"closed","ping_status":"closed","template":"","meta":{"footnotes":""},"class_list":["post-1355","page","type-page","status-publish"],"yoast_head":"<!-- This site is optimized with the Yoast SEO plugin v27.2 - https:\/\/yoast.com\/product\/yoast-seo-wordpress\/ -->\n<title>Acci\u00f3n Social - SIDI<\/title>\n<meta name=\"robots\" content=\"index, follow, max-snippet:-1, max-image-preview:large, max-video-preview:-1\" \/>\n<link rel=\"canonical\" href=\"https:\/\/sidimurcia.org\/index.php\/accion-social\/\" \/>\n<meta property=\"og:locale\" content=\"es_ES\" \/>\n<meta property=\"og:type\" content=\"article\" \/>\n<meta property=\"og:title\" content=\"Acci\u00f3n Social - SIDI\" \/>\n<meta property=\"og:description\" content=\"A\u00d1O 2026 Normativa a aplicar \u2013 Orden de 31 de mayo de 2006, de la Consejer\u00eda de Econom\u00eda y Hacienda, ... Leer mas\" \/>\n<meta property=\"og:url\" content=\"https:\/\/sidimurcia.org\/index.php\/accion-social\/\" \/>\n<meta property=\"og:site_name\" content=\"SIDI\" \/>\n<meta property=\"article:publisher\" content=\"https:\/\/es-es.facebook.com\/sidi.sindicatodedocentes\" \/>\n<meta property=\"article:modified_time\" content=\"2026-01-23T08:17:17+00:00\" \/>\n<meta name=\"twitter:card\" content=\"summary_large_image\" \/>\n<meta name=\"twitter:site\" content=\"@SIDIMURCIA\" \/>\n<meta name=\"twitter:label1\" content=\"Tiempo de lectura\" \/>\n\t<meta name=\"twitter:data1\" content=\"4 minutos\" \/>\n<script type=\"application\/ld+json\" class=\"yoast-schema-graph\">{\"@context\":\"https:\/\/schema.org\",\"@graph\":[{\"@type\":\"WebPage\",\"@id\":\"https:\/\/sidimurcia.org\/index.php\/accion-social\/\",\"url\":\"https:\/\/sidimurcia.org\/index.php\/accion-social\/\",\"name\":\"Acci\u00f3n Social - SIDI\",\"isPartOf\":{\"@id\":\"https:\/\/sidimurcia.org\/#website\"},\"datePublished\":\"2019-11-05T09:40:10+00:00\",\"dateModified\":\"2026-01-23T08:17:17+00:00\",\"breadcrumb\":{\"@id\":\"https:\/\/sidimurcia.org\/index.php\/accion-social\/#breadcrumb\"},\"inLanguage\":\"es\",\"potentialAction\":[{\"@type\":\"ReadAction\",\"target\":[\"https:\/\/sidimurcia.org\/index.php\/accion-social\/\"]}]},{\"@type\":\"BreadcrumbList\",\"@id\":\"https:\/\/sidimurcia.org\/index.php\/accion-social\/#breadcrumb\",\"itemListElement\":[{\"@type\":\"ListItem\",\"position\":1,\"name\":\"Portada\",\"item\":\"https:\/\/sidimurcia.org\/\"},{\"@type\":\"ListItem\",\"position\":2,\"name\":\"Acci\u00f3n Social\"}]},{\"@type\":\"WebSite\",\"@id\":\"https:\/\/sidimurcia.org\/#website\",\"url\":\"https:\/\/sidimurcia.org\/\",\"name\":\"SIDI\",\"description\":\"Sindicato Independiente de Docentes\",\"publisher\":{\"@id\":\"https:\/\/sidimurcia.org\/#organization\"},\"potentialAction\":[{\"@type\":\"SearchAction\",\"target\":{\"@type\":\"EntryPoint\",\"urlTemplate\":\"https:\/\/sidimurcia.org\/?s={search_term_string}\"},\"query-input\":{\"@type\":\"PropertyValueSpecification\",\"valueRequired\":true,\"valueName\":\"search_term_string\"}}],\"inLanguage\":\"es\"},{\"@type\":\"Organization\",\"@id\":\"https:\/\/sidimurcia.org\/#organization\",\"name\":\"Sindicato Independiente de Docentes - SIDI\",\"url\":\"https:\/\/sidimurcia.org\/\",\"logo\":{\"@type\":\"ImageObject\",\"inLanguage\":\"es\",\"@id\":\"https:\/\/sidimurcia.org\/#\/schema\/logo\/image\/\",\"url\":\"https:\/\/sidimurcia.org\/wp-content\/uploads\/cropped-PARAPESTANAWEB-1.jpg\",\"contentUrl\":\"https:\/\/sidimurcia.org\/wp-content\/uploads\/cropped-PARAPESTANAWEB-1.jpg\",\"width\":512,\"height\":512,\"caption\":\"Sindicato Independiente de Docentes - SIDI\"},\"image\":{\"@id\":\"https:\/\/sidimurcia.org\/#\/schema\/logo\/image\/\"},\"sameAs\":[\"https:\/\/es-es.facebook.com\/sidi.sindicatodedocentes\",\"https:\/\/x.com\/SIDIMURCIA\",\"https:\/\/www.instagram.com\/sidi_murcia\/\",\"https:\/\/www.youtube.com\/channel\/UCwwdL3uFtDKJdbOfmC70wIQ\"]}]}<\/script>\n<!-- \/ Yoast SEO plugin. -->","yoast_head_json":{"title":"Acci\u00f3n Social - SIDI","robots":{"index":"index","follow":"follow","max-snippet":"max-snippet:-1","max-image-preview":"max-image-preview:large","max-video-preview":"max-video-preview:-1"},"canonical":"https:\/\/sidimurcia.org\/index.php\/accion-social\/","og_locale":"es_ES","og_type":"article","og_title":"Acci\u00f3n Social - SIDI","og_description":"A\u00d1O 2026 Normativa a aplicar \u2013 Orden de 31 de mayo de 2006, de la Consejer\u00eda de Econom\u00eda y Hacienda, ... Leer mas","og_url":"https:\/\/sidimurcia.org\/index.php\/accion-social\/","og_site_name":"SIDI","article_publisher":"https:\/\/es-es.facebook.com\/sidi.sindicatodedocentes","article_modified_time":"2026-01-23T08:17:17+00:00","twitter_card":"summary_large_image","twitter_site":"@SIDIMURCIA","twitter_misc":{"Tiempo de lectura":"4 minutos"},"schema":{"@context":"https:\/\/schema.org","@graph":[{"@type":"WebPage","@id":"https:\/\/sidimurcia.org\/index.php\/accion-social\/","url":"https:\/\/sidimurcia.org\/index.php\/accion-social\/","name":"Acci\u00f3n Social - SIDI","isPartOf":{"@id":"https:\/\/sidimurcia.org\/#website"},"datePublished":"2019-11-05T09:40:10+00:00","dateModified":"2026-01-23T08:17:17+00:00","breadcrumb":{"@id":"https:\/\/sidimurcia.org\/index.php\/accion-social\/#breadcrumb"},"inLanguage":"es","potentialAction":[{"@type":"ReadAction","target":["https:\/\/sidimurcia.org\/index.php\/accion-social\/"]}]},{"@type":"BreadcrumbList","@id":"https:\/\/sidimurcia.org\/index.php\/accion-social\/#breadcrumb","itemListElement":[{"@type":"ListItem","position":1,"name":"Portada","item":"https:\/\/sidimurcia.org\/"},{"@type":"ListItem","position":2,"name":"Acci\u00f3n Social"}]},{"@type":"WebSite","@id":"https:\/\/sidimurcia.org\/#website","url":"https:\/\/sidimurcia.org\/","name":"SIDI","description":"Sindicato Independiente de Docentes","publisher":{"@id":"https:\/\/sidimurcia.org\/#organization"},"potentialAction":[{"@type":"SearchAction","target":{"@type":"EntryPoint","urlTemplate":"https:\/\/sidimurcia.org\/?s={search_term_string}"},"query-input":{"@type":"PropertyValueSpecification","valueRequired":true,"valueName":"search_term_string"}}],"inLanguage":"es"},{"@type":"Organization","@id":"https:\/\/sidimurcia.org\/#organization","name":"Sindicato Independiente de Docentes - SIDI","url":"https:\/\/sidimurcia.org\/","logo":{"@type":"ImageObject","inLanguage":"es","@id":"https:\/\/sidimurcia.org\/#\/schema\/logo\/image\/","url":"https:\/\/sidimurcia.org\/wp-content\/uploads\/cropped-PARAPESTANAWEB-1.jpg","contentUrl":"https:\/\/sidimurcia.org\/wp-content\/uploads\/cropped-PARAPESTANAWEB-1.jpg","width":512,"height":512,"caption":"Sindicato Independiente de Docentes - SIDI"},"image":{"@id":"https:\/\/sidimurcia.org\/#\/schema\/logo\/image\/"},"sameAs":["https:\/\/es-es.facebook.com\/sidi.sindicatodedocentes","https:\/\/x.com\/SIDIMURCIA","https:\/\/www.instagram.com\/sidi_murcia\/","https:\/\/www.youtube.com\/channel\/UCwwdL3uFtDKJdbOfmC70wIQ"]}]}},"_links":{"self":[{"href":"https:\/\/sidimurcia.org\/index.php\/wp-json\/wp\/v2\/pages\/1355","targetHints":{"allow":["GET"]}}],"collection":[{"href":"https:\/\/sidimurcia.org\/index.php\/wp-json\/wp\/v2\/pages"}],"about":[{"href":"https:\/\/sidimurcia.org\/index.php\/wp-json\/wp\/v2\/types\/page"}],"author":[{"embeddable":true,"href":"https:\/\/sidimurcia.org\/index.php\/wp-json\/wp\/v2\/users\/1"}],"replies":[{"embeddable":true,"href":"https:\/\/sidimurcia.org\/index.php\/wp-json\/wp\/v2\/comments?post=1355"}],"version-history":[{"count":0,"href":"https:\/\/sidimurcia.org\/index.php\/wp-json\/wp\/v2\/pages\/1355\/revisions"}],"wp:attachment":[{"href":"https:\/\/sidimurcia.org\/index.php\/wp-json\/wp\/v2\/media?parent=1355"}],"curies":[{"name":"wp","href":"https:\/\/api.w.org\/{rel}","templated":true}]}}