{"id":139,"date":"2019-10-10T12:53:42","date_gmt":"2019-10-10T12:53:42","guid":{"rendered":"https:\/\/sidimurcia.org\/wp\/?page_id=139"},"modified":"2024-02-02T09:16:33","modified_gmt":"2024-02-02T09:16:33","slug":"acceso-a-catedras","status":"publish","type":"page","link":"https:\/\/sidimurcia.org\/index.php\/acceso-a-catedras\/","title":{"rendered":"Acceso a c\u00e1tedras"},"content":{"rendered":"<p>&nbsp;<\/p>\n<aside id=\"category-posts-8\" class=\"widget inner-padding cat-post-widget amr_widget\"><ul id=\"category-posts-8-internal\" class=\"category-posts-internal\">\n<li class='cat-post-item'><div><a class=\"cat-post-title\" href=\"https:\/\/sidimurcia.org\/index.php\/2025\/01\/30\/sidi-solicita-la-convocatoria-de-catedras-para-todas-las-especialidades-y-mejoras-en-las-ensenanzas-de-regimen-especial\/\" rel=\"bookmark\">SIDI solicita la convocatoria de c\u00e1tedras para todas las especialidades y mejoras en las ense\u00f1anzas de r\u00e9gimen especial<\/a><\/div><\/li><li class='cat-post-item'><div><a class=\"cat-post-title\" href=\"https:\/\/sidimurcia.org\/index.php\/2022\/07\/22\/mesa-sectorial-22-07-2022-convocatoria-oposicion-catedras-musica-procesos-de-estabilizacion-plazas-concurso\/\" rel=\"bookmark\">MESA SECTORIAL 22\/07\/2022 \u2013 CONVOCATORIA OPOSICI\u00d3N C\u00c1TEDRAS M\u00daSICA &#8211; PROCESOS DE ESTABILIZACION: PLAZAS CONCURSO<\/a><\/div><\/li><\/ul>\n<\/aside>\n<p>&nbsp;<\/p>\n<table border=\"0\" width=\"100%\" cellspacing=\"0\" cellpadding=\"0\">\n<tbody>\n<tr>\n<td class=\"sectiontableheader\" width=\"45%\">\n<h3><strong>NOTICIAS ANTERIORES RELACIONADAS<\/strong><\/h3>\n<\/td>\n<\/tr>\n<tr>\n<td><a href=\"https:\/\/sd.sidimurcia.org\/index2.php?option=com_content&amp;task=view&amp;id=10333&amp;Itemid=401\">Orden 3\/10\/16 modifica la orden 26\/8\/11 de seleccionados en el Cuerpo de Catedr\u00e1ticos E. Secundaria <\/a><\/td>\n<\/tr>\n<tr>\n<td><a href=\"https:\/\/sd.sidimurcia.org\/index2.php?option=com_content&amp;task=view&amp;id=7414&amp;Itemid=401\"> Orden 13\/5\/2014 modifica 26\/8\/2011 aprueba expediente procedimiento acceso Cuerpo Catedr\u00e1ticos Sec. <\/a><\/td>\n<\/tr>\n<tr>\n<td><a href=\"https:\/\/sd.sidimurcia.org\/index2.php?option=com_content&amp;task=view&amp;id=7413&amp;Itemid=401\"> Orden 12\/6\/2014 modifica 26\/8\/2011 aprueba expediente procedimiento acceso Cuerpo Catedr\u00e1ticos Sec. <\/a><\/td>\n<\/tr>\n<tr>\n<td><a href=\"https:\/\/sd.sidimurcia.org\/index2.php?option=com_content&amp;task=view&amp;id=6094&amp;Itemid=401\"> Modificaci\u00f3n expediente procedimiento C\u00e1tedras. <\/a><\/td>\n<\/tr>\n<tr>\n<td><a href=\"https:\/\/sd.sidimurcia.org\/index2.php?option=com_content&amp;task=view&amp;id=4644&amp;Itemid=401\"> Acceso a c\u00e1tedras. Emplazameinto intersesados en recurso contencioso adminisrativo. <\/a><\/td>\n<\/tr>\n<tr>\n<td><a href=\"https:\/\/sd.sidimurcia.org\/index2.php?option=com_content&amp;task=view&amp;id=4393&amp;Itemid=401\"> Puntuaciones definitivas y seleccionados en proceso selectivo de Acceso al Cuerpo de Catedr\u00e1ticos. <\/a><\/td>\n<\/tr>\n<tr>\n<td><a href=\"https:\/\/sd.sidimurcia.org\/index2.php?option=com_content&amp;task=view&amp;id=4182&amp;Itemid=401\"> Acceso a c\u00e1tedras. Convocatoria 22-10-2010 a aspirantes que han solicitado acceder a su expediente. <\/a><\/td>\n<\/tr>\n<tr>\n<td><a href=\"https:\/\/sd.sidimurcia.org\/index2.php?option=com_content&amp;task=view&amp;id=4117&amp;Itemid=401\"> Acceso a c\u00e1tedras. Convocatoria a determinados aspirantes. <\/a><\/td>\n<\/tr>\n<tr>\n<td><a href=\"https:\/\/sd.sidimurcia.org\/index2.php?option=com_content&amp;task=view&amp;id=3883&amp;Itemid=401\"> Acceso a c\u00e1tedras. Baremaciones provisionales. <\/a><\/td>\n<\/tr>\n<tr>\n<td><a href=\"https:\/\/sd.sidimurcia.org\/index2.php?option=com_content&amp;task=view&amp;id=3836&amp;Itemid=401\"> Admitidos proceso selectivo catedr\u00e1ticos. Lista complementaria. <\/a><\/td>\n<\/tr>\n<tr>\n<td><a href=\"https:\/\/sd.sidimurcia.org\/index2.php?option=com_content&amp;task=view&amp;id=3578&amp;Itemid=401\"> Modificaci\u00f3n de la orden por la que se convoc\u00f3 acceso al Cuerpo Catedr\u00e1ticos de Ense\u00f1anza Secundaria <\/a><\/td>\n<\/tr>\n<tr>\n<td><a href=\"https:\/\/sd.sidimurcia.org\/index2.php?option=com_content&amp;task=view&amp;id=3576&amp;Itemid=401\"> Relaci\u00f3n definitiva de admitidos y excluidos acceso cuerpo catedr\u00e1ticos. <\/a><\/td>\n<\/tr>\n<tr>\n<td><a href=\"https:\/\/sd.sidimurcia.org\/index2.php?option=com_content&amp;task=view&amp;id=3518&amp;Itemid=401\"> Relaci\u00f3n PROVISIONAL aspirantes admitidos y excluidos para acceso al Cuerpo de Catedr\u00e1ticos <\/a><\/td>\n<\/tr>\n<tr>\n<td><a href=\"https:\/\/sd.sidimurcia.org\/index2.php?option=com_content&amp;task=view&amp;id=3386&amp;Itemid=401\"> Modificaci\u00f3n baremo acceso a c\u00e1tedras. <\/a><\/td>\n<\/tr>\n<tr>\n<td><a href=\"https:\/\/sd.sidimurcia.org\/index2.php?option=com_content&amp;task=view&amp;id=3385&amp;Itemid=401\"> Nombramiento comisiones de baremaci\u00f3n c\u00e1tedras <\/a><\/td>\n<\/tr>\n<tr>\n<td><a href=\"https:\/\/sd.sidimurcia.org\/index2.php?option=com_content&amp;task=view&amp;id=3334&amp;Itemid=401\"> Procedimiento Selectivo C\u00e1tedras: Censo definitivo Publicado en la web de la Consejer\u00eda. <\/a><\/td>\n<\/tr>\n<tr>\n<td><a href=\"https:\/\/sd.sidimurcia.org\/index2.php?option=com_content&amp;task=view&amp;id=3242&amp;Itemid=401\"> Acceso a c\u00e1tedras. Creaci\u00f3n comisiones, determinaci\u00f3n de sus componentes y asignaci\u00f3n especialidades <\/a><\/td>\n<\/tr>\n<tr>\n<td><a href=\"https:\/\/sd.sidimurcia.org\/index2.php?option=com_content&amp;task=view&amp;id=3177&amp;Itemid=401\"> Censo de funcionarios que constituir\u00e1n las comisiones de baremaci\u00f3n procedimiento c\u00e1tedras. <\/a><\/td>\n<\/tr>\n<tr>\n<td><a href=\"https:\/\/sd.sidimurcia.org\/index2.php?option=com_content&amp;task=view&amp;id=3156&amp;Itemid=401\"> Acceso a c\u00e1tedras: Justificaci\u00f3n necesaria para la valoraci\u00f3n de m\u00e9ritos en la convocatoria <\/a><\/td>\n<\/tr>\n<tr>\n<td><a href=\"https:\/\/sd.sidimurcia.org\/index2.php?option=com_content&amp;task=view&amp;id=3141&amp;Itemid=401\"> Convocatoria procedimiento selectivo para acceso al cuerpo de catedr\u00e1ticos de ense\u00f1anza secundaria <\/a><\/td>\n<\/tr>\n<tr>\n<td><a href=\"https:\/\/sd.sidimurcia.org\/index2.php?option=com_content&amp;task=view&amp;id=3127&amp;Itemid=401\"> Convocatoria de c\u00e1tedras en el BORM <\/a><\/td>\n<\/tr>\n<tr>\n<td><a href=\"https:\/\/sd.sidimurcia.org\/index2.php?option=com_content&amp;task=view&amp;id=3062&amp;Itemid=401\"> Borrador convocatoria procesos selectivos Catedr\u00e1ticos. <\/a><\/td>\n<\/tr>\n<tr>\n<td><a href=\"https:\/\/sd.sidimurcia.org\/index2.php?option=com_content&amp;task=view&amp;id=2302&amp;Itemid=401\"> Estudio ofertas empleo catedr\u00e1ticos 2009. <\/a><\/td>\n<\/tr>\n<tr>\n<td><a href=\"https:\/\/sd.sidimurcia.org\/index2.php?option=com_content&amp;task=view&amp;id=2285&amp;Itemid=401\"> OPOSICIONES A C\u00c1TEDRAS <\/a><\/td>\n<\/tr>\n<tr>\n<td><a href=\"https:\/\/sd.sidimurcia.org\/index2.php?option=com_content&amp;task=view&amp;id=1533&amp;Itemid=401\"> Convocatoria acceso a c\u00e1tedra <\/a><\/td>\n<\/tr>\n<\/tbody>\n<\/table>\n","protected":false},"excerpt":{"rendered":"<p>&nbsp; &nbsp; NOTICIAS ANTERIORES RELACIONADAS Orden 3\/10\/16 modifica la orden 26\/8\/11 de seleccionados en el Cuerpo de Catedr\u00e1ticos E. Secundaria &#8230; <a title=\"MESA SECTORIAL 22\/07\/2022 \u2013 CONVOCATORIA OPOSICI\u00d3N C\u00c1TEDRAS M\u00daSICA &#8211; PROCESOS DE ESTABILIZACION: PLAZAS CONCURSO\" class=\"read-more\" href=\"https:\/\/sidimurcia.org\/index.php\/2022\/07\/22\/mesa-sectorial-22-07-2022-convocatoria-oposicion-catedras-musica-procesos-de-estabilizacion-plazas-concurso\/\" aria-label=\"Leer m\u00e1s sobre MESA SECTORIAL 22\/07\/2022 \u2013 CONVOCATORIA OPOSICI\u00d3N C\u00c1TEDRAS M\u00daSICA &#8211; PROCESOS DE ESTABILIZACION: PLAZAS CONCURSO\">Leer mas<\/a><\/p>\n","protected":false},"author":1,"featured_media":0,"parent":0,"menu_order":0,"comment_status":"closed","ping_status":"closed","template":"","meta":{"footnotes":""},"class_list":["post-139","page","type-page","status-publish","hentry"],"yoast_head":"<!-- This site is optimized with the Yoast SEO plugin v27.2 - https:\/\/yoast.com\/product\/yoast-seo-wordpress\/ -->\n<title>Acceso a c\u00e1tedras - SIDI<\/title>\n<meta name=\"robots\" content=\"index, follow, max-snippet:-1, max-image-preview:large, max-video-preview:-1\" \/>\n<link rel=\"canonical\" href=\"https:\/\/sidimurcia.org\/index.php\/acceso-a-catedras\/\" \/>\n<meta property=\"og:locale\" content=\"es_ES\" \/>\n<meta property=\"og:type\" content=\"article\" \/>\n<meta property=\"og:title\" content=\"Acceso a c\u00e1tedras - SIDI\" \/>\n<meta property=\"og:description\" content=\"&nbsp; &nbsp; NOTICIAS ANTERIORES RELACIONADAS Orden 3\/10\/16 modifica la orden 26\/8\/11 de seleccionados en el Cuerpo de Catedr\u00e1ticos E. Secundaria ... Leer mas\" \/>\n<meta property=\"og:url\" content=\"https:\/\/sidimurcia.org\/index.php\/acceso-a-catedras\/\" \/>\n<meta property=\"og:site_name\" content=\"SIDI\" \/>\n<meta property=\"article:publisher\" content=\"https:\/\/es-es.facebook.com\/sidi.sindicatodedocentes\" \/>\n<meta property=\"article:modified_time\" content=\"2024-02-02T09:16:33+00:00\" \/>\n<meta name=\"twitter:card\" content=\"summary_large_image\" \/>\n<meta name=\"twitter:site\" content=\"@SIDIMURCIA\" \/>\n<meta name=\"twitter:label1\" content=\"Tiempo de lectura\" \/>\n\t<meta name=\"twitter:data1\" content=\"1 minuto\" \/>\n<script type=\"application\/ld+json\" class=\"yoast-schema-graph\">{\"@context\":\"https:\/\/schema.org\",\"@graph\":[{\"@type\":\"WebPage\",\"@id\":\"https:\/\/sidimurcia.org\/index.php\/acceso-a-catedras\/\",\"url\":\"https:\/\/sidimurcia.org\/index.php\/acceso-a-catedras\/\",\"name\":\"Acceso a c\u00e1tedras - SIDI\",\"isPartOf\":{\"@id\":\"https:\/\/sidimurcia.org\/#website\"},\"datePublished\":\"2019-10-10T12:53:42+00:00\",\"dateModified\":\"2024-02-02T09:16:33+00:00\",\"breadcrumb\":{\"@id\":\"https:\/\/sidimurcia.org\/index.php\/acceso-a-catedras\/#breadcrumb\"},\"inLanguage\":\"es\",\"potentialAction\":[{\"@type\":\"ReadAction\",\"target\":[\"https:\/\/sidimurcia.org\/index.php\/acceso-a-catedras\/\"]}]},{\"@type\":\"BreadcrumbList\",\"@id\":\"https:\/\/sidimurcia.org\/index.php\/acceso-a-catedras\/#breadcrumb\",\"itemListElement\":[{\"@type\":\"ListItem\",\"position\":1,\"name\":\"Portada\",\"item\":\"https:\/\/sidimurcia.org\/\"},{\"@type\":\"ListItem\",\"position\":2,\"name\":\"Acceso a c\u00e1tedras\"}]},{\"@type\":\"WebSite\",\"@id\":\"https:\/\/sidimurcia.org\/#website\",\"url\":\"https:\/\/sidimurcia.org\/\",\"name\":\"SIDI\",\"description\":\"Sindicato Independiente de Docentes\",\"publisher\":{\"@id\":\"https:\/\/sidimurcia.org\/#organization\"},\"potentialAction\":[{\"@type\":\"SearchAction\",\"target\":{\"@type\":\"EntryPoint\",\"urlTemplate\":\"https:\/\/sidimurcia.org\/?s={search_term_string}\"},\"query-input\":{\"@type\":\"PropertyValueSpecification\",\"valueRequired\":true,\"valueName\":\"search_term_string\"}}],\"inLanguage\":\"es\"},{\"@type\":\"Organization\",\"@id\":\"https:\/\/sidimurcia.org\/#organization\",\"name\":\"Sindicato Independiente de Docentes - SIDI\",\"url\":\"https:\/\/sidimurcia.org\/\",\"logo\":{\"@type\":\"ImageObject\",\"inLanguage\":\"es\",\"@id\":\"https:\/\/sidimurcia.org\/#\/schema\/logo\/image\/\",\"url\":\"https:\/\/sidimurcia.org\/wp-content\/uploads\/cropped-PARAPESTANAWEB-1.jpg\",\"contentUrl\":\"https:\/\/sidimurcia.org\/wp-content\/uploads\/cropped-PARAPESTANAWEB-1.jpg\",\"width\":512,\"height\":512,\"caption\":\"Sindicato Independiente de Docentes - SIDI\"},\"image\":{\"@id\":\"https:\/\/sidimurcia.org\/#\/schema\/logo\/image\/\"},\"sameAs\":[\"https:\/\/es-es.facebook.com\/sidi.sindicatodedocentes\",\"https:\/\/x.com\/SIDIMURCIA\",\"https:\/\/www.instagram.com\/sidi_murcia\/\",\"https:\/\/www.youtube.com\/channel\/UCwwdL3uFtDKJdbOfmC70wIQ\"]}]}<\/script>\n<!-- \/ Yoast SEO plugin. -->","yoast_head_json":{"title":"Acceso a c\u00e1tedras - SIDI","robots":{"index":"index","follow":"follow","max-snippet":"max-snippet:-1","max-image-preview":"max-image-preview:large","max-video-preview":"max-video-preview:-1"},"canonical":"https:\/\/sidimurcia.org\/index.php\/acceso-a-catedras\/","og_locale":"es_ES","og_type":"article","og_title":"Acceso a c\u00e1tedras - SIDI","og_description":"&nbsp; &nbsp; NOTICIAS ANTERIORES RELACIONADAS Orden 3\/10\/16 modifica la orden 26\/8\/11 de seleccionados en el Cuerpo de Catedr\u00e1ticos E. Secundaria ... Leer mas","og_url":"https:\/\/sidimurcia.org\/index.php\/acceso-a-catedras\/","og_site_name":"SIDI","article_publisher":"https:\/\/es-es.facebook.com\/sidi.sindicatodedocentes","article_modified_time":"2024-02-02T09:16:33+00:00","twitter_card":"summary_large_image","twitter_site":"@SIDIMURCIA","twitter_misc":{"Tiempo de lectura":"1 minuto"},"schema":{"@context":"https:\/\/schema.org","@graph":[{"@type":"WebPage","@id":"https:\/\/sidimurcia.org\/index.php\/acceso-a-catedras\/","url":"https:\/\/sidimurcia.org\/index.php\/acceso-a-catedras\/","name":"Acceso a c\u00e1tedras - SIDI","isPartOf":{"@id":"https:\/\/sidimurcia.org\/#website"},"datePublished":"2019-10-10T12:53:42+00:00","dateModified":"2024-02-02T09:16:33+00:00","breadcrumb":{"@id":"https:\/\/sidimurcia.org\/index.php\/acceso-a-catedras\/#breadcrumb"},"inLanguage":"es","potentialAction":[{"@type":"ReadAction","target":["https:\/\/sidimurcia.org\/index.php\/acceso-a-catedras\/"]}]},{"@type":"BreadcrumbList","@id":"https:\/\/sidimurcia.org\/index.php\/acceso-a-catedras\/#breadcrumb","itemListElement":[{"@type":"ListItem","position":1,"name":"Portada","item":"https:\/\/sidimurcia.org\/"},{"@type":"ListItem","position":2,"name":"Acceso a c\u00e1tedras"}]},{"@type":"WebSite","@id":"https:\/\/sidimurcia.org\/#website","url":"https:\/\/sidimurcia.org\/","name":"SIDI","description":"Sindicato Independiente de Docentes","publisher":{"@id":"https:\/\/sidimurcia.org\/#organization"},"potentialAction":[{"@type":"SearchAction","target":{"@type":"EntryPoint","urlTemplate":"https:\/\/sidimurcia.org\/?s={search_term_string}"},"query-input":{"@type":"PropertyValueSpecification","valueRequired":true,"valueName":"search_term_string"}}],"inLanguage":"es"},{"@type":"Organization","@id":"https:\/\/sidimurcia.org\/#organization","name":"Sindicato Independiente de Docentes - SIDI","url":"https:\/\/sidimurcia.org\/","logo":{"@type":"ImageObject","inLanguage":"es","@id":"https:\/\/sidimurcia.org\/#\/schema\/logo\/image\/","url":"https:\/\/sidimurcia.org\/wp-content\/uploads\/cropped-PARAPESTANAWEB-1.jpg","contentUrl":"https:\/\/sidimurcia.org\/wp-content\/uploads\/cropped-PARAPESTANAWEB-1.jpg","width":512,"height":512,"caption":"Sindicato Independiente de Docentes - SIDI"},"image":{"@id":"https:\/\/sidimurcia.org\/#\/schema\/logo\/image\/"},"sameAs":["https:\/\/es-es.facebook.com\/sidi.sindicatodedocentes","https:\/\/x.com\/SIDIMURCIA","https:\/\/www.instagram.com\/sidi_murcia\/","https:\/\/www.youtube.com\/channel\/UCwwdL3uFtDKJdbOfmC70wIQ"]}]}},"_links":{"self":[{"href":"https:\/\/sidimurcia.org\/index.php\/wp-json\/wp\/v2\/pages\/139","targetHints":{"allow":["GET"]}}],"collection":[{"href":"https:\/\/sidimurcia.org\/index.php\/wp-json\/wp\/v2\/pages"}],"about":[{"href":"https:\/\/sidimurcia.org\/index.php\/wp-json\/wp\/v2\/types\/page"}],"author":[{"embeddable":true,"href":"https:\/\/sidimurcia.org\/index.php\/wp-json\/wp\/v2\/users\/1"}],"replies":[{"embeddable":true,"href":"https:\/\/sidimurcia.org\/index.php\/wp-json\/wp\/v2\/comments?post=139"}],"version-history":[{"count":0,"href":"https:\/\/sidimurcia.org\/index.php\/wp-json\/wp\/v2\/pages\/139\/revisions"}],"wp:attachment":[{"href":"https:\/\/sidimurcia.org\/index.php\/wp-json\/wp\/v2\/media?parent=139"}],"curies":[{"name":"wp","href":"https:\/\/api.w.org\/{rel}","templated":true}]}}