{"id":143,"date":"2019-10-10T12:55:38","date_gmt":"2019-10-10T12:55:38","guid":{"rendered":"https:\/\/sidimurcia.org\/wp\/?page_id=143"},"modified":"2019-12-11T10:49:33","modified_gmt":"2019-12-11T10:49:33","slug":"readscripciones","status":"publish","type":"page","link":"https:\/\/sidimurcia.org\/index.php\/readscripciones\/","title":{"rendered":"Readscripciones"},"content":{"rendered":"<aside id=\"category-posts-10\" class=\"widget inner-padding cat-post-widget amr_widget\"><ul id=\"category-posts-10-internal\" class=\"category-posts-internal\">\n<li class='cat-post-item'><div><a class=\"cat-post-title\" href=\"https:\/\/sidimurcia.org\/index.php\/2021\/03\/03\/resolucion-definitiva-de-redistribucion-del-profesorado-entre-el-ies-politecnico-y-el-cifp-politecnico-de-cartagena\/\" rel=\"bookmark\">Resoluci\u00f3n DEFINITIVA de redistribuci\u00f3n del profesorado entre el IES Polit\u00e9cnico y el CIFP Polit\u00e9cnico de Cartagena.<\/a><\/div><\/li><li class='cat-post-item'><div><a class=\"cat-post-title\" href=\"https:\/\/sidimurcia.org\/index.php\/2021\/01\/08\/resolucion-provisional-de-redistribucion-del-profesorado-entre-el-ies-politecnico-y-el-cifp-politecnico-de-cartagena\/\" rel=\"bookmark\">Resoluci\u00f3n PROVISIONAL  de redistribuci\u00f3n del profesorado entre el IES Polit\u00e9cnico y el CIFP Polit\u00e9cnico de Cartagena.<\/a><\/div><\/li><li class='cat-post-item'><div><a class=\"cat-post-title\" href=\"https:\/\/sidimurcia.org\/index.php\/2020\/12\/16\/convocatoria-de-procedimiento-de-redistribucion-del-profesorado-entre-el-ies-politecnico-y-el-cifp-politecnico-de-cartagena\/\" rel=\"bookmark\">Convocatoria de procedimiento de redistribuci\u00f3n del profesorado entre el IES Polit\u00e9cnico y el CIFP Polit\u00e9cnico de Cartagena.<\/a><\/div><\/li><li class='cat-post-item'><div><a class=\"cat-post-title\" href=\"https:\/\/sidimurcia.org\/index.php\/2020\/06\/30\/resolucion-30-06-20-definitiva-del-proceso-de-readscripcion-del-cuerpo-de-maestros-curso-20-21\/\" rel=\"bookmark\">Resoluci\u00f3n 30\/06\/20 DEFINITIVA del proceso de Readscripci\u00f3n del Cuerpo de Maestros, curso 20\/21<\/a><\/div><\/li><\/ul>\n<\/aside>\n<p>&nbsp;<\/p>\n<table border=\"0\" width=\"100%\" cellspacing=\"0\" cellpadding=\"0\">\n<tbody>\n<tr>\n<td class=\"sectiontableheader\" width=\"45%\">\n<h3><strong>NOTICIAS ANTERIORES RELACIONADAS<\/strong><\/h3>\n<\/td>\n<\/tr>\n<tr>\n<td><a href=\"https:\/\/sidimurcia.org\/sd\/index2.php?option=com_content&#038;task=view&#038;id=13621&#038;Itemid=401\">Resoluci\u00f3n 18\/06\/19 DEFINITIVA del proceso de Readscripci\u00f3n del Cuerpo de Maestros. <\/a><\/td>\n<\/tr>\n<tr>\n<td><a href=\"https:\/\/sidimurcia.org\/sd\/index2.php?option=com_content&#038;task=view&#038;id=13585&#038;Itemid=401\"> Resoluci\u00f3n 11\/06\/19 PROVISIONAL del proceso de Readscripci\u00f3n del Cuerpo de Maestros. <\/a><\/td>\n<\/tr>\n<tr>\n<td><a href=\"https:\/\/sidimurcia.org\/sd\/index2.php?option=com_content&#038;task=view&#038;id=11209&#038;Itemid=401\"> Resoluci\u00f3n 23\/06\/2017 resuelve DEFINITIVAMENTE proceso de readscripci\u00f3n del cuerpo de maestros <\/a><\/td>\n<\/tr>\n<tr>\n<td><a href=\"https:\/\/sidimurcia.org\/sd\/index2.php?option=com_content&#038;task=view&#038;id=10039&#038;Itemid=401\"> Resoluci\u00f3n 13\/06\/16 resuelve provisionalmente el proceso de readscripci\u00f3n del Cuerpo de Maestros. <\/a><\/td>\n<\/tr>\n<tr>\n<td><a href=\"https:\/\/sidimurcia.org\/sd\/index2.php?option=com_content&#038;task=view&#038;id=8835&#038;Itemid=401\"> Relaci\u00f3n PROVISIONAL maestros desplazados CONFIRMADOS y CAMBIOS DE PERFIL 2015\/16 <\/a><\/td>\n<\/tr>\n<tr>\n<td><a href=\"https:\/\/sidimurcia.org\/sd\/index2.php?option=com_content&#038;task=view&#038;id=8833&#038;Itemid=401\"> Relaci\u00f3n DEFINITIVA de profesores que han solicitado confirmaci\u00f3n curso 15\/16. PRIMARIA Y SECUNDARIA <\/a><\/td>\n<\/tr>\n<tr>\n<td><a href=\"https:\/\/sidimurcia.org\/sd\/index2.php?option=com_content&#038;task=view&#038;id=8781&#038;Itemid=401\"> 30\/06\/2015. Resoluci\u00f3n DEFINITIVA del Proceso de Readscripci\u00f3n del Cuerpo de Maestros. <\/a><\/td>\n<\/tr>\n<tr>\n<td><a href=\"https:\/\/sidimurcia.org\/sd\/index2.php?option=com_content&#038;task=view&#038;id=5571&#038;Itemid=401\"> Relaci\u00f3n DEFINITIVA provisionales secundaria en mismo centro a\u00f1o anterior <\/a><\/td>\n<\/tr>\n<tr>\n<td><a href=\"https:\/\/sidimurcia.org\/sd\/index2.php?option=com_content&#038;task=view&#038;id=5553&#038;Itemid=401\"> Relaci\u00f3n de profesores de Secundaria NO CONFIRMADOS por no existir vacante para 2012\/13. <\/a><\/td>\n<\/tr>\n<tr>\n<td><a href=\"https:\/\/sidimurcia.org\/sd\/index2.php?option=com_content&#038;task=view&#038;id=5552&#038;Itemid=401\"> Profesores de SECUNDARIA CONFIRMADOS en los centros de 2011\/12 para el curso 2012\/13. <\/a><\/td>\n<\/tr>\n<tr>\n<td><a href=\"https:\/\/sidimurcia.org\/sd\/index2.php?option=com_content&#038;task=view&#038;id=5539&#038;Itemid=401\"> Lista Definitiva de Maestros Propietarios Provisionales Confirmados y No Confirmados. <\/a><\/td>\n<\/tr>\n<tr>\n<td><a href=\"https:\/\/sidimurcia.org\/sd\/index2.php?option=com_content&#038;task=view&#038;id=5506&#038;Itemid=401\"> Resoluci\u00f3n 13\/07\/2012 PROVISIONAL cambios perfil, confirmaciones centro, desplazados centro MAESTROS <\/a><\/td>\n<\/tr>\n<tr>\n<td><a href=\"https:\/\/sidimurcia.org\/sd\/index2.php?option=com_content&#038;task=view&#038;id=4777&#038;Itemid=401\"> Resoluci\u00f3n DEFINITIVA de Readscripci\u00f3n 2011 &#8211; Cuerpo de Maestros <\/a><\/td>\n<\/tr>\n<tr>\n<td><a href=\"https:\/\/sidimurcia.org\/sd\/index2.php?option=com_content&#038;task=view&#038;id=4775&#038;Itemid=401\"> Publicada la Resoluci\u00f3n PROVISIONAL de Readscripci\u00f3n 2011 &#8211; Cuerpo de Maestros . <\/a><\/td>\n<\/tr>\n<tr>\n<td><a href=\"https:\/\/sidimurcia.org\/sd\/index2.php?option=com_content&#038;task=view&#038;id=3852&#038;Itemid=401\"> Publicada la resoluci\u00f3n DEFINITIVA de Readscripci\u00f3n 2010 &#8211; Cuerpo de Maestros. <\/a><\/td>\n<\/tr>\n<tr>\n<td><a href=\"https:\/\/sidimurcia.org\/sd\/index2.php?option=com_content&#038;task=view&#038;id=3835&#038;Itemid=401\"> Resoluci\u00f3n PROVISIONAL de Readscripci\u00f3n 2010 &#8211; Cuerpo de Maestros <\/a><\/td>\n<\/tr>\n<tr>\n<td><a href=\"https:\/\/sidimurcia.org\/sd\/index2.php?option=com_content&#038;task=view&#038;id=2728&#038;Itemid=401\"> Publicada la resoluci\u00f3n DEFINITIVA de Readscripci\u00f3n 2009 &#8211; Cuerpo de Maestros. <\/a><\/td>\n<\/tr>\n<tr>\n<td><a href=\"https:\/\/sidimurcia.org\/sd\/index2.php?option=com_content&#038;task=view&#038;id=2716&#038;Itemid=401\"> Resoluci\u00f3n PROVISIONAL de Readscripci\u00f3n 2009 &#8211; Cuerpo de Maestros <\/a><\/td>\n<\/tr>\n<tr>\n<td><a href=\"https:\/\/sidimurcia.org\/sd\/index2.php?option=com_content&#038;task=view&#038;id=1901&#038;Itemid=401\"> Resoluci\u00f3n DEFINITIVA de Readscripci\u00f3n 2008 &#8211; Cuerpo de Maestros <\/a><\/td>\n<\/tr>\n<tr>\n<td><a href=\"https:\/\/sidimurcia.org\/sd\/index2.php?option=com_content&#038;task=view&#038;id=1340&#038;Itemid=401\"> Resoluci\u00f3n DEFINITVA de Readscripci\u00f3n 2007 &#8211; Cuerpo de Maestros <\/a><\/td>\n<\/tr>\n<tr>\n<td><a href=\"https:\/\/sidimurcia.org\/sd\/index2.php?option=com_content&#038;task=view&#038;id=1326&#038;Itemid=401\"> Resoluci\u00f3n PROVISIONAL de Readscripci\u00f3n 2007 &#8211; Cuerpo de Maestros <\/a><\/td>\n<\/tr>\n<\/tbody>\n<\/table>\n","protected":false},"excerpt":{"rendered":"<p>&nbsp; NOTICIAS ANTERIORES RELACIONADAS Resoluci\u00f3n 18\/06\/19 DEFINITIVA del proceso de Readscripci\u00f3n del Cuerpo de Maestros. Resoluci\u00f3n 11\/06\/19 PROVISIONAL del proceso &#8230; <a title=\"Resoluci\u00f3n 30\/06\/20 DEFINITIVA del proceso de Readscripci\u00f3n del Cuerpo de Maestros, curso 20\/21\" class=\"read-more\" href=\"https:\/\/sidimurcia.org\/index.php\/2020\/06\/30\/resolucion-30-06-20-definitiva-del-proceso-de-readscripcion-del-cuerpo-de-maestros-curso-20-21\/\" aria-label=\"Leer m\u00e1s sobre Resoluci\u00f3n 30\/06\/20 DEFINITIVA del proceso de Readscripci\u00f3n del Cuerpo de Maestros, curso 20\/21\">Leer mas<\/a><\/p>\n","protected":false},"author":1,"featured_media":0,"parent":0,"menu_order":0,"comment_status":"closed","ping_status":"closed","template":"","meta":{"footnotes":""},"class_list":["post-143","page","type-page","status-publish","hentry"],"yoast_head":"<!-- This site is optimized with the Yoast SEO plugin v27.2 - https:\/\/yoast.com\/product\/yoast-seo-wordpress\/ -->\n<title>Readscripciones - SIDI<\/title>\n<meta name=\"robots\" content=\"index, follow, max-snippet:-1, max-image-preview:large, max-video-preview:-1\" \/>\n<link rel=\"canonical\" href=\"https:\/\/sidimurcia.org\/index.php\/readscripciones\/\" \/>\n<meta property=\"og:locale\" content=\"es_ES\" \/>\n<meta property=\"og:type\" content=\"article\" \/>\n<meta property=\"og:title\" content=\"Readscripciones - SIDI\" \/>\n<meta property=\"og:description\" content=\"&nbsp; NOTICIAS ANTERIORES RELACIONADAS Resoluci\u00f3n 18\/06\/19 DEFINITIVA del proceso de Readscripci\u00f3n del Cuerpo de Maestros. Resoluci\u00f3n 11\/06\/19 PROVISIONAL del proceso ... Leer mas\" \/>\n<meta property=\"og:url\" content=\"https:\/\/sidimurcia.org\/index.php\/readscripciones\/\" \/>\n<meta property=\"og:site_name\" content=\"SIDI\" \/>\n<meta property=\"article:publisher\" content=\"https:\/\/es-es.facebook.com\/sidi.sindicatodedocentes\" \/>\n<meta property=\"article:modified_time\" content=\"2019-12-11T10:49:33+00:00\" \/>\n<meta name=\"twitter:card\" content=\"summary_large_image\" \/>\n<meta name=\"twitter:site\" content=\"@SIDIMURCIA\" \/>\n<meta name=\"twitter:label1\" content=\"Tiempo de lectura\" \/>\n\t<meta name=\"twitter:data1\" content=\"1 minuto\" \/>\n<script type=\"application\/ld+json\" class=\"yoast-schema-graph\">{\"@context\":\"https:\/\/schema.org\",\"@graph\":[{\"@type\":\"WebPage\",\"@id\":\"https:\/\/sidimurcia.org\/index.php\/readscripciones\/\",\"url\":\"https:\/\/sidimurcia.org\/index.php\/readscripciones\/\",\"name\":\"Readscripciones - SIDI\",\"isPartOf\":{\"@id\":\"https:\/\/sidimurcia.org\/#website\"},\"datePublished\":\"2019-10-10T12:55:38+00:00\",\"dateModified\":\"2019-12-11T10:49:33+00:00\",\"breadcrumb\":{\"@id\":\"https:\/\/sidimurcia.org\/index.php\/readscripciones\/#breadcrumb\"},\"inLanguage\":\"es\",\"potentialAction\":[{\"@type\":\"ReadAction\",\"target\":[\"https:\/\/sidimurcia.org\/index.php\/readscripciones\/\"]}]},{\"@type\":\"BreadcrumbList\",\"@id\":\"https:\/\/sidimurcia.org\/index.php\/readscripciones\/#breadcrumb\",\"itemListElement\":[{\"@type\":\"ListItem\",\"position\":1,\"name\":\"Portada\",\"item\":\"https:\/\/sidimurcia.org\/\"},{\"@type\":\"ListItem\",\"position\":2,\"name\":\"Readscripciones\"}]},{\"@type\":\"WebSite\",\"@id\":\"https:\/\/sidimurcia.org\/#website\",\"url\":\"https:\/\/sidimurcia.org\/\",\"name\":\"SIDI\",\"description\":\"Sindicato Independiente de Docentes\",\"publisher\":{\"@id\":\"https:\/\/sidimurcia.org\/#organization\"},\"potentialAction\":[{\"@type\":\"SearchAction\",\"target\":{\"@type\":\"EntryPoint\",\"urlTemplate\":\"https:\/\/sidimurcia.org\/?s={search_term_string}\"},\"query-input\":{\"@type\":\"PropertyValueSpecification\",\"valueRequired\":true,\"valueName\":\"search_term_string\"}}],\"inLanguage\":\"es\"},{\"@type\":\"Organization\",\"@id\":\"https:\/\/sidimurcia.org\/#organization\",\"name\":\"Sindicato Independiente de Docentes - SIDI\",\"url\":\"https:\/\/sidimurcia.org\/\",\"logo\":{\"@type\":\"ImageObject\",\"inLanguage\":\"es\",\"@id\":\"https:\/\/sidimurcia.org\/#\/schema\/logo\/image\/\",\"url\":\"https:\/\/sidimurcia.org\/wp-content\/uploads\/cropped-PARAPESTANAWEB-1.jpg\",\"contentUrl\":\"https:\/\/sidimurcia.org\/wp-content\/uploads\/cropped-PARAPESTANAWEB-1.jpg\",\"width\":512,\"height\":512,\"caption\":\"Sindicato Independiente de Docentes - SIDI\"},\"image\":{\"@id\":\"https:\/\/sidimurcia.org\/#\/schema\/logo\/image\/\"},\"sameAs\":[\"https:\/\/es-es.facebook.com\/sidi.sindicatodedocentes\",\"https:\/\/x.com\/SIDIMURCIA\",\"https:\/\/www.instagram.com\/sidi_murcia\/\",\"https:\/\/www.youtube.com\/channel\/UCwwdL3uFtDKJdbOfmC70wIQ\"]}]}<\/script>\n<!-- \/ Yoast SEO plugin. -->","yoast_head_json":{"title":"Readscripciones - SIDI","robots":{"index":"index","follow":"follow","max-snippet":"max-snippet:-1","max-image-preview":"max-image-preview:large","max-video-preview":"max-video-preview:-1"},"canonical":"https:\/\/sidimurcia.org\/index.php\/readscripciones\/","og_locale":"es_ES","og_type":"article","og_title":"Readscripciones - SIDI","og_description":"&nbsp; NOTICIAS ANTERIORES RELACIONADAS Resoluci\u00f3n 18\/06\/19 DEFINITIVA del proceso de Readscripci\u00f3n del Cuerpo de Maestros. Resoluci\u00f3n 11\/06\/19 PROVISIONAL del proceso ... Leer mas","og_url":"https:\/\/sidimurcia.org\/index.php\/readscripciones\/","og_site_name":"SIDI","article_publisher":"https:\/\/es-es.facebook.com\/sidi.sindicatodedocentes","article_modified_time":"2019-12-11T10:49:33+00:00","twitter_card":"summary_large_image","twitter_site":"@SIDIMURCIA","twitter_misc":{"Tiempo de lectura":"1 minuto"},"schema":{"@context":"https:\/\/schema.org","@graph":[{"@type":"WebPage","@id":"https:\/\/sidimurcia.org\/index.php\/readscripciones\/","url":"https:\/\/sidimurcia.org\/index.php\/readscripciones\/","name":"Readscripciones - SIDI","isPartOf":{"@id":"https:\/\/sidimurcia.org\/#website"},"datePublished":"2019-10-10T12:55:38+00:00","dateModified":"2019-12-11T10:49:33+00:00","breadcrumb":{"@id":"https:\/\/sidimurcia.org\/index.php\/readscripciones\/#breadcrumb"},"inLanguage":"es","potentialAction":[{"@type":"ReadAction","target":["https:\/\/sidimurcia.org\/index.php\/readscripciones\/"]}]},{"@type":"BreadcrumbList","@id":"https:\/\/sidimurcia.org\/index.php\/readscripciones\/#breadcrumb","itemListElement":[{"@type":"ListItem","position":1,"name":"Portada","item":"https:\/\/sidimurcia.org\/"},{"@type":"ListItem","position":2,"name":"Readscripciones"}]},{"@type":"WebSite","@id":"https:\/\/sidimurcia.org\/#website","url":"https:\/\/sidimurcia.org\/","name":"SIDI","description":"Sindicato Independiente de Docentes","publisher":{"@id":"https:\/\/sidimurcia.org\/#organization"},"potentialAction":[{"@type":"SearchAction","target":{"@type":"EntryPoint","urlTemplate":"https:\/\/sidimurcia.org\/?s={search_term_string}"},"query-input":{"@type":"PropertyValueSpecification","valueRequired":true,"valueName":"search_term_string"}}],"inLanguage":"es"},{"@type":"Organization","@id":"https:\/\/sidimurcia.org\/#organization","name":"Sindicato Independiente de Docentes - SIDI","url":"https:\/\/sidimurcia.org\/","logo":{"@type":"ImageObject","inLanguage":"es","@id":"https:\/\/sidimurcia.org\/#\/schema\/logo\/image\/","url":"https:\/\/sidimurcia.org\/wp-content\/uploads\/cropped-PARAPESTANAWEB-1.jpg","contentUrl":"https:\/\/sidimurcia.org\/wp-content\/uploads\/cropped-PARAPESTANAWEB-1.jpg","width":512,"height":512,"caption":"Sindicato Independiente de Docentes - SIDI"},"image":{"@id":"https:\/\/sidimurcia.org\/#\/schema\/logo\/image\/"},"sameAs":["https:\/\/es-es.facebook.com\/sidi.sindicatodedocentes","https:\/\/x.com\/SIDIMURCIA","https:\/\/www.instagram.com\/sidi_murcia\/","https:\/\/www.youtube.com\/channel\/UCwwdL3uFtDKJdbOfmC70wIQ"]}]}},"_links":{"self":[{"href":"https:\/\/sidimurcia.org\/index.php\/wp-json\/wp\/v2\/pages\/143","targetHints":{"allow":["GET"]}}],"collection":[{"href":"https:\/\/sidimurcia.org\/index.php\/wp-json\/wp\/v2\/pages"}],"about":[{"href":"https:\/\/sidimurcia.org\/index.php\/wp-json\/wp\/v2\/types\/page"}],"author":[{"embeddable":true,"href":"https:\/\/sidimurcia.org\/index.php\/wp-json\/wp\/v2\/users\/1"}],"replies":[{"embeddable":true,"href":"https:\/\/sidimurcia.org\/index.php\/wp-json\/wp\/v2\/comments?post=143"}],"version-history":[{"count":0,"href":"https:\/\/sidimurcia.org\/index.php\/wp-json\/wp\/v2\/pages\/143\/revisions"}],"wp:attachment":[{"href":"https:\/\/sidimurcia.org\/index.php\/wp-json\/wp\/v2\/media?parent=143"}],"curies":[{"name":"wp","href":"https:\/\/api.w.org\/{rel}","templated":true}]}}