{"id":158,"date":"2019-10-10T15:29:50","date_gmt":"2019-10-10T15:29:50","guid":{"rendered":"https:\/\/sidimurcia.org\/wp\/?page_id=158"},"modified":"2021-10-20T09:29:59","modified_gmt":"2021-10-20T09:29:59","slug":"valoracion-nuevo-acuerdo-de-interinos-y-comparativa-con-el-sistema-anterior","status":"publish","type":"page","link":"https:\/\/sidimurcia.org\/index.php\/valoracion-nuevo-acuerdo-de-interinos-y-comparativa-con-el-sistema-anterior\/","title":{"rendered":"Valoraci\u00f3n nuevo acuerdo de interinos y comparativa con el sistema anterior"},"content":{"rendered":"<table>\n<tbody>\n<tr>\n<td colspan=\"2\" valign=\"top\">\n<h3><span style=\"color: #993366;\">NUEVO ACUERDO DE INTERINOS. <span style=\"text-decoration: underline;\">EN VIGOR DESDE EL 1 DE SEPTIEMBRE DE 2021<\/span><\/span><\/h3>\n<ul>\n<li>15-06-2021 <a href=\"https:\/\/sidimurcia.org\/index.php\/2021\/06\/15\/resolucion-de-3-de-junio-de-2021-que-publica-en-el-borm-acuerdo-sobre-personal-docente-interino\/\">Resoluci\u00f3n de 3 de junio de 2021 que publica en el BORM Acuerdo sobre personal docente interino<\/a><\/li>\n<\/ul>\n<p>&nbsp;<\/p>\n<hr \/>\n<h3><span style=\"color: #993366;\">ACUERDO <span style=\"text-decoration: underline;\">ANTERIOR<\/span>. ESTUVO VIGENTE DESDE 2016 HASTA EL 31 DE AGOSTO 2021<\/span><\/h3>\n<div align=\"justify\">\n<ul>\n<li><a href=\"https:\/\/sidimurcia.org\/images\/stories\/interinos\/nota_info_valoracion_sidi_nuevo_acuerdo_interinos_22_2_2016.pdf\">VALORACI\u00d3N SIDI NUEVO ACUERDO DE INTERINOS<\/a><\/li>\n<li><a href=\"https:\/\/www.borm.es\/borm\/documento?obj=anu&amp;id=744079\" target=\"_self\" rel=\"noopener noreferrer\">Resoluci\u00f3n de 11 de marzo de 2016 por la que se dispone la publicaci\u00f3n en el Bolet\u00edn Oficial de la Regi\u00f3n de Murcia del acuerdo sobre personal docente interino.<\/a><\/li>\n<li>Os recordamos que este acuerdo se aplica a las especialidades que a partir de ahora se vayan convocando a oposici\u00f3n. Si una especialidad no es convocada, la actual lista queda inalterada. OPOSICIONES 2018, 2019 y 2021.<\/li>\n<li><strong><a href=\"https:\/\/sidimurcia.org\/images\/stories\/interinos\/comunicado_conjunto_acuerdo_interinos_19_2_2016.doc\" target=\"_self\" rel=\"noopener noreferrer\">DOCUMENTO COMUNICADO CONJUNTO ORGANIZACIONES SINDICALES<\/a><\/strong><\/li>\n<\/ul>\n<p><a href=\"https:\/\/sidimurcia.org\/images\/stories\/interinos\/explica_acuerdo_2.jpg\" target=\"_self\" rel=\"noopener noreferrer\"><img loading=\"lazy\" decoding=\"async\" class=\"aligncenter\" src=\"https:\/\/sidimurcia.org\/images\/stories\/interinos\/explica_acuerdo_1.jpg\" width=\"593\" height=\"928\" border=\"0\" hspace=\"0\" vspace=\"0\" \/><\/a><img loading=\"lazy\" decoding=\"async\" class=\"aligncenter\" src=\"https:\/\/sidimurcia.org\/images\/stories\/interinos\/explica_acuerdo_2.jpg\" width=\"562\" height=\"831\" border=\"0\" hspace=\"0\" vspace=\"0\" \/><\/p>\n<\/div>\n<\/td>\n<\/tr>\n<\/tbody>\n<\/table>\n<div class=\"back_button\" style=\"text-align: center;\"><\/div>\n","protected":false},"excerpt":{"rendered":"<p>NUEVO ACUERDO DE INTERINOS. EN VIGOR DESDE EL 1 DE SEPTIEMBRE DE 2021 15-06-2021 Resoluci\u00f3n de 3 de junio de &#8230; <a title=\"Valoraci\u00f3n nuevo acuerdo de interinos y comparativa con el sistema anterior\" class=\"read-more\" href=\"https:\/\/sidimurcia.org\/index.php\/valoracion-nuevo-acuerdo-de-interinos-y-comparativa-con-el-sistema-anterior\/\" aria-label=\"Leer m\u00e1s sobre Valoraci\u00f3n nuevo acuerdo de interinos y comparativa con el sistema anterior\">Leer mas<\/a><\/p>\n","protected":false},"author":1,"featured_media":0,"parent":0,"menu_order":0,"comment_status":"closed","ping_status":"closed","template":"","meta":{"footnotes":""},"class_list":["post-158","page","type-page","status-publish"],"yoast_head":"<!-- This site is optimized with the Yoast SEO plugin v27.2 - https:\/\/yoast.com\/product\/yoast-seo-wordpress\/ -->\n<title>Valoraci\u00f3n nuevo acuerdo de interinos y comparativa con el sistema anterior - SIDI<\/title>\n<meta name=\"robots\" content=\"index, follow, max-snippet:-1, max-image-preview:large, max-video-preview:-1\" \/>\n<link rel=\"canonical\" href=\"https:\/\/sidimurcia.org\/index.php\/valoracion-nuevo-acuerdo-de-interinos-y-comparativa-con-el-sistema-anterior\/\" \/>\n<meta property=\"og:locale\" content=\"es_ES\" \/>\n<meta property=\"og:type\" content=\"article\" \/>\n<meta property=\"og:title\" content=\"Valoraci\u00f3n nuevo acuerdo de interinos y comparativa con el sistema anterior - SIDI\" \/>\n<meta property=\"og:description\" content=\"NUEVO ACUERDO DE INTERINOS. EN VIGOR DESDE EL 1 DE SEPTIEMBRE DE 2021 15-06-2021 Resoluci\u00f3n de 3 de junio de ... Leer mas\" \/>\n<meta property=\"og:url\" content=\"https:\/\/sidimurcia.org\/index.php\/valoracion-nuevo-acuerdo-de-interinos-y-comparativa-con-el-sistema-anterior\/\" \/>\n<meta property=\"og:site_name\" content=\"SIDI\" \/>\n<meta property=\"article:publisher\" content=\"https:\/\/es-es.facebook.com\/sidi.sindicatodedocentes\" \/>\n<meta property=\"article:modified_time\" content=\"2021-10-20T09:29:59+00:00\" \/>\n<meta property=\"og:image\" content=\"https:\/\/sidimurcia.org\/images\/stories\/interinos\/explica_acuerdo_1.jpg\" \/>\n<meta name=\"twitter:card\" content=\"summary_large_image\" \/>\n<meta name=\"twitter:site\" content=\"@SIDIMURCIA\" \/>\n<meta name=\"twitter:label1\" content=\"Tiempo de lectura\" \/>\n\t<meta name=\"twitter:data1\" content=\"1 minuto\" \/>\n<script type=\"application\/ld+json\" class=\"yoast-schema-graph\">{\"@context\":\"https:\/\/schema.org\",\"@graph\":[{\"@type\":\"WebPage\",\"@id\":\"https:\/\/sidimurcia.org\/index.php\/valoracion-nuevo-acuerdo-de-interinos-y-comparativa-con-el-sistema-anterior\/\",\"url\":\"https:\/\/sidimurcia.org\/index.php\/valoracion-nuevo-acuerdo-de-interinos-y-comparativa-con-el-sistema-anterior\/\",\"name\":\"Valoraci\u00f3n nuevo acuerdo de interinos y comparativa con el sistema anterior - SIDI\",\"isPartOf\":{\"@id\":\"https:\/\/sidimurcia.org\/#website\"},\"primaryImageOfPage\":{\"@id\":\"https:\/\/sidimurcia.org\/index.php\/valoracion-nuevo-acuerdo-de-interinos-y-comparativa-con-el-sistema-anterior\/#primaryimage\"},\"image\":{\"@id\":\"https:\/\/sidimurcia.org\/index.php\/valoracion-nuevo-acuerdo-de-interinos-y-comparativa-con-el-sistema-anterior\/#primaryimage\"},\"thumbnailUrl\":\"https:\/\/sidimurcia.org\/images\/stories\/interinos\/explica_acuerdo_1.jpg\",\"datePublished\":\"2019-10-10T15:29:50+00:00\",\"dateModified\":\"2021-10-20T09:29:59+00:00\",\"breadcrumb\":{\"@id\":\"https:\/\/sidimurcia.org\/index.php\/valoracion-nuevo-acuerdo-de-interinos-y-comparativa-con-el-sistema-anterior\/#breadcrumb\"},\"inLanguage\":\"es\",\"potentialAction\":[{\"@type\":\"ReadAction\",\"target\":[\"https:\/\/sidimurcia.org\/index.php\/valoracion-nuevo-acuerdo-de-interinos-y-comparativa-con-el-sistema-anterior\/\"]}]},{\"@type\":\"ImageObject\",\"inLanguage\":\"es\",\"@id\":\"https:\/\/sidimurcia.org\/index.php\/valoracion-nuevo-acuerdo-de-interinos-y-comparativa-con-el-sistema-anterior\/#primaryimage\",\"url\":\"https:\/\/sidimurcia.org\/images\/stories\/interinos\/explica_acuerdo_1.jpg\",\"contentUrl\":\"https:\/\/sidimurcia.org\/images\/stories\/interinos\/explica_acuerdo_1.jpg\"},{\"@type\":\"BreadcrumbList\",\"@id\":\"https:\/\/sidimurcia.org\/index.php\/valoracion-nuevo-acuerdo-de-interinos-y-comparativa-con-el-sistema-anterior\/#breadcrumb\",\"itemListElement\":[{\"@type\":\"ListItem\",\"position\":1,\"name\":\"Portada\",\"item\":\"https:\/\/sidimurcia.org\/\"},{\"@type\":\"ListItem\",\"position\":2,\"name\":\"Valoraci\u00f3n nuevo acuerdo de interinos y comparativa con el sistema anterior\"}]},{\"@type\":\"WebSite\",\"@id\":\"https:\/\/sidimurcia.org\/#website\",\"url\":\"https:\/\/sidimurcia.org\/\",\"name\":\"SIDI\",\"description\":\"Sindicato Independiente de Docentes\",\"publisher\":{\"@id\":\"https:\/\/sidimurcia.org\/#organization\"},\"potentialAction\":[{\"@type\":\"SearchAction\",\"target\":{\"@type\":\"EntryPoint\",\"urlTemplate\":\"https:\/\/sidimurcia.org\/?s={search_term_string}\"},\"query-input\":{\"@type\":\"PropertyValueSpecification\",\"valueRequired\":true,\"valueName\":\"search_term_string\"}}],\"inLanguage\":\"es\"},{\"@type\":\"Organization\",\"@id\":\"https:\/\/sidimurcia.org\/#organization\",\"name\":\"Sindicato Independiente de Docentes - SIDI\",\"url\":\"https:\/\/sidimurcia.org\/\",\"logo\":{\"@type\":\"ImageObject\",\"inLanguage\":\"es\",\"@id\":\"https:\/\/sidimurcia.org\/#\/schema\/logo\/image\/\",\"url\":\"https:\/\/sidimurcia.org\/wp-content\/uploads\/cropped-PARAPESTANAWEB-1.jpg\",\"contentUrl\":\"https:\/\/sidimurcia.org\/wp-content\/uploads\/cropped-PARAPESTANAWEB-1.jpg\",\"width\":512,\"height\":512,\"caption\":\"Sindicato Independiente de Docentes - SIDI\"},\"image\":{\"@id\":\"https:\/\/sidimurcia.org\/#\/schema\/logo\/image\/\"},\"sameAs\":[\"https:\/\/es-es.facebook.com\/sidi.sindicatodedocentes\",\"https:\/\/x.com\/SIDIMURCIA\",\"https:\/\/www.instagram.com\/sidi_murcia\/\",\"https:\/\/www.youtube.com\/channel\/UCwwdL3uFtDKJdbOfmC70wIQ\"]}]}<\/script>\n<!-- \/ Yoast SEO plugin. -->","yoast_head_json":{"title":"Valoraci\u00f3n nuevo acuerdo de interinos y comparativa con el sistema anterior - SIDI","robots":{"index":"index","follow":"follow","max-snippet":"max-snippet:-1","max-image-preview":"max-image-preview:large","max-video-preview":"max-video-preview:-1"},"canonical":"https:\/\/sidimurcia.org\/index.php\/valoracion-nuevo-acuerdo-de-interinos-y-comparativa-con-el-sistema-anterior\/","og_locale":"es_ES","og_type":"article","og_title":"Valoraci\u00f3n nuevo acuerdo de interinos y comparativa con el sistema anterior - SIDI","og_description":"NUEVO ACUERDO DE INTERINOS. EN VIGOR DESDE EL 1 DE SEPTIEMBRE DE 2021 15-06-2021 Resoluci\u00f3n de 3 de junio de ... Leer mas","og_url":"https:\/\/sidimurcia.org\/index.php\/valoracion-nuevo-acuerdo-de-interinos-y-comparativa-con-el-sistema-anterior\/","og_site_name":"SIDI","article_publisher":"https:\/\/es-es.facebook.com\/sidi.sindicatodedocentes","article_modified_time":"2021-10-20T09:29:59+00:00","og_image":[{"url":"https:\/\/sidimurcia.org\/images\/stories\/interinos\/explica_acuerdo_1.jpg","type":"","width":"","height":""}],"twitter_card":"summary_large_image","twitter_site":"@SIDIMURCIA","twitter_misc":{"Tiempo de lectura":"1 minuto"},"schema":{"@context":"https:\/\/schema.org","@graph":[{"@type":"WebPage","@id":"https:\/\/sidimurcia.org\/index.php\/valoracion-nuevo-acuerdo-de-interinos-y-comparativa-con-el-sistema-anterior\/","url":"https:\/\/sidimurcia.org\/index.php\/valoracion-nuevo-acuerdo-de-interinos-y-comparativa-con-el-sistema-anterior\/","name":"Valoraci\u00f3n nuevo acuerdo de interinos y comparativa con el sistema anterior - SIDI","isPartOf":{"@id":"https:\/\/sidimurcia.org\/#website"},"primaryImageOfPage":{"@id":"https:\/\/sidimurcia.org\/index.php\/valoracion-nuevo-acuerdo-de-interinos-y-comparativa-con-el-sistema-anterior\/#primaryimage"},"image":{"@id":"https:\/\/sidimurcia.org\/index.php\/valoracion-nuevo-acuerdo-de-interinos-y-comparativa-con-el-sistema-anterior\/#primaryimage"},"thumbnailUrl":"https:\/\/sidimurcia.org\/images\/stories\/interinos\/explica_acuerdo_1.jpg","datePublished":"2019-10-10T15:29:50+00:00","dateModified":"2021-10-20T09:29:59+00:00","breadcrumb":{"@id":"https:\/\/sidimurcia.org\/index.php\/valoracion-nuevo-acuerdo-de-interinos-y-comparativa-con-el-sistema-anterior\/#breadcrumb"},"inLanguage":"es","potentialAction":[{"@type":"ReadAction","target":["https:\/\/sidimurcia.org\/index.php\/valoracion-nuevo-acuerdo-de-interinos-y-comparativa-con-el-sistema-anterior\/"]}]},{"@type":"ImageObject","inLanguage":"es","@id":"https:\/\/sidimurcia.org\/index.php\/valoracion-nuevo-acuerdo-de-interinos-y-comparativa-con-el-sistema-anterior\/#primaryimage","url":"https:\/\/sidimurcia.org\/images\/stories\/interinos\/explica_acuerdo_1.jpg","contentUrl":"https:\/\/sidimurcia.org\/images\/stories\/interinos\/explica_acuerdo_1.jpg"},{"@type":"BreadcrumbList","@id":"https:\/\/sidimurcia.org\/index.php\/valoracion-nuevo-acuerdo-de-interinos-y-comparativa-con-el-sistema-anterior\/#breadcrumb","itemListElement":[{"@type":"ListItem","position":1,"name":"Portada","item":"https:\/\/sidimurcia.org\/"},{"@type":"ListItem","position":2,"name":"Valoraci\u00f3n nuevo acuerdo de interinos y comparativa con el sistema anterior"}]},{"@type":"WebSite","@id":"https:\/\/sidimurcia.org\/#website","url":"https:\/\/sidimurcia.org\/","name":"SIDI","description":"Sindicato Independiente de Docentes","publisher":{"@id":"https:\/\/sidimurcia.org\/#organization"},"potentialAction":[{"@type":"SearchAction","target":{"@type":"EntryPoint","urlTemplate":"https:\/\/sidimurcia.org\/?s={search_term_string}"},"query-input":{"@type":"PropertyValueSpecification","valueRequired":true,"valueName":"search_term_string"}}],"inLanguage":"es"},{"@type":"Organization","@id":"https:\/\/sidimurcia.org\/#organization","name":"Sindicato Independiente de Docentes - SIDI","url":"https:\/\/sidimurcia.org\/","logo":{"@type":"ImageObject","inLanguage":"es","@id":"https:\/\/sidimurcia.org\/#\/schema\/logo\/image\/","url":"https:\/\/sidimurcia.org\/wp-content\/uploads\/cropped-PARAPESTANAWEB-1.jpg","contentUrl":"https:\/\/sidimurcia.org\/wp-content\/uploads\/cropped-PARAPESTANAWEB-1.jpg","width":512,"height":512,"caption":"Sindicato Independiente de Docentes - SIDI"},"image":{"@id":"https:\/\/sidimurcia.org\/#\/schema\/logo\/image\/"},"sameAs":["https:\/\/es-es.facebook.com\/sidi.sindicatodedocentes","https:\/\/x.com\/SIDIMURCIA","https:\/\/www.instagram.com\/sidi_murcia\/","https:\/\/www.youtube.com\/channel\/UCwwdL3uFtDKJdbOfmC70wIQ"]}]}},"_links":{"self":[{"href":"https:\/\/sidimurcia.org\/index.php\/wp-json\/wp\/v2\/pages\/158","targetHints":{"allow":["GET"]}}],"collection":[{"href":"https:\/\/sidimurcia.org\/index.php\/wp-json\/wp\/v2\/pages"}],"about":[{"href":"https:\/\/sidimurcia.org\/index.php\/wp-json\/wp\/v2\/types\/page"}],"author":[{"embeddable":true,"href":"https:\/\/sidimurcia.org\/index.php\/wp-json\/wp\/v2\/users\/1"}],"replies":[{"embeddable":true,"href":"https:\/\/sidimurcia.org\/index.php\/wp-json\/wp\/v2\/comments?post=158"}],"version-history":[{"count":0,"href":"https:\/\/sidimurcia.org\/index.php\/wp-json\/wp\/v2\/pages\/158\/revisions"}],"wp:attachment":[{"href":"https:\/\/sidimurcia.org\/index.php\/wp-json\/wp\/v2\/media?parent=158"}],"curies":[{"name":"wp","href":"https:\/\/api.w.org\/{rel}","templated":true}]}}