{"id":171,"date":"2019-10-10T15:38:19","date_gmt":"2019-10-10T15:38:19","guid":{"rendered":"https:\/\/sidimurcia.org\/wp\/?page_id=171"},"modified":"2020-11-03T09:14:47","modified_gmt":"2020-11-03T09:14:47","slug":"impresos-de-recogida-de-datos-para-los-actos-de-adjudicacion-telematicos","status":"publish","type":"page","link":"https:\/\/sidimurcia.org\/index.php\/impresos-de-recogida-de-datos-para-los-actos-de-adjudicacion-telematicos\/","title":{"rendered":"Actos de Adjudicaci\u00f3n Telem\u00e1ticos: Temporalizaci\u00f3n e Impresos de recogida de datos"},"content":{"rendered":"<div align=\"justify\">\n<p><span style=\"color: #800080;\"><strong>ACTOS DE ADJUDICACI\u00d3N<\/strong><\/span><\/p>\n<ul>\n<li>ACTOS DE ADJUDICACI\u00d3N TELEM\u00c1TICOS: <strong><a href=\"http:\/\/www.carm.es\/web\/pagina?IDCONTENIDO=3911&amp;IDTIPO=100&amp;RASTRO=c798$m\" target=\"_blank\" rel=\"noopener noreferrer\">TODA LA INFORMACI\u00d3N PUBLICADA SOBRE LOS ACTOS DE ADJUDICACI\u00d3N de TODOS LOS CUERPOS<\/a><\/strong><\/li>\n<li><a href=\"http:\/\/servicios.educarm.es\/templates\/portal\/ficheros\/websDinamicas\/72\/2011-06-15GuaRpidaAdjudicacinTelemticaSemanalv30.pdf\" target=\"_self\" rel=\"noopener noreferrer\">GU\u00cdA R\u00c1PIDA DE ADJUDICACI\u00d3N TELEM\u00c1TICA SEMANAL<\/a><\/li>\n<li><a href=\"http:\/\/servicios.educarm.es\/templates\/portal\/ficheros\/websDinamicas\/72\/boton.png\" target=\"_self\" rel=\"noopener noreferrer\">INSTRUCCIONES INSTANCIA PRIMARIA<\/a><\/li>\n<li><a href=\"http:\/\/www.educarm.es\/templates\/portal\/ficheros\/websDinamicas\/72\/Manual%20Usuario-%20Publicacion%20Incidencias%20Vacantes-.pdf\" target=\"_self\" rel=\"noopener noreferrer\"><strong>MANUAL DE USUARIO DE \u00abINCIDENCIAS VACANTES ADJUDICACIONES\u00bb<\/strong><\/a><\/li>\n<li><strong>CESES DE INTERINOS\/AS: el director del centro ha de cesar al interino en dos aplicaciones: 1) Plumier y 2) EDUCARM ceses y plazas para la adjudicaci\u00f3n telem\u00e1tica.<\/strong><\/li>\n<\/ul>\n<p>En este manual se muestra la forma de operar con la nueva aplicaci\u00f3n Educarm\u00a0<strong>\u00abIncidencias Vacantes Adjudicaciones\u00bb<\/strong>. Esta aplicaci\u00f3n est\u00e1 destinada a que los Directores de cada centro educativo puedan conocer las vacantes de su propio centro que se ofertan en el pr\u00f3ximo acto de adjudicaci\u00f3n telem\u00e1tico semanal. Adem\u00e1s, durante un plazo de tiempo establecido por el Servicio de Personal Docente (SPD), van a poder realizar sugerencias y propuestas sobre las vacantes, as\u00ed como solicitar la inclusi\u00f3n de otras nuevas.<\/p>\n<p><span style=\"color: #800080;\"><strong>CRONOGRAMA DEL SERVICIO DE PERSONAL DOCENTE RELATIVA A LOS ACTOS DE ADJUDICACI\u00d3N SEMANALES<\/strong><\/span><\/p>\n<ul>\n<li>El calendario y cronograma de trabajo semanal, para la realizaci\u00f3n de los actos de adjudicaci\u00f3n de destinos para el profesorado interino de todos los cuerpos docentes durante el curso actual, es el siguiente:<\/li>\n<\/ul>\n<table border=\"1\" cellspacing=\"0\" cellpadding=\"0\">\n<tbody>\n<tr>\n<td>Lunes<\/td>\n<td>14:30\u00a0\u00a0\u00a0 Env\u00edo de vacantes a centros.<\/td>\n<\/tr>\n<tr>\n<td>Martes<\/td>\n<td>10:00 Fin del plazo de recepci\u00f3n de incidencias de los Centros a trav\u00e9s de la aplicaci\u00f3n ADTELE.<\/p>\n<p>15.00 Apertura del acto de adjudicaci\u00f3n. Inicio de peticiones<\/td>\n<\/tr>\n<tr>\n<td>Mi\u00e9rcoles<\/td>\n<td valign=\"top\">09:00\u00a0\u00a0\u00a0 Publicaci\u00f3n de incidencias de adjudicatarios.<\/p>\n<p>11:00\u00a0\u00a0\u00a0 Cierre de plazo de peticiones.<\/p>\n<p>12:00 \u00a0\u00a0\u00a0Publicaci\u00f3n listado provisional de adjudicatarios con plaza.<\/p>\n<p>15:00\u00a0\u00a0\u00a0 Publicaci\u00f3n de listados definitivos del acto de adjudicaci\u00f3n.<\/td>\n<\/tr>\n<tr>\n<td>Jueves<\/td>\n<td valign=\"top\">Inicio del per\u00edodo de incorporaci\u00f3n de adjudicatarios a centros (del jueves a martes de la semana siguiente).<\/td>\n<\/tr>\n<\/tbody>\n<\/table>\n<p>La gesti\u00f3n de un acto de adjudicaci\u00f3n para la cobertura de vacantes de sustituci\u00f3n es un proceso complejo que requiere la conjunci\u00f3n secuencial de m\u00faltiples acciones:<\/p>\n<ul>\n<li>\u00a0Solicitud, tramitaci\u00f3n de bajas de IT por los centros mediante la aplicaci\u00f3n e_bajas, comunicaci\u00f3n de licencias al Servicio de Personal, validaci\u00f3n y carga en el sistema de las licencias solicitadas por el profesorado (bajas por IT, reducciones de jornada, permisos varios\u2026).<\/li>\n<li>Comprobaci\u00f3n por parte de los equipos directivos de las vacantes ofertadas o de la ausencia de las mismas, y posterior comunicaci\u00f3n de incidencias mediante la aplicaci\u00f3n de ADTELE.<\/li>\n<li>Revisi\u00f3n de todos los correos remitidos por los centros al buz\u00f3n <a href=\"mailto:spd_primaria@murciaeduca.es\">spd_primaria@murciaeduca.es<\/a> \u00a0\u00f3 \u00a0<a href=\"mailto:spd_secundaria@murciaeduca.es\">spd_secundaria@murciaeduca.es<\/a> \u00a0(suelen ser varios cientos). Por tanto, se ruega minimizar el uso del correo para este fin, y <strong><u>comunicar siempre las incidencias mediante la aplicaci\u00f3n de ADTELE<\/u><\/strong>. No se aceptan comunicaciones de nuevas vacantes con posterioridad a las 10h del martes.<\/li>\n<li>A partir de ese momento (10h) se inicia el trabajo interno consistente en:<\/li>\n<\/ul>\n<ul>\n<li>\n<ul>\n<li>Revisi\u00f3n de propuestas e incidencias comunicadas mediante el aplicativo y los buzones de correo (hasta las 10h).<\/li>\n<li>Carga de datos en el aplicativo de adjudicaci\u00f3n, revisi\u00f3n de vacantes, especificaci\u00f3n de especialidades y requisitos, etc.<\/li>\n<li>Convocatoria de un n\u00famero suficiente de adjudicatarios de las diferentes listas de interinidad. Fijar n\u00fameros de corte en cada lista.<\/li>\n<li>Apertura del acto de adjudicaci\u00f3n para los adjudicatarios (desde las 15h del martes a las 11h de mi\u00e9rcoles).<\/li>\n<li>Atenci\u00f3n de las incidencias planteadas por los adjudicatarios mediante los buzones de correo de: \u00a0<a href=\"mailto:adtele.primaria@murciaeduca.es\">adtele.primaria@murciaeduca.es<\/a> o <a href=\"mailto:adtele.secundaria@murciaeduca.es\">adtele.secundaria@murciaeduca.es<\/a>, seg\u00fan proceda. Y publicaci\u00f3n de incidencias para que los adjudicatarios puedan corregir errores en sus instancias.<\/li>\n<li>Una vez finalizado el plazo de petici\u00f3n (11h) se inicia una fase de trabajo interno de comprobaci\u00f3n y ejecuci\u00f3n del programa, que en ocasiones puede llevar varias horas, hasta obtener un primer listado provisional v\u00e1lido.<\/li>\n<li>Atenci\u00f3n de incidencias a la publicaci\u00f3n provisional, comunicadas por los centros, organizaciones sindicales y los propios adjudicatarios.<\/li>\n<li>Generaci\u00f3n de los resultados definitivos y publicaci\u00f3n de los mismos.<\/li>\n<li>Incorporaci\u00f3n de los adjudicatarios a los centros los d\u00edas indicados para cada vacante (jueves, viernes o lunes de la semana siguiente).<\/li>\n<\/ul>\n<\/li>\n<\/ul>\n<p>Es muy importante que tanto adjudicatarios como equipos directivos cumplan con rigor los horarios establecidos. El incumplimiento del mismo genera graves problemas para el personal responsable, que trabaja con un alto grado de estr\u00e9s durante la ejecuci\u00f3n de la adjudicaci\u00f3n para poder seguir el cronograma.<\/p>\n<p>Es obligaci\u00f3n de los directivos de los centros procurar cumplir con rigor este proceso,\u00a0para garantizar que las vacantes de los centros sean cubiertas con la mayor premura posible.<\/p>\n<p>&nbsp;<\/p>\n<p><span style=\"color: #800080;\"><strong>PROFESORADO (INTERINO O FUNCIONARIO DE OTRA COMUNIDAD) QUE TRABAJA EN LA REGI\u00d3N POR PRIMERA VEZ &#8211; HA DE PRESENTAR LA CARPETILLAS DE RECOGIDA DE DOCUMENTACI\u00d3N PARA ALTA EN N\u00d3MINA.<\/strong><\/span><\/p>\n<p><strong>HE OBTENIDO DESTINO COMO INTERIN@ POR PRIMERA VEZ, \u00bfY AHORA QU\u00c9?<\/strong><br \/>\nDebes ir a www.educarm.es con tu usuario y contrase\u00f1a.<br \/>\nEntra en la pesta\u00f1a DATOS PERSONALES y encontrar\u00e1s una serie de documentos que debes descargar, cumplimentar y volver a subir. Estos documentos se conocen como \u00abcarpetilla para alta en n\u00f3minas\u00bb y se rellenan la primera vez que obtienes destino (las siguientes ocasiones ya no es necesario).<br \/>\nEn el Modelo I o II (seg\u00fan corresponda) debes poner:<\/p>\n<p>\u27a1\ufe0f &#8230; a efectos de la toma de posesi\u00f3n en el puesto con denominaci\u00f3n : DOCENTE INTERINO<br \/>\n\u27a1\ufe0f y c\u00f3digo (*el correspondiente a cuerpo y especialidad *)<br \/>\n\u27a1\ufe0f en la Consejeria \/ Organismo: CONSEJER\u00cdA DE EDUCACI\u00d3N Y CULTURA<\/p>\n<ul>\n<li><span style=\"color: #800080;\"><strong>LA CARPETILLA SE DEBE PRESENTAR DE LA SIGUIENTE FORMA:<\/strong><\/span><\/li>\n<\/ul>\n<p style=\"padding-left: 80px;\">Los\u00a0 funcionarios\u00a0 interinos\u00a0 que\u00a0 trabajen\u00a0 por\u00a0 primera\u00a0 vez\u00a0 en\u00a0 esta\u00a0 Comunidad Aut\u00f3noma, en la zona privada que cada docente dispone en Educarm, deber\u00e1n\u00a0 cumplimentar\u00a0 los datos personales en el apartado \u00abModificar datos personales\u00bb y adjuntar los documentos que se le indican en dicho apartado.<\/p>\n<p style=\"padding-left: 80px;\">Para ello, entra en educarm con tu usuario y contrase\u00f1a y pulsa en <img loading=\"lazy\" decoding=\"async\" class=\"alignnone size-full wp-image-2285\" src=\"https:\/\/sidimurcia.org\/wp-content\/uploads\/2020\/01\/ModificarDatosPersonales.png\" alt=\"\" width=\"226\" height=\"48\" \/><\/p>\n<p style=\"padding-left: 80px;\">Posteriormente, en la parte inferior de esa nueva ventana, se encuentran los documentos en pdf que debes<\/p>\n<ol>\n<li style=\"list-style-type: none;\">\n<ol>\n<li style=\"list-style-type: none;\">\n<ol>\n<li style=\"list-style-type: none;\">\n<ol>\n<li>Descargar<\/li>\n<li>Imprimir<\/li>\n<li>Rellenar y Firmar<\/li>\n<li>Escanear<\/li>\n<li>Adjuntar a la plataforma pulsando en Gestionar Documentos.<\/li>\n<\/ol>\n<\/li>\n<\/ol>\n<\/li>\n<\/ol>\n<\/li>\n<\/ol>\n<p style=\"padding-left: 80px;\">Sigue las Instrucciones que se indican en tu pdf de instrucciones correspondiente.<\/p>\n<p>&nbsp;<\/p>\n<p style=\"padding-left: 80px;\"><img loading=\"lazy\" decoding=\"async\" class=\"alignnone size-full wp-image-2286\" src=\"https:\/\/sidimurcia.org\/wp-content\/uploads\/2020\/01\/EnviarDatosCarpetilla.png\" alt=\"\" width=\"931\" height=\"297\" srcset=\"https:\/\/sidimurcia.org\/wp-content\/uploads\/2020\/01\/EnviarDatosCarpetilla.png 931w, https:\/\/sidimurcia.org\/wp-content\/uploads\/2020\/01\/EnviarDatosCarpetilla-300x96.png 300w, https:\/\/sidimurcia.org\/wp-content\/uploads\/2020\/01\/EnviarDatosCarpetilla-768x245.png 768w\" sizes=\"auto, (max-width: 931px) 100vw, 931px\" \/><\/p>\n<p style=\"padding-left: 80px;\">Recuerda rellenar tus datos personales en esa misma p\u00e1gina y a\u00f1adir tu n\u00famero de cuenta bancaria en el campo \u00abC\u00f3digo IBAN\u00bb.<\/p>\n<ul>\n<li>Por si os fuera necesario, os dejamos aqu\u00ed el impreso para solicitar la Compatibilidad en el caso de estar desempe\u00f1ando otra actividad privada compatible con el puesto adjudicado.<\/li>\n<li style=\"list-style-type: none;\">\n<ul style=\"list-style-type: circle;\">\n<li><strong>SOLICITUD DE COMPATIBILDIAD &#8212;&#8212;&gt;<\/strong><strong> \u00a0<\/strong><strong><a href=\"http:\/\/servicios.educarm.es\/templates\/portal\/ficheros\/websDinamicas\/72\/20032-solcomp.pdf\" target=\"_self\" rel=\"noopener noreferrer\">DESCARGAR MODELO<\/a><\/strong><\/li>\n<\/ul>\n<\/li>\n<\/ul>\n<\/div>\n<ul>\n<li>Emails de contacto con la Consejer\u00eda referentes a esta informaci\u00f3n:<\/li>\n<\/ul>\n<ul>\n<li style=\"list-style-type: none;\">\n<ul style=\"list-style-type: circle;\">\n<li><a href=\"mailto:spd_secundaria@murciaeduca.es\">spd_secundaria@murciaeduca.es<\/a><\/li>\n<\/ul>\n<\/li>\n<\/ul>\n<ul>\n<li style=\"list-style-type: none;\">\n<ul style=\"list-style-type: circle;\">\n<li><a href=\"mailto:spd_primaria@murciaeduca.es\">spd_primaria@murciaeduca.es<\/a><\/li>\n<\/ul>\n<\/li>\n<\/ul>\n<p><span style=\"color: #800080;\"><strong>DESCARGA DE CARPETILLA (m\u00e9todo anterior)<br \/>\n<\/strong><\/span><\/p>\n<div>\n<div align=\"justify\">\n<ul>\n<li><strong>DOCENTES INTERINOS \u2014\u2014\u2014\u2013&gt;<\/strong> <a href=\"http:\/\/servicios.educarm.es\/templates\/portal\/ficheros\/websDinamicas\/72\/CarpetillaInterinos_8.zip\" target=\"_self\" rel=\"noopener noreferrer\"><strong>DESCARGAR MODELOS<\/strong><\/a><a href=\"http:\/\/www.educarm.es\/templates\/portal\/ficheros\/websDinamicas\/72\/FUNCIONARIOSINTERINOS.rar\"><br \/>\n<\/a><\/li>\n<li><a href=\"http:\/\/www.educarm.es\/templates\/portal\/ficheros\/websDinamicas\/72\/FUNCIONARIOSINTERINOS.rar\"><strong>FUNCIONARIOS EN PR\u00c1CTICAS<br \/>\nY COMISIONES DE SERVICIO \u2014\u2014\u2014&gt;<\/strong> <\/a><a href=\"http:\/\/servicios.educarm.es\/templates\/portal\/ficheros\/websDinamicas\/72\/pdfcarpetillafuncionarios.zip\" target=\"_self\" rel=\"noopener noreferrer\"><strong>DESCARGAR MODELOS<\/strong><br \/>\n<\/a><a href=\"http:\/\/www.educarm.es\/templates\/portal\/ficheros\/websDinamicas\/72\/FUNCIONARIOSINTERINOS.rar\"><strong>DE FUERA DE LA REGI\u00d3N<br \/>\n<\/strong><\/a><\/li>\n<\/ul>\n<\/div>\n<p style=\"text-align: justify;\">\n<\/div>\n","protected":false},"excerpt":{"rendered":"<p>ACTOS DE ADJUDICACI\u00d3N ACTOS DE ADJUDICACI\u00d3N TELEM\u00c1TICOS: TODA LA INFORMACI\u00d3N PUBLICADA SOBRE LOS ACTOS DE ADJUDICACI\u00d3N de TODOS LOS CUERPOS &#8230; <a title=\"Actos de Adjudicaci\u00f3n Telem\u00e1ticos: Temporalizaci\u00f3n e Impresos de recogida de datos\" class=\"read-more\" href=\"https:\/\/sidimurcia.org\/index.php\/impresos-de-recogida-de-datos-para-los-actos-de-adjudicacion-telematicos\/\" aria-label=\"Leer m\u00e1s sobre Actos de Adjudicaci\u00f3n Telem\u00e1ticos: Temporalizaci\u00f3n e Impresos de recogida de datos\">Leer mas<\/a><\/p>\n","protected":false},"author":1,"featured_media":0,"parent":0,"menu_order":0,"comment_status":"closed","ping_status":"closed","template":"","meta":{"footnotes":""},"class_list":["post-171","page","type-page","status-publish"],"yoast_head":"<!-- This site is optimized with the Yoast SEO plugin v27.2 - https:\/\/yoast.com\/product\/yoast-seo-wordpress\/ -->\n<title>Actos de Adjudicaci\u00f3n Telem\u00e1ticos: Temporalizaci\u00f3n e Impresos de recogida de datos - SIDI<\/title>\n<meta name=\"robots\" content=\"index, follow, max-snippet:-1, max-image-preview:large, max-video-preview:-1\" \/>\n<link rel=\"canonical\" href=\"https:\/\/sidimurcia.org\/index.php\/impresos-de-recogida-de-datos-para-los-actos-de-adjudicacion-telematicos\/\" \/>\n<meta property=\"og:locale\" content=\"es_ES\" \/>\n<meta property=\"og:type\" content=\"article\" \/>\n<meta property=\"og:title\" content=\"Actos de Adjudicaci\u00f3n Telem\u00e1ticos: Temporalizaci\u00f3n e Impresos de recogida de datos - SIDI\" \/>\n<meta property=\"og:description\" content=\"ACTOS DE ADJUDICACI\u00d3N ACTOS DE ADJUDICACI\u00d3N TELEM\u00c1TICOS: TODA LA INFORMACI\u00d3N PUBLICADA SOBRE LOS ACTOS DE ADJUDICACI\u00d3N de TODOS LOS CUERPOS ... Leer mas\" \/>\n<meta property=\"og:url\" content=\"https:\/\/sidimurcia.org\/index.php\/impresos-de-recogida-de-datos-para-los-actos-de-adjudicacion-telematicos\/\" \/>\n<meta property=\"og:site_name\" content=\"SIDI\" \/>\n<meta property=\"article:publisher\" content=\"https:\/\/es-es.facebook.com\/sidi.sindicatodedocentes\" \/>\n<meta property=\"article:modified_time\" content=\"2020-11-03T09:14:47+00:00\" \/>\n<meta property=\"og:image\" content=\"https:\/\/sidimurcia.org\/wp-content\/uploads\/2020\/01\/ModificarDatosPersonales.png\" \/>\n<meta name=\"twitter:card\" content=\"summary_large_image\" \/>\n<meta name=\"twitter:site\" content=\"@SIDIMURCIA\" \/>\n<meta name=\"twitter:label1\" content=\"Tiempo de lectura\" \/>\n\t<meta name=\"twitter:data1\" content=\"6 minutos\" \/>\n<script type=\"application\/ld+json\" class=\"yoast-schema-graph\">{\"@context\":\"https:\/\/schema.org\",\"@graph\":[{\"@type\":\"WebPage\",\"@id\":\"https:\/\/sidimurcia.org\/index.php\/impresos-de-recogida-de-datos-para-los-actos-de-adjudicacion-telematicos\/\",\"url\":\"https:\/\/sidimurcia.org\/index.php\/impresos-de-recogida-de-datos-para-los-actos-de-adjudicacion-telematicos\/\",\"name\":\"Actos de Adjudicaci\u00f3n Telem\u00e1ticos: Temporalizaci\u00f3n e Impresos de recogida de datos - SIDI\",\"isPartOf\":{\"@id\":\"https:\/\/sidimurcia.org\/#website\"},\"primaryImageOfPage\":{\"@id\":\"https:\/\/sidimurcia.org\/index.php\/impresos-de-recogida-de-datos-para-los-actos-de-adjudicacion-telematicos\/#primaryimage\"},\"image\":{\"@id\":\"https:\/\/sidimurcia.org\/index.php\/impresos-de-recogida-de-datos-para-los-actos-de-adjudicacion-telematicos\/#primaryimage\"},\"thumbnailUrl\":\"https:\/\/sidimurcia.org\/wp-content\/uploads\/2020\/01\/ModificarDatosPersonales.png\",\"datePublished\":\"2019-10-10T15:38:19+00:00\",\"dateModified\":\"2020-11-03T09:14:47+00:00\",\"breadcrumb\":{\"@id\":\"https:\/\/sidimurcia.org\/index.php\/impresos-de-recogida-de-datos-para-los-actos-de-adjudicacion-telematicos\/#breadcrumb\"},\"inLanguage\":\"es\",\"potentialAction\":[{\"@type\":\"ReadAction\",\"target\":[\"https:\/\/sidimurcia.org\/index.php\/impresos-de-recogida-de-datos-para-los-actos-de-adjudicacion-telematicos\/\"]}]},{\"@type\":\"ImageObject\",\"inLanguage\":\"es\",\"@id\":\"https:\/\/sidimurcia.org\/index.php\/impresos-de-recogida-de-datos-para-los-actos-de-adjudicacion-telematicos\/#primaryimage\",\"url\":\"https:\/\/sidimurcia.org\/wp-content\/uploads\/2020\/01\/ModificarDatosPersonales.png\",\"contentUrl\":\"https:\/\/sidimurcia.org\/wp-content\/uploads\/2020\/01\/ModificarDatosPersonales.png\",\"width\":226,\"height\":48},{\"@type\":\"BreadcrumbList\",\"@id\":\"https:\/\/sidimurcia.org\/index.php\/impresos-de-recogida-de-datos-para-los-actos-de-adjudicacion-telematicos\/#breadcrumb\",\"itemListElement\":[{\"@type\":\"ListItem\",\"position\":1,\"name\":\"Portada\",\"item\":\"https:\/\/sidimurcia.org\/\"},{\"@type\":\"ListItem\",\"position\":2,\"name\":\"Actos de Adjudicaci\u00f3n Telem\u00e1ticos: Temporalizaci\u00f3n e Impresos de recogida de datos\"}]},{\"@type\":\"WebSite\",\"@id\":\"https:\/\/sidimurcia.org\/#website\",\"url\":\"https:\/\/sidimurcia.org\/\",\"name\":\"SIDI\",\"description\":\"Sindicato Independiente de Docentes\",\"publisher\":{\"@id\":\"https:\/\/sidimurcia.org\/#organization\"},\"potentialAction\":[{\"@type\":\"SearchAction\",\"target\":{\"@type\":\"EntryPoint\",\"urlTemplate\":\"https:\/\/sidimurcia.org\/?s={search_term_string}\"},\"query-input\":{\"@type\":\"PropertyValueSpecification\",\"valueRequired\":true,\"valueName\":\"search_term_string\"}}],\"inLanguage\":\"es\"},{\"@type\":\"Organization\",\"@id\":\"https:\/\/sidimurcia.org\/#organization\",\"name\":\"Sindicato Independiente de Docentes - SIDI\",\"url\":\"https:\/\/sidimurcia.org\/\",\"logo\":{\"@type\":\"ImageObject\",\"inLanguage\":\"es\",\"@id\":\"https:\/\/sidimurcia.org\/#\/schema\/logo\/image\/\",\"url\":\"https:\/\/sidimurcia.org\/wp-content\/uploads\/cropped-PARAPESTANAWEB-1.jpg\",\"contentUrl\":\"https:\/\/sidimurcia.org\/wp-content\/uploads\/cropped-PARAPESTANAWEB-1.jpg\",\"width\":512,\"height\":512,\"caption\":\"Sindicato Independiente de Docentes - SIDI\"},\"image\":{\"@id\":\"https:\/\/sidimurcia.org\/#\/schema\/logo\/image\/\"},\"sameAs\":[\"https:\/\/es-es.facebook.com\/sidi.sindicatodedocentes\",\"https:\/\/x.com\/SIDIMURCIA\",\"https:\/\/www.instagram.com\/sidi_murcia\/\",\"https:\/\/www.youtube.com\/channel\/UCwwdL3uFtDKJdbOfmC70wIQ\"]}]}<\/script>\n<!-- \/ Yoast SEO plugin. -->","yoast_head_json":{"title":"Actos de Adjudicaci\u00f3n Telem\u00e1ticos: Temporalizaci\u00f3n e Impresos de recogida de datos - SIDI","robots":{"index":"index","follow":"follow","max-snippet":"max-snippet:-1","max-image-preview":"max-image-preview:large","max-video-preview":"max-video-preview:-1"},"canonical":"https:\/\/sidimurcia.org\/index.php\/impresos-de-recogida-de-datos-para-los-actos-de-adjudicacion-telematicos\/","og_locale":"es_ES","og_type":"article","og_title":"Actos de Adjudicaci\u00f3n Telem\u00e1ticos: Temporalizaci\u00f3n e Impresos de recogida de datos - SIDI","og_description":"ACTOS DE ADJUDICACI\u00d3N ACTOS DE ADJUDICACI\u00d3N TELEM\u00c1TICOS: TODA LA INFORMACI\u00d3N PUBLICADA SOBRE LOS ACTOS DE ADJUDICACI\u00d3N de TODOS LOS CUERPOS ... Leer mas","og_url":"https:\/\/sidimurcia.org\/index.php\/impresos-de-recogida-de-datos-para-los-actos-de-adjudicacion-telematicos\/","og_site_name":"SIDI","article_publisher":"https:\/\/es-es.facebook.com\/sidi.sindicatodedocentes","article_modified_time":"2020-11-03T09:14:47+00:00","og_image":[{"url":"https:\/\/sidimurcia.org\/wp-content\/uploads\/2020\/01\/ModificarDatosPersonales.png","type":"","width":"","height":""}],"twitter_card":"summary_large_image","twitter_site":"@SIDIMURCIA","twitter_misc":{"Tiempo de lectura":"6 minutos"},"schema":{"@context":"https:\/\/schema.org","@graph":[{"@type":"WebPage","@id":"https:\/\/sidimurcia.org\/index.php\/impresos-de-recogida-de-datos-para-los-actos-de-adjudicacion-telematicos\/","url":"https:\/\/sidimurcia.org\/index.php\/impresos-de-recogida-de-datos-para-los-actos-de-adjudicacion-telematicos\/","name":"Actos de Adjudicaci\u00f3n Telem\u00e1ticos: Temporalizaci\u00f3n e Impresos de recogida de datos - SIDI","isPartOf":{"@id":"https:\/\/sidimurcia.org\/#website"},"primaryImageOfPage":{"@id":"https:\/\/sidimurcia.org\/index.php\/impresos-de-recogida-de-datos-para-los-actos-de-adjudicacion-telematicos\/#primaryimage"},"image":{"@id":"https:\/\/sidimurcia.org\/index.php\/impresos-de-recogida-de-datos-para-los-actos-de-adjudicacion-telematicos\/#primaryimage"},"thumbnailUrl":"https:\/\/sidimurcia.org\/wp-content\/uploads\/2020\/01\/ModificarDatosPersonales.png","datePublished":"2019-10-10T15:38:19+00:00","dateModified":"2020-11-03T09:14:47+00:00","breadcrumb":{"@id":"https:\/\/sidimurcia.org\/index.php\/impresos-de-recogida-de-datos-para-los-actos-de-adjudicacion-telematicos\/#breadcrumb"},"inLanguage":"es","potentialAction":[{"@type":"ReadAction","target":["https:\/\/sidimurcia.org\/index.php\/impresos-de-recogida-de-datos-para-los-actos-de-adjudicacion-telematicos\/"]}]},{"@type":"ImageObject","inLanguage":"es","@id":"https:\/\/sidimurcia.org\/index.php\/impresos-de-recogida-de-datos-para-los-actos-de-adjudicacion-telematicos\/#primaryimage","url":"https:\/\/sidimurcia.org\/wp-content\/uploads\/2020\/01\/ModificarDatosPersonales.png","contentUrl":"https:\/\/sidimurcia.org\/wp-content\/uploads\/2020\/01\/ModificarDatosPersonales.png","width":226,"height":48},{"@type":"BreadcrumbList","@id":"https:\/\/sidimurcia.org\/index.php\/impresos-de-recogida-de-datos-para-los-actos-de-adjudicacion-telematicos\/#breadcrumb","itemListElement":[{"@type":"ListItem","position":1,"name":"Portada","item":"https:\/\/sidimurcia.org\/"},{"@type":"ListItem","position":2,"name":"Actos de Adjudicaci\u00f3n Telem\u00e1ticos: Temporalizaci\u00f3n e Impresos de recogida de datos"}]},{"@type":"WebSite","@id":"https:\/\/sidimurcia.org\/#website","url":"https:\/\/sidimurcia.org\/","name":"SIDI","description":"Sindicato Independiente de Docentes","publisher":{"@id":"https:\/\/sidimurcia.org\/#organization"},"potentialAction":[{"@type":"SearchAction","target":{"@type":"EntryPoint","urlTemplate":"https:\/\/sidimurcia.org\/?s={search_term_string}"},"query-input":{"@type":"PropertyValueSpecification","valueRequired":true,"valueName":"search_term_string"}}],"inLanguage":"es"},{"@type":"Organization","@id":"https:\/\/sidimurcia.org\/#organization","name":"Sindicato Independiente de Docentes - SIDI","url":"https:\/\/sidimurcia.org\/","logo":{"@type":"ImageObject","inLanguage":"es","@id":"https:\/\/sidimurcia.org\/#\/schema\/logo\/image\/","url":"https:\/\/sidimurcia.org\/wp-content\/uploads\/cropped-PARAPESTANAWEB-1.jpg","contentUrl":"https:\/\/sidimurcia.org\/wp-content\/uploads\/cropped-PARAPESTANAWEB-1.jpg","width":512,"height":512,"caption":"Sindicato Independiente de Docentes - SIDI"},"image":{"@id":"https:\/\/sidimurcia.org\/#\/schema\/logo\/image\/"},"sameAs":["https:\/\/es-es.facebook.com\/sidi.sindicatodedocentes","https:\/\/x.com\/SIDIMURCIA","https:\/\/www.instagram.com\/sidi_murcia\/","https:\/\/www.youtube.com\/channel\/UCwwdL3uFtDKJdbOfmC70wIQ"]}]}},"_links":{"self":[{"href":"https:\/\/sidimurcia.org\/index.php\/wp-json\/wp\/v2\/pages\/171","targetHints":{"allow":["GET"]}}],"collection":[{"href":"https:\/\/sidimurcia.org\/index.php\/wp-json\/wp\/v2\/pages"}],"about":[{"href":"https:\/\/sidimurcia.org\/index.php\/wp-json\/wp\/v2\/types\/page"}],"author":[{"embeddable":true,"href":"https:\/\/sidimurcia.org\/index.php\/wp-json\/wp\/v2\/users\/1"}],"replies":[{"embeddable":true,"href":"https:\/\/sidimurcia.org\/index.php\/wp-json\/wp\/v2\/comments?post=171"}],"version-history":[{"count":0,"href":"https:\/\/sidimurcia.org\/index.php\/wp-json\/wp\/v2\/pages\/171\/revisions"}],"wp:attachment":[{"href":"https:\/\/sidimurcia.org\/index.php\/wp-json\/wp\/v2\/media?parent=171"}],"curies":[{"name":"wp","href":"https:\/\/api.w.org\/{rel}","templated":true}]}}