{"id":17138,"date":"2023-05-23T12:46:57","date_gmt":"2023-05-23T12:46:57","guid":{"rendered":"https:\/\/sidimurcia.org\/?page_id=17138"},"modified":"2023-05-23T17:21:09","modified_gmt":"2023-05-23T17:21:09","slug":"aviso-legal","status":"publish","type":"page","link":"https:\/\/sidimurcia.org\/index.php\/aviso-legal\/","title":{"rendered":"AVISO LEGAL"},"content":{"rendered":"<p><span style=\"font-family: arial, helvetica, sans-serif;\">Por favor, lea todos los apartados del presente Aviso Legal antes de utilizar este sitio web. Las siguientes condiciones son vinculantes para cualquier usuario del mismo.<\/span><\/p>\n<p><span style=\"font-family: arial, helvetica, sans-serif;\">En cumplimiento con el deber de informaci\u00f3n dispuesto en la Ley 34\/2002 de Servicios de la Sociedad de la Informaci\u00f3n y el Comercio Electr\u00f3nico (LSSI-CE) de 11 de julio, se facilitan a continuaci\u00f3n los siguientes datos de informaci\u00f3n general de este sitio web.<\/span><\/p>\n<p><span style=\"font-family: arial, helvetica, sans-serif;\">La raz\u00f3n de este texto es explicarle de manera detallada las funcionalidades de esta web y aportarle aquella informaci\u00f3n relacionada con el titular de la web y la finalidad de los contenidos incluidos en ella.<\/span><\/p>\n<h2><span style=\"font-family: arial, helvetica, sans-serif; color: #ffcc00;\">DATOS IDENTIFICACI\u00d3N<\/span><\/h2>\n<p><span style=\"font-family: arial, helvetica, sans-serif;\">El presente Aviso Legal regula el uso del servicio del sitio web inform\u00e1ndole en cumplimiento de la Ley 34\/2002, de 11 de julio, de Servicios de la Sociedad de la Informaci\u00f3n y de Comercio Electr\u00f3nico, de los siguientes extremos:<\/span><\/p>\n<p><span style=\"font-family: arial, helvetica, sans-serif;\"><strong>Nombre de la entidad:<\/strong> Sindicato Independiente de Docentes (SIDI)<\/span><\/p>\n<p><span style=\"font-family: arial, helvetica, sans-serif;\"><strong>Direcci\u00f3n:<\/strong> C\/ Vinader N\u00ba1 Entlo. Izq, 30004, Murcia<br \/>\n<\/span><\/p>\n<p><span style=\"font-family: arial, helvetica, sans-serif;\"><strong>Correo Electr\u00f3nico:<\/strong> informacionsidi@sidimurcia.org<\/span><\/p>\n<p><span style=\"font-family: arial, helvetica, sans-serif;\"><strong>Tel\u00e9fono de contacto:<\/strong> 654 35 86 04<br \/>\n<\/span><\/p>\n<p><span style=\"font-family: arial, helvetica, sans-serif;\"><strong>CIF:<\/strong> G73213829<\/span><\/p>\n<p><span style=\"font-family: arial, helvetica, sans-serif;\"><strong>Datos de la inscripci\u00f3n en el Registro de Asociaciones:<\/strong><\/span><\/p>\n<ul>\n<li><span style=\"font-family: arial, helvetica, sans-serif;\">Inscrita en el Dep\u00f3sito de Estatutos de Organizaciones Sindicales y Empresariales<\/span><\/li>\n<li><span style=\"font-family: arial, helvetica, sans-serif;\">N\u00famero de deposito 99005631<\/span><\/li>\n<li><span style=\"font-family: arial, helvetica, sans-serif;\">Fecha 11\/11\/2002<strong><br \/>\n<\/strong><\/span><\/li>\n<\/ul>\n<h2><span style=\"font-family: arial, helvetica, sans-serif; color: #ffcc00;\">USO DEL SITIO WEB Y OBLIGACIONES DE LOS USUARIOS.<\/span><\/h2>\n<p><span style=\"font-family: arial, helvetica, sans-serif;\">El usuario se compromete a utilizar el sitio web, el contenido y servicios, sin contravenir la legislaci\u00f3n vigente, los usos generalmente aceptados y el orden p\u00fablico. Queda prohibido el uso del sitio web con fines il\u00edcitos o lesivos contra Sindicato Independiente de Docentes (SIDI) o un tercero, que, de cualquier forma, puedan causar perjuicio o impedir el normal uso del sitio web.<\/span><\/p>\n<p><span style=\"font-family: arial, helvetica, sans-serif;\">Sindicato Independiente de Docentes (SIDI) garantiza que los contenidos y servicios que ofrece el portal respetan el principio de dignidad de la persona, de protecci\u00f3n de la juventud y la infancia, de no-discriminaci\u00f3n por motivos de raza, sexo, religi\u00f3n, opini\u00f3n, nacionalidad, discapacidad o cualquier otro aspecto personal y social.<\/span><\/p>\n<p><span style=\"font-family: arial, helvetica, sans-serif;\">Las presentes Condiciones Generales de Uso del sitio web no confieren al usuario ning\u00fan otro derecho de uso, alteraci\u00f3n, explotaci\u00f3n, reproducci\u00f3n, distribuci\u00f3n o comunicaci\u00f3n p\u00fablica de los contenidos del sitio web distintos de los aqu\u00ed expresamente previstos.<\/span><\/p>\n<p><span style=\"font-family: arial, helvetica, sans-serif;\">Los contenidos (informaci\u00f3n, archivos de sonido y\/o imagen, fotograf\u00edas, dise\u00f1os, etc.) recogidos en el portal, son propiedad de Sindicato Independiente de Docentes (SIDI) o la misma se encuentra debidamente autorizada para su difusi\u00f3n por sus leg\u00edtimos titulares.<\/span><\/p>\n<p><span style=\"font-family: arial, helvetica, sans-serif;\">Sindicato Independiente de Docentes (SIDI) se compromete a no realizar publicidad enga\u00f1osa y por tanto, queda prohibido:<\/span><\/p>\n<ul>\n<li><span style=\"font-family: arial, helvetica, sans-serif;\">El uso para todo tipo de fines comerciales o publicitarios, distintos de los estrictamente permitidos.<\/span><\/li>\n<li><span style=\"font-family: arial, helvetica, sans-serif;\">Su reproducci\u00f3n, publicaci\u00f3n, distribuci\u00f3n o modificaci\u00f3n, total o parcial a menos que se cuente con la autorizaci\u00f3n previa y por escrito de sus leg\u00edtimos titulares o resulte legalmente permitido.<\/span><\/li>\n<li><span style=\"font-family: arial, helvetica, sans-serif;\">Cualquier vulneraci\u00f3n de los derechos de Sindicato Independiente de Docentes (SIDI) o de sus leg\u00edtimos titulares sobre los mismos.<\/span><\/li>\n<\/ul>\n<h2><span style=\"font-family: arial, helvetica, sans-serif; color: #ffcc00;\">PROPIEDAD INTELECTUAL E INDUSTRIAL<\/span><\/h2>\n<p><span style=\"font-family: arial, helvetica, sans-serif;\">El usuario reconoce y acepta que todos los derechos de propiedad industrial e intelectual sobre los contenidos y\/o cualesquiera otros elementos insertados en el sitio web pertenecen a Sindicato Independiente de Docentes (SIDI) o la misma se encuentra debidamente autorizada para su difusi\u00f3n en el presente website.<\/span><\/p>\n<p><span style=\"font-family: arial, helvetica, sans-serif;\">En el caso de que un usuario o un tercero consideren que se ha producido una violaci\u00f3n de sus leg\u00edtimos derechos de propiedad intelectual por la introducci\u00f3n de un determinado contenido en el website, deber\u00e1 notificar dicha circunstancia a Sindicato Independiente de Docentes (SIDI) indicando:<\/span><\/p>\n<ul>\n<li><span style=\"font-family: arial, helvetica, sans-serif;\">Datos del titular de los derechos presuntamente infringidos, o indicar la representaci\u00f3n con la que act\u00faa en caso de que la reclamaci\u00f3n la presente un tercero distinto del interesado.<\/span><\/li>\n<li><span style=\"font-family: arial, helvetica, sans-serif;\">Se\u00f1alar los contenidos protegidos por los derechos de propiedad intelectual y su ubicaci\u00f3n en el Web, la acreditaci\u00f3n de los derechos de propiedad intelectual se\u00f1alados y declaraci\u00f3n expresa en la que el interesado se responsabiliza de la veracidad de las informaciones facilitadas en la notificaci\u00f3n.<\/span><\/li>\n<\/ul>\n<h2><span style=\"font-family: arial, helvetica, sans-serif; color: #ffcc00;\">ENLACES<\/span><\/h2>\n<p><span style=\"font-family: arial, helvetica, sans-serif;\">El presente sitio web proporciona enlaces a otros sitios web propios y contenidos que son propiedad de terceros.<\/span><\/p>\n<p><span style=\"font-family: arial, helvetica, sans-serif;\">El \u00fanico objeto de los enlaces es proporcionar al usuario la posibilidad de acceder a dichos enlaces. Sindicato Independiente de Docentes (SIDI) no se responsabiliza en ning\u00fan caso de los resultados que puedan derivarse al usuario por el acceso a dichos enlaces.<\/span><\/p>\n<p><span style=\"font-family: arial, helvetica, sans-serif;\">El usuario que se proponga establecer cualquier dispositivo t\u00e9cnico de enlace desde su sitio web al portal deber\u00e1 obtener la autorizaci\u00f3n previa y escrita de Sindicato Independiente de Docentes (SIDI). El establecimiento del enlace no implica en ning\u00fan caso la existencia de relaciones entre Sindicato Independiente de Docentes (SIDI) y el propietario del sitio en el que se establezca el enlace, ni la aceptaci\u00f3n o aprobaci\u00f3n por parte de Sindicato Independiente de Docentes (SIDI) de sus contenidos o servicios.<\/span><\/p>\n<p><span style=\"font-family: arial, helvetica, sans-serif;\">El sitio web en el que se establezca el enlace no contendr\u00e1 ninguna marca, denominaci\u00f3n, logotipo, eslogan u otros signos distintivos pertenecientes a Sindicato Independiente de Docentes (SIDI), salvo los expresamente autorizados.<\/span><\/p>\n<h2><span style=\"font-family: arial, helvetica, sans-serif; color: #ffcc00;\">MODIFICACI\u00d3N UNILATERAL Y DURACI\u00d3N<\/span><\/h2>\n<p><span style=\"font-family: arial, helvetica, sans-serif;\">Sindicato Independiente de Docentes (SIDI) se reserva el derecho de modificar, en cualquier momento y sin necesidad de previo aviso, la presentaci\u00f3n y configuraci\u00f3n del sitio web as\u00ed como el presente Aviso Legal.<\/span><\/p>\n<h2><span style=\"font-family: arial, helvetica, sans-serif; color: #ffcc00;\">EXCLUSI\u00d3N DE GARANT\u00cdAS Y RESPONSABILIDAD<\/span><\/h2>\n<p><span style=\"font-family: arial, helvetica, sans-serif;\">Sindicato Independiente de Docentes (SIDI) no otorga ninguna garant\u00eda ni se hace responsable, en ning\u00fan caso, de los da\u00f1os y perjuicios de cualquier naturaleza que pudieran acarrear a causa de:<\/span><\/p>\n<ul>\n<li><span style=\"font-family: arial, helvetica, sans-serif;\">La falta disponibilidad, mantenimiento y efectivo funcionamiento del Web y\/o de sus servicios o contenidos.<\/span><\/li>\n<li><span style=\"font-family: arial, helvetica, sans-serif;\">La existencia de virus, programas maliciosos o lesivos en los contenidos.<\/span><\/li>\n<li><span style=\"font-family: arial, helvetica, sans-serif;\">El uso il\u00edcito, negligente, fraudulento, contrario a las presentes condiciones, a la buena fe, a los usos generalmente aceptados o al orden p\u00fablico, del sitio Web, sus servicios o contenidos, por parte de los usuarios.<\/span><\/li>\n<\/ul>\n<h2><span style=\"font-family: arial, helvetica, sans-serif; color: #ffcc00;\">TRATAMIENTO DE DATOS PERSONALES<\/span><\/h2>\n<p><span style=\"font-family: arial, helvetica, sans-serif;\">Sindicato Independiente de Docentes (SIDI) tal y como recoge en su \u201cPOL\u00cdTICA DE PRIVACIDAD\u201d que puede consultar en este sitio web, ha adoptado los niveles de seguridad adecuados a los datos que trata y gestiona, incorporando todos los medios y medidas t\u00e9cnicas a su alcance para garantizar su confidencialidad, evitar su mal uso, p\u00e9rdida, alteraci\u00f3n, acceso no autorizado y robo.<\/span><\/p>\n<h2><span style=\"font-family: arial, helvetica, sans-serif; color: #ffcc00;\">LEGISLACI\u00d3N APLICABLE Y JURISDICCI\u00d3N<\/span><\/h2>\n<p><span style=\"font-family: arial, helvetica, sans-serif;\">Para la resoluci\u00f3n de todas las controversias o cuestiones relacionadas con el presente sitio web o de las actividades en \u00e9l desarrolladas, ser\u00e1 de aplicaci\u00f3n la legislaci\u00f3n espa\u00f1ola, a la que se someten expresamente las partes, siendo competentes para la resoluci\u00f3n de todos los conflictos derivados o relacionados con su uso, los Juzgados y Tribunales del domicilio del demandante que se identifique como consumidor, en caso contrario los Juzgados y Tribunales competentes ser\u00e1n los de la ciudad de &#8211; (Espa\u00f1a).<\/span><\/p>\n<h2><span style=\"font-family: arial, helvetica, sans-serif; color: #ffcc00;\">CONTACTO<\/span><\/h2>\n<p><span style=\"font-family: arial, helvetica, sans-serif;\">En caso de que cualquier usuario tuviese alguna duda acerca del presente aviso legal o cualquier comentario sobre el mismo puede dirigirse a <a href=\"mailto:informacionsidi@sidimurcia.org\">informacionsidi@sidimurcia.org<\/a> o enviar una comunicaci\u00f3n escrita a la direcci\u00f3n que consta en el encabezado.<\/span><\/p>\n","protected":false},"excerpt":{"rendered":"<p>Por favor, lea todos los apartados del presente Aviso Legal antes de utilizar este sitio web. Las siguientes condiciones son &#8230; <a title=\"AVISO LEGAL\" class=\"read-more\" href=\"https:\/\/sidimurcia.org\/index.php\/aviso-legal\/\" aria-label=\"Leer m\u00e1s sobre AVISO LEGAL\">Leer mas<\/a><\/p>\n","protected":false},"author":1,"featured_media":0,"parent":0,"menu_order":0,"comment_status":"closed","ping_status":"closed","template":"","meta":{"footnotes":""},"class_list":["post-17138","page","type-page","status-publish"],"yoast_head":"<!-- This site is optimized with the Yoast SEO plugin v27.2 - https:\/\/yoast.com\/product\/yoast-seo-wordpress\/ -->\n<title>AVISO LEGAL - SIDI<\/title>\n<meta name=\"robots\" content=\"index, follow, max-snippet:-1, max-image-preview:large, max-video-preview:-1\" \/>\n<link rel=\"canonical\" href=\"https:\/\/sidimurcia.org\/index.php\/aviso-legal\/\" \/>\n<meta property=\"og:locale\" content=\"es_ES\" \/>\n<meta property=\"og:type\" content=\"article\" \/>\n<meta property=\"og:title\" content=\"AVISO LEGAL - SIDI\" \/>\n<meta property=\"og:description\" content=\"Por favor, lea todos los apartados del presente Aviso Legal antes de utilizar este sitio web. Las siguientes condiciones son ... Leer mas\" \/>\n<meta property=\"og:url\" content=\"https:\/\/sidimurcia.org\/index.php\/aviso-legal\/\" \/>\n<meta property=\"og:site_name\" content=\"SIDI\" \/>\n<meta property=\"article:publisher\" content=\"https:\/\/es-es.facebook.com\/sidi.sindicatodedocentes\" \/>\n<meta property=\"article:modified_time\" content=\"2023-05-23T17:21:09+00:00\" \/>\n<meta name=\"twitter:card\" content=\"summary_large_image\" \/>\n<meta name=\"twitter:site\" content=\"@SIDIMURCIA\" \/>\n<meta name=\"twitter:label1\" content=\"Tiempo de lectura\" \/>\n\t<meta name=\"twitter:data1\" content=\"6 minutos\" \/>\n<script type=\"application\/ld+json\" class=\"yoast-schema-graph\">{\"@context\":\"https:\/\/schema.org\",\"@graph\":[{\"@type\":\"WebPage\",\"@id\":\"https:\/\/sidimurcia.org\/index.php\/aviso-legal\/\",\"url\":\"https:\/\/sidimurcia.org\/index.php\/aviso-legal\/\",\"name\":\"AVISO LEGAL - SIDI\",\"isPartOf\":{\"@id\":\"https:\/\/sidimurcia.org\/#website\"},\"datePublished\":\"2023-05-23T12:46:57+00:00\",\"dateModified\":\"2023-05-23T17:21:09+00:00\",\"breadcrumb\":{\"@id\":\"https:\/\/sidimurcia.org\/index.php\/aviso-legal\/#breadcrumb\"},\"inLanguage\":\"es\",\"potentialAction\":[{\"@type\":\"ReadAction\",\"target\":[\"https:\/\/sidimurcia.org\/index.php\/aviso-legal\/\"]}]},{\"@type\":\"BreadcrumbList\",\"@id\":\"https:\/\/sidimurcia.org\/index.php\/aviso-legal\/#breadcrumb\",\"itemListElement\":[{\"@type\":\"ListItem\",\"position\":1,\"name\":\"Portada\",\"item\":\"https:\/\/sidimurcia.org\/\"},{\"@type\":\"ListItem\",\"position\":2,\"name\":\"AVISO LEGAL\"}]},{\"@type\":\"WebSite\",\"@id\":\"https:\/\/sidimurcia.org\/#website\",\"url\":\"https:\/\/sidimurcia.org\/\",\"name\":\"SIDI\",\"description\":\"Sindicato Independiente de Docentes\",\"publisher\":{\"@id\":\"https:\/\/sidimurcia.org\/#organization\"},\"potentialAction\":[{\"@type\":\"SearchAction\",\"target\":{\"@type\":\"EntryPoint\",\"urlTemplate\":\"https:\/\/sidimurcia.org\/?s={search_term_string}\"},\"query-input\":{\"@type\":\"PropertyValueSpecification\",\"valueRequired\":true,\"valueName\":\"search_term_string\"}}],\"inLanguage\":\"es\"},{\"@type\":\"Organization\",\"@id\":\"https:\/\/sidimurcia.org\/#organization\",\"name\":\"Sindicato Independiente de Docentes - SIDI\",\"url\":\"https:\/\/sidimurcia.org\/\",\"logo\":{\"@type\":\"ImageObject\",\"inLanguage\":\"es\",\"@id\":\"https:\/\/sidimurcia.org\/#\/schema\/logo\/image\/\",\"url\":\"https:\/\/sidimurcia.org\/wp-content\/uploads\/cropped-PARAPESTANAWEB-1.jpg\",\"contentUrl\":\"https:\/\/sidimurcia.org\/wp-content\/uploads\/cropped-PARAPESTANAWEB-1.jpg\",\"width\":512,\"height\":512,\"caption\":\"Sindicato Independiente de Docentes - SIDI\"},\"image\":{\"@id\":\"https:\/\/sidimurcia.org\/#\/schema\/logo\/image\/\"},\"sameAs\":[\"https:\/\/es-es.facebook.com\/sidi.sindicatodedocentes\",\"https:\/\/x.com\/SIDIMURCIA\",\"https:\/\/www.instagram.com\/sidi_murcia\/\",\"https:\/\/www.youtube.com\/channel\/UCwwdL3uFtDKJdbOfmC70wIQ\"]}]}<\/script>\n<!-- \/ Yoast SEO plugin. -->","yoast_head_json":{"title":"AVISO LEGAL - SIDI","robots":{"index":"index","follow":"follow","max-snippet":"max-snippet:-1","max-image-preview":"max-image-preview:large","max-video-preview":"max-video-preview:-1"},"canonical":"https:\/\/sidimurcia.org\/index.php\/aviso-legal\/","og_locale":"es_ES","og_type":"article","og_title":"AVISO LEGAL - SIDI","og_description":"Por favor, lea todos los apartados del presente Aviso Legal antes de utilizar este sitio web. Las siguientes condiciones son ... Leer mas","og_url":"https:\/\/sidimurcia.org\/index.php\/aviso-legal\/","og_site_name":"SIDI","article_publisher":"https:\/\/es-es.facebook.com\/sidi.sindicatodedocentes","article_modified_time":"2023-05-23T17:21:09+00:00","twitter_card":"summary_large_image","twitter_site":"@SIDIMURCIA","twitter_misc":{"Tiempo de lectura":"6 minutos"},"schema":{"@context":"https:\/\/schema.org","@graph":[{"@type":"WebPage","@id":"https:\/\/sidimurcia.org\/index.php\/aviso-legal\/","url":"https:\/\/sidimurcia.org\/index.php\/aviso-legal\/","name":"AVISO LEGAL - SIDI","isPartOf":{"@id":"https:\/\/sidimurcia.org\/#website"},"datePublished":"2023-05-23T12:46:57+00:00","dateModified":"2023-05-23T17:21:09+00:00","breadcrumb":{"@id":"https:\/\/sidimurcia.org\/index.php\/aviso-legal\/#breadcrumb"},"inLanguage":"es","potentialAction":[{"@type":"ReadAction","target":["https:\/\/sidimurcia.org\/index.php\/aviso-legal\/"]}]},{"@type":"BreadcrumbList","@id":"https:\/\/sidimurcia.org\/index.php\/aviso-legal\/#breadcrumb","itemListElement":[{"@type":"ListItem","position":1,"name":"Portada","item":"https:\/\/sidimurcia.org\/"},{"@type":"ListItem","position":2,"name":"AVISO LEGAL"}]},{"@type":"WebSite","@id":"https:\/\/sidimurcia.org\/#website","url":"https:\/\/sidimurcia.org\/","name":"SIDI","description":"Sindicato Independiente de Docentes","publisher":{"@id":"https:\/\/sidimurcia.org\/#organization"},"potentialAction":[{"@type":"SearchAction","target":{"@type":"EntryPoint","urlTemplate":"https:\/\/sidimurcia.org\/?s={search_term_string}"},"query-input":{"@type":"PropertyValueSpecification","valueRequired":true,"valueName":"search_term_string"}}],"inLanguage":"es"},{"@type":"Organization","@id":"https:\/\/sidimurcia.org\/#organization","name":"Sindicato Independiente de Docentes - SIDI","url":"https:\/\/sidimurcia.org\/","logo":{"@type":"ImageObject","inLanguage":"es","@id":"https:\/\/sidimurcia.org\/#\/schema\/logo\/image\/","url":"https:\/\/sidimurcia.org\/wp-content\/uploads\/cropped-PARAPESTANAWEB-1.jpg","contentUrl":"https:\/\/sidimurcia.org\/wp-content\/uploads\/cropped-PARAPESTANAWEB-1.jpg","width":512,"height":512,"caption":"Sindicato Independiente de Docentes - SIDI"},"image":{"@id":"https:\/\/sidimurcia.org\/#\/schema\/logo\/image\/"},"sameAs":["https:\/\/es-es.facebook.com\/sidi.sindicatodedocentes","https:\/\/x.com\/SIDIMURCIA","https:\/\/www.instagram.com\/sidi_murcia\/","https:\/\/www.youtube.com\/channel\/UCwwdL3uFtDKJdbOfmC70wIQ"]}]}},"_links":{"self":[{"href":"https:\/\/sidimurcia.org\/index.php\/wp-json\/wp\/v2\/pages\/17138","targetHints":{"allow":["GET"]}}],"collection":[{"href":"https:\/\/sidimurcia.org\/index.php\/wp-json\/wp\/v2\/pages"}],"about":[{"href":"https:\/\/sidimurcia.org\/index.php\/wp-json\/wp\/v2\/types\/page"}],"author":[{"embeddable":true,"href":"https:\/\/sidimurcia.org\/index.php\/wp-json\/wp\/v2\/users\/1"}],"replies":[{"embeddable":true,"href":"https:\/\/sidimurcia.org\/index.php\/wp-json\/wp\/v2\/comments?post=17138"}],"version-history":[{"count":0,"href":"https:\/\/sidimurcia.org\/index.php\/wp-json\/wp\/v2\/pages\/17138\/revisions"}],"wp:attachment":[{"href":"https:\/\/sidimurcia.org\/index.php\/wp-json\/wp\/v2\/media?parent=17138"}],"curies":[{"name":"wp","href":"https:\/\/api.w.org\/{rel}","templated":true}]}}