{"id":202,"date":"2019-10-10T16:00:19","date_gmt":"2019-10-10T16:00:19","guid":{"rendered":"https:\/\/sidimurcia.org\/wp\/?page_id=202"},"modified":"2019-12-11T09:42:48","modified_gmt":"2019-12-11T09:42:48","slug":"fp-enlaces","status":"publish","type":"page","link":"https:\/\/sidimurcia.org\/index.php\/fp-enlaces\/","title":{"rendered":"FP enlaces"},"content":{"rendered":"<table>\n<tbody>\n<tr>\n<td width=\"100%\">\n<h3>Desarrollo Normativo de la Formaci\u00f3n Profesional<\/h3>\n<\/td>\n<\/tr>\n<\/tbody>\n<\/table>\n<table >\n<tbody>\n<tr>\n<td colspan=\"2\" valign=\"top\">\n<ul>\n<li><a href=\"https:\/\/www.carm.es\/web\/pagina?IDCONTENIDO=816&amp;IDTIPO=140&amp;RASTRO=c77$m\">NOVEDADES Formaci\u00f3n Profesional &#8211; REGI\u00d3N DE MURCIA<\/a><\/li>\n<li><a href=\"https:\/\/www.carm.es\/web\/pagina?IDCONTENIDO=17010&amp;IDTIPO=100&amp;RASTRO=c816$m\"> Formaci\u00f3n Profesional del Sistema Educativo <\/a><\/li>\n<li><a href=\"https:\/\/www.carm.es\/web\/pagina?IDCONTENIDO=4065&amp;IDTIPO=100&amp;RASTRO=c816$m\"> Programas de Cualificaci\u00f3n Profesional Inicial <\/a><\/li>\n<li><a href=\"https:\/\/www.carm.es\/web\/pagina?IDCONTENIDO=42388&amp;IDTIPO=100&amp;RASTRO=c816$m\"> Certificados de Profesionalidad <\/a><\/li>\n<li><a href=\"https:\/\/www.carm.es\/web\/integra.servlets.Blob\/Plan%20del%20Sistema%20Integrado%20de%20Formaci%F3n%20Profesional%20de%20la%20Regi%F3n%20de%20Murcia%202010-2013.pdf?ARCHIVO=Plan%20del%20Sistema%20Integrado%20de%20Formaci%F3n%20Profesional%20de%20la%20Regi%F3n%20de%20Murcia%202010-2013.pdf&amp;TABLA=ARCHIVOS&amp;CAMPOCLAVE=IDARCHIVO&amp;VALORCLAVE=66368&amp;CAMPOIMAGEN=ARCHIVO&amp;IDTIPO=60&amp;RASTRO=null\"> Plan del Sistema Integrado de Formaci\u00f3n Profesional de la Regi\u00f3n de Murcia 2010-2013 <\/a><\/li>\n<li><a href=\"https:\/\/www.carm.es\/web\/pagina?IDCONTENIDO=20859&amp;IDTIPO=100&amp;RASTRO=c816$m\"> Instituto de las Cualificaciones de la Regi\u00f3n de Murcia (ICUAM). Reconocimiento de la experiencia laboral <\/a><\/li>\n<li><a href=\"http:\/\/www.sefcarm.es\/web\/pagina?IDCONTENIDO=9983&amp;IDTIPO=100&amp;RASTRO=c$m9983\" target=\"_blank\" rel=\"noopener noreferrer\"> Murcia Orienta  <\/a><\/li>\n<li><a href=\"https:\/\/www.carm.es\/web\/pagina?IDCONTENIDO=5369&amp;IDTIPO=100&amp;RASTRO=c816$m\"> Otros enlaces web <\/a><\/li>\n<li>\n<div>\n<div><a href=\"http:\/\/www.llegarasalto.com\/DGFP\/NormativaFP.htm#__Acceso\">Normativa de Formaci\u00f3n Profesional<\/a><\/div>\n<\/div>\n<\/li>\n<li>\n<div>\n<div><a href=\"http:\/\/www.llegarasalto.com\/DGFP\/NormativaFP.htm#__Acceso\">Admisi\u00f3n a ciclos formativos de FP curso 2013\/2014<\/a><\/div>\n<\/div>\n<\/li>\n<li>\n<div>\n<div><a href=\"http:\/\/www.llegarasalto.com\/DGFP\/NormativaFP.htm#__Acceso\">Pruebas de Acceso a Ciclos Formativos 2013<\/a><\/div>\n<\/div>\n<\/li>\n<li>\n<div>\n<div><a href=\"http:\/\/www.llegarasalto.com\/DGFP\/NormativaFP.htm#__Acceso\">T\u00edtulos LOE de Formaci\u00f3n Profesional<\/a><\/div>\n<\/div>\n<\/li>\n<li>\n<div>\n<div><a href=\"http:\/\/www.llegarasalto.com\/DGFP\/NormativaFP.htm#__Acceso\">Formaci\u00f3n en Centros de Trabajo<\/a><\/div>\n<\/div>\n<\/li>\n<li>\n<div>\n<div><a href=\"http:\/\/www.llegarasalto.com\/DGFP\/NormativaFP.htm#__Acceso\">Becas postcurriculares<\/a><\/div>\n<\/div>\n<\/li>\n<li>\n<div>\n<div><a href=\"http:\/\/www.llegarasalto.com\/DGFP\/NormativaFP.htm#__Acceso\">Equipamiento de Ciclos Formativos<\/a><\/div>\n<\/div>\n<\/li>\n<li>\n<div>\n<div><a href=\"http:\/\/www.llegarasalto.com\/DGFP\/NormativaFP.htm#__Acceso\">Plan de Actuaci\u00f3n de Prevenci\u00f3n de Riesgos<\/a><\/div>\n<\/div>\n<\/li>\n<li>\n<div>\n<div><a href=\"http:\/\/www.llegarasalto.com\/DGFP\/NormativaFP.htm#__Acceso\">Premios Nacionales y Extraordinarios de Formaci\u00f3n Profesional<\/a><\/div>\n<\/div>\n<\/li>\n<li>\n<div>\n<div><a href=\"http:\/\/www.llegarasalto.com\/DGFP\/NormativaFP.htm#__Acceso\">Programas Europeos<\/a><\/div>\n<\/div>\n<\/li>\n<li>\n<div>\n<div><a href=\"http:\/\/www.llegarasalto.com\/DGFP\/NormativaFP.htm#__Acceso\">Skill: Olimpiadas de la Formaci\u00f3n Profesional<\/a><\/div>\n<\/div>\n<\/li>\n<li>\n<div>\n<div><a href=\"http:\/\/www.llegarasalto.com\/DGFP\/NormativaFP.htm#__Acceso\">Formaci\u00f3n Profesional a Distancia<\/a><\/div>\n<\/div>\n<\/li>\n<li>\n<div>\n<div><a href=\"http:\/\/www.llegarasalto.com\/DGFP\/NormativaFP.htm#__Acceso\">Oferta Educativa de Formaci\u00f3n Profesional. Curso 2013-2014<\/a><\/div>\n<\/div>\n<\/li>\n<li>\n<div>\n<div><a href=\"http:\/\/www.llegarasalto.com\/DGFP\/NormativaFP.htm#__Acceso\">Modalidad Modular de la Formaci\u00f3n Profesional<\/a><\/div>\n<\/div>\n<\/li>\n<li>\n<div>\n<div><a href=\"http:\/\/www.llegarasalto.com\/DGFP\/NormativaFP.htm#__Acceso\">Programa Experimental de Formaci\u00f3n Profesional Dual: convocatoria de admisi\u00f3n a ciclos formativos de esta modalidad para el curso 2013 &#8211; 2014 (septiembre 2013) <\/a><\/div>\n<\/div>\n<\/li>\n<\/ul>\n<ul>\n<li><a href=\"http:\/\/www.llegarasalto.com\/DGFP\/NormativaFP.htm#__Acceso\" target=\"_self\" rel=\"noopener noreferrer\">WEB FP &#8211; MURCIA<\/a><\/li>\n<li><a href=\"http:\/\/www.todofp.es\/\" target=\"_self\" rel=\"noopener noreferrer\">WEB FP &#8211; MINISTERIO EDUCACION<\/a>\n<ul>\n<li><a href=\"http:\/\/www.todofp.es\/todofp\/sobre-fp\/informacion-general\/formacion-profesional-dual.html\">FP Dual<\/a><\/li>\n<li><a href=\"http:\/\/www.todofp.es\/todofp\/formacion\/que-y-como-estudiar\/oferta-formativa\/familias.html\">Todos los ciclos formativos<\/a><\/li>\n<li><a href=\"http:\/\/www.todofp.es\/todofp\/formacion\/que-y-como-estudiar\/oferta-formativa\/nuevos-titulos.html\">Nuevos t\u00edtulos de FP<\/a><\/li>\n<\/ul>\n<\/li>\n<\/ul>\n<\/td>\n<\/tr>\n<\/tbody>\n<\/table>\n","protected":false},"excerpt":{"rendered":"<p>Desarrollo Normativo de la Formaci\u00f3n Profesional NOVEDADES Formaci\u00f3n Profesional &#8211; REGI\u00d3N DE MURCIA Formaci\u00f3n Profesional del Sistema Educativo Programas de &#8230; <a title=\"FP enlaces\" class=\"read-more\" href=\"https:\/\/sidimurcia.org\/index.php\/fp-enlaces\/\" aria-label=\"Leer m\u00e1s sobre FP enlaces\">Leer mas<\/a><\/p>\n","protected":false},"author":1,"featured_media":0,"parent":0,"menu_order":0,"comment_status":"closed","ping_status":"closed","template":"","meta":{"footnotes":""},"class_list":["post-202","page","type-page","status-publish"],"yoast_head":"<!-- This site is optimized with the Yoast SEO plugin v27.2 - https:\/\/yoast.com\/product\/yoast-seo-wordpress\/ -->\n<title>FP enlaces - SIDI<\/title>\n<meta name=\"robots\" content=\"index, follow, max-snippet:-1, max-image-preview:large, max-video-preview:-1\" \/>\n<link rel=\"canonical\" href=\"https:\/\/sidimurcia.org\/index.php\/fp-enlaces\/\" \/>\n<meta property=\"og:locale\" content=\"es_ES\" \/>\n<meta property=\"og:type\" content=\"article\" \/>\n<meta property=\"og:title\" content=\"FP enlaces - SIDI\" \/>\n<meta property=\"og:description\" content=\"Desarrollo Normativo de la Formaci\u00f3n Profesional NOVEDADES Formaci\u00f3n Profesional &#8211; REGI\u00d3N DE MURCIA Formaci\u00f3n Profesional del Sistema Educativo Programas de ... Leer mas\" \/>\n<meta property=\"og:url\" content=\"https:\/\/sidimurcia.org\/index.php\/fp-enlaces\/\" \/>\n<meta property=\"og:site_name\" content=\"SIDI\" \/>\n<meta property=\"article:publisher\" content=\"https:\/\/es-es.facebook.com\/sidi.sindicatodedocentes\" \/>\n<meta property=\"article:modified_time\" content=\"2019-12-11T09:42:48+00:00\" \/>\n<meta name=\"twitter:card\" content=\"summary_large_image\" \/>\n<meta name=\"twitter:site\" content=\"@SIDIMURCIA\" \/>\n<meta name=\"twitter:label1\" content=\"Tiempo de lectura\" \/>\n\t<meta name=\"twitter:data1\" content=\"1 minuto\" \/>\n<script type=\"application\/ld+json\" class=\"yoast-schema-graph\">{\"@context\":\"https:\/\/schema.org\",\"@graph\":[{\"@type\":\"WebPage\",\"@id\":\"https:\/\/sidimurcia.org\/index.php\/fp-enlaces\/\",\"url\":\"https:\/\/sidimurcia.org\/index.php\/fp-enlaces\/\",\"name\":\"FP enlaces - SIDI\",\"isPartOf\":{\"@id\":\"https:\/\/sidimurcia.org\/#website\"},\"datePublished\":\"2019-10-10T16:00:19+00:00\",\"dateModified\":\"2019-12-11T09:42:48+00:00\",\"breadcrumb\":{\"@id\":\"https:\/\/sidimurcia.org\/index.php\/fp-enlaces\/#breadcrumb\"},\"inLanguage\":\"es\",\"potentialAction\":[{\"@type\":\"ReadAction\",\"target\":[\"https:\/\/sidimurcia.org\/index.php\/fp-enlaces\/\"]}]},{\"@type\":\"BreadcrumbList\",\"@id\":\"https:\/\/sidimurcia.org\/index.php\/fp-enlaces\/#breadcrumb\",\"itemListElement\":[{\"@type\":\"ListItem\",\"position\":1,\"name\":\"Portada\",\"item\":\"https:\/\/sidimurcia.org\/\"},{\"@type\":\"ListItem\",\"position\":2,\"name\":\"FP enlaces\"}]},{\"@type\":\"WebSite\",\"@id\":\"https:\/\/sidimurcia.org\/#website\",\"url\":\"https:\/\/sidimurcia.org\/\",\"name\":\"SIDI\",\"description\":\"Sindicato Independiente de Docentes\",\"publisher\":{\"@id\":\"https:\/\/sidimurcia.org\/#organization\"},\"potentialAction\":[{\"@type\":\"SearchAction\",\"target\":{\"@type\":\"EntryPoint\",\"urlTemplate\":\"https:\/\/sidimurcia.org\/?s={search_term_string}\"},\"query-input\":{\"@type\":\"PropertyValueSpecification\",\"valueRequired\":true,\"valueName\":\"search_term_string\"}}],\"inLanguage\":\"es\"},{\"@type\":\"Organization\",\"@id\":\"https:\/\/sidimurcia.org\/#organization\",\"name\":\"Sindicato Independiente de Docentes - SIDI\",\"url\":\"https:\/\/sidimurcia.org\/\",\"logo\":{\"@type\":\"ImageObject\",\"inLanguage\":\"es\",\"@id\":\"https:\/\/sidimurcia.org\/#\/schema\/logo\/image\/\",\"url\":\"https:\/\/sidimurcia.org\/wp-content\/uploads\/cropped-PARAPESTANAWEB-1.jpg\",\"contentUrl\":\"https:\/\/sidimurcia.org\/wp-content\/uploads\/cropped-PARAPESTANAWEB-1.jpg\",\"width\":512,\"height\":512,\"caption\":\"Sindicato Independiente de Docentes - SIDI\"},\"image\":{\"@id\":\"https:\/\/sidimurcia.org\/#\/schema\/logo\/image\/\"},\"sameAs\":[\"https:\/\/es-es.facebook.com\/sidi.sindicatodedocentes\",\"https:\/\/x.com\/SIDIMURCIA\",\"https:\/\/www.instagram.com\/sidi_murcia\/\",\"https:\/\/www.youtube.com\/channel\/UCwwdL3uFtDKJdbOfmC70wIQ\"]}]}<\/script>\n<!-- \/ Yoast SEO plugin. -->","yoast_head_json":{"title":"FP enlaces - SIDI","robots":{"index":"index","follow":"follow","max-snippet":"max-snippet:-1","max-image-preview":"max-image-preview:large","max-video-preview":"max-video-preview:-1"},"canonical":"https:\/\/sidimurcia.org\/index.php\/fp-enlaces\/","og_locale":"es_ES","og_type":"article","og_title":"FP enlaces - SIDI","og_description":"Desarrollo Normativo de la Formaci\u00f3n Profesional NOVEDADES Formaci\u00f3n Profesional &#8211; REGI\u00d3N DE MURCIA Formaci\u00f3n Profesional del Sistema Educativo Programas de ... Leer mas","og_url":"https:\/\/sidimurcia.org\/index.php\/fp-enlaces\/","og_site_name":"SIDI","article_publisher":"https:\/\/es-es.facebook.com\/sidi.sindicatodedocentes","article_modified_time":"2019-12-11T09:42:48+00:00","twitter_card":"summary_large_image","twitter_site":"@SIDIMURCIA","twitter_misc":{"Tiempo de lectura":"1 minuto"},"schema":{"@context":"https:\/\/schema.org","@graph":[{"@type":"WebPage","@id":"https:\/\/sidimurcia.org\/index.php\/fp-enlaces\/","url":"https:\/\/sidimurcia.org\/index.php\/fp-enlaces\/","name":"FP enlaces - SIDI","isPartOf":{"@id":"https:\/\/sidimurcia.org\/#website"},"datePublished":"2019-10-10T16:00:19+00:00","dateModified":"2019-12-11T09:42:48+00:00","breadcrumb":{"@id":"https:\/\/sidimurcia.org\/index.php\/fp-enlaces\/#breadcrumb"},"inLanguage":"es","potentialAction":[{"@type":"ReadAction","target":["https:\/\/sidimurcia.org\/index.php\/fp-enlaces\/"]}]},{"@type":"BreadcrumbList","@id":"https:\/\/sidimurcia.org\/index.php\/fp-enlaces\/#breadcrumb","itemListElement":[{"@type":"ListItem","position":1,"name":"Portada","item":"https:\/\/sidimurcia.org\/"},{"@type":"ListItem","position":2,"name":"FP enlaces"}]},{"@type":"WebSite","@id":"https:\/\/sidimurcia.org\/#website","url":"https:\/\/sidimurcia.org\/","name":"SIDI","description":"Sindicato Independiente de Docentes","publisher":{"@id":"https:\/\/sidimurcia.org\/#organization"},"potentialAction":[{"@type":"SearchAction","target":{"@type":"EntryPoint","urlTemplate":"https:\/\/sidimurcia.org\/?s={search_term_string}"},"query-input":{"@type":"PropertyValueSpecification","valueRequired":true,"valueName":"search_term_string"}}],"inLanguage":"es"},{"@type":"Organization","@id":"https:\/\/sidimurcia.org\/#organization","name":"Sindicato Independiente de Docentes - SIDI","url":"https:\/\/sidimurcia.org\/","logo":{"@type":"ImageObject","inLanguage":"es","@id":"https:\/\/sidimurcia.org\/#\/schema\/logo\/image\/","url":"https:\/\/sidimurcia.org\/wp-content\/uploads\/cropped-PARAPESTANAWEB-1.jpg","contentUrl":"https:\/\/sidimurcia.org\/wp-content\/uploads\/cropped-PARAPESTANAWEB-1.jpg","width":512,"height":512,"caption":"Sindicato Independiente de Docentes - SIDI"},"image":{"@id":"https:\/\/sidimurcia.org\/#\/schema\/logo\/image\/"},"sameAs":["https:\/\/es-es.facebook.com\/sidi.sindicatodedocentes","https:\/\/x.com\/SIDIMURCIA","https:\/\/www.instagram.com\/sidi_murcia\/","https:\/\/www.youtube.com\/channel\/UCwwdL3uFtDKJdbOfmC70wIQ"]}]}},"_links":{"self":[{"href":"https:\/\/sidimurcia.org\/index.php\/wp-json\/wp\/v2\/pages\/202","targetHints":{"allow":["GET"]}}],"collection":[{"href":"https:\/\/sidimurcia.org\/index.php\/wp-json\/wp\/v2\/pages"}],"about":[{"href":"https:\/\/sidimurcia.org\/index.php\/wp-json\/wp\/v2\/types\/page"}],"author":[{"embeddable":true,"href":"https:\/\/sidimurcia.org\/index.php\/wp-json\/wp\/v2\/users\/1"}],"replies":[{"embeddable":true,"href":"https:\/\/sidimurcia.org\/index.php\/wp-json\/wp\/v2\/comments?post=202"}],"version-history":[{"count":0,"href":"https:\/\/sidimurcia.org\/index.php\/wp-json\/wp\/v2\/pages\/202\/revisions"}],"wp:attachment":[{"href":"https:\/\/sidimurcia.org\/index.php\/wp-json\/wp\/v2\/media?parent=202"}],"curies":[{"name":"wp","href":"https:\/\/api.w.org\/{rel}","templated":true}]}}