{"id":212,"date":"2019-10-10T16:04:53","date_gmt":"2019-10-10T16:04:53","guid":{"rendered":"https:\/\/sidimurcia.org\/wp\/?page_id=212"},"modified":"2019-12-11T09:45:41","modified_gmt":"2019-12-11T09:45:41","slug":"relacion-de-colegios-bilingues","status":"publish","type":"page","link":"https:\/\/sidimurcia.org\/index.php\/relacion-de-colegios-bilingues\/","title":{"rendered":"Relaci\u00f3n de Colegios Biling\u00fces"},"content":{"rendered":"<p>&nbsp;<\/p>\n<table border=\"0\" width=\"100%\" cellspacing=\"0\" cellpadding=\"0\">\n<tbody>\n<tr>\n<td><a href=\"https:\/\/sidimurcia.org\/sd\/index2.php?option=com_content&amp;task=view&amp;id=13677&amp;Itemid=206\">Resoluci\u00f3n 05\/06\/2019 autorizan nuevas adscripciones programa ense\u00f1anza biling\u00fce ciclos formativos <\/a><\/td>\n<\/tr>\n<tr>\n<td><a href=\"https:\/\/sidimurcia.org\/sd\/index2.php?option=com_content&amp;task=view&amp;id=13522&amp;Itemid=206\"> Resoluci\u00f3n DEFINITIVA autoriza la modalidad avanzada de infantil y primaria del SELE, curso 19\/20 <\/a><\/td>\n<\/tr>\n<tr>\n<td><a href=\"https:\/\/sidimurcia.org\/sd\/index2.php?option=com_content&amp;task=view&amp;id=13413&amp;Itemid=206\"> Resoluci\u00f3n PROVISIONAL autoriza la modalidad avanzada de infantil y primaria del SELE, curso 19\/20 <\/a><\/td>\n<\/tr>\n<tr>\n<td><a href=\"https:\/\/sidimurcia.org\/sd\/index2.php?option=com_content&amp;task=view&amp;id=13004&amp;Itemid=206\"> Convocatoria de solicitud de la modalidad pluriling\u00fce de SELE para el curso 19\/20 <\/a><\/td>\n<\/tr>\n<tr>\n<td><a href=\"https:\/\/sidimurcia.org\/sd\/index2.php?option=com_content&amp;task=view&amp;id=12900&amp;Itemid=206\"> Resoluci\u00f3n 03\/12\/18 autoriza la implantaci\u00f3n de la modalidad pluriling\u00fce SELE en ESO y Bachillerato. <\/a><\/td>\n<\/tr>\n<tr>\n<td><a href=\"https:\/\/sidimurcia.org\/sd\/index2.php?option=com_content&amp;task=view&amp;id=12820&amp;Itemid=206\"> Resoluci\u00f3n 07\/11\/18 autoriza la implantaci\u00f3n de la modalidad avanzada del SELE. <\/a><\/td>\n<\/tr>\n<tr>\n<td><a href=\"https:\/\/sidimurcia.org\/sd\/index2.php?option=com_content&amp;task=view&amp;id=12343&amp;Itemid=206\"> Resoluci\u00f3n 20\/06\/18 autoriza la implantaci\u00f3n del SELE a los centros relacionados en el anexo. <\/a><\/td>\n<\/tr>\n<tr>\n<td><a href=\"https:\/\/sidimurcia.org\/sd\/index2.php?option=com_content&amp;task=view&amp;id=11267&amp;Itemid=206\"> Resoluci\u00f3n 22\/06\/2017 autorizan nuevas adscripciones programa ense\u00f1anza biling\u00fce ciclos formativos. <\/a><\/td>\n<\/tr>\n<tr>\n<td><a href=\"https:\/\/sidimurcia.org\/sd\/index2.php?option=com_content&amp;task=view&amp;id=11219&amp;Itemid=206\"> Resoluci\u00f3n autoriza implantaci\u00f3n Sistema de Ense\u00f1anza en Lenguas Extranjeras en varios Centros <\/a><\/td>\n<\/tr>\n<tr>\n<td><a href=\"https:\/\/sidimurcia.org\/sd\/index2.php?option=com_content&amp;task=view&amp;id=10835&amp;Itemid=206\"> Resoluci\u00f3n 10\/03\/17 establece convocatoria adscripci\u00f3n centros de ense\u00f1anzas en lenguas extranjeras. <\/a><\/td>\n<\/tr>\n<tr>\n<td><a href=\"https:\/\/sidimurcia.org\/sd\/index2.php?option=com_content&amp;task=view&amp;id=10236&amp;Itemid=206\"> Resoluci\u00f3n autoriza la implantaci\u00f3n del Sistema de Ense\u00f1anza en Lenguas Extranjeras <\/a><\/td>\n<\/tr>\n<tr>\n<td><a href=\"https:\/\/sidimurcia.org\/sd\/index2.php?option=com_content&amp;task=view&amp;id=9968&amp;Itemid=206\"> Convocatoria nuevas adscripciones Programa de Ense\u00f1anza Biing\u00fce para Centros P\u00fablicos <\/a><\/td>\n<\/tr>\n<tr>\n<td><a href=\"https:\/\/sidimurcia.org\/sd\/index2.php?option=com_content&amp;task=view&amp;id=9850&amp;Itemid=206\"> Resoluci\u00f3n definitiva autorizando implantaci\u00f3n del sistema de ense\u00f1anza biling\u00fce en Primaria <\/a><\/td>\n<\/tr>\n<tr>\n<td><a href=\"https:\/\/sidimurcia.org\/sd\/index2.php?option=com_content&amp;task=view&amp;id=9786&amp;Itemid=206\"> Nota informativa de DG sobre el Sistema de ense\u00f1anza en Lenguas Extranjeras. <\/a><\/td>\n<\/tr>\n<tr>\n<td><a href=\"https:\/\/sidimurcia.org\/sd\/index2.php?option=com_content&amp;task=view&amp;id=9628&amp;Itemid=206\"> Propuesta de resoluci\u00f3n definitiva Bolsa Extraordinaria Auxiliares Conversaci\u00f3n lenguas extranjeras <\/a><\/td>\n<\/tr>\n<tr>\n<td><a href=\"https:\/\/sidimurcia.org\/sd\/index2.php?option=com_content&amp;task=view&amp;id=9012&amp;Itemid=206\"> Resoluc. implantaci\u00f3n ense\u00f1anza bilingue primaria CEIP Nicol\u00e1s de las Pe\u00f1as <\/a><\/td>\n<\/tr>\n<tr>\n<td><a href=\"https:\/\/sidimurcia.org\/sd\/index2.php?option=com_content&amp;task=view&amp;id=8770&amp;Itemid=206\"> Resoluci\u00f3n 25\/7\/2015 instrucciones centros biling\u00fces autorizados antes de la Orden 15\/6\/2015 <\/a><\/td>\n<\/tr>\n<tr>\n<td><a href=\"https:\/\/sidimurcia.org\/sd\/index2.php?option=com_content&amp;task=view&amp;id=8748&amp;Itemid=206\"> Orden que regula sistema de ense\u00f1anza bilingue espa\u00f1ol-ingl\u00e9s en Educaci\u00f3n Primaria <\/a><\/td>\n<\/tr>\n<tr>\n<td><a href=\"https:\/\/sidimurcia.org\/sd\/index2.php?option=com_content&amp;task=view&amp;id=8284&amp;Itemid=206\"> Resoluci\u00f3n 25\/02\/15 convocatoria nuevas adscripciones centros E. Infantil y Primaria Biling\u00fce ingl\u00e9s <\/a><\/td>\n<\/tr>\n<tr>\n<td><a href=\"https:\/\/sidimurcia.org\/sd\/index2.php?option=com_content&amp;task=view&amp;id=7711&amp;Itemid=206\"> Resolucion 4\/09\/2014 &#8211; autoriza implantaci\u00f3n biling\u00fce INICIAL a CEIP Pur\u00edsima Concepci\u00f3n, Esparragal <\/a><\/td>\n<\/tr>\n<tr>\n<td><a href=\"https:\/\/sidimurcia.org\/sd\/index2.php?option=com_content&amp;task=view&amp;id=7645&amp;Itemid=206\"> Resoluci\u00f3n 4\/9 DEFINITIVA centros E.I y E.P Nuevas Incorporaciones P. Biling\u00fce Ingl\u00e9s <\/a><\/td>\n<\/tr>\n<tr>\n<td><a href=\"https:\/\/sidimurcia.org\/sd\/index2.php?option=com_content&amp;task=view&amp;id=7644&amp;Itemid=206\"> Resoluci\u00f3n 4\/9 DEFINITIVA centros E.I y E.P que se ADEC\u00daAN al Sistema Biling\u00fce Ingl\u00e9s <\/a><\/td>\n<\/tr>\n<tr>\n<td><a href=\"https:\/\/sidimurcia.org\/sd\/index2.php?option=com_content&amp;task=view&amp;id=7555&amp;Itemid=206\"> CENTROS PRIMARIA PROGRAMA BILING\u00dcE &#8211; Resoluci\u00f3n Provisional <\/a><\/td>\n<\/tr>\n<tr>\n<td><a href=\"https:\/\/sidimurcia.org\/sd\/index2.php?option=com_content&amp;task=view&amp;id=7402&amp;Itemid=206\"> Resoluci\u00f3n 5\/6\/2014 instrucciones adecuaci\u00f3n al NUEVO Programa Biling\u00fce Colegios curso 14\/15 <\/a><\/td>\n<\/tr>\n<tr>\n<td><a href=\"https:\/\/sidimurcia.org\/sd\/index2.php?option=com_content&amp;task=view&amp;id=7395&amp;Itemid=206\"> Resoluci\u00f3n 2\/06\/14 Programa Biling\u00fce Espa\u00f1ol\/Ingl\u00e9s PRIMARIA y convoca adscripciones centros 14-15 <\/a><\/td>\n<\/tr>\n<tr>\n<td><a href=\"https:\/\/sidimurcia.org\/sd\/index2.php?option=com_content&amp;task=view&amp;id=6297&amp;Itemid=206\"> 14-05-2013 Resoluci\u00f3n DEFINITIVA nuevas adscripciones de CEIP al programa COLEGIOS BILING\u00dcES 13\/14 <\/a><\/td>\n<\/tr>\n<tr>\n<td><a href=\"https:\/\/sidimurcia.org\/sd\/index2.php?option=com_content&amp;task=view&amp;id=6231&amp;Itemid=206\"> 26-04-2013 Resoluci\u00f3n provisional nuevas adscripciones de CEIP al programa COLEGIOS BILING\u00dcES. <\/a><\/td>\n<\/tr>\n<tr>\n<td><a href=\"https:\/\/sidimurcia.org\/sd\/index2.php?option=com_content&amp;task=view&amp;id=6095&amp;Itemid=206\"> Orden 5\/3\/2013 convoca nuevas adscripciones Centros EEI y Primaria PROGRAMA COLEGIOS BILING\u00dcES 13\/14 <\/a><\/td>\n<\/tr>\n<tr>\n<td><a href=\"https:\/\/sidimurcia.org\/sd\/index2.php?option=com_content&amp;task=view&amp;id=6039&amp;Itemid=206\"> Orden 11\/2\/2013 regula ense\u00f1anza BILING\u00dcE Espa\u00f1ol\/Ingl\u00e9s en EEI, CEIP y Programa Colegios Biling\u00fces <\/a><\/td>\n<\/tr>\n<tr>\n<td><a href=\"https:\/\/sidimurcia.org\/sd\/index2.php?option=com_content&amp;task=view&amp;id=5698&amp;Itemid=206\"> CEIP n\u00ba 12 de Cartagena &#8211; resoluci\u00f3n nuevas adscripciones BILING\u00dcE <\/a><\/td>\n<\/tr>\n<tr>\n<td><a href=\"https:\/\/sidimurcia.org\/sd\/index2.php?option=com_content&amp;task=view&amp;id=5363&amp;Itemid=206\"> Nuevos centros de Infantil y Primaria adscritos al Programa Colegios Biling\u00fces &#8211; Murcia 2012\/13 <\/a><\/td>\n<\/tr>\n<tr>\n<td><a href=\"https:\/\/sidimurcia.org\/sd\/index2.php?option=com_content&amp;task=view&amp;id=5300&amp;Itemid=206\"> Listado PROVISIONAL de centros seleccionados para particiapr en el PROGRAMA DE COLEGIOS BILING\u00dcES <\/a><\/td>\n<\/tr>\n<tr>\n<td><a href=\"https:\/\/sidimurcia.org\/sd\/index2.php?option=com_content&amp;task=view&amp;id=5179&amp;Itemid=206\"> Convocatoria nuevas adscripciones centros Infantil y Primaria al PROGRAMA BILING\u00dcE. <\/a><\/td>\n<\/tr>\n<tr>\n<td><a href=\"https:\/\/sidimurcia.org\/sd\/index2.php?option=com_content&amp;task=view&amp;id=4772&amp;Itemid=206\"> Resoluci\u00f3n nuevas adscripciones de centros de EI y Primaria al programa de colegios biling\u00fces. <\/a><\/td>\n<\/tr>\n<tr>\n<td><a href=\"https:\/\/sidimurcia.org\/sd\/index2.php?option=com_content&amp;task=view&amp;id=4752&amp;Itemid=206\"> Adscripciones al Programa Colegios Biling\u00fces Regi\u00f3n de Murcia: Se pasan los seleccionados de 25 a 31 <\/a><\/td>\n<\/tr>\n<tr>\n<td><a href=\"https:\/\/sidimurcia.org\/sd\/index2.php?option=com_content&amp;task=view&amp;id=4674&amp;Itemid=206\"> Convocatoria de 25 nuevas adscripciones voluntarias de colegios de al programa colegios biling\u00fces. <\/a><\/td>\n<\/tr>\n<tr>\n<td><a href=\"https:\/\/sidimurcia.org\/sd\/index2.php?option=com_content&amp;task=view&amp;id=4660&amp;Itemid=206\"> Regulaci\u00f3n ense\u00f1anza biling\u00fce espa\u00f1ol-ingl\u00e9s en colegios de la CARM. <\/a><\/td>\n<\/tr>\n<tr>\n<td><a href=\"https:\/\/sidimurcia.org\/sd\/index2.php?option=com_content&amp;task=view&amp;id=4345&amp;Itemid=206\"> Relaci\u00f3n de colegios biling\u00fces en la Regi\u00f3n de Murcia. <\/a><\/td>\n<\/tr>\n<tr>\n<td><a href=\"https:\/\/sidimurcia.org\/sd\/index2.php?option=com_content&amp;task=view&amp;id=3750&amp;Itemid=206\"> Malestar en 50 colegios a los que se les ha denegado la educaci\u00f3n biling\u00fce. <\/a><\/td>\n<\/tr>\n<tr>\n<td><a href=\"https:\/\/sidimurcia.org\/sd\/index2.php?option=com_content&amp;task=view&amp;id=3732&amp;Itemid=206\"> Convocatoria nuevas adscripciones de centros al Programa Colegios Biling\u00fces Regi\u00f3n de Murcia <\/a><\/td>\n<\/tr>\n<tr>\n<td><a href=\"https:\/\/sidimurcia.org\/sd\/index2.php?option=com_content&amp;task=view&amp;id=3731&amp;Itemid=206\"> Correcci\u00f3n de errores de adscripciones de centros al Programa Colegios Biling\u00fces Regi\u00f3n de Murcia <\/a><\/td>\n<\/tr>\n<tr>\n<td><a href=\"https:\/\/sidimurcia.org\/sd\/index2.php?option=com_content&amp;task=view&amp;id=3512&amp;Itemid=206\"> Colegios Biling\u00fces. Correcci\u00f3n error orden 16 de abril. <\/a><\/td>\n<\/tr>\n<tr>\n<td><a href=\"https:\/\/sidimurcia.org\/sd\/index2.php?option=com_content&amp;task=view&amp;id=3510&amp;Itemid=206\"> Adscripciones de centros docentes al programa Colegios Biling\u00fces Regi\u00f3n de Murcia para el curso 2010 <\/a><\/td>\n<\/tr>\n<tr>\n<td><a href=\"https:\/\/sidimurcia.org\/sd\/index2.php?option=com_content&amp;task=view&amp;id=3492&amp;Itemid=206\"> Correcciones de errores normativas ense\u00f1anza bilingue. <\/a><\/td>\n<\/tr>\n<tr>\n<td><a href=\"https:\/\/sidimurcia.org\/sd\/index2.php?option=com_content&amp;task=view&amp;id=3429&amp;Itemid=206\"> Modificaci\u00f3n normativa que regula la ense\u00f1anza biling\u00fce en la CARM. <\/a><\/td>\n<\/tr>\n<tr>\n<td><a href=\"https:\/\/sidimurcia.org\/sd\/index2.php?option=com_content&amp;task=view&amp;id=3176&amp;Itemid=206\"> Correcci\u00f3n de errores Orden Programa Colegios Biling\u00fces Regi\u00f3n de Murcia <\/a><\/td>\n<\/tr>\n<tr>\n<td><a href=\"https:\/\/sidimurcia.org\/sd\/index2.php?option=com_content&amp;task=view&amp;id=2860&amp;Itemid=206\"> Centros seleccionados Programa Colegios Biling\u00fces Regi\u00f3n de Murcia para el curso 2009-2010 <\/a><\/td>\n<\/tr>\n<tr>\n<td><a href=\"https:\/\/sidimurcia.org\/sd\/index2.php?option=com_content&amp;task=view&amp;id=2785&amp;Itemid=206\"> Educaci\u00f3n pone en marcha la ense\u00f1anza biling\u00fce en 25 colegios de Infantil y Primaria de la Regi\u00f3n <\/a><\/td>\n<\/tr>\n<tr>\n<td><a href=\"https:\/\/sidimurcia.org\/sd\/index2.php?option=com_content&amp;task=view&amp;id=2625&amp;Itemid=206\"> Regulaci\u00f3n ense\u00f1anza biling\u00fce espa\u00f1ol-ingl\u00e9s centros Infantil y Primaria de la CARM <\/a><\/td>\n<\/tr>\n<\/tbody>\n<\/table>\n","protected":false},"excerpt":{"rendered":"<p>&nbsp; Resoluci\u00f3n 05\/06\/2019 autorizan nuevas adscripciones programa ense\u00f1anza biling\u00fce ciclos formativos Resoluci\u00f3n DEFINITIVA autoriza la modalidad avanzada de infantil y &#8230; <a title=\"Relaci\u00f3n de Colegios Biling\u00fces\" class=\"read-more\" href=\"https:\/\/sidimurcia.org\/index.php\/relacion-de-colegios-bilingues\/\" aria-label=\"Leer m\u00e1s sobre Relaci\u00f3n de Colegios Biling\u00fces\">Leer mas<\/a><\/p>\n","protected":false},"author":1,"featured_media":0,"parent":0,"menu_order":0,"comment_status":"closed","ping_status":"closed","template":"","meta":{"footnotes":""},"class_list":["post-212","page","type-page","status-publish"],"yoast_head":"<!-- This site is optimized with the Yoast SEO plugin v27.2 - https:\/\/yoast.com\/product\/yoast-seo-wordpress\/ -->\n<title>Relaci\u00f3n de Colegios Biling\u00fces - SIDI<\/title>\n<meta name=\"robots\" content=\"index, follow, max-snippet:-1, max-image-preview:large, max-video-preview:-1\" \/>\n<link rel=\"canonical\" href=\"https:\/\/sidimurcia.org\/index.php\/relacion-de-colegios-bilingues\/\" \/>\n<meta property=\"og:locale\" content=\"es_ES\" \/>\n<meta property=\"og:type\" content=\"article\" \/>\n<meta property=\"og:title\" content=\"Relaci\u00f3n de Colegios Biling\u00fces - SIDI\" \/>\n<meta property=\"og:description\" content=\"&nbsp; Resoluci\u00f3n 05\/06\/2019 autorizan nuevas adscripciones programa ense\u00f1anza biling\u00fce ciclos formativos Resoluci\u00f3n DEFINITIVA autoriza la modalidad avanzada de infantil y ... Leer mas\" \/>\n<meta property=\"og:url\" content=\"https:\/\/sidimurcia.org\/index.php\/relacion-de-colegios-bilingues\/\" \/>\n<meta property=\"og:site_name\" content=\"SIDI\" \/>\n<meta property=\"article:publisher\" content=\"https:\/\/es-es.facebook.com\/sidi.sindicatodedocentes\" \/>\n<meta property=\"article:modified_time\" content=\"2019-12-11T09:45:41+00:00\" \/>\n<meta name=\"twitter:card\" content=\"summary_large_image\" \/>\n<meta name=\"twitter:site\" content=\"@SIDIMURCIA\" \/>\n<meta name=\"twitter:label1\" content=\"Tiempo de lectura\" \/>\n\t<meta name=\"twitter:data1\" content=\"3 minutos\" \/>\n<script type=\"application\/ld+json\" class=\"yoast-schema-graph\">{\"@context\":\"https:\/\/schema.org\",\"@graph\":[{\"@type\":\"WebPage\",\"@id\":\"https:\/\/sidimurcia.org\/index.php\/relacion-de-colegios-bilingues\/\",\"url\":\"https:\/\/sidimurcia.org\/index.php\/relacion-de-colegios-bilingues\/\",\"name\":\"Relaci\u00f3n de Colegios Biling\u00fces - SIDI\",\"isPartOf\":{\"@id\":\"https:\/\/sidimurcia.org\/#website\"},\"datePublished\":\"2019-10-10T16:04:53+00:00\",\"dateModified\":\"2019-12-11T09:45:41+00:00\",\"breadcrumb\":{\"@id\":\"https:\/\/sidimurcia.org\/index.php\/relacion-de-colegios-bilingues\/#breadcrumb\"},\"inLanguage\":\"es\",\"potentialAction\":[{\"@type\":\"ReadAction\",\"target\":[\"https:\/\/sidimurcia.org\/index.php\/relacion-de-colegios-bilingues\/\"]}]},{\"@type\":\"BreadcrumbList\",\"@id\":\"https:\/\/sidimurcia.org\/index.php\/relacion-de-colegios-bilingues\/#breadcrumb\",\"itemListElement\":[{\"@type\":\"ListItem\",\"position\":1,\"name\":\"Portada\",\"item\":\"https:\/\/sidimurcia.org\/\"},{\"@type\":\"ListItem\",\"position\":2,\"name\":\"Relaci\u00f3n de Colegios Biling\u00fces\"}]},{\"@type\":\"WebSite\",\"@id\":\"https:\/\/sidimurcia.org\/#website\",\"url\":\"https:\/\/sidimurcia.org\/\",\"name\":\"SIDI\",\"description\":\"Sindicato Independiente de Docentes\",\"publisher\":{\"@id\":\"https:\/\/sidimurcia.org\/#organization\"},\"potentialAction\":[{\"@type\":\"SearchAction\",\"target\":{\"@type\":\"EntryPoint\",\"urlTemplate\":\"https:\/\/sidimurcia.org\/?s={search_term_string}\"},\"query-input\":{\"@type\":\"PropertyValueSpecification\",\"valueRequired\":true,\"valueName\":\"search_term_string\"}}],\"inLanguage\":\"es\"},{\"@type\":\"Organization\",\"@id\":\"https:\/\/sidimurcia.org\/#organization\",\"name\":\"Sindicato Independiente de Docentes - SIDI\",\"url\":\"https:\/\/sidimurcia.org\/\",\"logo\":{\"@type\":\"ImageObject\",\"inLanguage\":\"es\",\"@id\":\"https:\/\/sidimurcia.org\/#\/schema\/logo\/image\/\",\"url\":\"https:\/\/sidimurcia.org\/wp-content\/uploads\/cropped-PARAPESTANAWEB-1.jpg\",\"contentUrl\":\"https:\/\/sidimurcia.org\/wp-content\/uploads\/cropped-PARAPESTANAWEB-1.jpg\",\"width\":512,\"height\":512,\"caption\":\"Sindicato Independiente de Docentes - SIDI\"},\"image\":{\"@id\":\"https:\/\/sidimurcia.org\/#\/schema\/logo\/image\/\"},\"sameAs\":[\"https:\/\/es-es.facebook.com\/sidi.sindicatodedocentes\",\"https:\/\/x.com\/SIDIMURCIA\",\"https:\/\/www.instagram.com\/sidi_murcia\/\",\"https:\/\/www.youtube.com\/channel\/UCwwdL3uFtDKJdbOfmC70wIQ\"]}]}<\/script>\n<!-- \/ Yoast SEO plugin. -->","yoast_head_json":{"title":"Relaci\u00f3n de Colegios Biling\u00fces - SIDI","robots":{"index":"index","follow":"follow","max-snippet":"max-snippet:-1","max-image-preview":"max-image-preview:large","max-video-preview":"max-video-preview:-1"},"canonical":"https:\/\/sidimurcia.org\/index.php\/relacion-de-colegios-bilingues\/","og_locale":"es_ES","og_type":"article","og_title":"Relaci\u00f3n de Colegios Biling\u00fces - SIDI","og_description":"&nbsp; Resoluci\u00f3n 05\/06\/2019 autorizan nuevas adscripciones programa ense\u00f1anza biling\u00fce ciclos formativos Resoluci\u00f3n DEFINITIVA autoriza la modalidad avanzada de infantil y ... Leer mas","og_url":"https:\/\/sidimurcia.org\/index.php\/relacion-de-colegios-bilingues\/","og_site_name":"SIDI","article_publisher":"https:\/\/es-es.facebook.com\/sidi.sindicatodedocentes","article_modified_time":"2019-12-11T09:45:41+00:00","twitter_card":"summary_large_image","twitter_site":"@SIDIMURCIA","twitter_misc":{"Tiempo de lectura":"3 minutos"},"schema":{"@context":"https:\/\/schema.org","@graph":[{"@type":"WebPage","@id":"https:\/\/sidimurcia.org\/index.php\/relacion-de-colegios-bilingues\/","url":"https:\/\/sidimurcia.org\/index.php\/relacion-de-colegios-bilingues\/","name":"Relaci\u00f3n de Colegios Biling\u00fces - SIDI","isPartOf":{"@id":"https:\/\/sidimurcia.org\/#website"},"datePublished":"2019-10-10T16:04:53+00:00","dateModified":"2019-12-11T09:45:41+00:00","breadcrumb":{"@id":"https:\/\/sidimurcia.org\/index.php\/relacion-de-colegios-bilingues\/#breadcrumb"},"inLanguage":"es","potentialAction":[{"@type":"ReadAction","target":["https:\/\/sidimurcia.org\/index.php\/relacion-de-colegios-bilingues\/"]}]},{"@type":"BreadcrumbList","@id":"https:\/\/sidimurcia.org\/index.php\/relacion-de-colegios-bilingues\/#breadcrumb","itemListElement":[{"@type":"ListItem","position":1,"name":"Portada","item":"https:\/\/sidimurcia.org\/"},{"@type":"ListItem","position":2,"name":"Relaci\u00f3n de Colegios Biling\u00fces"}]},{"@type":"WebSite","@id":"https:\/\/sidimurcia.org\/#website","url":"https:\/\/sidimurcia.org\/","name":"SIDI","description":"Sindicato Independiente de Docentes","publisher":{"@id":"https:\/\/sidimurcia.org\/#organization"},"potentialAction":[{"@type":"SearchAction","target":{"@type":"EntryPoint","urlTemplate":"https:\/\/sidimurcia.org\/?s={search_term_string}"},"query-input":{"@type":"PropertyValueSpecification","valueRequired":true,"valueName":"search_term_string"}}],"inLanguage":"es"},{"@type":"Organization","@id":"https:\/\/sidimurcia.org\/#organization","name":"Sindicato Independiente de Docentes - SIDI","url":"https:\/\/sidimurcia.org\/","logo":{"@type":"ImageObject","inLanguage":"es","@id":"https:\/\/sidimurcia.org\/#\/schema\/logo\/image\/","url":"https:\/\/sidimurcia.org\/wp-content\/uploads\/cropped-PARAPESTANAWEB-1.jpg","contentUrl":"https:\/\/sidimurcia.org\/wp-content\/uploads\/cropped-PARAPESTANAWEB-1.jpg","width":512,"height":512,"caption":"Sindicato Independiente de Docentes - SIDI"},"image":{"@id":"https:\/\/sidimurcia.org\/#\/schema\/logo\/image\/"},"sameAs":["https:\/\/es-es.facebook.com\/sidi.sindicatodedocentes","https:\/\/x.com\/SIDIMURCIA","https:\/\/www.instagram.com\/sidi_murcia\/","https:\/\/www.youtube.com\/channel\/UCwwdL3uFtDKJdbOfmC70wIQ"]}]}},"_links":{"self":[{"href":"https:\/\/sidimurcia.org\/index.php\/wp-json\/wp\/v2\/pages\/212","targetHints":{"allow":["GET"]}}],"collection":[{"href":"https:\/\/sidimurcia.org\/index.php\/wp-json\/wp\/v2\/pages"}],"about":[{"href":"https:\/\/sidimurcia.org\/index.php\/wp-json\/wp\/v2\/types\/page"}],"author":[{"embeddable":true,"href":"https:\/\/sidimurcia.org\/index.php\/wp-json\/wp\/v2\/users\/1"}],"replies":[{"embeddable":true,"href":"https:\/\/sidimurcia.org\/index.php\/wp-json\/wp\/v2\/comments?post=212"}],"version-history":[{"count":0,"href":"https:\/\/sidimurcia.org\/index.php\/wp-json\/wp\/v2\/pages\/212\/revisions"}],"wp:attachment":[{"href":"https:\/\/sidimurcia.org\/index.php\/wp-json\/wp\/v2\/media?parent=212"}],"curies":[{"name":"wp","href":"https:\/\/api.w.org\/{rel}","templated":true}]}}