{"id":214,"date":"2019-10-10T16:06:07","date_gmt":"2019-10-10T16:06:07","guid":{"rendered":"https:\/\/sidimurcia.org\/wp\/?page_id=214"},"modified":"2019-12-11T09:47:37","modified_gmt":"2019-12-11T09:47:37","slug":"relacion-de-ies-con-secciones-bilingues","status":"publish","type":"page","link":"https:\/\/sidimurcia.org\/index.php\/relacion-de-ies-con-secciones-bilingues\/","title":{"rendered":"Relaci\u00f3n de IES con secciones Biling\u00fces"},"content":{"rendered":"<p>&nbsp;<\/p>\n<table border=\"0\" width=\"100%\" cellspacing=\"0\" cellpadding=\"0\">\n<tbody>\n<tr>\n<td><a href=\"https:\/\/sidimurcia.org\/sd\/index2.php?option=com_content&amp;task=view&amp;id=10029&amp;Itemid=206\">Orden 3\/6\/2016 &#8211; REGULA EL SISTEMA ENSE\u00d1ANZA LENGUAS EXTRANJERAS (biling\u00fce) en la Regi\u00f3n de Murcia <\/a><\/td>\n<\/tr>\n<tr>\n<td><a href=\"https:\/\/sidimurcia.org\/sd\/index2.php?option=com_content&amp;task=view&amp;id=9774&amp;Itemid=206\"> Resoluci\u00f3n provisional de autorizaci\u00f3n de implantaci\u00f3n del sistema biling\u00fce espa\u00f1ol-ingl\u00e9s primaria <\/a><\/td>\n<\/tr>\n<tr>\n<td><a href=\"https:\/\/sidimurcia.org\/sd\/index2.php?option=com_content&amp;task=view&amp;id=8705&amp;Itemid=206\"> Resoluci\u00f3n 29\/5\/2015 amplia numero centros a selecionar Programa Biling\u00fce Secundaria 2015\/16 <\/a><\/td>\n<\/tr>\n<tr>\n<td><a href=\"https:\/\/sidimurcia.org\/sd\/index2.php?option=com_content&amp;task=view&amp;id=8704&amp;Itemid=206\"> Propuesta resoluci\u00f3n PROVISIONAL nuevas adscripciones centros secundaria Programa Biling\u00fce IN-FR-ALE <\/a><\/td>\n<\/tr>\n<tr>\n<td><a href=\"https:\/\/sidimurcia.org\/sd\/index2.php?option=com_content&amp;task=view&amp;id=8469&amp;Itemid=206\"> Resoluci\u00f3n 10\/4\/2015 convoca nuevas adscripciones IES al programa de ense\u00f1anza biling\u00fce (FR, IN, AL) <\/a><\/td>\n<\/tr>\n<tr>\n<td><a href=\"https:\/\/sidimurcia.org\/sd\/index2.php?option=com_content&amp;task=view&amp;id=8426&amp;Itemid=206\"> Orden 24\/03\/2015 regula Programa Biling\u00fce en Ciclos Formativos FP <\/a><\/td>\n<\/tr>\n<tr>\n<td><a href=\"https:\/\/sidimurcia.org\/sd\/index2.php?option=com_content&amp;task=view&amp;id=7665&amp;Itemid=206\"> Resoluci\u00f3n 15\/09\/2014 DEFINITIVA nuevas adscripciones E. Secundaria al Programa Biling\u00fce Idiomas <\/a><\/td>\n<\/tr>\n<tr>\n<td><a href=\"https:\/\/sidimurcia.org\/sd\/index2.php?option=com_content&amp;task=view&amp;id=7556&amp;Itemid=206\"> Resoluci\u00f3n PROVISIONAL IES seleccionados\/no seleccionados &#8211; PROGRAMA SECCIONES BILING\u00dcES <\/a><\/td>\n<\/tr>\n<tr>\n<td><a href=\"https:\/\/sidimurcia.org\/sd\/index2.php?option=com_content&amp;task=view&amp;id=6560&amp;Itemid=206\"> Resoluci\u00f3n 09\/09\/2013 autoriza nuevas adscripciones IES &#8211; programa Biling\u00fce franc\u00e9s, ingl\u00e9s y alem\u00e1n <\/a><\/td>\n<\/tr>\n<tr>\n<td><a href=\"https:\/\/sidimurcia.org\/sd\/index2.php?option=com_content&amp;task=view&amp;id=5691&amp;Itemid=206\"> Autorizadas nuevas adscripciones centros de secundaria al BILING\u00dcE: Franc\u00e9s, Ingl\u00e9s, Alem\u00e1n y Mixto. <\/a><\/td>\n<\/tr>\n<tr>\n<td><a href=\"https:\/\/sidimurcia.org\/sd\/index2.php?option=com_content&amp;task=view&amp;id=5449&amp;Itemid=206\"> Convocadas nuevas adscripciones IES al programa Biling\u00fce: franc\u00e9s, ingl\u00e9s, alem\u00e1n y mixto. <\/a><\/td>\n<\/tr>\n<tr>\n<td><a href=\"https:\/\/sidimurcia.org\/sd\/index2.php?option=com_content&amp;task=view&amp;id=5429&amp;Itemid=206\"> ORDEN regula programa Ense\u00f1anzas Biling\u00fces en Secundaria y aprueba bases reguladoras selec. centros <\/a><\/td>\n<\/tr>\n<tr>\n<td><a href=\"https:\/\/sidimurcia.org\/sd\/index2.php?option=com_content&amp;task=view&amp;id=4344&amp;Itemid=206\"> Relaci\u00f3n de IES con secciones biling\u00fces. <\/a><\/td>\n<\/tr>\n<tr>\n<td><a href=\"https:\/\/sidimurcia.org\/sd\/index2.php?option=com_content&amp;task=view&amp;id=4192&amp;Itemid=206\"> Nuevas adscripciones de Institutos de Educaci\u00f3n Secundaria al programa de secciones biling\u00fces <\/a><\/td>\n<\/tr>\n<tr>\n<td><a href=\"https:\/\/sidimurcia.org\/sd\/index2.php?option=com_content&amp;task=view&amp;id=3751&amp;Itemid=206\"> Convocatoria nuevas adscripciones de IES de la CARM al programa de secciones biling\u00fces <\/a><\/td>\n<\/tr>\n<tr>\n<td><a href=\"https:\/\/sidimurcia.org\/sd\/index2.php?option=com_content&amp;task=view&amp;id=3436&amp;Itemid=206\"> Convocatoria intercambios escolares de IES con secciones Biling\u00fces <\/a><\/td>\n<\/tr>\n<tr>\n<td><a href=\"https:\/\/sidimurcia.org\/sd\/index2.php?option=com_content&amp;task=view&amp;id=3433&amp;Itemid=206\"> Programa de Intercambios Escolares para los Institutos de Ense\u00f1anza Secundaria de Secciones Biling\u00fce <\/a><\/td>\n<\/tr>\n<tr>\n<td><a href=\"https:\/\/sidimurcia.org\/sd\/index2.php?option=com_content&amp;task=view&amp;id=2924&amp;Itemid=206\"> EOI Murcia: Grupos de conversaci\u00f3n para profesorado de secciones biling\u00fces. <\/a><\/td>\n<\/tr>\n<tr>\n<td><a href=\"https:\/\/sidimurcia.org\/sd\/index2.php?option=com_content&amp;task=view&amp;id=2848&amp;Itemid=206\"> Autorizaciones nuevas secciones biling\u00fces. <\/a><\/td>\n<\/tr>\n<tr>\n<td><a href=\"https:\/\/sidimurcia.org\/sd\/index2.php?option=com_content&amp;task=view&amp;id=2838&amp;Itemid=206\"> Modificaci\u00f3n normativa que regula programas en secciones biling\u00fces de los IES <\/a><\/td>\n<\/tr>\n<tr>\n<td><a href=\"https:\/\/sidimurcia.org\/sd\/index2.php?option=com_content&amp;task=view&amp;id=2629&amp;Itemid=206\"> Curso en Inglaterra para maestros de la CARM <\/a><\/td>\n<\/tr>\n<tr>\n<td><a href=\"https:\/\/sidimurcia.org\/sd\/index2.php?option=com_content&amp;task=view&amp;id=2567&amp;Itemid=206\"> Convocatoria a IES para nuevas adscripciones a Programas de Secciones Biling\u00fces <\/a><\/td>\n<\/tr>\n<tr>\n<td><a href=\"https:\/\/sidimurcia.org\/sd\/index2.php?option=com_content&amp;task=view&amp;id=2564&amp;Itemid=206\"> Modificaci\u00f3n instrucciones sobre proceso admisi\u00f3n alumnos estudios superiores de Dise\u00f1o. <\/a><\/td>\n<\/tr>\n<tr>\n<td><a href=\"https:\/\/sidimurcia.org\/sd\/index2.php?option=com_content&amp;task=view&amp;id=2522&amp;Itemid=206\"> Modificaci\u00f3n la Orden 28 octubre de 2008 regula programa de secciones biling\u00fces en IES de la CARM <\/a><\/td>\n<\/tr>\n<tr>\n<td><a href=\"https:\/\/sidimurcia.org\/sd\/index2.php?option=com_content&amp;task=view&amp;id=2523&amp;Itemid=206\"> Orden regulaci\u00f3n de secciones biling\u00fces en los IES de la Regi\u00f3n de Murcia. <\/a><\/td>\n<\/tr>\n<tr>\n<td><a href=\"https:\/\/sidimurcia.org\/sd\/index2.php?option=com_content&amp;task=view&amp;id=1865&amp;Itemid=206\"> Correcci\u00f3n de errores orden Programa de Intercambios Escolares para Secciones Bilingues <\/a><\/td>\n<\/tr>\n<tr>\n<td><a href=\"https:\/\/sidimurcia.org\/sd\/index2.php?option=com_content&amp;task=view&amp;id=1812&amp;Itemid=206\"> Programa intercambios escolares para los institutos de Ense\u00f1anza Secundaria de Secciones Biling\u00fces <\/a><\/td>\n<\/tr>\n<\/tbody>\n<\/table>\n","protected":false},"excerpt":{"rendered":"<p>&nbsp; Orden 3\/6\/2016 &#8211; REGULA EL SISTEMA ENSE\u00d1ANZA LENGUAS EXTRANJERAS (biling\u00fce) en la Regi\u00f3n de Murcia Resoluci\u00f3n provisional de autorizaci\u00f3n &#8230; <a title=\"Relaci\u00f3n de IES con secciones Biling\u00fces\" class=\"read-more\" href=\"https:\/\/sidimurcia.org\/index.php\/relacion-de-ies-con-secciones-bilingues\/\" aria-label=\"Leer m\u00e1s sobre Relaci\u00f3n de IES con secciones Biling\u00fces\">Leer mas<\/a><\/p>\n","protected":false},"author":1,"featured_media":0,"parent":0,"menu_order":0,"comment_status":"closed","ping_status":"closed","template":"","meta":{"footnotes":""},"class_list":["post-214","page","type-page","status-publish"],"yoast_head":"<!-- This site is optimized with the Yoast SEO plugin v27.2 - https:\/\/yoast.com\/product\/yoast-seo-wordpress\/ -->\n<title>Relaci\u00f3n de IES con secciones Biling\u00fces - SIDI<\/title>\n<meta name=\"robots\" content=\"index, follow, max-snippet:-1, max-image-preview:large, max-video-preview:-1\" \/>\n<link rel=\"canonical\" href=\"https:\/\/sidimurcia.org\/index.php\/relacion-de-ies-con-secciones-bilingues\/\" \/>\n<meta property=\"og:locale\" content=\"es_ES\" \/>\n<meta property=\"og:type\" content=\"article\" \/>\n<meta property=\"og:title\" content=\"Relaci\u00f3n de IES con secciones Biling\u00fces - SIDI\" \/>\n<meta property=\"og:description\" content=\"&nbsp; Orden 3\/6\/2016 &#8211; REGULA EL SISTEMA ENSE\u00d1ANZA LENGUAS EXTRANJERAS (biling\u00fce) en la Regi\u00f3n de Murcia Resoluci\u00f3n provisional de autorizaci\u00f3n ... Leer mas\" \/>\n<meta property=\"og:url\" content=\"https:\/\/sidimurcia.org\/index.php\/relacion-de-ies-con-secciones-bilingues\/\" \/>\n<meta property=\"og:site_name\" content=\"SIDI\" \/>\n<meta property=\"article:publisher\" content=\"https:\/\/es-es.facebook.com\/sidi.sindicatodedocentes\" \/>\n<meta property=\"article:modified_time\" content=\"2019-12-11T09:47:37+00:00\" \/>\n<meta name=\"twitter:card\" content=\"summary_large_image\" \/>\n<meta name=\"twitter:site\" content=\"@SIDIMURCIA\" \/>\n<meta name=\"twitter:label1\" content=\"Tiempo de lectura\" \/>\n\t<meta name=\"twitter:data1\" content=\"2 minutos\" \/>\n<script type=\"application\/ld+json\" class=\"yoast-schema-graph\">{\"@context\":\"https:\/\/schema.org\",\"@graph\":[{\"@type\":\"WebPage\",\"@id\":\"https:\/\/sidimurcia.org\/index.php\/relacion-de-ies-con-secciones-bilingues\/\",\"url\":\"https:\/\/sidimurcia.org\/index.php\/relacion-de-ies-con-secciones-bilingues\/\",\"name\":\"Relaci\u00f3n de IES con secciones Biling\u00fces - SIDI\",\"isPartOf\":{\"@id\":\"https:\/\/sidimurcia.org\/#website\"},\"datePublished\":\"2019-10-10T16:06:07+00:00\",\"dateModified\":\"2019-12-11T09:47:37+00:00\",\"breadcrumb\":{\"@id\":\"https:\/\/sidimurcia.org\/index.php\/relacion-de-ies-con-secciones-bilingues\/#breadcrumb\"},\"inLanguage\":\"es\",\"potentialAction\":[{\"@type\":\"ReadAction\",\"target\":[\"https:\/\/sidimurcia.org\/index.php\/relacion-de-ies-con-secciones-bilingues\/\"]}]},{\"@type\":\"BreadcrumbList\",\"@id\":\"https:\/\/sidimurcia.org\/index.php\/relacion-de-ies-con-secciones-bilingues\/#breadcrumb\",\"itemListElement\":[{\"@type\":\"ListItem\",\"position\":1,\"name\":\"Portada\",\"item\":\"https:\/\/sidimurcia.org\/\"},{\"@type\":\"ListItem\",\"position\":2,\"name\":\"Relaci\u00f3n de IES con secciones Biling\u00fces\"}]},{\"@type\":\"WebSite\",\"@id\":\"https:\/\/sidimurcia.org\/#website\",\"url\":\"https:\/\/sidimurcia.org\/\",\"name\":\"SIDI\",\"description\":\"Sindicato Independiente de Docentes\",\"publisher\":{\"@id\":\"https:\/\/sidimurcia.org\/#organization\"},\"potentialAction\":[{\"@type\":\"SearchAction\",\"target\":{\"@type\":\"EntryPoint\",\"urlTemplate\":\"https:\/\/sidimurcia.org\/?s={search_term_string}\"},\"query-input\":{\"@type\":\"PropertyValueSpecification\",\"valueRequired\":true,\"valueName\":\"search_term_string\"}}],\"inLanguage\":\"es\"},{\"@type\":\"Organization\",\"@id\":\"https:\/\/sidimurcia.org\/#organization\",\"name\":\"Sindicato Independiente de Docentes - SIDI\",\"url\":\"https:\/\/sidimurcia.org\/\",\"logo\":{\"@type\":\"ImageObject\",\"inLanguage\":\"es\",\"@id\":\"https:\/\/sidimurcia.org\/#\/schema\/logo\/image\/\",\"url\":\"https:\/\/sidimurcia.org\/wp-content\/uploads\/cropped-PARAPESTANAWEB-1.jpg\",\"contentUrl\":\"https:\/\/sidimurcia.org\/wp-content\/uploads\/cropped-PARAPESTANAWEB-1.jpg\",\"width\":512,\"height\":512,\"caption\":\"Sindicato Independiente de Docentes - SIDI\"},\"image\":{\"@id\":\"https:\/\/sidimurcia.org\/#\/schema\/logo\/image\/\"},\"sameAs\":[\"https:\/\/es-es.facebook.com\/sidi.sindicatodedocentes\",\"https:\/\/x.com\/SIDIMURCIA\",\"https:\/\/www.instagram.com\/sidi_murcia\/\",\"https:\/\/www.youtube.com\/channel\/UCwwdL3uFtDKJdbOfmC70wIQ\"]}]}<\/script>\n<!-- \/ Yoast SEO plugin. -->","yoast_head_json":{"title":"Relaci\u00f3n de IES con secciones Biling\u00fces - SIDI","robots":{"index":"index","follow":"follow","max-snippet":"max-snippet:-1","max-image-preview":"max-image-preview:large","max-video-preview":"max-video-preview:-1"},"canonical":"https:\/\/sidimurcia.org\/index.php\/relacion-de-ies-con-secciones-bilingues\/","og_locale":"es_ES","og_type":"article","og_title":"Relaci\u00f3n de IES con secciones Biling\u00fces - SIDI","og_description":"&nbsp; Orden 3\/6\/2016 &#8211; REGULA EL SISTEMA ENSE\u00d1ANZA LENGUAS EXTRANJERAS (biling\u00fce) en la Regi\u00f3n de Murcia Resoluci\u00f3n provisional de autorizaci\u00f3n ... Leer mas","og_url":"https:\/\/sidimurcia.org\/index.php\/relacion-de-ies-con-secciones-bilingues\/","og_site_name":"SIDI","article_publisher":"https:\/\/es-es.facebook.com\/sidi.sindicatodedocentes","article_modified_time":"2019-12-11T09:47:37+00:00","twitter_card":"summary_large_image","twitter_site":"@SIDIMURCIA","twitter_misc":{"Tiempo de lectura":"2 minutos"},"schema":{"@context":"https:\/\/schema.org","@graph":[{"@type":"WebPage","@id":"https:\/\/sidimurcia.org\/index.php\/relacion-de-ies-con-secciones-bilingues\/","url":"https:\/\/sidimurcia.org\/index.php\/relacion-de-ies-con-secciones-bilingues\/","name":"Relaci\u00f3n de IES con secciones Biling\u00fces - SIDI","isPartOf":{"@id":"https:\/\/sidimurcia.org\/#website"},"datePublished":"2019-10-10T16:06:07+00:00","dateModified":"2019-12-11T09:47:37+00:00","breadcrumb":{"@id":"https:\/\/sidimurcia.org\/index.php\/relacion-de-ies-con-secciones-bilingues\/#breadcrumb"},"inLanguage":"es","potentialAction":[{"@type":"ReadAction","target":["https:\/\/sidimurcia.org\/index.php\/relacion-de-ies-con-secciones-bilingues\/"]}]},{"@type":"BreadcrumbList","@id":"https:\/\/sidimurcia.org\/index.php\/relacion-de-ies-con-secciones-bilingues\/#breadcrumb","itemListElement":[{"@type":"ListItem","position":1,"name":"Portada","item":"https:\/\/sidimurcia.org\/"},{"@type":"ListItem","position":2,"name":"Relaci\u00f3n de IES con secciones Biling\u00fces"}]},{"@type":"WebSite","@id":"https:\/\/sidimurcia.org\/#website","url":"https:\/\/sidimurcia.org\/","name":"SIDI","description":"Sindicato Independiente de Docentes","publisher":{"@id":"https:\/\/sidimurcia.org\/#organization"},"potentialAction":[{"@type":"SearchAction","target":{"@type":"EntryPoint","urlTemplate":"https:\/\/sidimurcia.org\/?s={search_term_string}"},"query-input":{"@type":"PropertyValueSpecification","valueRequired":true,"valueName":"search_term_string"}}],"inLanguage":"es"},{"@type":"Organization","@id":"https:\/\/sidimurcia.org\/#organization","name":"Sindicato Independiente de Docentes - SIDI","url":"https:\/\/sidimurcia.org\/","logo":{"@type":"ImageObject","inLanguage":"es","@id":"https:\/\/sidimurcia.org\/#\/schema\/logo\/image\/","url":"https:\/\/sidimurcia.org\/wp-content\/uploads\/cropped-PARAPESTANAWEB-1.jpg","contentUrl":"https:\/\/sidimurcia.org\/wp-content\/uploads\/cropped-PARAPESTANAWEB-1.jpg","width":512,"height":512,"caption":"Sindicato Independiente de Docentes - SIDI"},"image":{"@id":"https:\/\/sidimurcia.org\/#\/schema\/logo\/image\/"},"sameAs":["https:\/\/es-es.facebook.com\/sidi.sindicatodedocentes","https:\/\/x.com\/SIDIMURCIA","https:\/\/www.instagram.com\/sidi_murcia\/","https:\/\/www.youtube.com\/channel\/UCwwdL3uFtDKJdbOfmC70wIQ"]}]}},"_links":{"self":[{"href":"https:\/\/sidimurcia.org\/index.php\/wp-json\/wp\/v2\/pages\/214","targetHints":{"allow":["GET"]}}],"collection":[{"href":"https:\/\/sidimurcia.org\/index.php\/wp-json\/wp\/v2\/pages"}],"about":[{"href":"https:\/\/sidimurcia.org\/index.php\/wp-json\/wp\/v2\/types\/page"}],"author":[{"embeddable":true,"href":"https:\/\/sidimurcia.org\/index.php\/wp-json\/wp\/v2\/users\/1"}],"replies":[{"embeddable":true,"href":"https:\/\/sidimurcia.org\/index.php\/wp-json\/wp\/v2\/comments?post=214"}],"version-history":[{"count":0,"href":"https:\/\/sidimurcia.org\/index.php\/wp-json\/wp\/v2\/pages\/214\/revisions"}],"wp:attachment":[{"href":"https:\/\/sidimurcia.org\/index.php\/wp-json\/wp\/v2\/media?parent=214"}],"curies":[{"name":"wp","href":"https:\/\/api.w.org\/{rel}","templated":true}]}}