{"id":218,"date":"2019-10-10T16:08:58","date_gmt":"2019-10-10T16:08:58","guid":{"rendered":"https:\/\/sidimurcia.org\/wp\/?page_id=218"},"modified":"2019-10-10T16:08:58","modified_gmt":"2019-10-10T16:08:58","slug":"boletines-oficiales","status":"publish","type":"page","link":"https:\/\/sidimurcia.org\/index.php\/boletines-oficiales\/","title":{"rendered":"Boletines Oficiales"},"content":{"rendered":"<table class=\"contentpaneopen\">\n<tbody>\n<tr>\n<td class=\"contentheading\" width=\"100%\">Boletines oficiales auton\u00f3micos.<\/td>\n<\/tr>\n<\/tbody>\n<\/table>\n<table class=\"contentpaneopen\">\n<tbody>\n<tr>\n<td colspan=\"2\" valign=\"top\">\n<ul>\n<li><strong><a href=\"http:\/\/www.mec.es\/tablon\/bomec\/index.html\">Bolet\u00edn Oficial del Ministerio de Educaci\u00f3n y Cultura<\/a><\/strong><\/li>\n<li><strong><a href=\"http:\/\/www.boe.es\/\">BOE<\/a><\/strong><\/li>\n<li><strong><a href=\"http:\/\/www.carm.es\/borm\">BORM<\/a><\/strong><\/li>\n<\/ul>\n<p>&nbsp;<\/p>\n<ul>\n<li><strong>Auton\u00f3micos:<\/strong>\n<ul>\n<li><strong><a href=\"http:\/\/www.andaluciajunta.es\/BOJA\">Andaluc\u00eda<\/a> (<a href=\"http:\/\/www.parlamento-and.es\/\">Parlamento<\/a>) <\/strong><\/li>\n<li><strong><a href=\"http:\/\/portal.aragob.es\/pls\/portal30\/url\/folder\/boa\">Arag\u00f3n<\/a> (<a href=\"http:\/\/www.cortesaragon.es\/\">Cortes<\/a>) <\/strong><\/li>\n<li><strong><a href=\"http:\/\/www.princast.es\/bopa\/\">Asturias<\/a> (<a href=\"http:\/\/www.jgpa.es\/\">Junta Gral.<\/a>) <\/strong><\/li>\n<li><strong><a href=\"http:\/\/boib.caib.es\/\">Baleares<\/a> (<a href=\"http:\/\/www.parlamentib.es\/\">Parlamento<\/a>) <\/strong><\/li>\n<li><strong><a href=\"http:\/\/www.gobcan.es\/boc\/index.html\">Canarias<\/a> (<a href=\"http:\/\/www1.parcan.rcanaria.es\/\">Parlamento<\/a>) <\/strong><\/li>\n<li><strong><a href=\"http:\/\/boc.gobcantabria.es\/boc\/\">Cantabria<\/a> (<a href=\"http:\/\/www.parlamento-cantabria.es\/\">Parlamento<\/a>) <\/strong><\/li>\n<li><strong><a href=\"http:\/\/bocyl.jcyl.es\/\">Castilla y Le\u00f3n<\/a> (<a href=\"http:\/\/www.ccyl.es\/\">Cortes<\/a>) <\/strong><\/li>\n<li><strong><a href=\"http:\/\/www.jccm.es\/docm\/ultimo\/indice.htm\">Castilla-La Mancha<\/a> (<a href=\"http:\/\/www.cortesclm.es\/\">Cortes<\/a>) <\/strong><\/li>\n<li><strong><a href=\"http:\/\/www.gencat.net\/diari_c\/\">Catalu\u00f1a<\/a> (<a href=\"http:\/\/www.gencat.es\/parlam\">Parlamento<\/a>) <\/strong><\/li>\n<li><strong><a href=\"http:\/\/www.ciceuta.es\/inicio.htm\">Ceuta<\/a> <\/strong><\/li>\n<li><strong><a href=\"http:\/\/www.pre.gva.es\/dogvweb\/cindex.htm\">Comunidad Valenciana<\/a> (<a href=\"http:\/\/www.corts.gva.es\/\">Cortes<\/a>) <\/strong><\/li>\n<li><strong><a href=\"http:\/\/62.175.251.135\/\">Extremadura<\/a> (<a href=\"http:\/\/www.asambleaex.es\/\">Asamblea<\/a>)<\/strong><\/li>\n<li><strong><a href=\"http:\/\/www.xunta.es\/doga\/index.htm\">Galicia<\/a> (<a href=\"http:\/\/www.parlamentodegalicia.es\/\">Parlamento<\/a>) <\/strong><\/li>\n<li><strong><a href=\"http:\/\/www.larioja.org:81\/owa-sac\/plsql\/G0.sac_sch?p_opcion=G04.bor_home\">La Rioja<\/a> (<a href=\"http:\/\/www.parlamento-larioja.org\/primera.htm\">Parlamento<\/a>) <\/strong><\/li>\n<li><strong><a href=\"http:\/\/www.madrid.org\/bocm\/\">Madrid<\/a> (<a href=\"http:\/\/www.asambleamadrid.es\/\">Asamblea<\/a>)<\/strong><\/li>\n<li><strong>\u00a0<a href=\"http:\/\/www.camelilla.es\/portal\/bome\/\">Melilla<\/a> <\/strong><\/li>\n<li><strong><a href=\"http:\/\/www.cfnavarra.es\/bon\/bonidx.htm\">Navarra<\/a> (<a href=\"http:\/\/www.parlamento-navarra.es\/\">Parlamento<\/a>) <\/strong><\/li>\n<li><strong><a href=\"http:\/\/www.euskadi.net\/bopv\/indice_c.htm\">Pa\u00eds Vasco<\/a> (<a href=\"http:\/\/parlamento.euskadi.net\/\">Parlamento<\/a>) <\/strong><\/li>\n<\/ul>\n<p>&nbsp;<\/li>\n<li><strong>Provinciales:<\/strong>\n<ul>\n<li><strong><a href=\"http:\/\/web.alava.net\/nbotha\/\">Alava<\/a> (<a href=\"http:\/\/www.jjggalava.es\/\">J.G.<\/a>) <\/strong><\/li>\n<li><strong><a href=\"http:\/\/www.dipualba.es\/bop\/\">Albacete<\/a><\/strong><\/li>\n<li><strong><a href=\"http:\/\/www.dip-alicante.es\/bop\">Alicante<\/a><\/strong><\/li>\n<li><strong><a href=\"http:\/\/www.dipalme.org\/bop\">Almer\u00eda<\/a><\/strong><\/li>\n<li><strong><a href=\"http:\/\/www.diputacionavila.net\/bop\/\">Avila<\/a><\/strong><\/li>\n<li><strong><a href=\"http:\/\/www.dip-badajoz.es\/bop\/\">Badajoz<\/a><\/strong><\/li>\n<li><strong><a href=\"http:\/\/bop.diba.es\/\">Barcelona<\/a><\/strong><\/li>\n<li><strong><a href=\"http:\/\/web.bizkaia.net\/lehendakaritza\/Bao_bob\/ca_bao.htm\">Bizkaia<\/a> (<a href=\"http:\/\/www.jjggbizkaia.net\/castellano\/boletines\/\">J.G.<\/a>) <\/strong><\/li>\n<li><strong><a href=\"http:\/\/www.diputaciondeburgos.es\/bop.cfm\">Burgos<\/a><\/strong><\/li>\n<li><strong><a href=\"http:\/\/www.dip-caceres.es\/00dip\/indexb.php?notic=10&amp;desp=ant_bop.php&amp;conten=..\/09bop\/09bop-00bop.html\">C\u00e1ceres<\/a><\/strong><\/li>\n<li><strong><a href=\"http:\/\/www.bopcadiz.org\/\">C\u00e1diz<\/a><\/strong><\/li>\n<li><strong><a href=\"http:\/\/www.dipcas.es\/bop\/home.htm\">Castell\u00f3n<\/a><\/strong><\/li>\n<li><strong><a href=\"http:\/\/www.dipucr.es\/bop.htm\">Ciudad Real<\/a><\/strong><\/li>\n<li><strong><a href=\"http:\/\/www.eprinsa.es\/bop\/\">C\u00f3rdoba<\/a><\/strong><\/li>\n<li><strong><a href=\"http:\/\/www.dicoruna.es\/bop\/\">Coru\u00f1a<\/a><\/strong><\/li>\n<li><strong><a href=\"http:\/\/www.dipucuenca.es\/dipucuenca\/bop\/2000\/1\/index.htm\">Cuenca<\/a><\/strong><\/li>\n<li><strong><a href=\"http:\/\/www.gipuzkoa.net\/castell\/bog\/boletin.htm\">Gipuzkoa<\/a> (<a href=\"http:\/\/www.jjgg-gipuzkoa.org\/\">J.G.<\/a>)<\/strong><\/li>\n<li><strong><a href=\"http:\/\/www.ddgi.es\/bop\/\">Girona<\/a><\/strong><\/li>\n<li><strong><a href=\"http:\/\/aspnet.interprogramas.com\/bopgu\/ppal\/calendario.aspx\">Guadalajara <\/a><\/strong><\/li>\n<li><strong><a href=\"http:\/\/www.dipgra.es\/bop.htm\">Granada<\/a><\/strong><\/li>\n<li><strong><a href=\"http:\/\/www.diphuelva.es\/personal\/bop\/bop2.asp\">Huelva<\/a><\/strong><\/li>\n<li><strong><a href=\"http:\/\/www.aragob.es\/sid\/dphuesca\/huesca.htm\">Huesca<\/a><\/strong><\/li>\n<li><strong><a href=\"http:\/\/www.promojaen.es\/dipujaen\/bop\/index.htm\">Ja\u00e9n<\/a><\/strong><\/li>\n<li><strong><a href=\"http:\/\/www.boplaspalmas.com\/\">Las Palmas<\/a><\/strong><\/li>\n<li><strong>Le\u00f3n <\/strong><\/li>\n<li><strong><a href=\"http:\/\/www.diputaciolleida.es\/c\/tauler\/index-bop.html\">Lleida<\/a><\/strong><\/li>\n<li><strong><a href=\"http:\/\/www.diputacionlugo.org\/servicios\/servicios.htm\">Lugo<\/a><\/strong><\/li>\n<li><strong><a href=\"http:\/\/www.bopmalaga.org\/\">M\u00e1laga<\/a><\/strong><\/li>\n<li><strong><a href=\"http:\/\/www.depourense.es\/web\/bop.htm\">Ourense<\/a><\/strong><\/li>\n<li><strong><a href=\"http:\/\/www.dip-palencia.es\/bop\/bop_archivos\/fullscreen.htm\">Palencia <\/a><\/strong><\/li>\n<li><strong><a href=\"http:\/\/bop.depontevedra.es\/\">Pontevedra<\/a><\/strong><\/li>\n<li><strong><a href=\"http:\/\/www.dipsanet.es\/Aplicaciones\/boletines\/BOP.jsp\">Salamanca<\/a><\/strong><\/li>\n<li><strong><a href=\"http:\/\/www.dipsegovia.es\/contenidos\/cpcontent.asp?contentid=28&amp;nodeid=75\">Segovia<\/a><\/strong><\/li>\n<li><strong><a href=\"http:\/\/www.dipusevilla.es\/bop\/\">Sevilla<\/a><\/strong><\/li>\n<li><strong><a href=\"http:\/\/www.dipsoria.es\/bopftp\/bopftp.htm\">Soria<\/a><\/strong><\/li>\n<li><strong><a href=\"http:\/\/bop.altanet.org\/\">Tarragona<\/a><\/strong><\/li>\n<li><strong><a href=\"http:\/\/www.bopsantacruzdetenerife.org\/\">Tenerife<\/a><\/strong><\/li>\n<li><strong><a href=\"http:\/\/www.aragob.es\/sid\/dpteruel\/teruel.htm\">Teruel<\/a><\/strong><\/li>\n<li><strong><a href=\"http:\/\/www.diputoledo.es\/bop\/\">Toledo<\/a><\/strong><\/li>\n<li><strong>\u00a0<a href=\"http:\/\/www.dva.gva.es\/diputacion.asp?BOP\">Valencia<\/a><\/strong><\/li>\n<li><strong><a href=\"http:\/\/www.diputaciondevalladolid.es\/bop\/index.shtml\">Valladolid<\/a><\/strong><\/li>\n<li><strong><a href=\"http:\/\/www.zamoradipu.es\/diputacion\/diputacion.htm\">Zamora<\/a><\/strong><\/li>\n<li><strong><a href=\"http:\/\/bop.dpz.es\/\">Zaragoza<\/a><\/strong><\/li>\n<\/ul>\n<\/li>\n<\/ul>\n<\/td>\n<\/tr>\n<\/tbody>\n<\/table>\n","protected":false},"excerpt":{"rendered":"<p>Boletines oficiales auton\u00f3micos. Bolet\u00edn Oficial del Ministerio de Educaci\u00f3n y Cultura BOE BORM &nbsp; Auton\u00f3micos: Andaluc\u00eda (Parlamento) Arag\u00f3n (Cortes) Asturias &#8230; <a title=\"Boletines Oficiales\" class=\"read-more\" href=\"https:\/\/sidimurcia.org\/index.php\/boletines-oficiales\/\" aria-label=\"Leer m\u00e1s sobre Boletines Oficiales\">Leer mas<\/a><\/p>\n","protected":false},"author":1,"featured_media":0,"parent":0,"menu_order":0,"comment_status":"closed","ping_status":"closed","template":"","meta":{"footnotes":""},"class_list":["post-218","page","type-page","status-publish"],"yoast_head":"<!-- This site is optimized with the Yoast SEO plugin v27.2 - https:\/\/yoast.com\/product\/yoast-seo-wordpress\/ -->\n<title>Boletines Oficiales - SIDI<\/title>\n<meta name=\"robots\" content=\"index, follow, max-snippet:-1, max-image-preview:large, max-video-preview:-1\" \/>\n<link rel=\"canonical\" href=\"https:\/\/sidimurcia.org\/index.php\/boletines-oficiales\/\" \/>\n<meta property=\"og:locale\" content=\"es_ES\" \/>\n<meta property=\"og:type\" content=\"article\" \/>\n<meta property=\"og:title\" content=\"Boletines Oficiales - SIDI\" \/>\n<meta property=\"og:description\" content=\"Boletines oficiales auton\u00f3micos. Bolet\u00edn Oficial del Ministerio de Educaci\u00f3n y Cultura BOE BORM &nbsp; Auton\u00f3micos: Andaluc\u00eda (Parlamento) Arag\u00f3n (Cortes) Asturias ... Leer mas\" \/>\n<meta property=\"og:url\" content=\"https:\/\/sidimurcia.org\/index.php\/boletines-oficiales\/\" \/>\n<meta property=\"og:site_name\" content=\"SIDI\" \/>\n<meta property=\"article:publisher\" content=\"https:\/\/es-es.facebook.com\/sidi.sindicatodedocentes\" \/>\n<meta name=\"twitter:card\" content=\"summary_large_image\" \/>\n<meta name=\"twitter:site\" content=\"@SIDIMURCIA\" \/>\n<meta name=\"twitter:label1\" content=\"Tiempo de lectura\" \/>\n\t<meta name=\"twitter:data1\" content=\"1 minuto\" \/>\n<script type=\"application\/ld+json\" class=\"yoast-schema-graph\">{\"@context\":\"https:\/\/schema.org\",\"@graph\":[{\"@type\":\"WebPage\",\"@id\":\"https:\/\/sidimurcia.org\/index.php\/boletines-oficiales\/\",\"url\":\"https:\/\/sidimurcia.org\/index.php\/boletines-oficiales\/\",\"name\":\"Boletines Oficiales - SIDI\",\"isPartOf\":{\"@id\":\"https:\/\/sidimurcia.org\/#website\"},\"datePublished\":\"2019-10-10T16:08:58+00:00\",\"breadcrumb\":{\"@id\":\"https:\/\/sidimurcia.org\/index.php\/boletines-oficiales\/#breadcrumb\"},\"inLanguage\":\"es\",\"potentialAction\":[{\"@type\":\"ReadAction\",\"target\":[\"https:\/\/sidimurcia.org\/index.php\/boletines-oficiales\/\"]}]},{\"@type\":\"BreadcrumbList\",\"@id\":\"https:\/\/sidimurcia.org\/index.php\/boletines-oficiales\/#breadcrumb\",\"itemListElement\":[{\"@type\":\"ListItem\",\"position\":1,\"name\":\"Portada\",\"item\":\"https:\/\/sidimurcia.org\/\"},{\"@type\":\"ListItem\",\"position\":2,\"name\":\"Boletines Oficiales\"}]},{\"@type\":\"WebSite\",\"@id\":\"https:\/\/sidimurcia.org\/#website\",\"url\":\"https:\/\/sidimurcia.org\/\",\"name\":\"SIDI\",\"description\":\"Sindicato Independiente de Docentes\",\"publisher\":{\"@id\":\"https:\/\/sidimurcia.org\/#organization\"},\"potentialAction\":[{\"@type\":\"SearchAction\",\"target\":{\"@type\":\"EntryPoint\",\"urlTemplate\":\"https:\/\/sidimurcia.org\/?s={search_term_string}\"},\"query-input\":{\"@type\":\"PropertyValueSpecification\",\"valueRequired\":true,\"valueName\":\"search_term_string\"}}],\"inLanguage\":\"es\"},{\"@type\":\"Organization\",\"@id\":\"https:\/\/sidimurcia.org\/#organization\",\"name\":\"Sindicato Independiente de Docentes - SIDI\",\"url\":\"https:\/\/sidimurcia.org\/\",\"logo\":{\"@type\":\"ImageObject\",\"inLanguage\":\"es\",\"@id\":\"https:\/\/sidimurcia.org\/#\/schema\/logo\/image\/\",\"url\":\"https:\/\/sidimurcia.org\/wp-content\/uploads\/cropped-PARAPESTANAWEB-1.jpg\",\"contentUrl\":\"https:\/\/sidimurcia.org\/wp-content\/uploads\/cropped-PARAPESTANAWEB-1.jpg\",\"width\":512,\"height\":512,\"caption\":\"Sindicato Independiente de Docentes - SIDI\"},\"image\":{\"@id\":\"https:\/\/sidimurcia.org\/#\/schema\/logo\/image\/\"},\"sameAs\":[\"https:\/\/es-es.facebook.com\/sidi.sindicatodedocentes\",\"https:\/\/x.com\/SIDIMURCIA\",\"https:\/\/www.instagram.com\/sidi_murcia\/\",\"https:\/\/www.youtube.com\/channel\/UCwwdL3uFtDKJdbOfmC70wIQ\"]}]}<\/script>\n<!-- \/ Yoast SEO plugin. -->","yoast_head_json":{"title":"Boletines Oficiales - SIDI","robots":{"index":"index","follow":"follow","max-snippet":"max-snippet:-1","max-image-preview":"max-image-preview:large","max-video-preview":"max-video-preview:-1"},"canonical":"https:\/\/sidimurcia.org\/index.php\/boletines-oficiales\/","og_locale":"es_ES","og_type":"article","og_title":"Boletines Oficiales - SIDI","og_description":"Boletines oficiales auton\u00f3micos. Bolet\u00edn Oficial del Ministerio de Educaci\u00f3n y Cultura BOE BORM &nbsp; Auton\u00f3micos: Andaluc\u00eda (Parlamento) Arag\u00f3n (Cortes) Asturias ... Leer mas","og_url":"https:\/\/sidimurcia.org\/index.php\/boletines-oficiales\/","og_site_name":"SIDI","article_publisher":"https:\/\/es-es.facebook.com\/sidi.sindicatodedocentes","twitter_card":"summary_large_image","twitter_site":"@SIDIMURCIA","twitter_misc":{"Tiempo de lectura":"1 minuto"},"schema":{"@context":"https:\/\/schema.org","@graph":[{"@type":"WebPage","@id":"https:\/\/sidimurcia.org\/index.php\/boletines-oficiales\/","url":"https:\/\/sidimurcia.org\/index.php\/boletines-oficiales\/","name":"Boletines Oficiales - SIDI","isPartOf":{"@id":"https:\/\/sidimurcia.org\/#website"},"datePublished":"2019-10-10T16:08:58+00:00","breadcrumb":{"@id":"https:\/\/sidimurcia.org\/index.php\/boletines-oficiales\/#breadcrumb"},"inLanguage":"es","potentialAction":[{"@type":"ReadAction","target":["https:\/\/sidimurcia.org\/index.php\/boletines-oficiales\/"]}]},{"@type":"BreadcrumbList","@id":"https:\/\/sidimurcia.org\/index.php\/boletines-oficiales\/#breadcrumb","itemListElement":[{"@type":"ListItem","position":1,"name":"Portada","item":"https:\/\/sidimurcia.org\/"},{"@type":"ListItem","position":2,"name":"Boletines Oficiales"}]},{"@type":"WebSite","@id":"https:\/\/sidimurcia.org\/#website","url":"https:\/\/sidimurcia.org\/","name":"SIDI","description":"Sindicato Independiente de Docentes","publisher":{"@id":"https:\/\/sidimurcia.org\/#organization"},"potentialAction":[{"@type":"SearchAction","target":{"@type":"EntryPoint","urlTemplate":"https:\/\/sidimurcia.org\/?s={search_term_string}"},"query-input":{"@type":"PropertyValueSpecification","valueRequired":true,"valueName":"search_term_string"}}],"inLanguage":"es"},{"@type":"Organization","@id":"https:\/\/sidimurcia.org\/#organization","name":"Sindicato Independiente de Docentes - SIDI","url":"https:\/\/sidimurcia.org\/","logo":{"@type":"ImageObject","inLanguage":"es","@id":"https:\/\/sidimurcia.org\/#\/schema\/logo\/image\/","url":"https:\/\/sidimurcia.org\/wp-content\/uploads\/cropped-PARAPESTANAWEB-1.jpg","contentUrl":"https:\/\/sidimurcia.org\/wp-content\/uploads\/cropped-PARAPESTANAWEB-1.jpg","width":512,"height":512,"caption":"Sindicato Independiente de Docentes - SIDI"},"image":{"@id":"https:\/\/sidimurcia.org\/#\/schema\/logo\/image\/"},"sameAs":["https:\/\/es-es.facebook.com\/sidi.sindicatodedocentes","https:\/\/x.com\/SIDIMURCIA","https:\/\/www.instagram.com\/sidi_murcia\/","https:\/\/www.youtube.com\/channel\/UCwwdL3uFtDKJdbOfmC70wIQ"]}]}},"_links":{"self":[{"href":"https:\/\/sidimurcia.org\/index.php\/wp-json\/wp\/v2\/pages\/218","targetHints":{"allow":["GET"]}}],"collection":[{"href":"https:\/\/sidimurcia.org\/index.php\/wp-json\/wp\/v2\/pages"}],"about":[{"href":"https:\/\/sidimurcia.org\/index.php\/wp-json\/wp\/v2\/types\/page"}],"author":[{"embeddable":true,"href":"https:\/\/sidimurcia.org\/index.php\/wp-json\/wp\/v2\/users\/1"}],"replies":[{"embeddable":true,"href":"https:\/\/sidimurcia.org\/index.php\/wp-json\/wp\/v2\/comments?post=218"}],"version-history":[{"count":0,"href":"https:\/\/sidimurcia.org\/index.php\/wp-json\/wp\/v2\/pages\/218\/revisions"}],"wp:attachment":[{"href":"https:\/\/sidimurcia.org\/index.php\/wp-json\/wp\/v2\/media?parent=218"}],"curies":[{"name":"wp","href":"https:\/\/api.w.org\/{rel}","templated":true}]}}