{"id":3027,"date":"2020-02-25T12:04:31","date_gmt":"2020-02-25T12:04:31","guid":{"rendered":"https:\/\/sidimurcia.org\/?page_id=3027"},"modified":"2020-02-27T19:59:50","modified_gmt":"2020-02-27T19:59:50","slug":"tarjeta-carm","status":"publish","type":"page","link":"https:\/\/sidimurcia.org\/index.php\/tarjeta-carm\/","title":{"rendered":"Tarjeta CARM"},"content":{"rendered":"<p><img loading=\"lazy\" decoding=\"async\" class=\"wp-image-3028 alignleft\" src=\"https:\/\/sidimurcia.org\/wp-content\/uploads\/resultado-de-imagen-de-tarjeta-educarm.jpeg\" alt=\"Resultado de imagen de tarjeta EDUCArM\" width=\"166\" height=\"103\" \/><\/p>\n<p>&nbsp;<\/p>\n<p><span style=\"font-family: helvetica, arial, sans-serif; font-size: 20px; color: #993366;\">Tarjeta con certificado di<\/span><span style=\"font-family: helvetica, arial, sans-serif; font-size: 20px; color: #993366;\">gital de CAMERFIRMA expedida por la CARM<\/span><\/p>\n<p>&nbsp;<\/p>\n<p>Si quiere disponer de ella, debe realizar una solicitud a la Consejer\u00eda seg\u00fan el m\u00e9todo explicado en el siguiente video:<\/p>\n<p><iframe loading=\"lazy\" src=\"https:\/\/www.youtube.com\/embed\/7CzKQGgUwHs\" width=\"560\" height=\"315\" frameborder=\"0\" allowfullscreen=\"allowfullscreen\"><\/iframe><\/p>\n<p>O seguir los pasos que indican desde la web de atenci\u00f3n a usuarios de la Consejer\u00eda de Educaci\u00f3n en la <a href=\"http:\/\/eduwiki.murciaeduca.es\/wiki\/index.php\/Tarjeta_TiDcarm\">EDUWIKI.MURCIADUCA.ES<\/a><\/p>\n<p>&nbsp;<\/p>\n<p>Una vez tengamos la tarjeta inteligente, para poder utilizarla, tenemos que acceder a la web de descargas del software para el certificado de Camerfirma que a d\u00eda 17\/01\/2020 es: <a href=\"http:\/\/cdn.bit4id.com\/es\/camerfirma\/descargas_camerfirma_bit4id.htm\">http:\/\/cdn.bit4id.com\/es\/camerfirma\/descargas_camerfirma_bit4id.htm<\/a><\/p>\n<p><img loading=\"lazy\" decoding=\"async\" width=\"616\" height=\"512\" class=\"wp-image-3029 aligncenter\" src=\"https:\/\/sidimurcia.org\/wp-content\/uploads\/word-image-32.png\" srcset=\"https:\/\/sidimurcia.org\/wp-content\/uploads\/word-image-32.png 616w, https:\/\/sidimurcia.org\/wp-content\/uploads\/word-image-32-300x249.png 300w\" sizes=\"auto, (max-width: 616px) 100vw, 616px\" \/><\/p>\n<p style=\"text-align: center;\">Descargue el software seg\u00fan tu Sistema Operativo.<\/p>\n<p>&nbsp;<\/p>\n<p>En principio, este software contiene drivers gen\u00e9ricos para que funcione el lector de tarjetas por lo que tras su instalaci\u00f3n ya podr\u00eda usarlo. Es recomendable que tras la instalaci\u00f3n reinicie el PC.<\/p>\n<p>Si el PC no reconoce el lector de tarjetas inteligentes, debe acceder a la web del fabricante para descargar sus drivers y proceder a su instalaci\u00f3n.<\/p>\n<p>Tambi\u00e9n recuerde que el CHIP tiene una posici\u00f3n de lectura por lo que, si al principio siempre aparece la luz del lector en rojo, pruebe a insertar la tarjeta de nuevo con el CHIP hacia el otro lado (arriba o abajo).<\/p>\n<p>Tambien dispone en esta direcci\u00f3n de una serie de instrucciones para realizar la instalaci\u00f3n en diversos navegadores: <a href=\"https:\/\/www.camerfirma.com\/ayuda\/instala-tu-certificado\/instala-tu-certificado-en-formato-hardware\/instala-tu-certificado-en-formato-hardware-en-windows-8\/\">Relaci\u00f3n de videos explicativos de CAMERFIRMA para cada navegador<\/a><\/p>\n<p>&nbsp;<\/p>\n<p><span style=\"font-size: 20px; color: #339966;\"><strong>AVISO EN SEDE ELECTR\u00d3NICA CARM<\/strong><\/span><\/p>\n<p>En la sede electr\u00f3nica de la CARM, tras pulsar en el procedimiento que queramos realizar dentro de Presentaci\u00f3n de Solicitudes, nos aparece el siguiente mensaje:<\/p>\n<blockquote><p><img loading=\"lazy\" decoding=\"async\" width=\"764\" height=\"634\" class=\"wp-image-3030 aligncenter\" src=\"https:\/\/sidimurcia.org\/wp-content\/uploads\/word-image-33.png\" srcset=\"https:\/\/sidimurcia.org\/wp-content\/uploads\/word-image-33.png 764w, https:\/\/sidimurcia.org\/wp-content\/uploads\/word-image-33-300x249.png 300w\" sizes=\"auto, (max-width: 764px) 100vw, 764px\" \/><\/p><\/blockquote>\n<p>Como se indica en el primer punto de ADVERTENCIA, debe instalar un programa para posteriormente poder firmar las instancias que presentar\u00e1 digitalmente. Por tanto, si no lo ha instalado anteriormente, PULSE EN INSTALACI\u00d3N DE AUTOFIRMA y siga el proceso de instalaci\u00f3n.<\/p>\n<p>Es muy conveniente que siempre que acceda a una p\u00e1gina de este tipo, lea todos los mensajes que aparezcan, para evitar el malfuncionamiento del sistema de tr\u00e1mites digitales.<\/p>\n<p>Si quiere instalar ahora AUTOFIRMA, vaya a <a href=\"https:\/\/firmaelectronica.gob.es\/Home\/Descargas.html\">https:\/\/firmaelectronica.gob.es\/Home\/Descargas.html<\/a> y descargue el programa correspondiente con su Sistema Operativo.<\/p>\n<blockquote><p><img loading=\"lazy\" decoding=\"async\" width=\"798\" height=\"282\" class=\"wp-image-3031 aligncenter\" src=\"https:\/\/sidimurcia.org\/wp-content\/uploads\/word-image-34.png\" srcset=\"https:\/\/sidimurcia.org\/wp-content\/uploads\/word-image-34.png 798w, https:\/\/sidimurcia.org\/wp-content\/uploads\/word-image-34-300x106.png 300w, https:\/\/sidimurcia.org\/wp-content\/uploads\/word-image-34-768x271.png 768w\" sizes=\"auto, (max-width: 798px) 100vw, 798px\" \/><\/p><\/blockquote>\n<p>&nbsp;<\/p>\n<p><span style=\"font-size: 20px; color: #993366;\">Tras su descarga e instalaci\u00f3n, para comprobar si todo funciona correctamente, podr\u00eda probar a obtener un Informe de su Vida Laboral en la Seguridad social o a obtener sus datos de Muface si es Funcionario:<\/span><\/p>\n<p>Video tutorial &#8211; C\u00f3mo solicitar un Informe de Vida Laboral.<\/p>\n<p><video src=\"https:\/\/sidimurcia.org\/wp-content\/uploads\/Video-Como-Solictar-informe-de-Vida-Laboral.mp4\" poster=\"https:\/\/sidimurcia.org\/wp-content\/uploads\/vistapreviavidalaboral.jpg\" controls=\"controls\" width=\"320\" height=\"240\" data-mce-fragment=\"1\"><br \/>\nLo sentimos. Este v\u00eddeo no puede ser reproducido en tu navegador.<br \/>\nLa versi\u00f3n descargable est\u00e1 disponible en <a href=\"https:\/\/sidimurcia.org\/wp-content\/uploads\/Video-Como-Solictar-informe-de-Vida-Laboral.mp4\"><span data-mce-type=\"bookmark\" class=\"mce_SELRES_start\">\ufeff<\/span>Enlace<\/a>.<br \/>\n<\/video><\/p>\n<p>&nbsp;<\/p>\n<p>Video tutorial &#8211; Como obtener sus datos en Muface<\/p>\n<p><video src=\"https:\/\/sidimurcia.org\/wp-content\/uploads\/Video-consulta-tus-datos-en-Muface.mp4\" poster=\"https:\/\/sidimurcia.org\/wp-content\/uploads\/vistapreviatusdatosenmufacel.jpg\" controls=\"controls\" width=\"320\" height=\"240\" data-mce-fragment=\"1\"><br \/>\nLo sentimos. Este v\u00eddeo no puede ser reproducido en tu navegador.<br \/>\nLa versi\u00f3n descargable est\u00e1 disponible en <a href=\"https:\/\/sidimurcia.org\/wp-content\/uploads\/Video-consulta-tus-datos-en-Muface.mp4\"><span data-mce-type=\"bookmark\" class=\"mce_SELRES_start\">\ufeff<\/span>Enlace<\/a>.<br \/>\n<\/video><\/p>\n<p>En el caso de problemas, deber\u00eda contactar con un t\u00e9cnico cualificado.<\/p>\n<p>&nbsp;<\/p>\n<p><span style=\"color: #008000;\"><strong>Posibles problemas b\u00e1sicos:<\/strong><\/span><\/p>\n<p>Tenga en cuenta que la luz del lector se pondr\u00e1 de color verde cuando intente acceder a una web segura y se inicie el proceso de lectura del certificado. No lo har\u00e1 antes.<\/p>\n<p>Tambi\u00e9n recuerde que el CHIP tiene una posici\u00f3n de lectura por lo que, si al principio siempre aparece la luz del lector en rojo, pruebe a insertar la tarjeta de nuevo con el CHIP hacia el otro lado (arriba o abajo).<\/p>\n<p>Si intenta acceder a una web segura y no lee el certificado, mientras realiza las pruebas, salga de esa p\u00e1gina y vuelva a cargarla.<\/p>\n<p>Pueden aparecer otros problemas directamente relacionados con el navegador u otro tipo de software instalado en el PC por lo que podr\u00eda intentar acceder con otro navegador web. Si continua el problema, deber\u00eda contactar con un t\u00e9cnico cualificado.<\/p>\n<p>&nbsp;<\/p>\n<p><span style=\"color: #ff0000;\">IMPORTANTE. Vigile que la p\u00e1gina a la que acceda sea segura y que aparece el termino <strong>https<\/strong>. Si solo aparece http sin la \u201cs\u201d la p\u00e1gina no es segura y no deber\u00eda tramitar nada a trav\u00e9s de ella.<\/span><\/p>\n<p>Ejemplos:<\/p>\n<p><img loading=\"lazy\" decoding=\"async\" width=\"833\" height=\"151\" class=\"wp-image-3050 aligncenter\" src=\"https:\/\/sidimurcia.org\/wp-content\/uploads\/word-image-47.png\" srcset=\"https:\/\/sidimurcia.org\/wp-content\/uploads\/word-image-47.png 833w, https:\/\/sidimurcia.org\/wp-content\/uploads\/word-image-47-300x54.png 300w, https:\/\/sidimurcia.org\/wp-content\/uploads\/word-image-47-768x139.png 768w\" sizes=\"auto, (max-width: 833px) 100vw, 833px\" \/><\/p>\n<p><img loading=\"lazy\" decoding=\"async\" width=\"708\" height=\"151\" class=\"wp-image-3051 aligncenter\" src=\"https:\/\/sidimurcia.org\/wp-content\/uploads\/word-image-48.png\" srcset=\"https:\/\/sidimurcia.org\/wp-content\/uploads\/word-image-48.png 708w, https:\/\/sidimurcia.org\/wp-content\/uploads\/word-image-48-300x64.png 300w\" sizes=\"auto, (max-width: 708px) 100vw, 708px\" \/><\/p>\n<p>&nbsp;<\/p>\n<p>&nbsp;<\/p>\n<p><span style=\"color: #008000; font-size: 20px;\"><strong>Y ahora, que lo tengo \u00bfQu\u00e9 puedo hacer con el certificado digital?<\/strong><\/span><\/p>\n<p>1. Puede realizar sus solicitudes a la Consejer\u00eda de Educaci\u00f3n o a la Comunidad Aut\u00f3noma a trav\u00e9s del portal <a href=\"https:\/\/sede.carm.es\">https:\/\/sede.carm.es<\/a>.<\/p>\n<blockquote>\n<p style=\"padding-left: 120px;\">Desde SIDI intentamos que realice sus tr\u00e1mites de manera r\u00e1pida y sencilla. Por ello, disponemos de una p\u00e1gina Web destinada a publicar las instancias para las solitudes m\u00e1s habituales junto con su n\u00famero de procedimiento electr\u00f3nico.<\/p>\n<p style=\"padding-left: 120px;\">Simplemente, pulsando sobre el n\u00famero de procedimiento se abrir\u00e1 el formulario de solicitud.<\/p>\n<p style=\"padding-left: 120px;\">Para ello visite <a href=\"https:\/\/sidimurcia.org\/index.php\/instancias-solicitudes-horario-de-los-registros-etc\/\">https:\/\/sidimurcia.org\/index.php\/instancias-solicitudes-horario-de-los-registros-etc\/<\/a><\/p>\n<p style=\"padding-left: 120px;\"><img loading=\"lazy\" decoding=\"async\" width=\"809\" height=\"196\" class=\"wp-image-3036\" src=\"https:\/\/sidimurcia.org\/wp-content\/uploads\/word-image-39.png\" srcset=\"https:\/\/sidimurcia.org\/wp-content\/uploads\/word-image-39.png 809w, https:\/\/sidimurcia.org\/wp-content\/uploads\/word-image-39-300x73.png 300w, https:\/\/sidimurcia.org\/wp-content\/uploads\/word-image-39-768x186.png 768w\" sizes=\"auto, (max-width: 809px) 100vw, 809px\" \/><\/p>\n<\/blockquote>\n<p>2. Puede realizar sus tr\u00e1mites con Muface accediendo a la sede electr\u00f3nica de la mutua a trav\u00e9s de <a href=\"https:\/\/sede.muface.gob.es\/\">https:\/\/sede.muface.gob.es\/<\/a>.<\/p>\n<p>3. Puede ver si tiene alguna notificaci\u00f3n o consultar expedientes desde alguna otra administraci\u00f3n del estado <a href=\"https:\/\/sede.administracionespublicas.gob.es\/\">https:\/\/sede.administracionespublicas.gob.es\/<\/a><\/p>\n<p>4. Las entidades bancarias tambi\u00e9n suelen permitir el acceso con DNI electr\u00f3nico.<\/p>\n<p>5. Consultas y otras gestiones en la Direcci\u00f3n General de Tr\u00e1fico a trav\u00e9s de <a href=\"https:\/\/sede.dgt.gob.es\/es\/\">https:\/\/sede.dgt.gob.es\/es\/<\/a><\/p>\n<p>6. Gestiones en algunos Ayuntamientos.<\/p>\n<p>7. Etc.<\/p>\n","protected":false},"excerpt":{"rendered":"<p>&nbsp; Tarjeta con certificado digital de CAMERFIRMA expedida por la CARM &nbsp; Si quiere disponer de ella, debe realizar una &#8230; <a title=\"Tarjeta CARM\" class=\"read-more\" href=\"https:\/\/sidimurcia.org\/index.php\/tarjeta-carm\/\" aria-label=\"Leer m\u00e1s sobre Tarjeta CARM\">Leer mas<\/a><\/p>\n","protected":false},"author":1,"featured_media":0,"parent":0,"menu_order":0,"comment_status":"closed","ping_status":"closed","template":"","meta":{"footnotes":""},"class_list":["post-3027","page","type-page","status-publish"],"yoast_head":"<!-- This site is optimized with the Yoast SEO plugin v27.2 - https:\/\/yoast.com\/product\/yoast-seo-wordpress\/ -->\n<title>Tarjeta CARM - SIDI<\/title>\n<meta name=\"robots\" content=\"index, follow, max-snippet:-1, max-image-preview:large, max-video-preview:-1\" \/>\n<link rel=\"canonical\" href=\"https:\/\/sidimurcia.org\/index.php\/tarjeta-carm\/\" \/>\n<meta property=\"og:locale\" content=\"es_ES\" \/>\n<meta property=\"og:type\" content=\"article\" \/>\n<meta property=\"og:title\" content=\"Tarjeta CARM - SIDI\" \/>\n<meta property=\"og:description\" content=\"&nbsp; Tarjeta con certificado digital de CAMERFIRMA expedida por la CARM &nbsp; Si quiere disponer de ella, debe realizar una ... Leer mas\" \/>\n<meta property=\"og:url\" content=\"https:\/\/sidimurcia.org\/index.php\/tarjeta-carm\/\" \/>\n<meta property=\"og:site_name\" content=\"SIDI\" \/>\n<meta property=\"article:publisher\" content=\"https:\/\/es-es.facebook.com\/sidi.sindicatodedocentes\" \/>\n<meta property=\"article:modified_time\" content=\"2020-02-27T19:59:50+00:00\" \/>\n<meta property=\"og:image\" content=\"https:\/\/sidimurcia.org\/wp-content\/uploads\/resultado-de-imagen-de-tarjeta-educarm.jpeg\" \/>\n<meta name=\"twitter:card\" content=\"summary_large_image\" \/>\n<meta name=\"twitter:site\" content=\"@SIDIMURCIA\" \/>\n<meta name=\"twitter:label1\" content=\"Tiempo de lectura\" \/>\n\t<meta name=\"twitter:data1\" content=\"4 minutos\" \/>\n<script type=\"application\/ld+json\" class=\"yoast-schema-graph\">{\"@context\":\"https:\/\/schema.org\",\"@graph\":[{\"@type\":\"WebPage\",\"@id\":\"https:\/\/sidimurcia.org\/index.php\/tarjeta-carm\/\",\"url\":\"https:\/\/sidimurcia.org\/index.php\/tarjeta-carm\/\",\"name\":\"Tarjeta CARM - SIDI\",\"isPartOf\":{\"@id\":\"https:\/\/sidimurcia.org\/#website\"},\"primaryImageOfPage\":{\"@id\":\"https:\/\/sidimurcia.org\/index.php\/tarjeta-carm\/#primaryimage\"},\"image\":{\"@id\":\"https:\/\/sidimurcia.org\/index.php\/tarjeta-carm\/#primaryimage\"},\"thumbnailUrl\":\"https:\/\/sidimurcia.org\/wp-content\/uploads\/resultado-de-imagen-de-tarjeta-educarm.jpeg\",\"datePublished\":\"2020-02-25T12:04:31+00:00\",\"dateModified\":\"2020-02-27T19:59:50+00:00\",\"breadcrumb\":{\"@id\":\"https:\/\/sidimurcia.org\/index.php\/tarjeta-carm\/#breadcrumb\"},\"inLanguage\":\"es\",\"potentialAction\":[{\"@type\":\"ReadAction\",\"target\":[\"https:\/\/sidimurcia.org\/index.php\/tarjeta-carm\/\"]}]},{\"@type\":\"ImageObject\",\"inLanguage\":\"es\",\"@id\":\"https:\/\/sidimurcia.org\/index.php\/tarjeta-carm\/#primaryimage\",\"url\":\"https:\/\/sidimurcia.org\/wp-content\/uploads\/resultado-de-imagen-de-tarjeta-educarm.jpeg\",\"contentUrl\":\"https:\/\/sidimurcia.org\/wp-content\/uploads\/resultado-de-imagen-de-tarjeta-educarm.jpeg\",\"width\":180,\"height\":112,\"caption\":\"Resultado de imagen de tarjeta EDUCArM\"},{\"@type\":\"BreadcrumbList\",\"@id\":\"https:\/\/sidimurcia.org\/index.php\/tarjeta-carm\/#breadcrumb\",\"itemListElement\":[{\"@type\":\"ListItem\",\"position\":1,\"name\":\"Portada\",\"item\":\"https:\/\/sidimurcia.org\/\"},{\"@type\":\"ListItem\",\"position\":2,\"name\":\"Tarjeta CARM\"}]},{\"@type\":\"WebSite\",\"@id\":\"https:\/\/sidimurcia.org\/#website\",\"url\":\"https:\/\/sidimurcia.org\/\",\"name\":\"SIDI\",\"description\":\"Sindicato Independiente de Docentes\",\"publisher\":{\"@id\":\"https:\/\/sidimurcia.org\/#organization\"},\"potentialAction\":[{\"@type\":\"SearchAction\",\"target\":{\"@type\":\"EntryPoint\",\"urlTemplate\":\"https:\/\/sidimurcia.org\/?s={search_term_string}\"},\"query-input\":{\"@type\":\"PropertyValueSpecification\",\"valueRequired\":true,\"valueName\":\"search_term_string\"}}],\"inLanguage\":\"es\"},{\"@type\":\"Organization\",\"@id\":\"https:\/\/sidimurcia.org\/#organization\",\"name\":\"Sindicato Independiente de Docentes - SIDI\",\"url\":\"https:\/\/sidimurcia.org\/\",\"logo\":{\"@type\":\"ImageObject\",\"inLanguage\":\"es\",\"@id\":\"https:\/\/sidimurcia.org\/#\/schema\/logo\/image\/\",\"url\":\"https:\/\/sidimurcia.org\/wp-content\/uploads\/cropped-PARAPESTANAWEB-1.jpg\",\"contentUrl\":\"https:\/\/sidimurcia.org\/wp-content\/uploads\/cropped-PARAPESTANAWEB-1.jpg\",\"width\":512,\"height\":512,\"caption\":\"Sindicato Independiente de Docentes - SIDI\"},\"image\":{\"@id\":\"https:\/\/sidimurcia.org\/#\/schema\/logo\/image\/\"},\"sameAs\":[\"https:\/\/es-es.facebook.com\/sidi.sindicatodedocentes\",\"https:\/\/x.com\/SIDIMURCIA\",\"https:\/\/www.instagram.com\/sidi_murcia\/\",\"https:\/\/www.youtube.com\/channel\/UCwwdL3uFtDKJdbOfmC70wIQ\"]}]}<\/script>\n<!-- \/ Yoast SEO plugin. -->","yoast_head_json":{"title":"Tarjeta CARM - SIDI","robots":{"index":"index","follow":"follow","max-snippet":"max-snippet:-1","max-image-preview":"max-image-preview:large","max-video-preview":"max-video-preview:-1"},"canonical":"https:\/\/sidimurcia.org\/index.php\/tarjeta-carm\/","og_locale":"es_ES","og_type":"article","og_title":"Tarjeta CARM - SIDI","og_description":"&nbsp; Tarjeta con certificado digital de CAMERFIRMA expedida por la CARM &nbsp; Si quiere disponer de ella, debe realizar una ... Leer mas","og_url":"https:\/\/sidimurcia.org\/index.php\/tarjeta-carm\/","og_site_name":"SIDI","article_publisher":"https:\/\/es-es.facebook.com\/sidi.sindicatodedocentes","article_modified_time":"2020-02-27T19:59:50+00:00","og_image":[{"url":"https:\/\/sidimurcia.org\/wp-content\/uploads\/resultado-de-imagen-de-tarjeta-educarm.jpeg","type":"","width":"","height":""}],"twitter_card":"summary_large_image","twitter_site":"@SIDIMURCIA","twitter_misc":{"Tiempo de lectura":"4 minutos"},"schema":{"@context":"https:\/\/schema.org","@graph":[{"@type":"WebPage","@id":"https:\/\/sidimurcia.org\/index.php\/tarjeta-carm\/","url":"https:\/\/sidimurcia.org\/index.php\/tarjeta-carm\/","name":"Tarjeta CARM - SIDI","isPartOf":{"@id":"https:\/\/sidimurcia.org\/#website"},"primaryImageOfPage":{"@id":"https:\/\/sidimurcia.org\/index.php\/tarjeta-carm\/#primaryimage"},"image":{"@id":"https:\/\/sidimurcia.org\/index.php\/tarjeta-carm\/#primaryimage"},"thumbnailUrl":"https:\/\/sidimurcia.org\/wp-content\/uploads\/resultado-de-imagen-de-tarjeta-educarm.jpeg","datePublished":"2020-02-25T12:04:31+00:00","dateModified":"2020-02-27T19:59:50+00:00","breadcrumb":{"@id":"https:\/\/sidimurcia.org\/index.php\/tarjeta-carm\/#breadcrumb"},"inLanguage":"es","potentialAction":[{"@type":"ReadAction","target":["https:\/\/sidimurcia.org\/index.php\/tarjeta-carm\/"]}]},{"@type":"ImageObject","inLanguage":"es","@id":"https:\/\/sidimurcia.org\/index.php\/tarjeta-carm\/#primaryimage","url":"https:\/\/sidimurcia.org\/wp-content\/uploads\/resultado-de-imagen-de-tarjeta-educarm.jpeg","contentUrl":"https:\/\/sidimurcia.org\/wp-content\/uploads\/resultado-de-imagen-de-tarjeta-educarm.jpeg","width":180,"height":112,"caption":"Resultado de imagen de tarjeta EDUCArM"},{"@type":"BreadcrumbList","@id":"https:\/\/sidimurcia.org\/index.php\/tarjeta-carm\/#breadcrumb","itemListElement":[{"@type":"ListItem","position":1,"name":"Portada","item":"https:\/\/sidimurcia.org\/"},{"@type":"ListItem","position":2,"name":"Tarjeta CARM"}]},{"@type":"WebSite","@id":"https:\/\/sidimurcia.org\/#website","url":"https:\/\/sidimurcia.org\/","name":"SIDI","description":"Sindicato Independiente de Docentes","publisher":{"@id":"https:\/\/sidimurcia.org\/#organization"},"potentialAction":[{"@type":"SearchAction","target":{"@type":"EntryPoint","urlTemplate":"https:\/\/sidimurcia.org\/?s={search_term_string}"},"query-input":{"@type":"PropertyValueSpecification","valueRequired":true,"valueName":"search_term_string"}}],"inLanguage":"es"},{"@type":"Organization","@id":"https:\/\/sidimurcia.org\/#organization","name":"Sindicato Independiente de Docentes - SIDI","url":"https:\/\/sidimurcia.org\/","logo":{"@type":"ImageObject","inLanguage":"es","@id":"https:\/\/sidimurcia.org\/#\/schema\/logo\/image\/","url":"https:\/\/sidimurcia.org\/wp-content\/uploads\/cropped-PARAPESTANAWEB-1.jpg","contentUrl":"https:\/\/sidimurcia.org\/wp-content\/uploads\/cropped-PARAPESTANAWEB-1.jpg","width":512,"height":512,"caption":"Sindicato Independiente de Docentes - SIDI"},"image":{"@id":"https:\/\/sidimurcia.org\/#\/schema\/logo\/image\/"},"sameAs":["https:\/\/es-es.facebook.com\/sidi.sindicatodedocentes","https:\/\/x.com\/SIDIMURCIA","https:\/\/www.instagram.com\/sidi_murcia\/","https:\/\/www.youtube.com\/channel\/UCwwdL3uFtDKJdbOfmC70wIQ"]}]}},"_links":{"self":[{"href":"https:\/\/sidimurcia.org\/index.php\/wp-json\/wp\/v2\/pages\/3027","targetHints":{"allow":["GET"]}}],"collection":[{"href":"https:\/\/sidimurcia.org\/index.php\/wp-json\/wp\/v2\/pages"}],"about":[{"href":"https:\/\/sidimurcia.org\/index.php\/wp-json\/wp\/v2\/types\/page"}],"author":[{"embeddable":true,"href":"https:\/\/sidimurcia.org\/index.php\/wp-json\/wp\/v2\/users\/1"}],"replies":[{"embeddable":true,"href":"https:\/\/sidimurcia.org\/index.php\/wp-json\/wp\/v2\/comments?post=3027"}],"version-history":[{"count":0,"href":"https:\/\/sidimurcia.org\/index.php\/wp-json\/wp\/v2\/pages\/3027\/revisions"}],"wp:attachment":[{"href":"https:\/\/sidimurcia.org\/index.php\/wp-json\/wp\/v2\/media?parent=3027"}],"curies":[{"name":"wp","href":"https:\/\/api.w.org\/{rel}","templated":true}]}}