{"id":3042,"date":"2020-02-25T12:14:34","date_gmt":"2020-02-25T12:14:34","guid":{"rendered":"https:\/\/sidimurcia.org\/?page_id=3042"},"modified":"2020-02-27T19:39:19","modified_gmt":"2020-02-27T19:39:19","slug":"certificado-clave","status":"publish","type":"page","link":"https:\/\/sidimurcia.org\/index.php\/certificado-clave\/","title":{"rendered":"Certificado Clave"},"content":{"rendered":"<p>&nbsp;<\/p>\n<p><span style=\"font-size: 20px; color: #993366;\"><span style=\"font-family: helvetica, arial, sans-serif;\"><a href=\"https:\/\/clave.gob.es\/clave_Home\/clave.html\"><img loading=\"lazy\" decoding=\"async\" class=\"\" src=\"https:\/\/clave.gob.es\/dam\/jcr:42f57101-9859-445d-bd98-3d2dc5f56473\/logoCombinadoClave.png\" alt=\"\" width=\"329\" height=\"44\" \/><\/a><\/span> \u00a0\u00a0\u00a0\u00a0\u00a0\u00a0\u00a0\u00a0\u00a0 <\/span><\/p>\n<p><span style=\"color: #ff0000;\">\u00a1ATENCI\u00d3N! ESTE CERTIFICADO PUEDE QUE NO FUNCIONE EN SEDE ELECTR\u00d3NICA CARM<\/span><\/p>\n<p>&nbsp;<\/p>\n<p><span style=\"font-size: 20px; color: #339966;\"><strong>\u00bfQu\u00e9 es?<\/strong><\/span><\/p>\n<p>Este certificado no precisa de Tarjeta Electr\u00f3nica. Se trata de un archivo encriptado que contiene nuestra identificaci\u00f3n personal, que descargamos de Internet e instalamos en el Navegador WEB desde el cual realizamos el procedimiento final de descarga.<\/p>\n<p>Para ello, solo hay que seguir las instrucciones que le proporcionan en el organismo donde lo solicite. De esta forma, tras su descarga, cuando acceda a una p\u00e1gina WEB segura, el certificado digital ser\u00e1 detectado por el Navegador.<\/p>\n<p>Posteriormente, el navegador, le preguntar\u00e1 si quiere usarlo y si lo autoriza, para lo cual, seleccionar\u00e1 el certificado y luego tendr\u00e1 que introducir la contrase\u00f1a que configur\u00f3 previamente.<\/p>\n<p>Tras esto, podr\u00e1 acceder a la web segura.<\/p>\n<p><strong><span style=\"color: #993366;\">IMPORTANTE:<\/span><\/strong> Tienes que tener en cuenta que <strong>el certificado se instala en un navegador en concreto<\/strong> <strong>y solo lo puedes utilizar desde ese navegador en tu PC<\/strong>, en ning\u00fan sitio m\u00e1s, aunque existe la posibilidad de exportarlo.<\/p>\n<p>Aqu\u00ed dispone de m\u00e1s informaci\u00f3n al respecto: <a href=\"https:\/\/www.agenciatributaria.es\/AEAT.internet\/Inicio\/Ayuda\/Modelos__Procedimientos_y_Servicios\/Ayuda_P_GC27___Registro_y_obtencion_de_Cl_ve_PIN\/Informacion_general\/Preguntas_frecuentes\/Preguntas_frecuentes.shtml\">https:\/\/www.agenciatributaria.es\/AEAT.internet\/Inicio\/Ayuda\/Modelos__Procedimientos_y_Servicios\/Ayuda_P_GC27___Registro_y_obtencion_de_Cl_ve_PIN\/Informacion_general\/Preguntas_frecuentes\/Preguntas_frecuentes.shtml<\/a><\/p>\n<p>&nbsp;<\/p>\n<p><span style=\"color: #339966; font-size: 20px;\"><strong>Para solicitarlo<\/strong><\/span>, existen distintos Centros Administrativos Oficiales preparados para su solicitud y entrega, como pueden ser el Registro de la Consejer\u00eda de Educaci\u00f3n, Oficinas de Muface, algunas Ventanillas \u00danicas, delegaciones de Hacienda, etc. Tambi\u00e9n existe un procedimiento ONLINE que le remitir\u00e1 las instrucciones por correo.<\/p>\n<ul style=\"list-style-type: square;\">\n<li>En la siguiente direcci\u00f3n Web, puede encontrar centros de la CARM que le permiten solicitarlo de manera <strong>presencial<\/strong>: <a href=\"https:\/\/sede.carm.es\/web\/pagina?METHOD=ModeloFormularioBuscarEntidadesOCAG%3E&amp;IDCONTENIDO=44309&amp;IDTIPO=100&amp;RASTRO=c%24m40267%2C40987&amp;LOCALIDAD=&amp;DESCRIPCION=&amp;REGI_SIST_IDEN_FIRM_CLAVE=SI&amp;Buscar=Buscar\">https:\/\/sede.carm.es\/web\/pagina?METHOD=ModeloFormularioBuscarEntidadesOCAG%3E&amp;IDCONTENIDO=44309&amp;IDTIPO=100&amp;RASTRO=c%24m40267%2C40987&amp;LOCALIDAD=&amp;DESCRIPCION=&amp;REGI_SIST_IDEN_FIRM_CLAVE=SI&amp;Buscar=Buscar<\/a><\/li>\n<\/ul>\n<ul style=\"list-style-type: square;\">\n<li>En la siguiente direcci\u00f3n Web, se indican Oficinas de Muface habilitadas para expedir el certificado CL@VE de manera <strong>presencial<\/strong>: <a href=\"https:\/\/www.muface.es\/muface_Home\/atencion-al-mutualista\/Oficinas-de-registro-Cl-ve-en-MUFACE.html\">https:\/\/www.muface.es\/muface_Home\/atencion-al-mutualista\/Oficinas-de-registro-Cl-ve-en-MUFACE.html<\/a> .<\/li>\n<\/ul>\n<ul style=\"list-style-type: square;\">\n<li>Tambi\u00e9n, en la siguiente p\u00e1gina, puede encontrar oficinas en las que es posible realizar la solicitud de forma <strong>presencial<\/strong> a nivel nacional: <a href=\"https:\/\/administracion.gob.es\/pag_Home\/atencionCiudadana\/encuentraTuOficina\/OficinasRegistro_CLAVE.html\">https:\/\/administracion.gob.es\/pag_Home\/atencionCiudadana\/encuentraTuOficina\/OficinasRegistro_CLAVE.html<\/a> .<\/li>\n<\/ul>\n<ul style=\"list-style-type: square;\">\n<li>Tambi\u00e9n es posible solicitarla <strong>online<\/strong> desde la web de la Agencia Tributaria y recibir posteriormente v\u00eda postal la documentaci\u00f3n necesaria. En la siguientes direcciones web, se indica como:<\/li>\n<\/ul>\n<ol>\n<li style=\"list-style-type: none;\">\n<ol>\n<li><a href=\"https:\/\/clave.gob.es\/clave_Home\/registro\/Como-puedo-registrarme.html\">https:\/\/clave.gob.es\/clave_Home\/registro\/Como-puedo-registrarme.html<\/a><\/li>\n<li><a href=\"https:\/\/www.agenciatributaria.es\/AEAT.internet\/Inicio\/Ayuda\/_comp_Consultas_informaticas\/Categorias\/Firma_digital__certificado_o_DNIe__y_sistema_Cl_ve_PIN\/Ayuda_tecnica___Cl_ve_PIN\/Como_registrarse_en_Cl_ve_PIN\/Registro_por_internet_con_CSV\/Registro_por_internet_con_CSV.shtml\">https:\/\/www.agenciatributaria.es\/AEAT.internet\/Inicio\/Ayuda\/_comp_Consultas_informaticas\/Categorias\/Firma_digital__certificado_o_DNIe__y_sistema_Cl_ve_PIN\/Ayuda_tecnica___Cl_ve_PIN\/Como_registrarse_en_Cl_ve_PIN\/Registro_por_internet_con_CSV\/Registro_por_internet_con_CSV.shtml<\/a><\/li>\n<\/ol>\n<\/li>\n<\/ol>\n<p>&nbsp;<\/p>\n<p><span style=\"color: #ff6600;\">NOTA: Antes de acudir a los centros presenciales ser\u00eda conveniente llamar para que confirmen que disponen de ese servicio. Cuando acudas a uno de ellos lleva contigo tu tel\u00e9fono m\u00f3vil por si tienes que realizar alguna gesti\u00f3n con \u00e9l.<\/span><\/p>\n<p>&nbsp;<\/p>\n<p><strong>Por \u00faltimo, una vez solicitado, tendr\u00e1 que realizar los pasos que se le indiquen para descargarlo e instalarlo en su Navegador Web habitual<\/strong>.<\/p>\n<p>&nbsp;<\/p>\n<p><span style=\"color: #800000; font-size: 20px;\">AVISO EN SEDE ELECTR\u00d3NICA CARM<\/span><\/p>\n<p>En la sede electr\u00f3nica de la CARM, tras pulsar en el procedimiento que queramos realizar dentro de Presentaci\u00f3n de Solicitudes, nos aparece el siguiente mensaje:<\/p>\n<blockquote><p><img loading=\"lazy\" decoding=\"async\" width=\"764\" height=\"634\" class=\"wp-image-3045 aligncenter\" src=\"https:\/\/sidimurcia.org\/wp-content\/uploads\/word-image-42.png\" srcset=\"https:\/\/sidimurcia.org\/wp-content\/uploads\/word-image-42.png 764w, https:\/\/sidimurcia.org\/wp-content\/uploads\/word-image-42-300x249.png 300w\" sizes=\"auto, (max-width: 764px) 100vw, 764px\" \/><\/p><\/blockquote>\n<p>&nbsp;<\/p>\n<p>Como se indica en el primer punto de ADVERTENCIA, debe instalar un programa para posteriormente poder firmar las instancias que presentar\u00e1 digitalmente. Por tanto, si no lo ha instalado anteriormente, PULSE EN INSTALACI\u00d3N DE AUTOFIRMA y siga el proceso de instalaci\u00f3n.<\/p>\n<p>Es muy conveniente que siempre que acceda a una p\u00e1gina de este tipo, lea todos los mensajes que aparezcan, para evitar el malfuncionamiento del sistema de tr\u00e1mites digitales.<\/p>\n<p>Si quiere instalar ahora AUTOFIRMA, vaya a <a href=\"https:\/\/firmaelectronica.gob.es\/Home\/Descargas.html\">https:\/\/firmaelectronica.gob.es\/Home\/Descargas.html<\/a> y descargue el programa correspondiente con su Sistema Operativo.<\/p>\n<blockquote><p><img loading=\"lazy\" decoding=\"async\" width=\"798\" height=\"282\" class=\"wp-image-3047 aligncenter\" src=\"https:\/\/sidimurcia.org\/wp-content\/uploads\/word-image-44.png\" srcset=\"https:\/\/sidimurcia.org\/wp-content\/uploads\/word-image-44.png 798w, https:\/\/sidimurcia.org\/wp-content\/uploads\/word-image-44-300x106.png 300w, https:\/\/sidimurcia.org\/wp-content\/uploads\/word-image-44-768x271.png 768w\" sizes=\"auto, (max-width: 798px) 100vw, 798px\" \/><\/p><\/blockquote>\n<p>&nbsp;<\/p>\n<p><span style=\"font-size: 20px; color: #993366;\">Tras su descarga e instalaci\u00f3n, para comprobar si todo funciona correctamente, podr\u00eda probar a obtener un Informe de su Vida Laboral en la Seguridad social o a obtener sus datos de Muface si es Funcionario:<\/span><\/p>\n<p>Video tutorial &#8211; C\u00f3mo solicitar un Informe de Vida Laboral.<\/p>\n<p><video src=\"https:\/\/sidimurcia.org\/wp-content\/uploads\/Video-Como-Solictar-informe-de-Vida-Laboral.mp4\" poster=\"https:\/\/sidimurcia.org\/wp-content\/uploads\/vistapreviavidalaboral.jpg\" controls=\"controls\" width=\"320\" height=\"240\"><br \/>\nLo sentimos. Este v\u00eddeo no puede ser reproducido en tu navegador.<br \/>\nLa versi\u00f3n descargable est\u00e1 disponible en <a href=\"https:\/\/sidimurcia.org\/wp-content\/uploads\/Video-Como-Solictar-informe-de-Vida-Laboral.mp4\"><span style=\"display: inline-block; width: 0px; overflow: hidden; line-height: 0;\" data-mce-type=\"bookmark\" class=\"mce_SELRES_start\">\ufeff<\/span>Enlace<\/a>.<br \/>\n<\/video><\/p>\n<p>&nbsp;<\/p>\n<p>Video tutorial &#8211; Como obtener sus datos en Muface<\/p>\n<p><video src=\"https:\/\/sidimurcia.org\/wp-content\/uploads\/Video-consulta-tus-datos-en-Muface.mp4\" poster=\"https:\/\/sidimurcia.org\/wp-content\/uploads\/vistapreviatusdatosenmufacel.jpg\" controls=\"controls\" width=\"320\" height=\"240\"><br \/>\nLo sentimos. Este v\u00eddeo no puede ser reproducido en tu navegador.<br \/>\nLa versi\u00f3n descargable est\u00e1 disponible en <a href=\"https:\/\/sidimurcia.org\/wp-content\/uploads\/Video-consulta-tus-datos-en-Muface.mp4\"><span style=\"display: inline-block; width: 0px; overflow: hidden; line-height: 0;\" data-mce-type=\"bookmark\" class=\"mce_SELRES_start\">\ufeff<\/span>Enlace<\/a>.<br \/>\n<\/video><\/p>\n<p><span style=\"color: #808000; font-size: 20px;\">En el caso de problemas, deber\u00eda contactar con un t\u00e9cnico cualificado.<\/span><\/p>\n<p>&nbsp;<\/p>\n<p><span style=\"color: #ff0000;\">IMPORTANTE. Vigile que la p\u00e1gina a la que acceda sea segura y que aparece el termino <strong>https<\/strong>. Si solo aparece http sin la \u201cs\u201d la p\u00e1gina no es segura y no deber\u00eda tramitar nada a trav\u00e9s de ella.<\/span><\/p>\n<p>Ejemplos:<\/p>\n<p><img loading=\"lazy\" decoding=\"async\" width=\"833\" height=\"151\" class=\"wp-image-3050 aligncenter\" src=\"https:\/\/sidimurcia.org\/wp-content\/uploads\/word-image-47.png\" srcset=\"https:\/\/sidimurcia.org\/wp-content\/uploads\/word-image-47.png 833w, https:\/\/sidimurcia.org\/wp-content\/uploads\/word-image-47-300x54.png 300w, https:\/\/sidimurcia.org\/wp-content\/uploads\/word-image-47-768x139.png 768w\" sizes=\"auto, (max-width: 833px) 100vw, 833px\" \/><\/p>\n<p><img loading=\"lazy\" decoding=\"async\" width=\"708\" height=\"151\" class=\"wp-image-3051 aligncenter\" src=\"https:\/\/sidimurcia.org\/wp-content\/uploads\/word-image-48.png\" srcset=\"https:\/\/sidimurcia.org\/wp-content\/uploads\/word-image-48.png 708w, https:\/\/sidimurcia.org\/wp-content\/uploads\/word-image-48-300x64.png 300w\" sizes=\"auto, (max-width: 708px) 100vw, 708px\" \/><\/p>\n<p>&nbsp;<\/p>\n<p>&nbsp;<\/p>\n<p><strong><span style=\"color: #339966; font-size: 20px;\">Y ahora, que lo tengo \u00bfQu\u00e9 puedo hacer con el certificado digital?<\/span><\/strong><\/p>\n<p>1. Puede realizar sus solicitudes a la Consejer\u00eda de Educaci\u00f3n o a la Comunidad Aut\u00f3noma a trav\u00e9s del portal <a href=\"https:\/\/sede.carm.es\">https:\/\/sede.carm.es<\/a>.<\/p>\n<p style=\"text-align: center;\"><span style=\"color: #ff0000;\">\u00a1OJO! PUEDE QUE NO SEA VALIDO EL CERTIFICADO CL@VE EN SEDE ELECTR\u00d3NICA CARM<\/span><\/p>\n<blockquote>\n<p style=\"padding-left: 80px;\">Desde SIDI intentamos que realice sus tr\u00e1mites de manera r\u00e1pida y sencilla. Por ello, disponemos de una p\u00e1gina Web destinada a publicar las instancias para las solitudes m\u00e1s habituales junto con su n\u00famero de procedimiento electr\u00f3nico.<\/p>\n<p style=\"padding-left: 80px;\">Simplemente, pulsando sobre el n\u00famero de procedimiento se abrir\u00e1 el formulario de solicitud.<\/p>\n<p style=\"padding-left: 80px;\">Para ello visite <a href=\"https:\/\/sidimurcia.org\/index.php\/instancias-solicitudes-horario-de-los-registros-etc\/\">https:\/\/sidimurcia.org\/index.php\/instancias-solicitudes-horario-de-los-registros-etc\/<\/a><\/p>\n<p style=\"padding-left: 80px;\"><img loading=\"lazy\" decoding=\"async\" width=\"809\" height=\"196\" class=\"wp-image-3052\" src=\"https:\/\/sidimurcia.org\/wp-content\/uploads\/word-image-49.png\" srcset=\"https:\/\/sidimurcia.org\/wp-content\/uploads\/word-image-49.png 809w, https:\/\/sidimurcia.org\/wp-content\/uploads\/word-image-49-300x73.png 300w, https:\/\/sidimurcia.org\/wp-content\/uploads\/word-image-49-768x186.png 768w\" sizes=\"auto, (max-width: 809px) 100vw, 809px\" \/><\/p>\n<\/blockquote>\n<p>2. Puede realizar sus tr\u00e1mites con Muface accediendo a la sede electr\u00f3nica de la mutua a trav\u00e9s de <a href=\"https:\/\/sede.muface.gob.es\/\">https:\/\/sede.muface.gob.es\/<\/a>.<\/p>\n<p>3. Puede ver si tiene alguna notificaci\u00f3n o consultar expedientes desde alguna otra administraci\u00f3n del estado <a href=\"https:\/\/sede.administracionespublicas.gob.es\/\">https:\/\/sede.administracionespublicas.gob.es\/<\/a><\/p>\n<p>4. Las entidades bancarias tambi\u00e9n suelen permitir el acceso con DNI electr\u00f3nico.<\/p>\n<p>5. Consultas y otras gestiones en la Direcci\u00f3n General de Tr\u00e1fico a trav\u00e9s de <a href=\"https:\/\/sede.dgt.gob.es\/es\/\">https:\/\/sede.dgt.gob.es\/es\/<\/a><\/p>\n<p>6. Gestiones en algunos Ayuntamientos.<\/p>\n<p>7. Etc.<\/p>\n","protected":false},"excerpt":{"rendered":"<p>&nbsp; \u00a0\u00a0\u00a0\u00a0\u00a0\u00a0\u00a0\u00a0\u00a0 \u00a1ATENCI\u00d3N! ESTE CERTIFICADO PUEDE QUE NO FUNCIONE EN SEDE ELECTR\u00d3NICA CARM &nbsp; \u00bfQu\u00e9 es? Este certificado no precisa &#8230; <a title=\"Certificado Clave\" class=\"read-more\" href=\"https:\/\/sidimurcia.org\/index.php\/certificado-clave\/\" aria-label=\"Leer m\u00e1s sobre Certificado Clave\">Leer mas<\/a><\/p>\n","protected":false},"author":1,"featured_media":0,"parent":0,"menu_order":0,"comment_status":"closed","ping_status":"closed","template":"","meta":{"footnotes":""},"class_list":["post-3042","page","type-page","status-publish"],"yoast_head":"<!-- This site is optimized with the Yoast SEO plugin v27.2 - https:\/\/yoast.com\/product\/yoast-seo-wordpress\/ -->\n<title>Certificado Clave - SIDI<\/title>\n<meta name=\"robots\" content=\"index, follow, max-snippet:-1, max-image-preview:large, max-video-preview:-1\" \/>\n<link rel=\"canonical\" href=\"https:\/\/sidimurcia.org\/index.php\/certificado-clave\/\" \/>\n<meta property=\"og:locale\" content=\"es_ES\" \/>\n<meta property=\"og:type\" content=\"article\" \/>\n<meta property=\"og:title\" content=\"Certificado Clave - SIDI\" \/>\n<meta property=\"og:description\" content=\"&nbsp; \u00a0\u00a0\u00a0\u00a0\u00a0\u00a0\u00a0\u00a0\u00a0 \u00a1ATENCI\u00d3N! ESTE CERTIFICADO PUEDE QUE NO FUNCIONE EN SEDE ELECTR\u00d3NICA CARM &nbsp; \u00bfQu\u00e9 es? Este certificado no precisa ... Leer mas\" \/>\n<meta property=\"og:url\" content=\"https:\/\/sidimurcia.org\/index.php\/certificado-clave\/\" \/>\n<meta property=\"og:site_name\" content=\"SIDI\" \/>\n<meta property=\"article:publisher\" content=\"https:\/\/es-es.facebook.com\/sidi.sindicatodedocentes\" \/>\n<meta property=\"article:modified_time\" content=\"2020-02-27T19:39:19+00:00\" \/>\n<meta property=\"og:image\" content=\"https:\/\/clave.gob.es\/dam\/jcr:42f57101-9859-445d-bd98-3d2dc5f56473\/logoCombinadoClave.png\" \/>\n<meta name=\"twitter:card\" content=\"summary_large_image\" \/>\n<meta name=\"twitter:site\" content=\"@SIDIMURCIA\" \/>\n<meta name=\"twitter:label1\" content=\"Tiempo de lectura\" \/>\n\t<meta name=\"twitter:data1\" content=\"5 minutos\" \/>\n<script type=\"application\/ld+json\" class=\"yoast-schema-graph\">{\"@context\":\"https:\/\/schema.org\",\"@graph\":[{\"@type\":\"WebPage\",\"@id\":\"https:\/\/sidimurcia.org\/index.php\/certificado-clave\/\",\"url\":\"https:\/\/sidimurcia.org\/index.php\/certificado-clave\/\",\"name\":\"Certificado Clave - SIDI\",\"isPartOf\":{\"@id\":\"https:\/\/sidimurcia.org\/#website\"},\"primaryImageOfPage\":{\"@id\":\"https:\/\/sidimurcia.org\/index.php\/certificado-clave\/#primaryimage\"},\"image\":{\"@id\":\"https:\/\/sidimurcia.org\/index.php\/certificado-clave\/#primaryimage\"},\"thumbnailUrl\":\"https:\/\/clave.gob.es\/dam\/jcr:42f57101-9859-445d-bd98-3d2dc5f56473\/logoCombinadoClave.png\",\"datePublished\":\"2020-02-25T12:14:34+00:00\",\"dateModified\":\"2020-02-27T19:39:19+00:00\",\"breadcrumb\":{\"@id\":\"https:\/\/sidimurcia.org\/index.php\/certificado-clave\/#breadcrumb\"},\"inLanguage\":\"es\",\"potentialAction\":[{\"@type\":\"ReadAction\",\"target\":[\"https:\/\/sidimurcia.org\/index.php\/certificado-clave\/\"]}]},{\"@type\":\"ImageObject\",\"inLanguage\":\"es\",\"@id\":\"https:\/\/sidimurcia.org\/index.php\/certificado-clave\/#primaryimage\",\"url\":\"https:\/\/clave.gob.es\/dam\/jcr:42f57101-9859-445d-bd98-3d2dc5f56473\/logoCombinadoClave.png\",\"contentUrl\":\"https:\/\/clave.gob.es\/dam\/jcr:42f57101-9859-445d-bd98-3d2dc5f56473\/logoCombinadoClave.png\"},{\"@type\":\"BreadcrumbList\",\"@id\":\"https:\/\/sidimurcia.org\/index.php\/certificado-clave\/#breadcrumb\",\"itemListElement\":[{\"@type\":\"ListItem\",\"position\":1,\"name\":\"Portada\",\"item\":\"https:\/\/sidimurcia.org\/\"},{\"@type\":\"ListItem\",\"position\":2,\"name\":\"Certificado Clave\"}]},{\"@type\":\"WebSite\",\"@id\":\"https:\/\/sidimurcia.org\/#website\",\"url\":\"https:\/\/sidimurcia.org\/\",\"name\":\"SIDI\",\"description\":\"Sindicato Independiente de Docentes\",\"publisher\":{\"@id\":\"https:\/\/sidimurcia.org\/#organization\"},\"potentialAction\":[{\"@type\":\"SearchAction\",\"target\":{\"@type\":\"EntryPoint\",\"urlTemplate\":\"https:\/\/sidimurcia.org\/?s={search_term_string}\"},\"query-input\":{\"@type\":\"PropertyValueSpecification\",\"valueRequired\":true,\"valueName\":\"search_term_string\"}}],\"inLanguage\":\"es\"},{\"@type\":\"Organization\",\"@id\":\"https:\/\/sidimurcia.org\/#organization\",\"name\":\"Sindicato Independiente de Docentes - SIDI\",\"url\":\"https:\/\/sidimurcia.org\/\",\"logo\":{\"@type\":\"ImageObject\",\"inLanguage\":\"es\",\"@id\":\"https:\/\/sidimurcia.org\/#\/schema\/logo\/image\/\",\"url\":\"https:\/\/sidimurcia.org\/wp-content\/uploads\/cropped-PARAPESTANAWEB-1.jpg\",\"contentUrl\":\"https:\/\/sidimurcia.org\/wp-content\/uploads\/cropped-PARAPESTANAWEB-1.jpg\",\"width\":512,\"height\":512,\"caption\":\"Sindicato Independiente de Docentes - SIDI\"},\"image\":{\"@id\":\"https:\/\/sidimurcia.org\/#\/schema\/logo\/image\/\"},\"sameAs\":[\"https:\/\/es-es.facebook.com\/sidi.sindicatodedocentes\",\"https:\/\/x.com\/SIDIMURCIA\",\"https:\/\/www.instagram.com\/sidi_murcia\/\",\"https:\/\/www.youtube.com\/channel\/UCwwdL3uFtDKJdbOfmC70wIQ\"]}]}<\/script>\n<!-- \/ Yoast SEO plugin. -->","yoast_head_json":{"title":"Certificado Clave - SIDI","robots":{"index":"index","follow":"follow","max-snippet":"max-snippet:-1","max-image-preview":"max-image-preview:large","max-video-preview":"max-video-preview:-1"},"canonical":"https:\/\/sidimurcia.org\/index.php\/certificado-clave\/","og_locale":"es_ES","og_type":"article","og_title":"Certificado Clave - SIDI","og_description":"&nbsp; \u00a0\u00a0\u00a0\u00a0\u00a0\u00a0\u00a0\u00a0\u00a0 \u00a1ATENCI\u00d3N! ESTE CERTIFICADO PUEDE QUE NO FUNCIONE EN SEDE ELECTR\u00d3NICA CARM &nbsp; \u00bfQu\u00e9 es? Este certificado no precisa ... Leer mas","og_url":"https:\/\/sidimurcia.org\/index.php\/certificado-clave\/","og_site_name":"SIDI","article_publisher":"https:\/\/es-es.facebook.com\/sidi.sindicatodedocentes","article_modified_time":"2020-02-27T19:39:19+00:00","og_image":[{"url":"https:\/\/clave.gob.es\/dam\/jcr:42f57101-9859-445d-bd98-3d2dc5f56473\/logoCombinadoClave.png","type":"","width":"","height":""}],"twitter_card":"summary_large_image","twitter_site":"@SIDIMURCIA","twitter_misc":{"Tiempo de lectura":"5 minutos"},"schema":{"@context":"https:\/\/schema.org","@graph":[{"@type":"WebPage","@id":"https:\/\/sidimurcia.org\/index.php\/certificado-clave\/","url":"https:\/\/sidimurcia.org\/index.php\/certificado-clave\/","name":"Certificado Clave - SIDI","isPartOf":{"@id":"https:\/\/sidimurcia.org\/#website"},"primaryImageOfPage":{"@id":"https:\/\/sidimurcia.org\/index.php\/certificado-clave\/#primaryimage"},"image":{"@id":"https:\/\/sidimurcia.org\/index.php\/certificado-clave\/#primaryimage"},"thumbnailUrl":"https:\/\/clave.gob.es\/dam\/jcr:42f57101-9859-445d-bd98-3d2dc5f56473\/logoCombinadoClave.png","datePublished":"2020-02-25T12:14:34+00:00","dateModified":"2020-02-27T19:39:19+00:00","breadcrumb":{"@id":"https:\/\/sidimurcia.org\/index.php\/certificado-clave\/#breadcrumb"},"inLanguage":"es","potentialAction":[{"@type":"ReadAction","target":["https:\/\/sidimurcia.org\/index.php\/certificado-clave\/"]}]},{"@type":"ImageObject","inLanguage":"es","@id":"https:\/\/sidimurcia.org\/index.php\/certificado-clave\/#primaryimage","url":"https:\/\/clave.gob.es\/dam\/jcr:42f57101-9859-445d-bd98-3d2dc5f56473\/logoCombinadoClave.png","contentUrl":"https:\/\/clave.gob.es\/dam\/jcr:42f57101-9859-445d-bd98-3d2dc5f56473\/logoCombinadoClave.png"},{"@type":"BreadcrumbList","@id":"https:\/\/sidimurcia.org\/index.php\/certificado-clave\/#breadcrumb","itemListElement":[{"@type":"ListItem","position":1,"name":"Portada","item":"https:\/\/sidimurcia.org\/"},{"@type":"ListItem","position":2,"name":"Certificado Clave"}]},{"@type":"WebSite","@id":"https:\/\/sidimurcia.org\/#website","url":"https:\/\/sidimurcia.org\/","name":"SIDI","description":"Sindicato Independiente de Docentes","publisher":{"@id":"https:\/\/sidimurcia.org\/#organization"},"potentialAction":[{"@type":"SearchAction","target":{"@type":"EntryPoint","urlTemplate":"https:\/\/sidimurcia.org\/?s={search_term_string}"},"query-input":{"@type":"PropertyValueSpecification","valueRequired":true,"valueName":"search_term_string"}}],"inLanguage":"es"},{"@type":"Organization","@id":"https:\/\/sidimurcia.org\/#organization","name":"Sindicato Independiente de Docentes - SIDI","url":"https:\/\/sidimurcia.org\/","logo":{"@type":"ImageObject","inLanguage":"es","@id":"https:\/\/sidimurcia.org\/#\/schema\/logo\/image\/","url":"https:\/\/sidimurcia.org\/wp-content\/uploads\/cropped-PARAPESTANAWEB-1.jpg","contentUrl":"https:\/\/sidimurcia.org\/wp-content\/uploads\/cropped-PARAPESTANAWEB-1.jpg","width":512,"height":512,"caption":"Sindicato Independiente de Docentes - SIDI"},"image":{"@id":"https:\/\/sidimurcia.org\/#\/schema\/logo\/image\/"},"sameAs":["https:\/\/es-es.facebook.com\/sidi.sindicatodedocentes","https:\/\/x.com\/SIDIMURCIA","https:\/\/www.instagram.com\/sidi_murcia\/","https:\/\/www.youtube.com\/channel\/UCwwdL3uFtDKJdbOfmC70wIQ"]}]}},"_links":{"self":[{"href":"https:\/\/sidimurcia.org\/index.php\/wp-json\/wp\/v2\/pages\/3042","targetHints":{"allow":["GET"]}}],"collection":[{"href":"https:\/\/sidimurcia.org\/index.php\/wp-json\/wp\/v2\/pages"}],"about":[{"href":"https:\/\/sidimurcia.org\/index.php\/wp-json\/wp\/v2\/types\/page"}],"author":[{"embeddable":true,"href":"https:\/\/sidimurcia.org\/index.php\/wp-json\/wp\/v2\/users\/1"}],"replies":[{"embeddable":true,"href":"https:\/\/sidimurcia.org\/index.php\/wp-json\/wp\/v2\/comments?post=3042"}],"version-history":[{"count":0,"href":"https:\/\/sidimurcia.org\/index.php\/wp-json\/wp\/v2\/pages\/3042\/revisions"}],"wp:attachment":[{"href":"https:\/\/sidimurcia.org\/index.php\/wp-json\/wp\/v2\/media?parent=3042"}],"curies":[{"name":"wp","href":"https:\/\/api.w.org\/{rel}","templated":true}]}}