{"id":3272,"date":"2020-03-04T13:19:52","date_gmt":"2020-03-04T13:19:52","guid":{"rendered":"https:\/\/sidimurcia.org\/?page_id=3272"},"modified":"2025-10-17T07:37:00","modified_gmt":"2025-10-17T07:37:00","slug":"bajas-medicas","status":"publish","type":"page","link":"https:\/\/sidimurcia.org\/index.php\/bajas-medicas\/","title":{"rendered":"Bajas m\u00e9dicas"},"content":{"rendered":"<header class=\"entry-header\">\n<h1 class=\"entry-title\" style=\"text-align: justify;\"><span style=\"font-family: arial, helvetica, sans-serif;\"><span style=\"color: #d4458b;\">NORMATIVA SOBRE BAJAS MEDICAS PARA FUNCIONARIOS, INTERINOS Y PROFESORES DE RELIGI\u00d3N<\/span><br \/>\n<\/span><\/h1>\n<\/header>\n<div class=\"entry-content\">\n<p align=\"justify\"><span style=\"font-family: arial, helvetica, sans-serif;\"><span style=\"color: #993366;\"><u><strong><img loading=\"lazy\" decoding=\"async\" src=\"https:\/\/sidimurcia.org\/wp-content\/uploads\/2019\/10\/informacion20x20.gif\" alt=\"\" width=\"21\" height=\"20\" \/><span style=\"color: #3c48a9;\">DESAPARICI\u00d3N DE DESCUENTO POR BAJA M\u00c9DICA.<\/span><\/strong><\/u><\/span><strong>\u00a0 <\/strong><\/span><span style=\"font-family: arial, helvetica, sans-serif;\"><strong><span style=\"color: #000000;\">Desde el d\u00eda 1 de enero de 2019 ya no se aplica ning\u00fan tipo de descuento en los d\u00edas de baja m\u00e9dica seg\u00fan se indica en la disposici\u00f3n final segunda apartado cuatro de los Presupuestos Generales de la Regi\u00f3n de Murcia publicados en BORM del 28\/12\/2018<\/span><u><br \/>\n<\/u><\/strong><\/span><\/p>\n<div align=\"justify\">\n<ul>\n<li><span style=\"font-family: arial, helvetica, sans-serif;\"><a href=\"https:\/\/sidimurcia.org\/index.php\/2023\/03\/31\/nota-informativa-del-spd-sobre-novedades-de-partes-de-baja-del-inss-desde-el-1-de-abril-de-2023\/\">31\/03\/2023 <span class=\"selectable-text copyable-text\">Nota informativa del SPD sobre novedades de partes de baja del INSS desde el 1 de abril de 2023<\/span><\/a><\/span><\/li>\n<li><a href=\"https:\/\/sidimurcia.org\/index.php\/2023\/05\/04\/04-05-2023-nota-informativa-procesos-de-incapacidad-temporal\/\"><span style=\"font-family: arial, helvetica, sans-serif;\">04\/05\/2023 \u2013 NOTA INFORMATIVA PROCESOS DE INCAPACIDAD TEMPORAL<\/span><\/a><\/li>\n<\/ul>\n<hr \/>\n<p><span style=\"font-family: arial, helvetica, sans-serif; color: #d4458b;\"><strong><span style=\"font-size: 20px;\">PROFESORADO FUNCIONARIO DE CARRERA (MUFACE):<\/span><\/strong><\/span><\/p>\n<ul>\n<li style=\"list-style-type: none;\">\n<ul>\n<li><span style=\"font-family: arial, helvetica, sans-serif;\"><strong><a href=\"http:\/\/www.boe.es\/boe\/dias\/2010\/07\/01\/pdfs\/BOE-A-2010-10424.pdf\" target=\"_self\" rel=\"noopener noreferrer\">Orden PRE\/1744\/2010, de 30 de junio, por la que se regula el procedimiento de reconocimiento, control y seguimiento de las situaciones de incapacidad temporal, riesgo durante el embarazo y riesgo durante la lactancia natural en el R\u00e9gimen Especial de la Seguridad Social de los Funcionarios Civiles del Estado.<\/a><\/strong><\/span><\/li>\n<li><span style=\"font-family: arial, helvetica, sans-serif;\">Muface &#8211; <a href=\"https:\/\/www.muface.es\/muface_Home\/Prestaciones\/Incapacidad.html\">Prestaciones por Incapacidad<\/a><\/span><\/li>\n<li><span style=\"font-family: arial, helvetica, sans-serif;\">Muface &#8211; <a href=\"https:\/\/muface.es\/content\/dam\/muface\/Prestaciones\/Impresos\/DPS_11007_PARTE_IT.pdf\"><span style=\"background-color: #ffff99;\">Parte de baja por incapacidad temporal con CIE-10<\/span><\/a><\/span><\/li>\n<li><span style=\"font-family: arial, helvetica, sans-serif;\"><span style=\"color: #3c48a9;\"><span style=\"font-size: 20px;\"><strong>Importante para los Funcionarios de Muface<\/strong><\/span> &#8211;<\/span> Aquellos funcionarios en situaci\u00f3n de baja de larga duraci\u00f3n, deben conocer que <strong>a partir del d\u00eda 91 de baja<\/strong>, ser\u00e1 Muface y no la Consejer\u00eda la que pague su sueldo, pagando la Consejer\u00eda \u00fanicamente las cantidades correspondientes a los complementos que les correspondan. <\/span><span style=\"font-family: arial, helvetica, sans-serif; color: #3c48a9;\">Por este motivo, es necesario que el funcionario a partir del d\u00eda 90 de baja, comunique a Muface esta situaci\u00f3n para que se inicien los tr\u00e1mites de pago de su n\u00f3mina.<\/span><\/li>\n<\/ul>\n<\/li>\n<\/ul>\n<p style=\"padding-left: 80px;\"><span style=\"font-family: arial, helvetica, sans-serif;\">A partir de ese tr\u00e1mite, Muface iniciar\u00e1 el pago correspondiente a mes vencido por lo que el\/la funcionari@ percibir\u00e1 una cantidad de la Consejer\u00eda en la fecha habitual y otro ingreso por parte de Muface que ir\u00e1 desfasado al menos un mes, dependiendo de la rapidez con que haya tramitado su solicitud a Muface.<\/span><\/p>\n<p style=\"padding-left: 80px;\"><span style=\"font-family: arial, helvetica, sans-serif;\"><span style=\"text-decoration: underline;\"><em>Esta solicitud la debe realizar siguiendo las instrucciones y usando los documentos que se indican en la siguiente<\/em><\/span><span style=\"text-decoration: underline;\"><em> p\u00e1gina:<\/em><\/span><\/span><\/p>\n<ul>\n<li style=\"list-style-type: none;\">\n<ul>\n<li style=\"list-style-type: none;\">\n<ul>\n<li><span style=\"text-decoration: underline; font-family: arial, helvetica, sans-serif;\"><strong><a href=\"https:\/\/www.muface.es\/muface_Home\/Prestaciones\/Incapacidad\/subsidio-incapacidad-temporal.html\">Subsidios por Incapacidad temporal de Muface<\/a>.<\/strong><\/span><\/li>\n<\/ul>\n<\/li>\n<\/ul>\n<\/li>\n<\/ul>\n<\/div>\n<p style=\"padding-left: 80px;\"><span style=\"font-family: arial, helvetica, sans-serif;\"><span style=\"color: #3c48a9;\"><span style=\"text-decoration: underline; font-size: 16px;\"><strong>FUNCIONARIO DE CARRERA &#8211; COMO TRAMITAR TU BAJA:<\/strong><\/span><strong><span style=\"font-size: 20px;\">\u00a0 <\/span><\/strong><\/span>Existen dos opciones:<\/span><\/p>\n<ol>\n<li style=\"list-style-type: none;\">\n<ol>\n<li style=\"list-style-type: none;\">\n<ol>\n<li><span style=\"font-family: arial, helvetica, sans-serif;\">Comunic\u00e1ndolo a tu centro y remiti\u00e9ndoles el Parte de Baja as\u00ed como los diversos Partes de Continuaci\u00f3n y finalmente el Parte de Alta para que ellos lo tramiten por t\u00ed.<\/span><\/li>\n<li><span style=\"font-family: arial, helvetica, sans-serif;\">Realizando tu mism@ la gesti\u00f3n, acudiendo a tu p\u00e1gina privada en Educarm y pulsando en<\/span><\/li>\n<\/ol>\n<\/li>\n<\/ol>\n<\/li>\n<\/ol>\n<p style=\"padding-left: 160px;\"><span style=\"font-family: arial, helvetica, sans-serif;\"><img loading=\"lazy\" decoding=\"async\" class=\"alignnone\" src=\"http:\/\/servicios.educarm.es\/templates\/portal\/images\/botones_admin_52x40\/598_bajasTelematicas.gif\" alt=\"Icono-Bajas-Telem\u00e1ticas\" width=\"52\" height=\"40\" \/><a class=\"menu_administrador\" href=\"http:\/\/www.educarm.es\/home#\">Mis bajas telem\u00e1ticas.<\/a>\u00a0La Consejer\u00eda dispone de una aplicaci\u00f3n para que puedas realizar tu mism@ estas gestiones y tambi\u00e9n pone a tu disposici\u00f3n dos gu\u00edas que encontrar\u00e1s en esa secci\u00f3n con una breve explicaci\u00f3n de como usarla. En el lateral derecho encontrar\u00e1s: \u00a0\u00a0 <a class=\"enlaceNaranja1\" title=\"Gu\u00eda R\u00e1pida Bajas Telem\u00e1ticas\" href=\"https:\/\/servicios.educarm.es\/zonassl\/apps\/bajasTelematicas\/ficheros\/GuiaRapidaMisBajasTelematicas.pdf\" target=\"_blank\" rel=\"noopener noreferrer\"><span class=\"colorNaranja1\"><img loading=\"lazy\" decoding=\"async\" class=\"\" src=\"https:\/\/servicios.educarm.es\/portal\/templates\/portal\/images\/iconos\/info_button_16.png\" alt=\"Informaci\u00f3n\" width=\"16\" height=\"16\" \/><\/span><\/a><span class=\"colorNaranja1\"><span style=\"color: #ff6600;\"> Gu\u00eda R\u00e1pida Bajas Telem\u00e1ticas\u00a0 \u00a0 \u00a0 <\/span><\/span><a class=\"enlaceNaranja1\" title=\"Gu\u00eda R\u00e1pida Bajas Telem\u00e1ticas\" href=\"https:\/\/servicios.educarm.es\/zonassl\/apps\/bajasTelematicas\/ficheros\/GuiaRapidaMisBajasTelematicas.pdf\" target=\"_blank\" rel=\"noopener noreferrer\"><img loading=\"lazy\" decoding=\"async\" src=\"https:\/\/servicios.educarm.es\/portal\/templates\/portal\/images\/iconos\/info_button_16.png\" alt=\"Informaci\u00f3n\" width=\"16\" height=\"16\" \/><\/a><span class=\"colorNaranja1\"><span style=\"color: #ff6600;\"> Manual Bajas Telem\u00e1ticas<\/span><\/span><\/span><\/p>\n<ul>\n<li style=\"list-style-type: none;\">\n<ul>\n<li style=\"list-style-type: none;\">\n<ul>\n<li><span style=\"font-family: arial, helvetica, sans-serif;\">INFORMACI\u00d3N ADICIONAL:\u00a0 <a href=\"http:\/\/www.seg-social.es\/wps\/wcm\/connect\/wss\/d24cc76a-e1f4-49b6-b36f-fb8fc00a32a7\/Manual+Tiempos+%C3%93ptimos+IT_Castellano_v4.0_+Accesibilidad.pdf?MOD=AJPERES&amp;CVID=\"><strong><span style=\"text-decoration: underline;\">Manual de tiempos \u00f3ptimos de IT<\/span><\/strong><\/a><\/span><\/li>\n<\/ul>\n<\/li>\n<\/ul>\n<\/li>\n<\/ul>\n<\/div>\n<div align=\"justify\">\n<p><span style=\"font-family: arial, helvetica, sans-serif; font-size: 20px;\"><strong><span style=\"color: #d4458b;\">PROFESORADO INTERINO Y PROFESORADO DE RELIGI\u00d3N:<\/span> <\/strong><\/span><\/p>\n<ul>\n<li style=\"list-style-type: none;\">\n<ul>\n<li><span style=\"font-family: arial, helvetica, sans-serif;\"><strong><a href=\"http:\/\/www.boe.es\/boe\/dias\/2015\/06\/20\/pdfs\/BOE-A-2015-6839.pdf\" target=\"_self\" rel=\"noopener noreferrer\"><span style=\"text-decoration: underline;\">Orden ESS\/1187\/2015, de 15 de junio, por la que se desarrolla el Real Decreto 625\/2014, de 18 de julio, por el que se regulan determinados aspectos de la gesti\u00f3n y control de los procesos por incapacidad temporal en los primeros trescientos sesenta y cinco d\u00edas de su duraci\u00f3n.<\/span><\/a><\/strong><\/span><\/li>\n<\/ul>\n<\/li>\n<\/ul>\n<p style=\"padding-left: 80px;\"><span style=\"font-family: arial, helvetica, sans-serif;\"><img loading=\"lazy\" decoding=\"async\" src=\"https:\/\/sidimurcia.org\/wp-content\/uploads\/2019\/10\/puntorojo20x20.gif\" alt=\"\" width=\"20\" height=\"19\" \/><span style=\"color: #3c48a9;\"><strong><span style=\"text-decoration: underline;\">PERSONAL INTERINO &#8211; COMO TRAMITAR TU BAJA:<\/span><\/strong> <\/span>Desde abril\/mayo de 2023 ya no es necesario tramitar los partes de baja\/alta con la Consejer\u00eda ya que la Seguridad Social remitir\u00e1 dichos partes directamente a la Consejer\u00eda atendiendo a la siguiente informaci\u00f3n: <a href=\"https:\/\/sidimurcia.org\/index.php\/2023\/05\/04\/04-05-2023-nota-informativa-procesos-de-incapacidad-temporal\/\"><span style=\"font-family: arial, helvetica, sans-serif;\">NOTA INFORMATIVA PROCESOS DE INCAPACIDAD TEMPORAL<\/span><\/a><\/span><\/p>\n<\/div>\n<p>&nbsp;<\/p>\n<div class=\"entry-content\">\n<p>&nbsp;<\/p>\n<\/div>\n<p>&nbsp;<\/p>\n","protected":false},"excerpt":{"rendered":"<p>NORMATIVA SOBRE BAJAS MEDICAS PARA FUNCIONARIOS, INTERINOS Y PROFESORES DE RELIGI\u00d3N DESAPARICI\u00d3N DE DESCUENTO POR BAJA M\u00c9DICA.\u00a0 Desde el d\u00eda &#8230; <a title=\"Bajas m\u00e9dicas\" class=\"read-more\" href=\"https:\/\/sidimurcia.org\/index.php\/bajas-medicas\/\" aria-label=\"Leer m\u00e1s sobre Bajas m\u00e9dicas\">Leer mas<\/a><\/p>\n","protected":false},"author":1,"featured_media":0,"parent":0,"menu_order":0,"comment_status":"closed","ping_status":"closed","template":"","meta":{"footnotes":""},"class_list":["post-3272","page","type-page","status-publish"],"yoast_head":"<!-- This site is optimized with the Yoast SEO plugin v27.2 - https:\/\/yoast.com\/product\/yoast-seo-wordpress\/ -->\n<title>Bajas m\u00e9dicas - SIDI<\/title>\n<meta name=\"robots\" content=\"index, follow, max-snippet:-1, max-image-preview:large, max-video-preview:-1\" \/>\n<link rel=\"canonical\" href=\"https:\/\/sidimurcia.org\/index.php\/bajas-medicas\/\" \/>\n<meta property=\"og:locale\" content=\"es_ES\" \/>\n<meta property=\"og:type\" content=\"article\" \/>\n<meta property=\"og:title\" content=\"Bajas m\u00e9dicas - SIDI\" \/>\n<meta property=\"og:description\" content=\"NORMATIVA SOBRE BAJAS MEDICAS PARA FUNCIONARIOS, INTERINOS Y PROFESORES DE RELIGI\u00d3N DESAPARICI\u00d3N DE DESCUENTO POR BAJA M\u00c9DICA.\u00a0 Desde el d\u00eda ... Leer mas\" \/>\n<meta property=\"og:url\" content=\"https:\/\/sidimurcia.org\/index.php\/bajas-medicas\/\" \/>\n<meta property=\"og:site_name\" content=\"SIDI\" \/>\n<meta property=\"article:publisher\" content=\"https:\/\/es-es.facebook.com\/sidi.sindicatodedocentes\" \/>\n<meta property=\"article:modified_time\" content=\"2025-10-17T07:37:00+00:00\" \/>\n<meta property=\"og:image\" content=\"https:\/\/sidimurcia.org\/wp-content\/uploads\/2019\/10\/informacion20x20.gif\" \/>\n<meta name=\"twitter:card\" content=\"summary_large_image\" \/>\n<meta name=\"twitter:site\" content=\"@SIDIMURCIA\" \/>\n<meta name=\"twitter:label1\" content=\"Tiempo de lectura\" \/>\n\t<meta name=\"twitter:data1\" content=\"3 minutos\" \/>\n<script type=\"application\/ld+json\" class=\"yoast-schema-graph\">{\"@context\":\"https:\/\/schema.org\",\"@graph\":[{\"@type\":\"WebPage\",\"@id\":\"https:\/\/sidimurcia.org\/index.php\/bajas-medicas\/\",\"url\":\"https:\/\/sidimurcia.org\/index.php\/bajas-medicas\/\",\"name\":\"Bajas m\u00e9dicas - SIDI\",\"isPartOf\":{\"@id\":\"https:\/\/sidimurcia.org\/#website\"},\"primaryImageOfPage\":{\"@id\":\"https:\/\/sidimurcia.org\/index.php\/bajas-medicas\/#primaryimage\"},\"image\":{\"@id\":\"https:\/\/sidimurcia.org\/index.php\/bajas-medicas\/#primaryimage\"},\"thumbnailUrl\":\"https:\/\/sidimurcia.org\/wp-content\/uploads\/2019\/10\/informacion20x20.gif\",\"datePublished\":\"2020-03-04T13:19:52+00:00\",\"dateModified\":\"2025-10-17T07:37:00+00:00\",\"breadcrumb\":{\"@id\":\"https:\/\/sidimurcia.org\/index.php\/bajas-medicas\/#breadcrumb\"},\"inLanguage\":\"es\",\"potentialAction\":[{\"@type\":\"ReadAction\",\"target\":[\"https:\/\/sidimurcia.org\/index.php\/bajas-medicas\/\"]}]},{\"@type\":\"ImageObject\",\"inLanguage\":\"es\",\"@id\":\"https:\/\/sidimurcia.org\/index.php\/bajas-medicas\/#primaryimage\",\"url\":\"https:\/\/sidimurcia.org\/wp-content\/uploads\/2019\/10\/informacion20x20.gif\",\"contentUrl\":\"https:\/\/sidimurcia.org\/wp-content\/uploads\/2019\/10\/informacion20x20.gif\",\"width\":21,\"height\":20},{\"@type\":\"BreadcrumbList\",\"@id\":\"https:\/\/sidimurcia.org\/index.php\/bajas-medicas\/#breadcrumb\",\"itemListElement\":[{\"@type\":\"ListItem\",\"position\":1,\"name\":\"Portada\",\"item\":\"https:\/\/sidimurcia.org\/\"},{\"@type\":\"ListItem\",\"position\":2,\"name\":\"Bajas m\u00e9dicas\"}]},{\"@type\":\"WebSite\",\"@id\":\"https:\/\/sidimurcia.org\/#website\",\"url\":\"https:\/\/sidimurcia.org\/\",\"name\":\"SIDI\",\"description\":\"Sindicato Independiente de Docentes\",\"publisher\":{\"@id\":\"https:\/\/sidimurcia.org\/#organization\"},\"potentialAction\":[{\"@type\":\"SearchAction\",\"target\":{\"@type\":\"EntryPoint\",\"urlTemplate\":\"https:\/\/sidimurcia.org\/?s={search_term_string}\"},\"query-input\":{\"@type\":\"PropertyValueSpecification\",\"valueRequired\":true,\"valueName\":\"search_term_string\"}}],\"inLanguage\":\"es\"},{\"@type\":\"Organization\",\"@id\":\"https:\/\/sidimurcia.org\/#organization\",\"name\":\"Sindicato Independiente de Docentes - SIDI\",\"url\":\"https:\/\/sidimurcia.org\/\",\"logo\":{\"@type\":\"ImageObject\",\"inLanguage\":\"es\",\"@id\":\"https:\/\/sidimurcia.org\/#\/schema\/logo\/image\/\",\"url\":\"https:\/\/sidimurcia.org\/wp-content\/uploads\/cropped-PARAPESTANAWEB-1.jpg\",\"contentUrl\":\"https:\/\/sidimurcia.org\/wp-content\/uploads\/cropped-PARAPESTANAWEB-1.jpg\",\"width\":512,\"height\":512,\"caption\":\"Sindicato Independiente de Docentes - SIDI\"},\"image\":{\"@id\":\"https:\/\/sidimurcia.org\/#\/schema\/logo\/image\/\"},\"sameAs\":[\"https:\/\/es-es.facebook.com\/sidi.sindicatodedocentes\",\"https:\/\/x.com\/SIDIMURCIA\",\"https:\/\/www.instagram.com\/sidi_murcia\/\",\"https:\/\/www.youtube.com\/channel\/UCwwdL3uFtDKJdbOfmC70wIQ\"]}]}<\/script>\n<!-- \/ Yoast SEO plugin. -->","yoast_head_json":{"title":"Bajas m\u00e9dicas - SIDI","robots":{"index":"index","follow":"follow","max-snippet":"max-snippet:-1","max-image-preview":"max-image-preview:large","max-video-preview":"max-video-preview:-1"},"canonical":"https:\/\/sidimurcia.org\/index.php\/bajas-medicas\/","og_locale":"es_ES","og_type":"article","og_title":"Bajas m\u00e9dicas - SIDI","og_description":"NORMATIVA SOBRE BAJAS MEDICAS PARA FUNCIONARIOS, INTERINOS Y PROFESORES DE RELIGI\u00d3N DESAPARICI\u00d3N DE DESCUENTO POR BAJA M\u00c9DICA.\u00a0 Desde el d\u00eda ... Leer mas","og_url":"https:\/\/sidimurcia.org\/index.php\/bajas-medicas\/","og_site_name":"SIDI","article_publisher":"https:\/\/es-es.facebook.com\/sidi.sindicatodedocentes","article_modified_time":"2025-10-17T07:37:00+00:00","og_image":[{"url":"https:\/\/sidimurcia.org\/wp-content\/uploads\/2019\/10\/informacion20x20.gif","type":"","width":"","height":""}],"twitter_card":"summary_large_image","twitter_site":"@SIDIMURCIA","twitter_misc":{"Tiempo de lectura":"3 minutos"},"schema":{"@context":"https:\/\/schema.org","@graph":[{"@type":"WebPage","@id":"https:\/\/sidimurcia.org\/index.php\/bajas-medicas\/","url":"https:\/\/sidimurcia.org\/index.php\/bajas-medicas\/","name":"Bajas m\u00e9dicas - SIDI","isPartOf":{"@id":"https:\/\/sidimurcia.org\/#website"},"primaryImageOfPage":{"@id":"https:\/\/sidimurcia.org\/index.php\/bajas-medicas\/#primaryimage"},"image":{"@id":"https:\/\/sidimurcia.org\/index.php\/bajas-medicas\/#primaryimage"},"thumbnailUrl":"https:\/\/sidimurcia.org\/wp-content\/uploads\/2019\/10\/informacion20x20.gif","datePublished":"2020-03-04T13:19:52+00:00","dateModified":"2025-10-17T07:37:00+00:00","breadcrumb":{"@id":"https:\/\/sidimurcia.org\/index.php\/bajas-medicas\/#breadcrumb"},"inLanguage":"es","potentialAction":[{"@type":"ReadAction","target":["https:\/\/sidimurcia.org\/index.php\/bajas-medicas\/"]}]},{"@type":"ImageObject","inLanguage":"es","@id":"https:\/\/sidimurcia.org\/index.php\/bajas-medicas\/#primaryimage","url":"https:\/\/sidimurcia.org\/wp-content\/uploads\/2019\/10\/informacion20x20.gif","contentUrl":"https:\/\/sidimurcia.org\/wp-content\/uploads\/2019\/10\/informacion20x20.gif","width":21,"height":20},{"@type":"BreadcrumbList","@id":"https:\/\/sidimurcia.org\/index.php\/bajas-medicas\/#breadcrumb","itemListElement":[{"@type":"ListItem","position":1,"name":"Portada","item":"https:\/\/sidimurcia.org\/"},{"@type":"ListItem","position":2,"name":"Bajas m\u00e9dicas"}]},{"@type":"WebSite","@id":"https:\/\/sidimurcia.org\/#website","url":"https:\/\/sidimurcia.org\/","name":"SIDI","description":"Sindicato Independiente de Docentes","publisher":{"@id":"https:\/\/sidimurcia.org\/#organization"},"potentialAction":[{"@type":"SearchAction","target":{"@type":"EntryPoint","urlTemplate":"https:\/\/sidimurcia.org\/?s={search_term_string}"},"query-input":{"@type":"PropertyValueSpecification","valueRequired":true,"valueName":"search_term_string"}}],"inLanguage":"es"},{"@type":"Organization","@id":"https:\/\/sidimurcia.org\/#organization","name":"Sindicato Independiente de Docentes - SIDI","url":"https:\/\/sidimurcia.org\/","logo":{"@type":"ImageObject","inLanguage":"es","@id":"https:\/\/sidimurcia.org\/#\/schema\/logo\/image\/","url":"https:\/\/sidimurcia.org\/wp-content\/uploads\/cropped-PARAPESTANAWEB-1.jpg","contentUrl":"https:\/\/sidimurcia.org\/wp-content\/uploads\/cropped-PARAPESTANAWEB-1.jpg","width":512,"height":512,"caption":"Sindicato Independiente de Docentes - SIDI"},"image":{"@id":"https:\/\/sidimurcia.org\/#\/schema\/logo\/image\/"},"sameAs":["https:\/\/es-es.facebook.com\/sidi.sindicatodedocentes","https:\/\/x.com\/SIDIMURCIA","https:\/\/www.instagram.com\/sidi_murcia\/","https:\/\/www.youtube.com\/channel\/UCwwdL3uFtDKJdbOfmC70wIQ"]}]}},"_links":{"self":[{"href":"https:\/\/sidimurcia.org\/index.php\/wp-json\/wp\/v2\/pages\/3272","targetHints":{"allow":["GET"]}}],"collection":[{"href":"https:\/\/sidimurcia.org\/index.php\/wp-json\/wp\/v2\/pages"}],"about":[{"href":"https:\/\/sidimurcia.org\/index.php\/wp-json\/wp\/v2\/types\/page"}],"author":[{"embeddable":true,"href":"https:\/\/sidimurcia.org\/index.php\/wp-json\/wp\/v2\/users\/1"}],"replies":[{"embeddable":true,"href":"https:\/\/sidimurcia.org\/index.php\/wp-json\/wp\/v2\/comments?post=3272"}],"version-history":[{"count":0,"href":"https:\/\/sidimurcia.org\/index.php\/wp-json\/wp\/v2\/pages\/3272\/revisions"}],"wp:attachment":[{"href":"https:\/\/sidimurcia.org\/index.php\/wp-json\/wp\/v2\/media?parent=3272"}],"curies":[{"name":"wp","href":"https:\/\/api.w.org\/{rel}","templated":true}]}}