{"id":53,"date":"2019-10-10T10:34:21","date_gmt":"2019-10-10T10:34:21","guid":{"rendered":"https:\/\/sidimurcia.org\/wp\/?page_id=53"},"modified":"2025-08-31T18:00:26","modified_gmt":"2025-08-31T18:00:26","slug":"telefonos-de-contacto","status":"publish","type":"page","link":"https:\/\/sidimurcia.org\/index.php\/telefonos-de-contacto\/","title":{"rendered":"Tel\u00e9fonos de contacto y horarios de atenci\u00f3n telef\u00f3nica y presencial."},"content":{"rendered":"<h2 align=\"center\"><img loading=\"lazy\" decoding=\"async\" class=\"alignleft\" src=\"https:\/\/sidimurcia.org\/wp-content\/uploads\/logofinal212x212.png\" alt=\"\" width=\"150\" height=\"150\" \/><\/h2>\n<h2 align=\"center\"><\/h2>\n<p>&nbsp;<\/p>\n<h2 align=\"center\"><span style=\"font-family: arial, helvetica, sans-serif; color: #d4458b;\"><strong>SIDI &#8211; Sindicato Independiente de Docentes de la Regi\u00f3n de Murcia <\/strong><\/span><\/h2>\n<h2 style=\"text-align: center;\" align=\"center\"><span style=\"font-family: arial, helvetica, sans-serif;\"><strong><span style=\"color: #993366;\"><span style=\"color: #d4458b;\">\u00a0654 35 86 04<\/span><br \/>\n<\/span><\/strong><\/span><\/h2>\n<h2 style=\"text-align: center;\" align=\"center\"><span style=\"font-family: arial, helvetica, sans-serif;\"><strong><span style=\"font-size: 18pt;\">\u00a0<\/span><\/strong><span style=\"font-size: 14px;\"><span style=\"color: #000000;\"><strong><em>UBICACI\u00d3N DE LA SEDE<\/em><\/strong>:<\/span> <a href=\"https:\/\/www.google.es\/maps\/place\/SIDI+-+Murcia,+Sindicato+Independiente+de+Docentes\/@37.986127,-1.132969,15z\/data=!4m5!3m4!1s0x0:0xb0b4c1e261c7e845!8m2!3d37.986127!4d-1.132969\">C\/ Vinader 1, Entresuelo Izquierda<\/a><\/span><\/span><br \/>\n<span style=\"font-size: 14px; font-family: arial, helvetica, sans-serif;\">(Pincha en el enlace para ver la ubicaci\u00f3n en Google Maps).<\/span><\/h2>\n<table style=\"border-collapse: collapse; width: 100%;\">\n<tbody>\n<tr>\n<td style=\"width: 50%; background-color: #f5f2c4;\" colspan=\"2\">\n<p style=\"text-align: center;\"><span style=\"text-decoration: underline; font-family: arial, helvetica, sans-serif; color: #d4458b; font-size: 16px;\"><strong>HORARIO DE ATENCI\u00d3N TELEF\u00d3NICA Y WHATSAPP DE SEPTIEMBRE A JUNIO<\/strong><\/span><span style=\"color: #d4458b; font-size: 14px;\"><span style=\"font-family: arial, helvetica, sans-serif;\"><u><strong> (Excepto<\/strong><\/u><\/span><span style=\"font-family: arial, helvetica, sans-serif;\"><u><strong> Festivos,<\/strong><\/u><\/span><span style=\"font-family: arial, helvetica, sans-serif;\"><u><strong> Navidad y Semana Santa)<\/strong><\/u><\/span><\/span><\/p>\n<p align=\"center\"><span style=\"font-family: arial, helvetica, sans-serif; color: #3c48a9;\"><strong><span style=\"text-decoration: underline;\">MA\u00d1ANAS:<\/span> DE LUNES A VIERNES DE 9:30 A 14:30 horas.<\/strong><\/span><\/p>\n<p align=\"center\"><span style=\"font-family: arial, helvetica, sans-serif; color: #3c48a9;\"><strong><span style=\"text-decoration: underline;\">TARDES:<\/span> DE LUNES A VIERNES DE 17:00 A 19:00 horas.<\/strong><\/span><span style=\"color: #ff0000; font-size: 12px; font-family: arial, helvetica, sans-serif;\"><u><strong><br \/>\n<\/strong><\/u><\/span><\/p>\n<\/td>\n<\/tr>\n<\/tbody>\n<\/table>\n<table style=\"border-collapse: collapse; width: 100%;\">\n<tbody>\n<tr>\n<td style=\"width: 100%; background-color: #f5f2c4;\">\n<p align=\"center\"><span style=\"color: #d4458b; font-family: arial, helvetica, sans-serif;\"><strong><span style=\"text-decoration: underline;\">HORARIO DE ATENCI\u00d3N TELEF\u00d3NICA Y WHATSAPP EN EL MES DE JULIO (Excepto\u00a0 Festivos)<\/span><br \/>\n<\/strong><\/span><\/p>\n<p align=\"center\"><span style=\"font-family: arial, helvetica, sans-serif; color: #3c48a9;\"><span style=\"text-decoration: underline;\"><strong>MES DE JULIO<\/strong> <\/span><strong><span style=\"text-decoration: underline;\">&#8211; MA\u00d1ANAS<\/span>: DE LUNES A VIERNES DE 9:00 A 13:00 horas.<\/strong><\/span><\/p>\n<p align=\"center\"><span style=\"font-family: arial, helvetica, sans-serif; color: #3c48a9;\"><span style=\"text-decoration: underline;\"><strong>MES DE JULIO<\/strong> <\/span><strong><span style=\"text-decoration: underline;\">&#8211; TARDES<\/span>: DE LUNES A JUEVES DE 17:00 A 19:00 horas.<\/strong> \u00a0\u00a0<\/span><\/p>\n<p align=\"center\"><span style=\"font-family: arial, helvetica, sans-serif; color: #3c48a9;\"><strong><span style=\"text-decoration: underline;\">MES DE AGOSTO:<\/span> SOLO D\u00cdAS DE ACTOS DE ADJUDICACI\u00d3N<\/strong><\/span><\/p>\n<\/td>\n<\/tr>\n<tr>\n<td style=\"width: 100%; background-color: #f5f2c4; text-align: center;\"><strong><span style=\"font-size: 16px; color: #d4458b;\"><span style=\"font-family: arial, helvetica, sans-serif;\"><u>HORARIO DE ATENCI\u00d3N PRE<\/u><u>SENCI<span style=\"font-size: 16px; font-family: arial, helvetica, sans-serif;\">AL (EN NUESTRA SEDE) DE SEPTIEMBRE<\/span><\/u><span style=\"font-size: 16px;\"><u> A JUNIO <span style=\"font-size: 14px;\">(Excepto Festivos, Navidad y Semana Santa)<\/span><\/u><\/span><\/span><\/span><\/strong><\/p>\n<p><span style=\"font-family: arial, helvetica, sans-serif; color: #3c48a9; font-size: 16px;\"><strong class=\"alignnone\"><span style=\"text-decoration: underline;\">MA\u00d1ANAS:<\/span> DE <\/strong><strong>LUNES A VIERNES DE 10:00 A 12:00 horas. <\/strong><\/span><\/p>\n<p><span style=\"color: #3c48a9; font-size: 16px; font-family: arial, helvetica, sans-serif;\"><strong class=\"alignnone\"><span style=\"text-decoration: underline;\">TARDES:<\/span> DE <\/strong><strong>LUNES A VIERNES DE 16:00 A 19:00 horas. <\/strong><\/span><\/p>\n<p><span style=\"font-size: 16px; font-family: arial, helvetica, sans-serif; color: #d4458b;\"><strong><u> HORARIO DE ATENCI\u00d3N PRESENCIAL (EN NUESTRA SEDE) EN EL MES DE JULIO (Excepto\u00a0 Festivos)<\/u><\/strong><\/span><\/p>\n<p><span style=\"font-size: 16px; font-family: arial, helvetica, sans-serif; color: #3c48a9;\"><span style=\"text-decoration: underline;\"><strong class=\"alignnone\">MA\u00d1ANAS:<\/strong><\/span><strong class=\"alignnone\"> DE <\/strong><strong>LUNES A VIERNES DE 10:00 A 12:00 horas.<\/strong><\/span><\/p>\n<p><span style=\"font-size: 16px; font-family: arial, helvetica, sans-serif; color: #3c48a9;\"><span style=\"text-decoration: underline;\"><strong class=\"alignnone\">TARDES:<\/strong><\/span><strong class=\"alignnone\"> QUEDA SUSPENDIDA LA ATENCI\u00d3N PRESENCIAL &#8211; contacta por whatsapp o tel\u00e9fono de 17 a 19<\/strong><\/span><\/td>\n<\/tr>\n<\/tbody>\n<\/table>\n<p style=\"text-align: center;\"><span style=\"font-size: 20px; font-family: arial, helvetica, sans-serif; color: #d4458b;\"><strong><u>DATOS DE CONTACTO<\/u><\/strong><\/span><\/p>\n<table style=\"border-collapse: collapse; width: 100%; height: 748px;\">\n<tbody>\n<tr style=\"height: 150px;\">\n<td style=\"width: 100%; background-color: #f0f0f0; height: 150px;\">\n<p style=\"text-align: center;\"><span style=\"color: #3c48a9; font-size: 20px; font-family: arial, helvetica, sans-serif;\"><strong>INFORMACI\u00d3N GENERAL<\/strong><\/span><\/p>\n<p style=\"text-align: center;\"><span style=\"font-family: arial, helvetica, sans-serif;\"><img loading=\"lazy\" decoding=\"async\" class=\"\" src=\"https:\/\/sidimurcia.org\/wp-content\/uploads\/telefono.jpg\" alt=\"\" width=\"20\" height=\"19\" \/><span style=\"font-size: 20px; color: #d4458b;\"><strong> 654358604<\/strong><\/span><\/span><\/p>\n<p style=\"text-align: center;\"><span style=\"font-family: arial, helvetica, sans-serif;\">EMAIL: <a href=\"mailto:informacionsidi@sidimurcia.org\"><span style=\"font-size: 20px;\">informacionsidi@sidimurcia.org<\/span><\/a><\/span><\/p>\n<\/td>\n<\/tr>\n<tr style=\"height: 144px;\">\n<td style=\"width: 100%; height: 144px;\">\n<p style=\"text-align: center;\"><span style=\"color: #3c48a9; font-family: arial, helvetica, sans-serif; font-size: 20px;\"><strong>PRIMARIA<\/strong><\/span><\/p>\n<p style=\"text-align: center;\"><span style=\"font-family: arial, helvetica, sans-serif;\">EMAIL: <a href=\"mailto:primaria@sidimurcia.org\"><span style=\"font-size: 20px;\">primaria@sidimurcia.org<\/span><\/a><\/span><\/p>\n<\/td>\n<\/tr>\n<tr style=\"height: 144px;\">\n<td style=\"width: 100%; background-color: #f0f0f0; height: 144px;\">\n<p style=\"text-align: center;\"><span style=\"font-family: arial, helvetica, sans-serif; color: #3c48a9; font-size: 20px;\"><strong>SECUNDARIA \/FP\/MU. y AA.EE.\/AA.PP y DISE\u00d1O\/E.O.I<\/strong>.<\/span><\/p>\n<p style=\"text-align: center;\"><span style=\"font-family: arial, helvetica, sans-serif;\">EMAIL: <a href=\"mailto:secundaria@sidimurcia.org\"><span style=\"font-size: 20px;\">secundaria@sidimurcia.org<\/span><\/a><\/span><\/p>\n<\/td>\n<\/tr>\n<tr style=\"height: 144px;\">\n<td style=\"width: 100%; background-color: f7f6e9; height: 144px;\">\n<p style=\"text-align: center;\"><span style=\"color: #3c48a9; font-family: arial, helvetica, sans-serif; font-size: 20px;\"><strong>FORMACI\u00d3N (CURSOS)<\/strong><\/span><\/p>\n<p style=\"text-align: center;\"><span style=\"font-family: arial, helvetica, sans-serif;\">EMAIL: <span style=\"font-size: 20px;\"><a href=\"mailto:formacion@sidimurcia.org\">formacion@sidimurcia.org<\/a><\/span><\/span><\/p>\n<\/td>\n<\/tr>\n<tr style=\"height: 30px;\">\n<td style=\"width: 100%; background-color: #e6b1cf; text-align: center; height: 30px;\"><span style=\"font-family: arial, helvetica, sans-serif; color: #d4458b;\"><strong>AFILIACI\u00d3N SIMB\u00d3LICA POR SOLO 1 EURO AL MES.<\/strong><\/span><\/td>\n<\/tr>\n<tr style=\"height: 136px;\">\n<td style=\"width: 100%; background-color: #adc0ed; height: 136px;\">\n<p style=\"text-align: center;\"><span style=\"font-size: 20px; font-family: arial, helvetica, sans-serif; color: #3c48a9;\"><strong>FORMACI\u00d3N GRATUITA PARA AFILIADOS\/AS<br \/>\n<\/strong><\/span><\/p>\n<p style=\"text-align: center;\"><span style=\"font-size: 20px; font-family: arial, helvetica, sans-serif; color: #3c48a9;\"><strong>SI ERES AFILIADO\/A, INFORMA DE NUESTRAS VENTAJAS Y SERVICIOS A TUS COMPA\u00d1EROS\/AS<\/strong><\/span><\/p>\n<\/td>\n<\/tr>\n<\/tbody>\n<\/table>\n<p style=\"text-align: center;\" align=\"center\"><span style=\"font-family: arial, helvetica, sans-serif;\"><strong><strong><span style=\"color: #d4458b;\">UBICACI\u00d3N SIDI DESDE 2017<\/span> &#8211; <a href=\"https:\/\/www.google.es\/maps\/place\/SIDI+-+Murcia,+Sindicato+Independiente+de+Docentes\/@37.986127,-1.132969,15z\/data=%214m5%213m4%211s0x0:0xb0b4c1e261c7e845%218m2%213d37.986127%214d-1.132969\">C\/ VINADER 1 &#8211; ENTRESUELO IZQUIERDA<\/a><\/strong><\/strong><\/span><\/p>\n<p style=\"text-align: center;\"><span style=\"font-family: arial, helvetica, sans-serif;\"><strong><strong><a href=\"https:\/\/www.google.es\/maps\/place\/SIDI+-+Murcia,+Sindicato+Independiente+de+Docentes\/@37.986155,-1.132924,15z\/data=%214m2%213m1%211s0x0:0xb0b4c1e261c7e845\" target=\"_self\" rel=\"noopener noreferrer\"> LOCALIZACI\u00d3N SEDE DESDE 2017<\/a><\/strong><\/strong><\/span><\/p>\n<p style=\"text-align: center;\"><span style=\"font-family: arial, helvetica, sans-serif;\"><strong><strong><a href=\"https:\/\/www.google.com\/maps\/d\/edit?mid=z3TwKabS_UWU.kslDWZBL5eWw&amp;usp=sharing\" target=\"_self\" rel=\"noopener noreferrer\">LOCALIZACI\u00d3N SEDE 2 &#8211;\u00a0 DESDE 2017<\/a><\/strong><\/strong><\/span><\/p>\n<div style=\"text-align: center;\" align=\"center\"><span style=\"font-family: arial, helvetica, sans-serif;\"><a href=\"images\/stories\/documentos\/SIDI\/hora_publico_telefonos_y_email.pdf\" target=\"_self\" rel=\"noopener noreferrer\">CUADRO EMAIL + TELEFONOS + HORARIO DE ATENCI\u00d3N AL P\u00daBLICO EN LA SEDE<\/a><\/span><\/div>\n<div style=\"text-align: center;\" align=\"center\"><\/div>\n<div style=\"text-align: center;\" align=\"center\"><a href=\"index.php?option=com_content&amp;task=view&amp;id=3559&amp;Itemid=39\" target=\"_blank\" rel=\"noopener noreferrer\"><span style=\"font-family: arial, helvetica, sans-serif;\">Ver condiciones de uso.<\/span><\/a><\/div>\n<p>&nbsp;<\/p>\n","protected":false},"excerpt":{"rendered":"<p>&nbsp; SIDI &#8211; Sindicato Independiente de Docentes de la Regi\u00f3n de Murcia \u00a0654 35 86 04 \u00a0UBICACI\u00d3N DE LA SEDE: &#8230; <a title=\"Tel\u00e9fonos de contacto y horarios de atenci\u00f3n telef\u00f3nica y presencial.\" class=\"read-more\" href=\"https:\/\/sidimurcia.org\/index.php\/telefonos-de-contacto\/\" aria-label=\"Leer m\u00e1s sobre Tel\u00e9fonos de contacto y horarios de atenci\u00f3n telef\u00f3nica y presencial.\">Leer mas<\/a><\/p>\n","protected":false},"author":1,"featured_media":0,"parent":0,"menu_order":0,"comment_status":"closed","ping_status":"closed","template":"","meta":{"footnotes":""},"class_list":["post-53","page","type-page","status-publish"],"yoast_head":"<!-- This site is optimized with the Yoast SEO plugin v27.2 - https:\/\/yoast.com\/product\/yoast-seo-wordpress\/ -->\n<title>Tel\u00e9fonos de contacto y horarios de atenci\u00f3n telef\u00f3nica y presencial. - SIDI<\/title>\n<meta name=\"robots\" content=\"index, follow, max-snippet:-1, max-image-preview:large, max-video-preview:-1\" \/>\n<link rel=\"canonical\" href=\"https:\/\/sidimurcia.org\/index.php\/telefonos-de-contacto\/\" \/>\n<meta property=\"og:locale\" content=\"es_ES\" \/>\n<meta property=\"og:type\" content=\"article\" \/>\n<meta property=\"og:title\" content=\"Tel\u00e9fonos de contacto y horarios de atenci\u00f3n telef\u00f3nica y presencial. - SIDI\" \/>\n<meta property=\"og:description\" content=\"&nbsp; SIDI &#8211; Sindicato Independiente de Docentes de la Regi\u00f3n de Murcia \u00a0654 35 86 04 \u00a0UBICACI\u00d3N DE LA SEDE: ... Leer mas\" \/>\n<meta property=\"og:url\" content=\"https:\/\/sidimurcia.org\/index.php\/telefonos-de-contacto\/\" \/>\n<meta property=\"og:site_name\" content=\"SIDI\" \/>\n<meta property=\"article:publisher\" content=\"https:\/\/es-es.facebook.com\/sidi.sindicatodedocentes\" \/>\n<meta property=\"article:modified_time\" content=\"2025-08-31T18:00:26+00:00\" \/>\n<meta property=\"og:image\" content=\"https:\/\/sidimurcia.org\/wp-content\/uploads\/logofinal212x212.png\" \/>\n<meta name=\"twitter:card\" content=\"summary_large_image\" \/>\n<meta name=\"twitter:site\" content=\"@SIDIMURCIA\" \/>\n<meta name=\"twitter:label1\" content=\"Tiempo de lectura\" \/>\n\t<meta name=\"twitter:data1\" content=\"2 minutos\" \/>\n<script type=\"application\/ld+json\" class=\"yoast-schema-graph\">{\"@context\":\"https:\/\/schema.org\",\"@graph\":[{\"@type\":\"WebPage\",\"@id\":\"https:\/\/sidimurcia.org\/index.php\/telefonos-de-contacto\/\",\"url\":\"https:\/\/sidimurcia.org\/index.php\/telefonos-de-contacto\/\",\"name\":\"Tel\u00e9fonos de contacto y horarios de atenci\u00f3n telef\u00f3nica y presencial. - SIDI\",\"isPartOf\":{\"@id\":\"https:\/\/sidimurcia.org\/#website\"},\"primaryImageOfPage\":{\"@id\":\"https:\/\/sidimurcia.org\/index.php\/telefonos-de-contacto\/#primaryimage\"},\"image\":{\"@id\":\"https:\/\/sidimurcia.org\/index.php\/telefonos-de-contacto\/#primaryimage\"},\"thumbnailUrl\":\"https:\/\/sidimurcia.org\/wp-content\/uploads\/logofinal212x212.png\",\"datePublished\":\"2019-10-10T10:34:21+00:00\",\"dateModified\":\"2025-08-31T18:00:26+00:00\",\"breadcrumb\":{\"@id\":\"https:\/\/sidimurcia.org\/index.php\/telefonos-de-contacto\/#breadcrumb\"},\"inLanguage\":\"es\",\"potentialAction\":[{\"@type\":\"ReadAction\",\"target\":[\"https:\/\/sidimurcia.org\/index.php\/telefonos-de-contacto\/\"]}]},{\"@type\":\"ImageObject\",\"inLanguage\":\"es\",\"@id\":\"https:\/\/sidimurcia.org\/index.php\/telefonos-de-contacto\/#primaryimage\",\"url\":\"https:\/\/sidimurcia.org\/wp-content\/uploads\/logofinal212x212.png\",\"contentUrl\":\"https:\/\/sidimurcia.org\/wp-content\/uploads\/logofinal212x212.png\",\"width\":212,\"height\":212},{\"@type\":\"BreadcrumbList\",\"@id\":\"https:\/\/sidimurcia.org\/index.php\/telefonos-de-contacto\/#breadcrumb\",\"itemListElement\":[{\"@type\":\"ListItem\",\"position\":1,\"name\":\"Portada\",\"item\":\"https:\/\/sidimurcia.org\/\"},{\"@type\":\"ListItem\",\"position\":2,\"name\":\"Tel\u00e9fonos de contacto y horarios de atenci\u00f3n telef\u00f3nica y presencial.\"}]},{\"@type\":\"WebSite\",\"@id\":\"https:\/\/sidimurcia.org\/#website\",\"url\":\"https:\/\/sidimurcia.org\/\",\"name\":\"SIDI\",\"description\":\"Sindicato Independiente de Docentes\",\"publisher\":{\"@id\":\"https:\/\/sidimurcia.org\/#organization\"},\"potentialAction\":[{\"@type\":\"SearchAction\",\"target\":{\"@type\":\"EntryPoint\",\"urlTemplate\":\"https:\/\/sidimurcia.org\/?s={search_term_string}\"},\"query-input\":{\"@type\":\"PropertyValueSpecification\",\"valueRequired\":true,\"valueName\":\"search_term_string\"}}],\"inLanguage\":\"es\"},{\"@type\":\"Organization\",\"@id\":\"https:\/\/sidimurcia.org\/#organization\",\"name\":\"Sindicato Independiente de Docentes - SIDI\",\"url\":\"https:\/\/sidimurcia.org\/\",\"logo\":{\"@type\":\"ImageObject\",\"inLanguage\":\"es\",\"@id\":\"https:\/\/sidimurcia.org\/#\/schema\/logo\/image\/\",\"url\":\"https:\/\/sidimurcia.org\/wp-content\/uploads\/cropped-PARAPESTANAWEB-1.jpg\",\"contentUrl\":\"https:\/\/sidimurcia.org\/wp-content\/uploads\/cropped-PARAPESTANAWEB-1.jpg\",\"width\":512,\"height\":512,\"caption\":\"Sindicato Independiente de Docentes - SIDI\"},\"image\":{\"@id\":\"https:\/\/sidimurcia.org\/#\/schema\/logo\/image\/\"},\"sameAs\":[\"https:\/\/es-es.facebook.com\/sidi.sindicatodedocentes\",\"https:\/\/x.com\/SIDIMURCIA\",\"https:\/\/www.instagram.com\/sidi_murcia\/\",\"https:\/\/www.youtube.com\/channel\/UCwwdL3uFtDKJdbOfmC70wIQ\"]}]}<\/script>\n<!-- \/ Yoast SEO plugin. -->","yoast_head_json":{"title":"Tel\u00e9fonos de contacto y horarios de atenci\u00f3n telef\u00f3nica y presencial. - SIDI","robots":{"index":"index","follow":"follow","max-snippet":"max-snippet:-1","max-image-preview":"max-image-preview:large","max-video-preview":"max-video-preview:-1"},"canonical":"https:\/\/sidimurcia.org\/index.php\/telefonos-de-contacto\/","og_locale":"es_ES","og_type":"article","og_title":"Tel\u00e9fonos de contacto y horarios de atenci\u00f3n telef\u00f3nica y presencial. - SIDI","og_description":"&nbsp; SIDI &#8211; Sindicato Independiente de Docentes de la Regi\u00f3n de Murcia \u00a0654 35 86 04 \u00a0UBICACI\u00d3N DE LA SEDE: ... Leer mas","og_url":"https:\/\/sidimurcia.org\/index.php\/telefonos-de-contacto\/","og_site_name":"SIDI","article_publisher":"https:\/\/es-es.facebook.com\/sidi.sindicatodedocentes","article_modified_time":"2025-08-31T18:00:26+00:00","og_image":[{"url":"https:\/\/sidimurcia.org\/wp-content\/uploads\/logofinal212x212.png","type":"","width":"","height":""}],"twitter_card":"summary_large_image","twitter_site":"@SIDIMURCIA","twitter_misc":{"Tiempo de lectura":"2 minutos"},"schema":{"@context":"https:\/\/schema.org","@graph":[{"@type":"WebPage","@id":"https:\/\/sidimurcia.org\/index.php\/telefonos-de-contacto\/","url":"https:\/\/sidimurcia.org\/index.php\/telefonos-de-contacto\/","name":"Tel\u00e9fonos de contacto y horarios de atenci\u00f3n telef\u00f3nica y presencial. - SIDI","isPartOf":{"@id":"https:\/\/sidimurcia.org\/#website"},"primaryImageOfPage":{"@id":"https:\/\/sidimurcia.org\/index.php\/telefonos-de-contacto\/#primaryimage"},"image":{"@id":"https:\/\/sidimurcia.org\/index.php\/telefonos-de-contacto\/#primaryimage"},"thumbnailUrl":"https:\/\/sidimurcia.org\/wp-content\/uploads\/logofinal212x212.png","datePublished":"2019-10-10T10:34:21+00:00","dateModified":"2025-08-31T18:00:26+00:00","breadcrumb":{"@id":"https:\/\/sidimurcia.org\/index.php\/telefonos-de-contacto\/#breadcrumb"},"inLanguage":"es","potentialAction":[{"@type":"ReadAction","target":["https:\/\/sidimurcia.org\/index.php\/telefonos-de-contacto\/"]}]},{"@type":"ImageObject","inLanguage":"es","@id":"https:\/\/sidimurcia.org\/index.php\/telefonos-de-contacto\/#primaryimage","url":"https:\/\/sidimurcia.org\/wp-content\/uploads\/logofinal212x212.png","contentUrl":"https:\/\/sidimurcia.org\/wp-content\/uploads\/logofinal212x212.png","width":212,"height":212},{"@type":"BreadcrumbList","@id":"https:\/\/sidimurcia.org\/index.php\/telefonos-de-contacto\/#breadcrumb","itemListElement":[{"@type":"ListItem","position":1,"name":"Portada","item":"https:\/\/sidimurcia.org\/"},{"@type":"ListItem","position":2,"name":"Tel\u00e9fonos de contacto y horarios de atenci\u00f3n telef\u00f3nica y presencial."}]},{"@type":"WebSite","@id":"https:\/\/sidimurcia.org\/#website","url":"https:\/\/sidimurcia.org\/","name":"SIDI","description":"Sindicato Independiente de Docentes","publisher":{"@id":"https:\/\/sidimurcia.org\/#organization"},"potentialAction":[{"@type":"SearchAction","target":{"@type":"EntryPoint","urlTemplate":"https:\/\/sidimurcia.org\/?s={search_term_string}"},"query-input":{"@type":"PropertyValueSpecification","valueRequired":true,"valueName":"search_term_string"}}],"inLanguage":"es"},{"@type":"Organization","@id":"https:\/\/sidimurcia.org\/#organization","name":"Sindicato Independiente de Docentes - SIDI","url":"https:\/\/sidimurcia.org\/","logo":{"@type":"ImageObject","inLanguage":"es","@id":"https:\/\/sidimurcia.org\/#\/schema\/logo\/image\/","url":"https:\/\/sidimurcia.org\/wp-content\/uploads\/cropped-PARAPESTANAWEB-1.jpg","contentUrl":"https:\/\/sidimurcia.org\/wp-content\/uploads\/cropped-PARAPESTANAWEB-1.jpg","width":512,"height":512,"caption":"Sindicato Independiente de Docentes - SIDI"},"image":{"@id":"https:\/\/sidimurcia.org\/#\/schema\/logo\/image\/"},"sameAs":["https:\/\/es-es.facebook.com\/sidi.sindicatodedocentes","https:\/\/x.com\/SIDIMURCIA","https:\/\/www.instagram.com\/sidi_murcia\/","https:\/\/www.youtube.com\/channel\/UCwwdL3uFtDKJdbOfmC70wIQ"]}]}},"_links":{"self":[{"href":"https:\/\/sidimurcia.org\/index.php\/wp-json\/wp\/v2\/pages\/53","targetHints":{"allow":["GET"]}}],"collection":[{"href":"https:\/\/sidimurcia.org\/index.php\/wp-json\/wp\/v2\/pages"}],"about":[{"href":"https:\/\/sidimurcia.org\/index.php\/wp-json\/wp\/v2\/types\/page"}],"author":[{"embeddable":true,"href":"https:\/\/sidimurcia.org\/index.php\/wp-json\/wp\/v2\/users\/1"}],"replies":[{"embeddable":true,"href":"https:\/\/sidimurcia.org\/index.php\/wp-json\/wp\/v2\/comments?post=53"}],"version-history":[{"count":0,"href":"https:\/\/sidimurcia.org\/index.php\/wp-json\/wp\/v2\/pages\/53\/revisions"}],"wp:attachment":[{"href":"https:\/\/sidimurcia.org\/index.php\/wp-json\/wp\/v2\/media?parent=53"}],"curies":[{"name":"wp","href":"https:\/\/api.w.org\/{rel}","templated":true}]}}