{"id":66,"date":"2019-10-10T10:56:56","date_gmt":"2019-10-10T10:56:56","guid":{"rendered":"https:\/\/sidimurcia.org\/wp\/?page_id=66"},"modified":"2022-04-25T10:22:36","modified_gmt":"2022-04-25T10:22:36","slug":"sidi-apps","status":"publish","type":"page","link":"https:\/\/sidimurcia.org\/index.php\/sidi-apps\/","title":{"rendered":"SIDI APPs"},"content":{"rendered":"<p>Para recibir nuestra informaci\u00f3n instant\u00e1nea, debes tener instalada alguna de estas dos aplicaciones en tu tel\u00e9fono m\u00f3vil:<\/p>\n<p><img loading=\"lazy\" decoding=\"async\" class=\"\" src=\"https:\/\/sidimurcia.org\/wp-content\/uploads\/2019\/11\/telegram.png\" alt=\"\" width=\"49\" height=\"49\" \/> <a href=\"https:\/\/telegram.org\/\">Desc\u00e1rgalo desde aqu\u00ed<\/a><\/p>\n<p><img loading=\"lazy\" decoding=\"async\" class=\"\" src=\"https:\/\/sidimurcia.org\/wp-content\/uploads\/2019\/11\/whatsapp.jpg\" alt=\"\" width=\"50\" height=\"51\" \/><a href=\"https:\/\/www.whatsapp.com\/download\/\">Desc\u00e1rgalo desde aqu\u00ed<\/a><\/p>\n<p>&nbsp;<\/p>\n<p>Herramientas ajenas a SIDI pero que pueden ser de ayuda:<\/p>\n<ul>\n<li><a href=\"https:\/\/es.calcuworld.com\/calendarios\/calculadora-de-tiempo-entre-dos-fechas\/\">Calculadora de tiempo entre dos fechas.<\/a> Enlace externo.<\/li>\n<\/ul>\n","protected":false},"excerpt":{"rendered":"<p>Para recibir nuestra informaci\u00f3n instant\u00e1nea, debes tener instalada alguna de estas dos aplicaciones en tu tel\u00e9fono m\u00f3vil: Desc\u00e1rgalo desde aqu\u00ed &#8230; <a title=\"SIDI APPs\" class=\"read-more\" href=\"https:\/\/sidimurcia.org\/index.php\/sidi-apps\/\" aria-label=\"Leer m\u00e1s sobre SIDI APPs\">Leer mas<\/a><\/p>\n","protected":false},"author":1,"featured_media":0,"parent":0,"menu_order":0,"comment_status":"closed","ping_status":"closed","template":"","meta":{"footnotes":""},"class_list":["post-66","page","type-page","status-publish"],"yoast_head":"<!-- This site is optimized with the Yoast SEO plugin v27.2 - https:\/\/yoast.com\/product\/yoast-seo-wordpress\/ -->\n<title>SIDI APPs - SIDI<\/title>\n<meta name=\"robots\" content=\"index, follow, max-snippet:-1, max-image-preview:large, max-video-preview:-1\" \/>\n<link rel=\"canonical\" href=\"https:\/\/sidimurcia.org\/index.php\/sidi-apps\/\" \/>\n<meta property=\"og:locale\" content=\"es_ES\" \/>\n<meta property=\"og:type\" content=\"article\" \/>\n<meta property=\"og:title\" content=\"SIDI APPs - SIDI\" \/>\n<meta property=\"og:description\" content=\"Para recibir nuestra informaci\u00f3n instant\u00e1nea, debes tener instalada alguna de estas dos aplicaciones en tu tel\u00e9fono m\u00f3vil: Desc\u00e1rgalo desde aqu\u00ed ... Leer mas\" \/>\n<meta property=\"og:url\" content=\"https:\/\/sidimurcia.org\/index.php\/sidi-apps\/\" \/>\n<meta property=\"og:site_name\" content=\"SIDI\" \/>\n<meta property=\"article:publisher\" content=\"https:\/\/es-es.facebook.com\/sidi.sindicatodedocentes\" \/>\n<meta property=\"article:modified_time\" content=\"2022-04-25T10:22:36+00:00\" \/>\n<meta property=\"og:image\" content=\"https:\/\/sidimurcia.org\/wp-content\/uploads\/2019\/11\/telegram.png\" \/>\n<meta name=\"twitter:card\" content=\"summary_large_image\" \/>\n<meta name=\"twitter:site\" content=\"@SIDIMURCIA\" \/>\n<script type=\"application\/ld+json\" class=\"yoast-schema-graph\">{\"@context\":\"https:\/\/schema.org\",\"@graph\":[{\"@type\":\"WebPage\",\"@id\":\"https:\/\/sidimurcia.org\/index.php\/sidi-apps\/\",\"url\":\"https:\/\/sidimurcia.org\/index.php\/sidi-apps\/\",\"name\":\"SIDI APPs - SIDI\",\"isPartOf\":{\"@id\":\"https:\/\/sidimurcia.org\/#website\"},\"primaryImageOfPage\":{\"@id\":\"https:\/\/sidimurcia.org\/index.php\/sidi-apps\/#primaryimage\"},\"image\":{\"@id\":\"https:\/\/sidimurcia.org\/index.php\/sidi-apps\/#primaryimage\"},\"thumbnailUrl\":\"https:\/\/sidimurcia.org\/wp-content\/uploads\/2019\/11\/telegram.png\",\"datePublished\":\"2019-10-10T10:56:56+00:00\",\"dateModified\":\"2022-04-25T10:22:36+00:00\",\"breadcrumb\":{\"@id\":\"https:\/\/sidimurcia.org\/index.php\/sidi-apps\/#breadcrumb\"},\"inLanguage\":\"es\",\"potentialAction\":[{\"@type\":\"ReadAction\",\"target\":[\"https:\/\/sidimurcia.org\/index.php\/sidi-apps\/\"]}]},{\"@type\":\"ImageObject\",\"inLanguage\":\"es\",\"@id\":\"https:\/\/sidimurcia.org\/index.php\/sidi-apps\/#primaryimage\",\"url\":\"https:\/\/sidimurcia.org\/wp-content\/uploads\/2019\/11\/telegram.png\",\"contentUrl\":\"https:\/\/sidimurcia.org\/wp-content\/uploads\/2019\/11\/telegram.png\"},{\"@type\":\"BreadcrumbList\",\"@id\":\"https:\/\/sidimurcia.org\/index.php\/sidi-apps\/#breadcrumb\",\"itemListElement\":[{\"@type\":\"ListItem\",\"position\":1,\"name\":\"Portada\",\"item\":\"https:\/\/sidimurcia.org\/\"},{\"@type\":\"ListItem\",\"position\":2,\"name\":\"SIDI APPs\"}]},{\"@type\":\"WebSite\",\"@id\":\"https:\/\/sidimurcia.org\/#website\",\"url\":\"https:\/\/sidimurcia.org\/\",\"name\":\"SIDI\",\"description\":\"Sindicato Independiente de Docentes\",\"publisher\":{\"@id\":\"https:\/\/sidimurcia.org\/#organization\"},\"potentialAction\":[{\"@type\":\"SearchAction\",\"target\":{\"@type\":\"EntryPoint\",\"urlTemplate\":\"https:\/\/sidimurcia.org\/?s={search_term_string}\"},\"query-input\":{\"@type\":\"PropertyValueSpecification\",\"valueRequired\":true,\"valueName\":\"search_term_string\"}}],\"inLanguage\":\"es\"},{\"@type\":\"Organization\",\"@id\":\"https:\/\/sidimurcia.org\/#organization\",\"name\":\"Sindicato Independiente de Docentes - SIDI\",\"url\":\"https:\/\/sidimurcia.org\/\",\"logo\":{\"@type\":\"ImageObject\",\"inLanguage\":\"es\",\"@id\":\"https:\/\/sidimurcia.org\/#\/schema\/logo\/image\/\",\"url\":\"https:\/\/sidimurcia.org\/wp-content\/uploads\/cropped-PARAPESTANAWEB-1.jpg\",\"contentUrl\":\"https:\/\/sidimurcia.org\/wp-content\/uploads\/cropped-PARAPESTANAWEB-1.jpg\",\"width\":512,\"height\":512,\"caption\":\"Sindicato Independiente de Docentes - SIDI\"},\"image\":{\"@id\":\"https:\/\/sidimurcia.org\/#\/schema\/logo\/image\/\"},\"sameAs\":[\"https:\/\/es-es.facebook.com\/sidi.sindicatodedocentes\",\"https:\/\/x.com\/SIDIMURCIA\",\"https:\/\/www.instagram.com\/sidi_murcia\/\",\"https:\/\/www.youtube.com\/channel\/UCwwdL3uFtDKJdbOfmC70wIQ\"]}]}<\/script>\n<!-- \/ Yoast SEO plugin. -->","yoast_head_json":{"title":"SIDI APPs - SIDI","robots":{"index":"index","follow":"follow","max-snippet":"max-snippet:-1","max-image-preview":"max-image-preview:large","max-video-preview":"max-video-preview:-1"},"canonical":"https:\/\/sidimurcia.org\/index.php\/sidi-apps\/","og_locale":"es_ES","og_type":"article","og_title":"SIDI APPs - SIDI","og_description":"Para recibir nuestra informaci\u00f3n instant\u00e1nea, debes tener instalada alguna de estas dos aplicaciones en tu tel\u00e9fono m\u00f3vil: Desc\u00e1rgalo desde aqu\u00ed ... Leer mas","og_url":"https:\/\/sidimurcia.org\/index.php\/sidi-apps\/","og_site_name":"SIDI","article_publisher":"https:\/\/es-es.facebook.com\/sidi.sindicatodedocentes","article_modified_time":"2022-04-25T10:22:36+00:00","og_image":[{"url":"https:\/\/sidimurcia.org\/wp-content\/uploads\/2019\/11\/telegram.png","type":"","width":"","height":""}],"twitter_card":"summary_large_image","twitter_site":"@SIDIMURCIA","schema":{"@context":"https:\/\/schema.org","@graph":[{"@type":"WebPage","@id":"https:\/\/sidimurcia.org\/index.php\/sidi-apps\/","url":"https:\/\/sidimurcia.org\/index.php\/sidi-apps\/","name":"SIDI APPs - SIDI","isPartOf":{"@id":"https:\/\/sidimurcia.org\/#website"},"primaryImageOfPage":{"@id":"https:\/\/sidimurcia.org\/index.php\/sidi-apps\/#primaryimage"},"image":{"@id":"https:\/\/sidimurcia.org\/index.php\/sidi-apps\/#primaryimage"},"thumbnailUrl":"https:\/\/sidimurcia.org\/wp-content\/uploads\/2019\/11\/telegram.png","datePublished":"2019-10-10T10:56:56+00:00","dateModified":"2022-04-25T10:22:36+00:00","breadcrumb":{"@id":"https:\/\/sidimurcia.org\/index.php\/sidi-apps\/#breadcrumb"},"inLanguage":"es","potentialAction":[{"@type":"ReadAction","target":["https:\/\/sidimurcia.org\/index.php\/sidi-apps\/"]}]},{"@type":"ImageObject","inLanguage":"es","@id":"https:\/\/sidimurcia.org\/index.php\/sidi-apps\/#primaryimage","url":"https:\/\/sidimurcia.org\/wp-content\/uploads\/2019\/11\/telegram.png","contentUrl":"https:\/\/sidimurcia.org\/wp-content\/uploads\/2019\/11\/telegram.png"},{"@type":"BreadcrumbList","@id":"https:\/\/sidimurcia.org\/index.php\/sidi-apps\/#breadcrumb","itemListElement":[{"@type":"ListItem","position":1,"name":"Portada","item":"https:\/\/sidimurcia.org\/"},{"@type":"ListItem","position":2,"name":"SIDI APPs"}]},{"@type":"WebSite","@id":"https:\/\/sidimurcia.org\/#website","url":"https:\/\/sidimurcia.org\/","name":"SIDI","description":"Sindicato Independiente de Docentes","publisher":{"@id":"https:\/\/sidimurcia.org\/#organization"},"potentialAction":[{"@type":"SearchAction","target":{"@type":"EntryPoint","urlTemplate":"https:\/\/sidimurcia.org\/?s={search_term_string}"},"query-input":{"@type":"PropertyValueSpecification","valueRequired":true,"valueName":"search_term_string"}}],"inLanguage":"es"},{"@type":"Organization","@id":"https:\/\/sidimurcia.org\/#organization","name":"Sindicato Independiente de Docentes - SIDI","url":"https:\/\/sidimurcia.org\/","logo":{"@type":"ImageObject","inLanguage":"es","@id":"https:\/\/sidimurcia.org\/#\/schema\/logo\/image\/","url":"https:\/\/sidimurcia.org\/wp-content\/uploads\/cropped-PARAPESTANAWEB-1.jpg","contentUrl":"https:\/\/sidimurcia.org\/wp-content\/uploads\/cropped-PARAPESTANAWEB-1.jpg","width":512,"height":512,"caption":"Sindicato Independiente de Docentes - SIDI"},"image":{"@id":"https:\/\/sidimurcia.org\/#\/schema\/logo\/image\/"},"sameAs":["https:\/\/es-es.facebook.com\/sidi.sindicatodedocentes","https:\/\/x.com\/SIDIMURCIA","https:\/\/www.instagram.com\/sidi_murcia\/","https:\/\/www.youtube.com\/channel\/UCwwdL3uFtDKJdbOfmC70wIQ"]}]}},"_links":{"self":[{"href":"https:\/\/sidimurcia.org\/index.php\/wp-json\/wp\/v2\/pages\/66","targetHints":{"allow":["GET"]}}],"collection":[{"href":"https:\/\/sidimurcia.org\/index.php\/wp-json\/wp\/v2\/pages"}],"about":[{"href":"https:\/\/sidimurcia.org\/index.php\/wp-json\/wp\/v2\/types\/page"}],"author":[{"embeddable":true,"href":"https:\/\/sidimurcia.org\/index.php\/wp-json\/wp\/v2\/users\/1"}],"replies":[{"embeddable":true,"href":"https:\/\/sidimurcia.org\/index.php\/wp-json\/wp\/v2\/comments?post=66"}],"version-history":[{"count":0,"href":"https:\/\/sidimurcia.org\/index.php\/wp-json\/wp\/v2\/pages\/66\/revisions"}],"wp:attachment":[{"href":"https:\/\/sidimurcia.org\/index.php\/wp-json\/wp\/v2\/media?parent=66"}],"curies":[{"name":"wp","href":"https:\/\/api.w.org\/{rel}","templated":true}]}}