{"id":6859,"date":"2020-12-16T10:04:57","date_gmt":"2020-12-16T10:04:57","guid":{"rendered":"https:\/\/sidimurcia.org\/?page_id=6859"},"modified":"2025-07-23T05:15:44","modified_gmt":"2025-07-23T05:15:44","slug":"actos-de-adjudicacion-impresos-de-recogida-de-datos","status":"publish","type":"page","link":"https:\/\/sidimurcia.org\/index.php\/actos-de-adjudicacion-impresos-de-recogida-de-datos\/","title":{"rendered":"Actos de Adjudicaci\u00f3n: Impresos de recogida de datos"},"content":{"rendered":"<div style=\"text-align: justify;\" align=\"justify\"><span style=\"color: #3c48a9;\"><strong><span style=\"font-family: arial, helvetica, sans-serif; font-size: 16px;\">Esta informaci\u00f3n va destinada a profesorado (interino, funcionarios en pr\u00e1cticas o funcionarios de otra comunidad) que trabajan en la regi\u00f3n por primera vez. <\/span><\/strong><\/span><br \/>\n<span style=\"color: #3c48a9;\"><strong><span style=\"font-family: arial, helvetica, sans-serif; font-size: 16px;\">Para poder ser dado de alta en n\u00f3mina, ha de presentar la carpetillas de recogida de documentaci\u00f3n.<\/span><\/strong><\/span><\/div>\n<div align=\"justify\">\n<hr \/>\n<\/div>\n<div style=\"text-align: justify;\" align=\"justify\"><span style=\"font-family: arial, helvetica, sans-serif;\"><strong>El objetivo del procedimiento 4624 es:<\/strong> Aportar informaci\u00f3n y documentaci\u00f3n indispensable para la correcta gesti\u00f3n de la toma de posesi\u00f3n de los <strong>funcionarios de carrera<\/strong> de todos los cuerpos docentes que, a partir del curso 2025\/2026, vayan a desempe\u00f1ar su labor en la Regi\u00f3n de Murcia y <strong>cuya procedencia sea una Comunidad Aut\u00f3noma distinta a la Regi\u00f3n de Murcia<\/strong> <\/span><\/div>\n<ul>\n<li style=\"text-align: justify;\"><span style=\"font-family: arial, helvetica, sans-serif;\"><a title=\"Este enlace se abrir\u00e1 en ventana nueva\" href=\"https:\/\/servicios.educarm.es\/templates\/portal\/ficheros\/websDinamicas\/20\/InstruccionesCARM4624ProcedimientodeSedeElectrnicav20.pdf\" target=\"_blank\" rel=\"noopener\">Acceso a las instrucciones para el procedimiento 4624<\/a><\/span><\/li>\n<\/ul>\n<p style=\"text-align: center;\"><a title=\"Este enlace se abrir\u00e1 en ventana nueva\" href=\"https:\/\/sede.carm.es\/web\/pagina?IDCONTENIDO=4624&amp;IDTIPO=240&amp;RASTRO=c$m40288\" target=\"_blank\" rel=\"noopener\"><span style=\"font-family: arial, helvetica, sans-serif;\">Acceso al procedimiento 4624: Aportaci\u00f3n de documentaci\u00f3n para la toma de posesi\u00f3n de funcionarios docentes de fuera de la Regi\u00f3n de Murcia<\/span><\/a><\/p>\n<hr \/>\n<div style=\"text-align: justify;\" align=\"justify\">\n<ul>\n<li><a title=\"22\/07\/2025-Nota informativa sobre actos de adjudicaci\u00f3n julio y agosto 2025 para nuevos interinos y funcionarios docentes en pr\u00e1cticas - Este enlace se abrir\u00e1 en una nueva ventana\" href=\"https:\/\/www.carm.es\/web\/descarga?ARCHIVO=Nota%20informativa%20para%20nuevos%20docentes%20interinos%20y%20funcionarios%20de%20carrera%20v2.2.pdf&amp;ALIAS=ARCH&amp;IDCONTENIDO=200368&amp;IDTIPO=60&amp;RASTRO=c77$m22725,22759,4254\" target=\"_blank\" rel=\"noopener\"><span style=\"font-family: arial, helvetica, sans-serif;\">Nota informativa sobre actos de adjudicaci\u00f3n julio y agosto 2025 para nuevos interinos y funcionarios docentes en pr\u00e1cticas<\/span><\/a><span style=\"font-family: arial, helvetica, sans-serif;\">.<\/span>\n<ul>\n<li><del><span style=\"font-family: arial, helvetica, sans-serif;\"><a href=\"https:\/\/sidimurcia.org\/index.php\/2021\/07\/08\/instrucciones-para-aportar-documentacion-de-funcionarios-del-cgt-en-practicas-comisiones-de-servicio-intercomunitarias-e-interinos\/\">Instrucciones para aportar documentaci\u00f3n de funcionarios del CGT, en pr\u00e1cticas, comisiones de servicio intercomunitarias e interinos<\/a><\/span><\/del><\/li>\n<\/ul>\n<\/li>\n<\/ul>\n<p><span style=\"text-decoration: underline; color: #d4458b;\"><span style=\"font-family: arial, helvetica, sans-serif;\"><strong><em>PASO 1:<\/em> LA CARPETILLA SE DEBE PRESENTAR DE LA SIGUIENTE FORMA:<\/strong><\/span><\/span><\/p>\n<p style=\"padding-left: 40px;\"><span style=\"font-family: arial, helvetica, sans-serif;\">Los\u00a0 funcionarios\u00a0 interinos\u00a0 que\u00a0 trabajen\u00a0 por\u00a0 primera\u00a0 vez\u00a0 en\u00a0 esta\u00a0 Comunidad Aut\u00f3noma, en la zona privada que cada docente dispone en <a href=\"http:\/\/www.educarm.es\">www.educarm.es<\/a>, deber\u00e1n\u00a0 cumplimentar\u00a0 los datos personales en el apartado \u00abModificar datos personales\u00bb y adjuntar los documentos que se le indican en dicho apartado; ya que contiene los datos y documentos necesarios a efectos de su alta administrativa, nombramiento e inclusi\u00f3n en n\u00f3mina.<br \/>\n<\/span><\/p>\n<p style=\"padding-left: 40px; text-align: justify;\"><span style=\"font-family: arial, helvetica, sans-serif;\">Para acceder a la pesta\u00f1a de modificaci\u00f3n de datos se requiere el nivel de seguridad<a href=\"https:\/\/sidimurcia.org\/index.php\/certificados-digitales\/\"> \u201cNivel 3\u201d, que se alcanza con Tarjeta de identificaci\u00f3n electr\u00f3nica CARM, DNI electr\u00f3nico, y Cl@ve PIN 24.<\/a><\/span><\/p>\n<p style=\"padding-left: 40px;\"><span style=\"font-family: arial, helvetica, sans-serif;\">Para ello, entra en educarm con tu usuario y contrase\u00f1a y pulsa en <img loading=\"lazy\" decoding=\"async\" class=\"alignnone size-full wp-image-2285\" src=\"https:\/\/sidimurcia.org\/wp-content\/uploads\/2020\/01\/ModificarDatosPersonales.png\" alt=\"\" width=\"226\" height=\"48\" \/><\/span><\/p>\n<p style=\"padding-left: 40px;\"><span style=\"font-family: arial, helvetica, sans-serif;\">Posteriormente, en la parte inferior de esa nueva ventana, se encuentran los documentos en pdf que debes<\/span><\/p>\n<ol>\n<li style=\"list-style-type: none;\">\n<ol>\n<li><span style=\"font-family: arial, helvetica, sans-serif;\">Descargar<\/span><\/li>\n<li><span style=\"font-family: arial, helvetica, sans-serif;\">Imprimir<\/span><\/li>\n<li><span style=\"font-family: arial, helvetica, sans-serif;\">Rellenar y Firmar<\/span><\/li>\n<li><span style=\"font-family: arial, helvetica, sans-serif;\">Escanear<\/span><\/li>\n<li><span style=\"font-family: arial, helvetica, sans-serif;\">Adjuntar a la plataforma pulsando en Gestionar Documentos.<\/span><\/li>\n<\/ol>\n<\/li>\n<\/ol>\n<p style=\"padding-left: 40px;\"><span style=\"font-family: arial, helvetica, sans-serif;\">Sigue las Instrucciones que se indican en tu pdf de instrucciones correspondiente.<\/span><\/p>\n<p>&nbsp;<\/p>\n<p style=\"padding-left: 40px;\"><span style=\"font-family: arial, helvetica, sans-serif;\"><img loading=\"lazy\" decoding=\"async\" class=\"alignnone size-full wp-image-2286\" src=\"https:\/\/sidimurcia.org\/wp-content\/uploads\/2020\/01\/EnviarDatosCarpetilla.png\" alt=\"\" width=\"931\" height=\"297\" srcset=\"https:\/\/sidimurcia.org\/wp-content\/uploads\/2020\/01\/EnviarDatosCarpetilla.png 931w, https:\/\/sidimurcia.org\/wp-content\/uploads\/2020\/01\/EnviarDatosCarpetilla-300x96.png 300w, https:\/\/sidimurcia.org\/wp-content\/uploads\/2020\/01\/EnviarDatosCarpetilla-768x245.png 768w\" sizes=\"auto, (max-width: 931px) 100vw, 931px\" \/><\/span><\/p>\n<p><span style=\"font-family: arial, helvetica, sans-serif; color: #3c48a9;\"><strong>TEN EN CUENTA QUE:<\/strong><\/span><\/p>\n<ul style=\"list-style-type: square;\">\n<li><span style=\"font-family: arial, helvetica, sans-serif;\">Los modelos I y II hacen referencia a si realizas (modelo II) o no realizas (modelo I) una actividad privada. Solo debes rellenar el que corresponda con tu caso. Ten en cuenta que, si realizas otra actividad privada, debes comprobar si es compatible con el puesto adjudicado y si lo es solicitar la correspondiente compatibilidad.<\/span><\/li>\n<li><span style=\"font-family: arial, helvetica, sans-serif;\">En el modelo I o II, seg\u00fan corresponda, debes poner:<\/span><\/li>\n<\/ul>\n<p style=\"padding-left: 40px;\"><span style=\"font-family: arial, helvetica, sans-serif;\">\u27a1\ufe0f &#8230; a efectos de la toma de posesi\u00f3n en el puesto con denominaci\u00f3n : DOCENTE INTERINO<\/span><br \/>\n<span style=\"font-family: arial, helvetica, sans-serif;\">\u27a1\ufe0f y c\u00f3digo (*el correspondiente a cuerpo y especialidad *)<\/span><br \/>\n<span style=\"font-family: arial, helvetica, sans-serif;\">\u27a1\ufe0f en la Consejer\u00cda \/ Organismo: CONSEJER\u00cdA DE EDUCACI\u00d3N, FORMACI\u00d3N PROFESIONAL Y EMPLEO<br \/>\n<\/span><\/p>\n<p><span style=\"text-decoration: underline;\"><span style=\"color: #d4458b;\"><strong><span style=\"font-family: arial, helvetica, sans-serif;\"><em>PASO 2:<\/em> EL N\u00daMERO DE CUENTA SE DEBE PRESENTAR DE LA SIGUIENTE FORMA:<\/span><\/strong><\/span><\/span><\/p>\n<p><span style=\"font-family: arial, helvetica, sans-serif;\">El n\u00famero de cuenta bancaria \u00abIBAN\u00bb se debe de incluir por medio de la sede electr\u00f3nica mediante el siguiente procedimiento.<\/span><\/p>\n<ul>\n<li style=\"list-style-type: none;\">\n<ul style=\"list-style-type: square;\">\n<li><span style=\"font-family: arial, helvetica, sans-serif;\"><span class=\"selectable-text copyable-text\">Procedimiento para cambio de IBAN, NSS o Muface, modificaci\u00f3n % IRPF e incorporaci\u00f3n al expediente personal del modelo 145 para personal docente no universitario \u2013 <\/span><a href=\"https:\/\/sede.carm.es\/web\/pagina?IDCONTENIDO=3992&amp;IDTIPO=240&amp;RASTRO=c$m40288#seccion-basica\">ENLACE SEDE ELECTR\u00d3NICA DE LA CARM (c\u00f3digo 3992 \u201cGesti\u00f3n de Recursos Humanos\u201d)<\/a> .<\/span><\/li>\n<\/ul>\n<\/li>\n<\/ul>\n<p><span style=\"font-family: arial, helvetica, sans-serif;\"><span style=\"color: #000000;\"><strong>COMPATIBILIDAD:<\/strong><\/span> En el caso de estar desempe\u00f1ando otra actividad privada compatible con el puesto adjudicado, os dejamos aqu\u00ed el impreso para solicitar la Compatibilidad.<\/span><\/p>\n<ul>\n<li style=\"list-style-type: none;\">\n<ul>\n<li><span style=\"font-family: arial, helvetica, sans-serif;\">SOLICITUD DE COMPATIBILIDAD &#8212;&#8212;&gt; \u00a0<a href=\"http:\/\/servicios.educarm.es\/templates\/portal\/ficheros\/websDinamicas\/72\/20032-solcomp.pdf\" target=\"_self\" rel=\"noopener noreferrer\">DESCARGAR MODELO<\/a><\/span><\/li>\n<\/ul>\n<\/li>\n<\/ul>\n<\/div>\n<ul style=\"list-style-type: square; text-align: justify;\">\n<li><span style=\"font-family: arial, helvetica, sans-serif;\">Emails de contacto con la Consejer\u00eda referentes a esta informaci\u00f3n:<\/span>\n<ul>\n<li><span style=\"font-family: arial, helvetica, sans-serif;\"><a href=\"mailto:spd_secundaria@murciaeduca.es\">spd_secundaria@murciaeduca.es<\/a><\/span><\/li>\n<li><span style=\"font-family: arial, helvetica, sans-serif;\"><a href=\"mailto:spd_primaria@murciaeduca.es\">spd_primaria@murciaeduca.es<\/a><\/span><\/li>\n<\/ul>\n<\/li>\n<\/ul>\n<p><span style=\"font-family: arial, helvetica, sans-serif;\"><strong>DESCARGA DE CARPETILLA<\/strong> (m\u00e9todo anterior no se utiliza en la actualidad): Anteriormente se remit\u00eda la informaci\u00f3n a los mails anteriores tras descargar y rellenar los ficheros correspondientes. Estos er\u00e1n los archivos necesarios:<\/span><\/p>\n<div>\n<div align=\"justify\">\n<ul>\n<li style=\"list-style-type: none;\">\n<ul>\n<li style=\"text-align: justify;\"><span style=\"font-family: arial, helvetica, sans-serif;\">DOCENTES INTERINOS \u2014\u2014\u2014\u2013&gt; <a href=\"http:\/\/servicios.educarm.es\/templates\/portal\/ficheros\/websDinamicas\/72\/CarpetillaInterinos_8.zip\" target=\"_self\" rel=\"noopener noreferrer\">DESCARGAR MODELOS<\/a><a href=\"http:\/\/www.educarm.es\/templates\/portal\/ficheros\/websDinamicas\/72\/FUNCIONARIOSINTERINOS.rar\"><br \/>\n<\/a><\/span><\/li>\n<li style=\"text-align: justify;\"><span style=\"font-family: arial, helvetica, sans-serif;\"><a href=\"http:\/\/www.educarm.es\/templates\/portal\/ficheros\/websDinamicas\/72\/FUNCIONARIOSINTERINOS.rar\">FUNCIONARIOS EN PR\u00c1CTICAS<br \/>\nY COMISIONES DE SERVICIO \u2014\u2014\u2014&gt; <\/a><a href=\"http:\/\/servicios.educarm.es\/templates\/portal\/ficheros\/websDinamicas\/72\/pdfcarpetillafuncionarios.zip\" target=\"_self\" rel=\"noopener noreferrer\">DESCARGAR MODELOS<br \/>\n<\/a><a href=\"http:\/\/www.educarm.es\/templates\/portal\/ficheros\/websDinamicas\/72\/FUNCIONARIOSINTERINOS.rar\">DE FUERA DE LA REGI\u00d3N<br \/>\n<\/a><\/span><\/li>\n<\/ul>\n<\/li>\n<\/ul>\n<\/div>\n<p>&nbsp;<\/p>\n<\/div>\n","protected":false},"excerpt":{"rendered":"<p>Esta informaci\u00f3n va destinada a profesorado (interino, funcionarios en pr\u00e1cticas o funcionarios de otra comunidad) que trabajan en la regi\u00f3n &#8230; <a title=\"Actos de Adjudicaci\u00f3n: Impresos de recogida de datos\" class=\"read-more\" href=\"https:\/\/sidimurcia.org\/index.php\/actos-de-adjudicacion-impresos-de-recogida-de-datos\/\" aria-label=\"Leer m\u00e1s sobre Actos de Adjudicaci\u00f3n: Impresos de recogida de datos\">Leer mas<\/a><\/p>\n","protected":false},"author":1,"featured_media":0,"parent":0,"menu_order":0,"comment_status":"closed","ping_status":"closed","template":"","meta":{"footnotes":""},"class_list":["post-6859","page","type-page","status-publish"],"yoast_head":"<!-- This site is optimized with the Yoast SEO plugin v27.2 - https:\/\/yoast.com\/product\/yoast-seo-wordpress\/ -->\n<title>Actos de Adjudicaci\u00f3n: Impresos de recogida de datos - SIDI<\/title>\n<meta name=\"robots\" content=\"index, follow, max-snippet:-1, max-image-preview:large, max-video-preview:-1\" \/>\n<link rel=\"canonical\" href=\"https:\/\/sidimurcia.org\/index.php\/actos-de-adjudicacion-impresos-de-recogida-de-datos\/\" \/>\n<meta property=\"og:locale\" content=\"es_ES\" \/>\n<meta property=\"og:type\" content=\"article\" \/>\n<meta property=\"og:title\" content=\"Actos de Adjudicaci\u00f3n: Impresos de recogida de datos - SIDI\" \/>\n<meta property=\"og:description\" content=\"Esta informaci\u00f3n va destinada a profesorado (interino, funcionarios en pr\u00e1cticas o funcionarios de otra comunidad) que trabajan en la regi\u00f3n ... Leer mas\" \/>\n<meta property=\"og:url\" content=\"https:\/\/sidimurcia.org\/index.php\/actos-de-adjudicacion-impresos-de-recogida-de-datos\/\" \/>\n<meta property=\"og:site_name\" content=\"SIDI\" \/>\n<meta property=\"article:publisher\" content=\"https:\/\/es-es.facebook.com\/sidi.sindicatodedocentes\" \/>\n<meta property=\"article:modified_time\" content=\"2025-07-23T05:15:44+00:00\" \/>\n<meta property=\"og:image\" content=\"https:\/\/sidimurcia.org\/wp-content\/uploads\/2020\/01\/ModificarDatosPersonales.png\" \/>\n\t<meta property=\"og:image:width\" content=\"226\" \/>\n\t<meta property=\"og:image:height\" content=\"48\" \/>\n\t<meta property=\"og:image:type\" content=\"image\/png\" \/>\n<meta name=\"twitter:card\" content=\"summary_large_image\" \/>\n<meta name=\"twitter:site\" content=\"@SIDIMURCIA\" \/>\n<meta name=\"twitter:label1\" content=\"Tiempo de lectura\" \/>\n\t<meta name=\"twitter:data1\" content=\"3 minutos\" \/>\n<script type=\"application\/ld+json\" class=\"yoast-schema-graph\">{\"@context\":\"https:\/\/schema.org\",\"@graph\":[{\"@type\":\"WebPage\",\"@id\":\"https:\/\/sidimurcia.org\/index.php\/actos-de-adjudicacion-impresos-de-recogida-de-datos\/\",\"url\":\"https:\/\/sidimurcia.org\/index.php\/actos-de-adjudicacion-impresos-de-recogida-de-datos\/\",\"name\":\"Actos de Adjudicaci\u00f3n: Impresos de recogida de datos - SIDI\",\"isPartOf\":{\"@id\":\"https:\/\/sidimurcia.org\/#website\"},\"primaryImageOfPage\":{\"@id\":\"https:\/\/sidimurcia.org\/index.php\/actos-de-adjudicacion-impresos-de-recogida-de-datos\/#primaryimage\"},\"image\":{\"@id\":\"https:\/\/sidimurcia.org\/index.php\/actos-de-adjudicacion-impresos-de-recogida-de-datos\/#primaryimage\"},\"thumbnailUrl\":\"https:\/\/sidimurcia.org\/wp-content\/uploads\/2020\/01\/ModificarDatosPersonales.png\",\"datePublished\":\"2020-12-16T10:04:57+00:00\",\"dateModified\":\"2025-07-23T05:15:44+00:00\",\"breadcrumb\":{\"@id\":\"https:\/\/sidimurcia.org\/index.php\/actos-de-adjudicacion-impresos-de-recogida-de-datos\/#breadcrumb\"},\"inLanguage\":\"es\",\"potentialAction\":[{\"@type\":\"ReadAction\",\"target\":[\"https:\/\/sidimurcia.org\/index.php\/actos-de-adjudicacion-impresos-de-recogida-de-datos\/\"]}]},{\"@type\":\"ImageObject\",\"inLanguage\":\"es\",\"@id\":\"https:\/\/sidimurcia.org\/index.php\/actos-de-adjudicacion-impresos-de-recogida-de-datos\/#primaryimage\",\"url\":\"https:\/\/sidimurcia.org\/wp-content\/uploads\/2020\/01\/ModificarDatosPersonales.png\",\"contentUrl\":\"https:\/\/sidimurcia.org\/wp-content\/uploads\/2020\/01\/ModificarDatosPersonales.png\",\"width\":226,\"height\":48},{\"@type\":\"BreadcrumbList\",\"@id\":\"https:\/\/sidimurcia.org\/index.php\/actos-de-adjudicacion-impresos-de-recogida-de-datos\/#breadcrumb\",\"itemListElement\":[{\"@type\":\"ListItem\",\"position\":1,\"name\":\"Portada\",\"item\":\"https:\/\/sidimurcia.org\/\"},{\"@type\":\"ListItem\",\"position\":2,\"name\":\"Actos de Adjudicaci\u00f3n: Impresos de recogida de datos\"}]},{\"@type\":\"WebSite\",\"@id\":\"https:\/\/sidimurcia.org\/#website\",\"url\":\"https:\/\/sidimurcia.org\/\",\"name\":\"SIDI\",\"description\":\"Sindicato Independiente de Docentes\",\"publisher\":{\"@id\":\"https:\/\/sidimurcia.org\/#organization\"},\"potentialAction\":[{\"@type\":\"SearchAction\",\"target\":{\"@type\":\"EntryPoint\",\"urlTemplate\":\"https:\/\/sidimurcia.org\/?s={search_term_string}\"},\"query-input\":{\"@type\":\"PropertyValueSpecification\",\"valueRequired\":true,\"valueName\":\"search_term_string\"}}],\"inLanguage\":\"es\"},{\"@type\":\"Organization\",\"@id\":\"https:\/\/sidimurcia.org\/#organization\",\"name\":\"Sindicato Independiente de Docentes - SIDI\",\"url\":\"https:\/\/sidimurcia.org\/\",\"logo\":{\"@type\":\"ImageObject\",\"inLanguage\":\"es\",\"@id\":\"https:\/\/sidimurcia.org\/#\/schema\/logo\/image\/\",\"url\":\"https:\/\/sidimurcia.org\/wp-content\/uploads\/cropped-PARAPESTANAWEB-1.jpg\",\"contentUrl\":\"https:\/\/sidimurcia.org\/wp-content\/uploads\/cropped-PARAPESTANAWEB-1.jpg\",\"width\":512,\"height\":512,\"caption\":\"Sindicato Independiente de Docentes - SIDI\"},\"image\":{\"@id\":\"https:\/\/sidimurcia.org\/#\/schema\/logo\/image\/\"},\"sameAs\":[\"https:\/\/es-es.facebook.com\/sidi.sindicatodedocentes\",\"https:\/\/x.com\/SIDIMURCIA\",\"https:\/\/www.instagram.com\/sidi_murcia\/\",\"https:\/\/www.youtube.com\/channel\/UCwwdL3uFtDKJdbOfmC70wIQ\"]}]}<\/script>\n<!-- \/ Yoast SEO plugin. -->","yoast_head_json":{"title":"Actos de Adjudicaci\u00f3n: Impresos de recogida de datos - SIDI","robots":{"index":"index","follow":"follow","max-snippet":"max-snippet:-1","max-image-preview":"max-image-preview:large","max-video-preview":"max-video-preview:-1"},"canonical":"https:\/\/sidimurcia.org\/index.php\/actos-de-adjudicacion-impresos-de-recogida-de-datos\/","og_locale":"es_ES","og_type":"article","og_title":"Actos de Adjudicaci\u00f3n: Impresos de recogida de datos - SIDI","og_description":"Esta informaci\u00f3n va destinada a profesorado (interino, funcionarios en pr\u00e1cticas o funcionarios de otra comunidad) que trabajan en la regi\u00f3n ... Leer mas","og_url":"https:\/\/sidimurcia.org\/index.php\/actos-de-adjudicacion-impresos-de-recogida-de-datos\/","og_site_name":"SIDI","article_publisher":"https:\/\/es-es.facebook.com\/sidi.sindicatodedocentes","article_modified_time":"2025-07-23T05:15:44+00:00","og_image":[{"width":226,"height":48,"url":"https:\/\/sidimurcia.org\/wp-content\/uploads\/2020\/01\/ModificarDatosPersonales.png","type":"image\/png"}],"twitter_card":"summary_large_image","twitter_site":"@SIDIMURCIA","twitter_misc":{"Tiempo de lectura":"3 minutos"},"schema":{"@context":"https:\/\/schema.org","@graph":[{"@type":"WebPage","@id":"https:\/\/sidimurcia.org\/index.php\/actos-de-adjudicacion-impresos-de-recogida-de-datos\/","url":"https:\/\/sidimurcia.org\/index.php\/actos-de-adjudicacion-impresos-de-recogida-de-datos\/","name":"Actos de Adjudicaci\u00f3n: Impresos de recogida de datos - SIDI","isPartOf":{"@id":"https:\/\/sidimurcia.org\/#website"},"primaryImageOfPage":{"@id":"https:\/\/sidimurcia.org\/index.php\/actos-de-adjudicacion-impresos-de-recogida-de-datos\/#primaryimage"},"image":{"@id":"https:\/\/sidimurcia.org\/index.php\/actos-de-adjudicacion-impresos-de-recogida-de-datos\/#primaryimage"},"thumbnailUrl":"https:\/\/sidimurcia.org\/wp-content\/uploads\/2020\/01\/ModificarDatosPersonales.png","datePublished":"2020-12-16T10:04:57+00:00","dateModified":"2025-07-23T05:15:44+00:00","breadcrumb":{"@id":"https:\/\/sidimurcia.org\/index.php\/actos-de-adjudicacion-impresos-de-recogida-de-datos\/#breadcrumb"},"inLanguage":"es","potentialAction":[{"@type":"ReadAction","target":["https:\/\/sidimurcia.org\/index.php\/actos-de-adjudicacion-impresos-de-recogida-de-datos\/"]}]},{"@type":"ImageObject","inLanguage":"es","@id":"https:\/\/sidimurcia.org\/index.php\/actos-de-adjudicacion-impresos-de-recogida-de-datos\/#primaryimage","url":"https:\/\/sidimurcia.org\/wp-content\/uploads\/2020\/01\/ModificarDatosPersonales.png","contentUrl":"https:\/\/sidimurcia.org\/wp-content\/uploads\/2020\/01\/ModificarDatosPersonales.png","width":226,"height":48},{"@type":"BreadcrumbList","@id":"https:\/\/sidimurcia.org\/index.php\/actos-de-adjudicacion-impresos-de-recogida-de-datos\/#breadcrumb","itemListElement":[{"@type":"ListItem","position":1,"name":"Portada","item":"https:\/\/sidimurcia.org\/"},{"@type":"ListItem","position":2,"name":"Actos de Adjudicaci\u00f3n: Impresos de recogida de datos"}]},{"@type":"WebSite","@id":"https:\/\/sidimurcia.org\/#website","url":"https:\/\/sidimurcia.org\/","name":"SIDI","description":"Sindicato Independiente de Docentes","publisher":{"@id":"https:\/\/sidimurcia.org\/#organization"},"potentialAction":[{"@type":"SearchAction","target":{"@type":"EntryPoint","urlTemplate":"https:\/\/sidimurcia.org\/?s={search_term_string}"},"query-input":{"@type":"PropertyValueSpecification","valueRequired":true,"valueName":"search_term_string"}}],"inLanguage":"es"},{"@type":"Organization","@id":"https:\/\/sidimurcia.org\/#organization","name":"Sindicato Independiente de Docentes - SIDI","url":"https:\/\/sidimurcia.org\/","logo":{"@type":"ImageObject","inLanguage":"es","@id":"https:\/\/sidimurcia.org\/#\/schema\/logo\/image\/","url":"https:\/\/sidimurcia.org\/wp-content\/uploads\/cropped-PARAPESTANAWEB-1.jpg","contentUrl":"https:\/\/sidimurcia.org\/wp-content\/uploads\/cropped-PARAPESTANAWEB-1.jpg","width":512,"height":512,"caption":"Sindicato Independiente de Docentes - SIDI"},"image":{"@id":"https:\/\/sidimurcia.org\/#\/schema\/logo\/image\/"},"sameAs":["https:\/\/es-es.facebook.com\/sidi.sindicatodedocentes","https:\/\/x.com\/SIDIMURCIA","https:\/\/www.instagram.com\/sidi_murcia\/","https:\/\/www.youtube.com\/channel\/UCwwdL3uFtDKJdbOfmC70wIQ"]}]}},"_links":{"self":[{"href":"https:\/\/sidimurcia.org\/index.php\/wp-json\/wp\/v2\/pages\/6859","targetHints":{"allow":["GET"]}}],"collection":[{"href":"https:\/\/sidimurcia.org\/index.php\/wp-json\/wp\/v2\/pages"}],"about":[{"href":"https:\/\/sidimurcia.org\/index.php\/wp-json\/wp\/v2\/types\/page"}],"author":[{"embeddable":true,"href":"https:\/\/sidimurcia.org\/index.php\/wp-json\/wp\/v2\/users\/1"}],"replies":[{"embeddable":true,"href":"https:\/\/sidimurcia.org\/index.php\/wp-json\/wp\/v2\/comments?post=6859"}],"version-history":[{"count":0,"href":"https:\/\/sidimurcia.org\/index.php\/wp-json\/wp\/v2\/pages\/6859\/revisions"}],"wp:attachment":[{"href":"https:\/\/sidimurcia.org\/index.php\/wp-json\/wp\/v2\/media?parent=6859"}],"curies":[{"name":"wp","href":"https:\/\/api.w.org\/{rel}","templated":true}]}}