{"id":6908,"date":"2020-12-17T11:36:24","date_gmt":"2020-12-17T11:36:24","guid":{"rendered":"https:\/\/sidimurcia.org\/?page_id=6908"},"modified":"2023-04-17T07:30:15","modified_gmt":"2023-04-17T07:30:15","slug":"ayudas-y-prestaciones","status":"publish","type":"page","link":"https:\/\/sidimurcia.org\/index.php\/ayudas-y-prestaciones\/","title":{"rendered":"Ayudas y Prestaciones"},"content":{"rendered":"<p><img loading=\"lazy\" decoding=\"async\" class=\"alignleft\" src=\"https:\/\/sidimurcia.org\/wp-content\/uploads\/ayudas.jpg\" alt=\"\" width=\"210\" height=\"143\" \/><\/p>\n<p style=\"text-align: center;\"><span style=\"font-family: arial, helvetica, sans-serif;\">En esta secci\u00f3n queremos que tengais un acceso directo a las posibilidades de ayudas que nos ofrecen. Opciones:<\/span><\/p>\n<p style=\"padding-left: 40px; text-align: center;\"><span style=\"font-family: arial, helvetica, sans-serif;\"><strong><img loading=\"lazy\" decoding=\"async\" class=\"alignnone\" src=\"https:\/\/sidimurcia.org\/wp-content\/uploads\/Logo-CARM.png\" alt=\"\" width=\"50\" height=\"34\" \/> <span style=\"font-size: 18px;\">1.<\/span><\/strong><span style=\"font-size: 18px;\"> <strong>Para Todo el Profesorado*<\/strong>, ten\u00e9is las <a href=\"https:\/\/sidimurcia.org\/index.php\/accion-social\/\"><strong>Ayudas del Plan de Acci\u00f3n Social<\/strong><\/a><strong>.<\/strong><\/span><\/span><\/p>\n<p style=\"padding-left: 40px; text-align: center;\"><span style=\"font-family: arial, helvetica, sans-serif; font-size: 18px;\"><strong><img loading=\"lazy\" decoding=\"async\" class=\"\" src=\"https:\/\/sidimurcia.org\/wp-content\/uploads\/muface.png\" alt=\"\" width=\"179\" height=\"30\" \/> 2. Solo para Funcionarios<\/strong>, ten\u00e9is las <a href=\"https:\/\/sidimurcia.org\/index.php\/prestaciones-muface\/\"><strong>Prestaciones de Muface<\/strong><\/a>.<\/span><\/p>\n<p style=\"text-align: center;\"><strong><img loading=\"lazy\" decoding=\"async\" class=\"\" src=\"https:\/\/sidimurcia.org\/wp-content\/uploads\/muface.png\" alt=\"\" width=\"179\" height=\"30\" \/> <span style=\"font-family: arial, helvetica, sans-serif; font-size: 16px;\">3. Solo para Funcionarios<\/span><\/strong><span style=\"font-family: arial, helvetica, sans-serif;\">, <\/span><strong><a href=\"https:\/\/sidimurcia.org\/index.php\/2023\/03\/27\/muface-convocadas-las-ayudas-sociosanitarias-de-2023\/\"><span style=\"font-size: 16px; font-family: arial, helvetica, sans-serif;\">MUFACE: Convocadas las ayudas socio-sanitarias de 2023<\/span><\/a><\/strong>.\u00a0 <span style=\"color: #993366;\"><span style=\"font-size: 12px;\">(<\/span><span style=\"font-family: arial, helvetica, sans-serif; font-size: 12px;\">Podr\u00e1n solicitarse desde el 28 de marzo al 31 de diciembre de este a\u00f1o)<\/span><\/span><\/p>\n<p style=\"text-align: center;\"><span style=\"font-family: arial, helvetica, sans-serif;\"><span style=\"color: #993366;\"><strong>*NOTA:<\/strong><\/span> Dentro del plan de acci\u00f3n social, los <span style=\"color: #993366;\">Anticipos Reintegrables<\/span> son <span style=\"color: #993366;\">solo para personal Funcionario<\/span>.<\/span><\/p>\n<p style=\"text-align: center;\"><span style=\"font-family: arial, helvetica, sans-serif;\">Si conoces alguna otra fuente de ayudas como Becas, Premios, etc. a las que el profesorado pueda acogerse, os agradecer\u00edamos que nos la comunicarais para incrementar el n\u00famero de ayudas del que pod\u00e1is beneficiarios ante alg\u00fan imprevisto.<\/span><\/p>\n<p style=\"padding-left: 440px;\"><strong>BECAS informaci\u00f3n general:<\/strong><\/p>\n<ul>\n<li style=\"list-style-type: none;\">\n<ul>\n<li style=\"list-style-type: none;\">\n<ul>\n<li style=\"list-style-type: none;\">\n<ul>\n<li style=\"list-style-type: none;\">\n<ul>\n<li style=\"list-style-type: none;\">\n<ul>\n<li style=\"list-style-type: none;\">\n<ul>\n<li style=\"list-style-type: none;\">\n<ul>\n<li style=\"list-style-type: none;\">\n<ul>\n<li style=\"list-style-type: none;\">\n<ul>\n<li style=\"list-style-type: none;\">\n<ul>\n<li style=\"list-style-type: none;\">\n<ul style=\"list-style-type: square;\">\n<li><a href=\"https:\/\/www.becaseducacion.gob.es\/portada.html\" target=\"_blank\" rel=\"noopener\"><img loading=\"lazy\" decoding=\"async\" class=\"\" src=\"https:\/\/sidimurcia.org\/wp-content\/uploads\/Logo-Ministerio-escudo-mefp.gif\" alt=\"\" width=\"99\" height=\"24\" \/>Informaci\u00f3n general sobre Becas de Educaci\u00f3n<\/a> (Ministerio)<\/li>\n<li><a href=\"http:\/\/www.carm.es\/web\/pagina?IDCONTENIDO=19785&amp;IDTIPO=100\" target=\"_blank\" rel=\"noopener\"><img loading=\"lazy\" decoding=\"async\" src=\"https:\/\/sp-ao.shortpixel.ai\/client\/to_webp,q_glossy,ret_img,w_50,h_34\/https:\/\/sidimurcia.org\/wp-content\/uploads\/Logo-CARM.png\" alt=\"\" width=\"50\" height=\"34\" \/>Becas y ayudas al estudio<\/a> (CARM)<\/li>\n<\/ul>\n<\/li>\n<\/ul>\n<\/li>\n<\/ul>\n<\/li>\n<\/ul>\n<\/li>\n<\/ul>\n<\/li>\n<\/ul>\n<\/li>\n<\/ul>\n<\/li>\n<\/ul>\n<\/li>\n<\/ul>\n<\/li>\n<\/ul>\n<\/li>\n<\/ul>\n<\/li>\n<\/ul>\n<p>&nbsp;<\/p>\n<p style=\"text-align: left; padding-left: 440px;\"><strong><img loading=\"lazy\" decoding=\"async\" class=\"\" src=\"https:\/\/sidimurcia.org\/wp-content\/uploads\/Logo-Ministerio-escudo-mefp.gif\" alt=\"\" width=\"98\" height=\"24\" \/>BECAS para profesorado:<\/strong><\/p>\n<ul>\n<li style=\"list-style-type: none;\">\n<ul>\n<li style=\"list-style-type: none;\">\n<ul>\n<li style=\"list-style-type: none;\">\n<ul>\n<li style=\"list-style-type: none;\">\n<ul>\n<li style=\"list-style-type: none;\">\n<ul>\n<li style=\"list-style-type: none;\">\n<ul>\n<li style=\"list-style-type: none;\">\n<ul>\n<li style=\"list-style-type: none;\">\n<ul>\n<li style=\"list-style-type: none;\">\n<ul>\n<li style=\"list-style-type: none;\">\n<ul>\n<li style=\"list-style-type: none;\">\n<ul style=\"list-style-type: square;\">\n<li><a href=\"http:\/\/www.educacionyfp.gob.es\/contenidos\/profesorado\/no-universitarios\/becas-y-ayudas\/movilidad.html\" target=\"_blank\" rel=\"noopener\">Becas y ayudas a la movilidad<\/a><\/li>\n<li><a href=\"http:\/\/www.educacionyfp.gob.es\/contenidos\/profesorado\/no-universitarios\/becas-y-ayudas\/formacion.html\" target=\"_blank\" rel=\"noopener\">Becas y ayudas a la formaci\u00f3n <\/a><\/li>\n<\/ul>\n<\/li>\n<\/ul>\n<\/li>\n<\/ul>\n<\/li>\n<\/ul>\n<\/li>\n<\/ul>\n<\/li>\n<\/ul>\n<\/li>\n<\/ul>\n<\/li>\n<\/ul>\n<\/li>\n<\/ul>\n<\/li>\n<\/ul>\n<\/li>\n<\/ul>\n<\/li>\n<\/ul>\n<p style=\"text-align: left; padding-left: 440px;\"><strong><img loading=\"lazy\" decoding=\"async\" src=\"https:\/\/sidimurcia.org\/wp-content\/uploads\/Logo-Ministerio-escudo-mefp.gif\" alt=\"\" width=\"99\" height=\"24\" \/>BECAS para alumnado:<\/strong><\/p>\n<ul>\n<li style=\"list-style-type: none;\">\n<ul>\n<li style=\"list-style-type: none;\">\n<ul>\n<li style=\"list-style-type: none;\">\n<ul>\n<li style=\"list-style-type: none;\">\n<ul>\n<li style=\"list-style-type: none;\">\n<ul>\n<li style=\"list-style-type: none;\">\n<ul>\n<li style=\"list-style-type: none;\">\n<ul>\n<li style=\"list-style-type: none;\">\n<ul>\n<li style=\"list-style-type: none;\">\n<ul>\n<li style=\"list-style-type: none;\">\n<ul>\n<li style=\"list-style-type: none;\">\n<ul class=\"dsp-d\" style=\"list-style-type: square; text-align: center;\">\n<li style=\"text-align: left;\"><span style=\"color: #993366;\">Educaci\u00f3n Infantil:<\/span>\n<ul class=\"dsp-d\" style=\"list-style-type: circle;\">\n<li><a href=\"https:\/\/www.educacionyfp.gob.es\/servicios-al-ciudadano\/catalogo\/estudiantes\/becas-ayudas\/para-estudiar\/infantil.html\">Becas y ayudas para Educaci\u00f3n Infantil<\/a><\/li>\n<li><a href=\"https:\/\/www.educacionyfp.gob.es\/servicios-al-ciudadano\/catalogo\/estudiantes\/becas-ayudas\/para-estudiar\/infantil\/necesidad-especifica-apoyo-educativo.html\">Becas y ayudas para alumnos con necesidad espec\u00edfica de apoyo educativo<\/a><\/li>\n<\/ul>\n<\/li>\n<li style=\"text-align: left;\"><span style=\"color: #993366;\">Educaci\u00f3n Primaria:<\/span>\n<ul style=\"list-style-type: circle;\">\n<li><a href=\"https:\/\/www.educacionyfp.gob.es\/servicios-al-ciudadano\/catalogo\/estudiantes\/becas-ayudas\/para-estudiar\/primaria-secundaria.html\">Becas y ayudas para estudiar <\/a><\/li>\n<li><a href=\"https:\/\/www.educacionyfp.gob.es\/servicios-al-ciudadano\/catalogo\/estudiantes\/becas-ayudas\/extraescolares.html\">Ayudas para actividades extraescolares <\/a><\/li>\n<\/ul>\n<\/li>\n<li style=\"text-align: left;\"><span style=\"color: #993366;\">Educaci\u00f3n Secundaria Obligatoria (ESO)<\/span>\n<ul style=\"list-style-type: circle;\">\n<li><a href=\"https:\/\/www.educacionyfp.gob.es\/servicios-al-ciudadano\/catalogo\/estudiantes\/becas-ayudas\/para-estudiar\/primaria-secundaria.html\">Becas y ayudas para estudiar <\/a><\/li>\n<li><a href=\"https:\/\/www.educacionyfp.gob.es\/servicios-al-ciudadano\/catalogo\/estudiantes\/becas-ayudas\/extraescolares.html\">Ayudas para actividades extraescolares <\/a><\/li>\n<li><a href=\"https:\/\/www.educacionyfp.gob.es\/servicios-al-ciudadano\/catalogo\/estudiantes\/premios\/no-universitarios.html\">Premios <\/a><\/li>\n<\/ul>\n<\/li>\n<li style=\"text-align: left;\"><span style=\"color: #993366;\">\u00a0Bachillerato:<\/span>\n<ul>\n<li><a href=\"https:\/\/www.educacionyfp.gob.es\/servicios-al-ciudadano\/catalogo\/estudiantes\/becas-ayudas\/para-estudiar\/bachillerato.html\">Becas y ayudas para estudiar <\/a><\/li>\n<li><a href=\"https:\/\/www.educacionyfp.gob.es\/servicios-al-ciudadano\/catalogo\/estudiantes\/becas-ayudas\/extraescolares.html\">Ayudas para actividades extraescolares<\/a><\/li>\n<li><a href=\"https:\/\/www.educacionyfp.gob.es\/servicios-al-ciudadano\/catalogo\/estudiantes\/premios\/no-universitarios.html\">Premios<\/a><\/li>\n<\/ul>\n<\/li>\n<li style=\"text-align: left;\"><span style=\"color: #993366;\">Formaci\u00f3n Profesional:<\/span>\n<ul class=\"dsp-d\">\n<li class=\"seleccionado\"><a href=\"https:\/\/www.educacionyfp.gob.es\/servicios-al-ciudadano\/catalogo\/estudiantes\/becas-ayudas\/para-estudiar\/formacion-profesional.html\">Becas y ayudas para estudiar <\/a><\/li>\n<li class=\"seleccionado\"><a href=\"https:\/\/www.educacionyfp.gob.es\/servicios-al-ciudadano\/catalogo\/estudiantes\/becas-ayudas\/extraescolares.html\">Ayudas para actividades extraescolares<\/a><\/li>\n<li class=\"seleccionado\"><a href=\"https:\/\/www.educacionyfp.gob.es\/servicios-al-ciudadano\/catalogo\/estudiantes\/becas-ayudas\/movilidad\/no-universitarios.html\">Ayudas a la movilidad<\/a><\/li>\n<li class=\"seleccionado\"><a href=\"https:\/\/www.educacionyfp.gob.es\/servicios-al-ciudadano\/catalogo\/estudiantes\/premios\/no-universitarios.html\">Premios<\/a><\/li>\n<\/ul>\n<\/li>\n<li style=\"text-align: left;\"><span style=\"color: #993366;\">Ense\u00f1anzas universitarias:<\/span>\n<ul class=\"dsp-d\" style=\"list-style-type: circle;\">\n<li><a href=\"https:\/\/www.educacionyfp.gob.es\/servicios-al-ciudadano\/catalogo\/estudiantes\/becas-ayudas\/para-estudiar\/universidad.html\">Becas, ayudas, premios y pr\u00e1cticas en empresas y organismos<\/a><\/li>\n<li><a href=\"https:\/\/www.educacionyfp.gob.es\/servicios-al-ciudadano\/catalogo\/estudiantes\/becas-ayudas\/movilidad\/universitarios.html\">Ayudas a la movilidad<\/a><\/li>\n<li><a href=\"https:\/\/www.educacionyfp.gob.es\/servicios-al-ciudadano\/catalogo\/estudiantes\/premios\/universitarios.html\">Premios<\/a><\/li>\n<\/ul>\n<\/li>\n<li style=\"text-align: left;\"><span style=\"color: #993366;\">Ense\u00f1anzas deportivas:<\/span>\n<ul class=\"dsp-d\" style=\"list-style-type: circle;\">\n<li><a href=\"https:\/\/www.educacionyfp.gob.es\/servicios-al-ciudadano\/catalogo\/estudiantes\/becas-ayudas\/para-estudiar\/deportivas.html\">Becas y ayudas para estudiar <\/a><\/li>\n<li><a href=\"https:\/\/www.educacionyfp.gob.es\/servicios-al-ciudadano\/catalogo\/estudiantes\/becas-ayudas\/movilidad.html\">Ayudas a la movilidad <\/a><\/li>\n<li><a href=\"https:\/\/www.educacionyfp.gob.es\/servicios-al-ciudadano\/catalogo\/estudiantes\/premios.html\">Premios <\/a><\/li>\n<\/ul>\n<\/li>\n<li style=\"text-align: left;\"><span style=\"color: #993366;\">Ense\u00f1anzas art\u00edsticas:<\/span>\n<ul class=\"dsp-d\" style=\"list-style-type: circle;\">\n<li><a href=\"https:\/\/www.educacionyfp.gob.es\/servicios-al-ciudadano\/catalogo\/estudiantes\/becas-ayudas\/para-estudiar\/artisticas.html\">Becas y ayudas para estudiar<\/a><\/li>\n<li><a href=\"https:\/\/www.educacionyfp.gob.es\/servicios-al-ciudadano\/catalogo\/estudiantes\/becas-ayudas\/movilidad.html\">Ayudas a la movilidad<\/a><\/li>\n<li><a href=\"https:\/\/www.educacionyfp.gob.es\/servicios-al-ciudadano\/catalogo\/estudiantes\/premios.html\">Premios <\/a><\/li>\n<\/ul>\n<\/li>\n<li style=\"text-align: left;\"><span style=\"color: #993366;\">Ense\u00f1anzas de idiomas:<\/span>\n<ul class=\"dsp-d\" style=\"list-style-type: circle;\">\n<li style=\"text-align: left;\"><a href=\"https:\/\/www.educacionyfp.gob.es\/servicios-al-ciudadano\/catalogo\/estudiantes\/becas-ayudas\/para-estudiar\/idiomas.html\">Becas y ayudas para ense\u00f1anzas de idiomas<\/a><\/li>\n<li><a href=\"https:\/\/www.educacionyfp.gob.es\/servicios-al-ciudadano\/catalogo\/estudiantes\/becas-ayudas\/movilidad.html\">Ayudas a la movilidad<\/a><\/li>\n<li><a href=\"https:\/\/www.educacionyfp.gob.es\/servicios-al-ciudadano\/catalogo\/estudiantes\/premios.html\">Premios <\/a><\/li>\n<\/ul>\n<\/li>\n<li style=\"text-align: justify;\"><span style=\"font-family: arial, helvetica, sans-serif;\"> <a href=\"https:\/\/www.educacionyfp.gob.es\/servicios-al-ciudadano\/catalogo\/estudiantes\/becas-ayudas\/practicas-empresas-organismos.html\" target=\"_blank\" rel=\"noopener\"><span style=\"color: #993366;\">Pr\u00e1cticas formativas en empresas y organismos<\/span><\/a><\/span><\/li>\n<\/ul>\n<\/li>\n<\/ul>\n<\/li>\n<\/ul>\n<\/li>\n<\/ul>\n<\/li>\n<\/ul>\n<\/li>\n<\/ul>\n<\/li>\n<\/ul>\n<\/li>\n<\/ul>\n<\/li>\n<\/ul>\n<\/li>\n<\/ul>\n<\/li>\n<\/ul>\n<\/li>\n<\/ul>\n","protected":false},"excerpt":{"rendered":"<p>En esta secci\u00f3n queremos que tengais un acceso directo a las posibilidades de ayudas que nos ofrecen. Opciones: 1. Para &#8230; <a title=\"Ayudas y Prestaciones\" class=\"read-more\" href=\"https:\/\/sidimurcia.org\/index.php\/ayudas-y-prestaciones\/\" aria-label=\"Leer m\u00e1s sobre Ayudas y Prestaciones\">Leer mas<\/a><\/p>\n","protected":false},"author":1,"featured_media":0,"parent":0,"menu_order":0,"comment_status":"closed","ping_status":"closed","template":"","meta":{"footnotes":""},"class_list":["post-6908","page","type-page","status-publish"],"yoast_head":"<!-- This site is optimized with the Yoast SEO plugin v27.2 - https:\/\/yoast.com\/product\/yoast-seo-wordpress\/ -->\n<title>Ayudas y Prestaciones - SIDI<\/title>\n<meta name=\"robots\" content=\"index, follow, max-snippet:-1, max-image-preview:large, max-video-preview:-1\" \/>\n<link rel=\"canonical\" href=\"https:\/\/sidimurcia.org\/index.php\/ayudas-y-prestaciones\/\" \/>\n<meta property=\"og:locale\" content=\"es_ES\" \/>\n<meta property=\"og:type\" content=\"article\" \/>\n<meta property=\"og:title\" content=\"Ayudas y Prestaciones - SIDI\" \/>\n<meta property=\"og:description\" content=\"En esta secci\u00f3n queremos que tengais un acceso directo a las posibilidades de ayudas que nos ofrecen. Opciones: 1. Para ... Leer mas\" \/>\n<meta property=\"og:url\" content=\"https:\/\/sidimurcia.org\/index.php\/ayudas-y-prestaciones\/\" \/>\n<meta property=\"og:site_name\" content=\"SIDI\" \/>\n<meta property=\"article:publisher\" content=\"https:\/\/es-es.facebook.com\/sidi.sindicatodedocentes\" \/>\n<meta property=\"article:modified_time\" content=\"2023-04-17T07:30:15+00:00\" \/>\n<meta property=\"og:image\" content=\"https:\/\/sidimurcia.org\/wp-content\/uploads\/ayudas.jpg\" \/>\n<meta name=\"twitter:card\" content=\"summary_large_image\" \/>\n<meta name=\"twitter:site\" content=\"@SIDIMURCIA\" \/>\n<meta name=\"twitter:label1\" content=\"Tiempo de lectura\" \/>\n\t<meta name=\"twitter:data1\" content=\"3 minutos\" \/>\n<script type=\"application\/ld+json\" class=\"yoast-schema-graph\">{\"@context\":\"https:\/\/schema.org\",\"@graph\":[{\"@type\":\"WebPage\",\"@id\":\"https:\/\/sidimurcia.org\/index.php\/ayudas-y-prestaciones\/\",\"url\":\"https:\/\/sidimurcia.org\/index.php\/ayudas-y-prestaciones\/\",\"name\":\"Ayudas y Prestaciones - SIDI\",\"isPartOf\":{\"@id\":\"https:\/\/sidimurcia.org\/#website\"},\"primaryImageOfPage\":{\"@id\":\"https:\/\/sidimurcia.org\/index.php\/ayudas-y-prestaciones\/#primaryimage\"},\"image\":{\"@id\":\"https:\/\/sidimurcia.org\/index.php\/ayudas-y-prestaciones\/#primaryimage\"},\"thumbnailUrl\":\"https:\/\/sidimurcia.org\/wp-content\/uploads\/ayudas.jpg\",\"datePublished\":\"2020-12-17T11:36:24+00:00\",\"dateModified\":\"2023-04-17T07:30:15+00:00\",\"breadcrumb\":{\"@id\":\"https:\/\/sidimurcia.org\/index.php\/ayudas-y-prestaciones\/#breadcrumb\"},\"inLanguage\":\"es\",\"potentialAction\":[{\"@type\":\"ReadAction\",\"target\":[\"https:\/\/sidimurcia.org\/index.php\/ayudas-y-prestaciones\/\"]}]},{\"@type\":\"ImageObject\",\"inLanguage\":\"es\",\"@id\":\"https:\/\/sidimurcia.org\/index.php\/ayudas-y-prestaciones\/#primaryimage\",\"url\":\"https:\/\/sidimurcia.org\/wp-content\/uploads\/ayudas.jpg\",\"contentUrl\":\"https:\/\/sidimurcia.org\/wp-content\/uploads\/ayudas.jpg\",\"width\":150,\"height\":102},{\"@type\":\"BreadcrumbList\",\"@id\":\"https:\/\/sidimurcia.org\/index.php\/ayudas-y-prestaciones\/#breadcrumb\",\"itemListElement\":[{\"@type\":\"ListItem\",\"position\":1,\"name\":\"Portada\",\"item\":\"https:\/\/sidimurcia.org\/\"},{\"@type\":\"ListItem\",\"position\":2,\"name\":\"Ayudas y Prestaciones\"}]},{\"@type\":\"WebSite\",\"@id\":\"https:\/\/sidimurcia.org\/#website\",\"url\":\"https:\/\/sidimurcia.org\/\",\"name\":\"SIDI\",\"description\":\"Sindicato Independiente de Docentes\",\"publisher\":{\"@id\":\"https:\/\/sidimurcia.org\/#organization\"},\"potentialAction\":[{\"@type\":\"SearchAction\",\"target\":{\"@type\":\"EntryPoint\",\"urlTemplate\":\"https:\/\/sidimurcia.org\/?s={search_term_string}\"},\"query-input\":{\"@type\":\"PropertyValueSpecification\",\"valueRequired\":true,\"valueName\":\"search_term_string\"}}],\"inLanguage\":\"es\"},{\"@type\":\"Organization\",\"@id\":\"https:\/\/sidimurcia.org\/#organization\",\"name\":\"Sindicato Independiente de Docentes - SIDI\",\"url\":\"https:\/\/sidimurcia.org\/\",\"logo\":{\"@type\":\"ImageObject\",\"inLanguage\":\"es\",\"@id\":\"https:\/\/sidimurcia.org\/#\/schema\/logo\/image\/\",\"url\":\"https:\/\/sidimurcia.org\/wp-content\/uploads\/cropped-PARAPESTANAWEB-1.jpg\",\"contentUrl\":\"https:\/\/sidimurcia.org\/wp-content\/uploads\/cropped-PARAPESTANAWEB-1.jpg\",\"width\":512,\"height\":512,\"caption\":\"Sindicato Independiente de Docentes - SIDI\"},\"image\":{\"@id\":\"https:\/\/sidimurcia.org\/#\/schema\/logo\/image\/\"},\"sameAs\":[\"https:\/\/es-es.facebook.com\/sidi.sindicatodedocentes\",\"https:\/\/x.com\/SIDIMURCIA\",\"https:\/\/www.instagram.com\/sidi_murcia\/\",\"https:\/\/www.youtube.com\/channel\/UCwwdL3uFtDKJdbOfmC70wIQ\"]}]}<\/script>\n<!-- \/ Yoast SEO plugin. -->","yoast_head_json":{"title":"Ayudas y Prestaciones - SIDI","robots":{"index":"index","follow":"follow","max-snippet":"max-snippet:-1","max-image-preview":"max-image-preview:large","max-video-preview":"max-video-preview:-1"},"canonical":"https:\/\/sidimurcia.org\/index.php\/ayudas-y-prestaciones\/","og_locale":"es_ES","og_type":"article","og_title":"Ayudas y Prestaciones - SIDI","og_description":"En esta secci\u00f3n queremos que tengais un acceso directo a las posibilidades de ayudas que nos ofrecen. Opciones: 1. Para ... Leer mas","og_url":"https:\/\/sidimurcia.org\/index.php\/ayudas-y-prestaciones\/","og_site_name":"SIDI","article_publisher":"https:\/\/es-es.facebook.com\/sidi.sindicatodedocentes","article_modified_time":"2023-04-17T07:30:15+00:00","og_image":[{"url":"https:\/\/sidimurcia.org\/wp-content\/uploads\/ayudas.jpg","type":"","width":"","height":""}],"twitter_card":"summary_large_image","twitter_site":"@SIDIMURCIA","twitter_misc":{"Tiempo de lectura":"3 minutos"},"schema":{"@context":"https:\/\/schema.org","@graph":[{"@type":"WebPage","@id":"https:\/\/sidimurcia.org\/index.php\/ayudas-y-prestaciones\/","url":"https:\/\/sidimurcia.org\/index.php\/ayudas-y-prestaciones\/","name":"Ayudas y Prestaciones - SIDI","isPartOf":{"@id":"https:\/\/sidimurcia.org\/#website"},"primaryImageOfPage":{"@id":"https:\/\/sidimurcia.org\/index.php\/ayudas-y-prestaciones\/#primaryimage"},"image":{"@id":"https:\/\/sidimurcia.org\/index.php\/ayudas-y-prestaciones\/#primaryimage"},"thumbnailUrl":"https:\/\/sidimurcia.org\/wp-content\/uploads\/ayudas.jpg","datePublished":"2020-12-17T11:36:24+00:00","dateModified":"2023-04-17T07:30:15+00:00","breadcrumb":{"@id":"https:\/\/sidimurcia.org\/index.php\/ayudas-y-prestaciones\/#breadcrumb"},"inLanguage":"es","potentialAction":[{"@type":"ReadAction","target":["https:\/\/sidimurcia.org\/index.php\/ayudas-y-prestaciones\/"]}]},{"@type":"ImageObject","inLanguage":"es","@id":"https:\/\/sidimurcia.org\/index.php\/ayudas-y-prestaciones\/#primaryimage","url":"https:\/\/sidimurcia.org\/wp-content\/uploads\/ayudas.jpg","contentUrl":"https:\/\/sidimurcia.org\/wp-content\/uploads\/ayudas.jpg","width":150,"height":102},{"@type":"BreadcrumbList","@id":"https:\/\/sidimurcia.org\/index.php\/ayudas-y-prestaciones\/#breadcrumb","itemListElement":[{"@type":"ListItem","position":1,"name":"Portada","item":"https:\/\/sidimurcia.org\/"},{"@type":"ListItem","position":2,"name":"Ayudas y Prestaciones"}]},{"@type":"WebSite","@id":"https:\/\/sidimurcia.org\/#website","url":"https:\/\/sidimurcia.org\/","name":"SIDI","description":"Sindicato Independiente de Docentes","publisher":{"@id":"https:\/\/sidimurcia.org\/#organization"},"potentialAction":[{"@type":"SearchAction","target":{"@type":"EntryPoint","urlTemplate":"https:\/\/sidimurcia.org\/?s={search_term_string}"},"query-input":{"@type":"PropertyValueSpecification","valueRequired":true,"valueName":"search_term_string"}}],"inLanguage":"es"},{"@type":"Organization","@id":"https:\/\/sidimurcia.org\/#organization","name":"Sindicato Independiente de Docentes - SIDI","url":"https:\/\/sidimurcia.org\/","logo":{"@type":"ImageObject","inLanguage":"es","@id":"https:\/\/sidimurcia.org\/#\/schema\/logo\/image\/","url":"https:\/\/sidimurcia.org\/wp-content\/uploads\/cropped-PARAPESTANAWEB-1.jpg","contentUrl":"https:\/\/sidimurcia.org\/wp-content\/uploads\/cropped-PARAPESTANAWEB-1.jpg","width":512,"height":512,"caption":"Sindicato Independiente de Docentes - SIDI"},"image":{"@id":"https:\/\/sidimurcia.org\/#\/schema\/logo\/image\/"},"sameAs":["https:\/\/es-es.facebook.com\/sidi.sindicatodedocentes","https:\/\/x.com\/SIDIMURCIA","https:\/\/www.instagram.com\/sidi_murcia\/","https:\/\/www.youtube.com\/channel\/UCwwdL3uFtDKJdbOfmC70wIQ"]}]}},"_links":{"self":[{"href":"https:\/\/sidimurcia.org\/index.php\/wp-json\/wp\/v2\/pages\/6908","targetHints":{"allow":["GET"]}}],"collection":[{"href":"https:\/\/sidimurcia.org\/index.php\/wp-json\/wp\/v2\/pages"}],"about":[{"href":"https:\/\/sidimurcia.org\/index.php\/wp-json\/wp\/v2\/types\/page"}],"author":[{"embeddable":true,"href":"https:\/\/sidimurcia.org\/index.php\/wp-json\/wp\/v2\/users\/1"}],"replies":[{"embeddable":true,"href":"https:\/\/sidimurcia.org\/index.php\/wp-json\/wp\/v2\/comments?post=6908"}],"version-history":[{"count":0,"href":"https:\/\/sidimurcia.org\/index.php\/wp-json\/wp\/v2\/pages\/6908\/revisions"}],"wp:attachment":[{"href":"https:\/\/sidimurcia.org\/index.php\/wp-json\/wp\/v2\/media?parent=6908"}],"curies":[{"name":"wp","href":"https:\/\/api.w.org\/{rel}","templated":true}]}}