{"id":77,"date":"2019-10-10T11:05:43","date_gmt":"2019-10-10T11:05:43","guid":{"rendered":"https:\/\/sidimurcia.org\/wp\/?page_id=77"},"modified":"2023-12-18T11:09:33","modified_gmt":"2023-12-18T11:09:33","slug":"servicios-ofrecidos-por-sidi-a-sus-afiliados","status":"publish","type":"page","link":"https:\/\/sidimurcia.org\/index.php\/servicios-ofrecidos-por-sidi-a-sus-afiliados\/","title":{"rendered":"Servicios ofrecidos por SIDI a sus afiliados"},"content":{"rendered":"<table style=\"height: 2131px;\" border=\"null\" width=\"782\" cellspacing=\"0\" cellpadding=\"2\">\n<tbody>\n<tr style=\"background-color: #3c48a9;\">\n<td valign=\"top\" width=\"636\">\n<p align=\"center\"><span style=\"color: #ffffff; font-family: arial, helvetica, sans-serif; font-size: 24px;\"><strong>A TODO EL PROFESORADO<\/strong><\/span><\/p>\n<\/td>\n<\/tr>\n<tr>\n<td valign=\"top\" width=\"636\"><span style=\"font-family: arial, helvetica, sans-serif;\"><strong>1.<\/strong> <strong>Defensa del profesorado de la Regi\u00f3n de Murcia<\/strong><\/span><\/p>\n<p><span style=\"font-family: arial, helvetica, sans-serif;\"><strong>2.<\/strong> <strong>Reivindicaci\u00f3n de derechos profesionales<\/strong><\/span><\/p>\n<p><span style=\"font-family: arial, helvetica, sans-serif;\"><strong>3. Asesoramiento Jur\u00eddico Gratuito, recursos ante la Consejer\u00eda.<\/strong><\/span><\/p>\n<p><span style=\"font-family: arial, helvetica, sans-serif;\"><strong>4. Estamos presentes y participamos en las negociaciones y en la mesa sectorial.<\/strong><\/span><\/p>\n<p><span style=\"font-family: arial, helvetica, sans-serif;\"><strong>5. Os representamos en la Junta de Personal Docente NO universitario con 9 delegados.<\/strong><\/span><\/p>\n<p><span style=\"font-family: arial, helvetica, sans-serif;\"><strong>6. Informaci\u00f3n y Asesor\u00eda Profesional Gratuita<\/strong><\/span><\/p>\n<p><span style=\"font-family: arial, helvetica, sans-serif;\"><strong>7. Defensa Jur\u00eddica gratuita (\u00fanicamente gastos abogado) tras valoraci\u00f3n por el servicio jur\u00eddico.<\/strong><\/span><\/p>\n<p><span style=\"font-family: arial, helvetica, sans-serif;\"><strong>8.<\/strong> <strong>Consultas v\u00eda mail a trav\u00e9s de <a href=\"mailto:informacionsidi@sidimurcia.org\">informacionsidi@sidimurcia.org<\/a><\/strong><\/span><\/p>\n<p><span style=\"font-family: arial, helvetica, sans-serif;\"><strong>9.<\/strong> <strong>Consultas en tiempo real mediante aplicaciones m\u00f3viles con <a href=\"httpss:\/\/telegram.org\/\">TELEGRAM<\/a><\/strong> <strong>o <a href=\"httpss:\/\/www.whatsapp.com\/download\/\">Whatsapp<\/a><\/strong><u><strong>.<\/strong><\/u><\/span><\/p>\n<p><span style=\"font-family: arial, helvetica, sans-serif;\"><strong>10.<\/strong> <strong>Difusiones informativas en tu m\u00f3vil a trav\u00e9s de TELEGRAM<\/strong><\/span><\/p>\n<p><span style=\"font-family: arial, helvetica, sans-serif;\"><strong>11.<\/strong> <strong>Env\u00edo de mails informativos con las novedades ocurridas a todos los afiliados.<\/strong><\/span><\/p>\n<p><span style=\"font-family: arial, helvetica, sans-serif;\"><strong>12.<\/strong> <strong>Informaci\u00f3n y apoyo en la gesti\u00f3n de:<\/strong><\/span><\/p>\n<ul>\n<li><span style=\"font-family: arial, helvetica, sans-serif;\"><strong>Licencias y Permisos<\/strong><\/span><\/li>\n<li><span style=\"font-family: arial, helvetica, sans-serif;\"><strong>Reducciones de Jornada<\/strong><\/span><\/li>\n<li><span style=\"font-family: arial, helvetica, sans-serif;\"><strong>Realizaci\u00f3n de Horarios<\/strong><\/span><\/li>\n<li><span style=\"font-family: arial, helvetica, sans-serif;\"><strong>Etc.<\/strong><\/span><\/li>\n<\/ul>\n<p><span style=\"font-family: arial, helvetica, sans-serif;\"><strong>13.<\/strong> <strong>Apoyo y asesoramiento legal en situaciones de acoso, estr\u00e9s laboral, condiciones de trabajo, agresiones.<\/strong><\/span><\/p>\n<p><span style=\"font-family: arial, helvetica, sans-serif;\"><strong>14.<\/strong> <strong>Informaci\u00f3n sobre ayudas de Acci\u00f3n Social y prestaciones de MUFACE<\/strong>.<\/span><\/td>\n<\/tr>\n<tr style=\"background-color: #3c48a9;\">\n<td valign=\"top\" width=\"636\">\n<p align=\"center\"><span style=\"font-family: arial, helvetica, sans-serif; color: #ffffff; font-size: 24px;\"><strong>Al PROFESORADO FUNCIONARIO<\/strong><\/span><\/p>\n<\/td>\n<\/tr>\n<tr>\n<td valign=\"top\" width=\"636\"><span style=\"font-family: arial, helvetica, sans-serif;\"><strong>15.<\/strong> <strong>Informaci\u00f3n y consultas sobre:<\/strong><\/span><\/p>\n<ul>\n<li><span style=\"font-family: arial, helvetica, sans-serif;\"><strong>Concurso de Traslados<\/strong><\/span><\/li>\n<li><span style=\"font-family: arial, helvetica, sans-serif;\"><strong>Comisiones de Servicio<\/strong><\/span><\/li>\n<li><span style=\"font-family: arial, helvetica, sans-serif;\"><strong>Permutas<\/strong><\/span><\/li>\n<li><span style=\"font-family: arial, helvetica, sans-serif;\"><strong>Desplazados y suprimidos<\/strong><\/span><\/li>\n<li><span style=\"font-family: arial, helvetica, sans-serif;\"><strong>Jubilaciones<\/strong><\/span><\/li>\n<li><span style=\"font-family: arial, helvetica, sans-serif;\"><strong>Etc. <\/strong><\/span><\/li>\n<\/ul>\n<p><span style=\"font-family: arial, helvetica, sans-serif;\"><strong>16.<\/strong> <strong>Formaci\u00f3n para obtener puntuaci\u00f3n en concursos de traslados<\/strong><\/span><\/p>\n<p><span style=\"font-family: arial, helvetica, sans-serif;\"><strong>17.<\/strong> <strong>Formaci\u00f3n para obtener puntuaci\u00f3n para sexenios<\/strong><\/span><\/p>\n<p><span style=\"font-family: arial, helvetica, sans-serif;\"><strong>18.<\/strong> <strong>Difusi\u00f3n de informaci\u00f3n en tiempo real en tu m\u00f3vil segmentada por cuerpo o especialidad mediante <a href=\"httpss:\/\/telegram.org\/\">TELEGRAM<\/a> o <a href=\"httpss:\/\/www.whatsapp.com\/download\/\">Whatsapp<\/a><u>.<\/u><\/strong><\/span><\/td>\n<\/tr>\n<tr style=\"background-color: #3c48a9;\">\n<td valign=\"top\" width=\"636\">\n<p align=\"center\"><span style=\"font-family: arial, helvetica, sans-serif; color: #ffffff; font-size: 24px;\"><strong>Al PROFESORADO INTERINO<\/strong><\/span><\/p>\n<\/td>\n<\/tr>\n<tr>\n<td valign=\"top\" width=\"636\"><span style=\"font-family: arial, helvetica, sans-serif;\"><strong>19.<\/strong> <strong>Representaci\u00f3n en actos de adjudicaci\u00f3n presenciales.<\/strong><\/span><\/p>\n<p><span style=\"font-family: arial, helvetica, sans-serif;\"><strong>20.<\/strong> <strong>Seguimiento de los actos de adjudicaci\u00f3n. Os informamos, siempre que sea posible, si hab\u00e9is olvidado presentaros o si hab\u00e9is sido excluidos.<\/strong><\/span><\/p>\n<p><span style=\"font-family: arial, helvetica, sans-serif;\"><strong>21.<\/strong> <strong>Informaci\u00f3n de c\u00f3mo no ser excluidos.<\/strong><\/span><\/p>\n<p><span style=\"font-family: arial, helvetica, sans-serif;\"><strong>22.<\/strong> <strong>Informaci\u00f3n sobre listas de interinos.<\/strong><\/span><\/p>\n<p><span style=\"font-family: arial, helvetica, sans-serif;\"><strong>23.<\/strong> <strong>Informaci\u00f3n de vacantes en los actos de adjudicaci\u00f3n.<\/strong><\/span><\/p>\n<p><span style=\"font-family: arial, helvetica, sans-serif;\"><strong>24.<\/strong> <strong>Informaci\u00f3n de resultados provisionales y definitivos en actos de adjudicaci\u00f3n.<\/strong><\/span><\/p>\n<p><span style=\"font-family: arial, helvetica, sans-serif;\"><strong>25.<\/strong> <strong>Informaci\u00f3n sobre Oposiciones.<\/strong><\/span><\/p>\n<p><span style=\"font-family: arial, helvetica, sans-serif;\"><strong>26.<\/strong> <strong>Formaci\u00f3n para obtener puntuaci\u00f3n para Oposiciones.<\/strong><\/span><\/p>\n<p><span style=\"font-family: arial, helvetica, sans-serif;\"><strong>27.<\/strong> <strong>Informaci\u00f3n sobre bolsas de trabajo.<\/strong><\/span><\/p>\n<p><span style=\"font-family: arial, helvetica, sans-serif;\"><strong>28.<\/strong> <strong>Difusi\u00f3n de informaci\u00f3n en tiempo real en tu m\u00f3vil segmentada por cuerpo o especialidad mediante <a href=\"httpss:\/\/telegram.org\/\">TELEGRAM<\/a> o <a href=\"httpss:\/\/www.whatsapp.com\/download\/\">Whatsapp<\/a><u>.<\/u><\/strong><\/span><\/td>\n<\/tr>\n<tr style=\"background-color: #3c48a9;\">\n<td valign=\"top\" width=\"636\">\n<p align=\"center\"><span style=\"font-family: arial, helvetica, sans-serif; color: #ffffff; font-size: 20px;\"><strong>&#8230; Y SEGURO QUE ALGUNO LO OLVIDAMOS. <\/strong><\/span><\/p>\n<p align=\"center\"><span style=\"font-family: arial, helvetica, sans-serif; color: #ffffff; font-size: 20px;\"><strong>LLAMANOS Y PREGUNTANOS 654358604<br \/>\n<\/strong><\/span><\/p>\n<p align=\"center\"><span style=\"font-family: arial, helvetica, sans-serif; color: #ffff99;\"><span style=\"font-size: 20px;\"><strong>HOJA DE AFILIACI\u00d3N<\/strong> <\/span><a style=\"color: #ffff99;\" href=\"https:\/\/sidimurcia.org\/wp-content\/uploads\/Formulario_Afiliacion_SIDI.pdf\"><strong><span style=\"font-size: 20px;\"><span style=\"font-size: 16px;\"><span style=\"font-size: 20px;\">AQU\u00cd<\/span><\/span><\/span><\/strong><\/a><\/span><\/p>\n<p>&nbsp;<\/td>\n<\/tr>\n<\/tbody>\n<\/table>\n<p><img decoding=\"async\" class=\"aligncenter\" src=\"https:\/\/sidimurcia.org\/images\/stories\/logos\/masserviciospor1euro.png\" alt=\"masserviciosporuneuro\" border=\"0\" hspace=\"0\" vspace=\"0\" \/><\/p>\n","protected":false},"excerpt":{"rendered":"<p>A TODO EL PROFESORADO 1. Defensa del profesorado de la Regi\u00f3n de Murcia 2. Reivindicaci\u00f3n de derechos profesionales 3. Asesoramiento &#8230; <a title=\"Servicios ofrecidos por SIDI a sus afiliados\" class=\"read-more\" href=\"https:\/\/sidimurcia.org\/index.php\/servicios-ofrecidos-por-sidi-a-sus-afiliados\/\" aria-label=\"Leer m\u00e1s sobre Servicios ofrecidos por SIDI a sus afiliados\">Leer mas<\/a><\/p>\n","protected":false},"author":1,"featured_media":0,"parent":0,"menu_order":0,"comment_status":"closed","ping_status":"closed","template":"","meta":{"footnotes":""},"class_list":["post-77","page","type-page","status-publish"],"yoast_head":"<!-- This site is optimized with the Yoast SEO plugin v27.2 - https:\/\/yoast.com\/product\/yoast-seo-wordpress\/ -->\n<title>Servicios ofrecidos por SIDI a sus afiliados - SIDI<\/title>\n<meta name=\"robots\" content=\"index, follow, max-snippet:-1, max-image-preview:large, max-video-preview:-1\" \/>\n<link rel=\"canonical\" href=\"https:\/\/sidimurcia.org\/index.php\/servicios-ofrecidos-por-sidi-a-sus-afiliados\/\" \/>\n<meta property=\"og:locale\" content=\"es_ES\" \/>\n<meta property=\"og:type\" content=\"article\" \/>\n<meta property=\"og:title\" content=\"Servicios ofrecidos por SIDI a sus afiliados - SIDI\" \/>\n<meta property=\"og:description\" content=\"A TODO EL PROFESORADO 1. Defensa del profesorado de la Regi\u00f3n de Murcia 2. Reivindicaci\u00f3n de derechos profesionales 3. Asesoramiento ... Leer mas\" \/>\n<meta property=\"og:url\" content=\"https:\/\/sidimurcia.org\/index.php\/servicios-ofrecidos-por-sidi-a-sus-afiliados\/\" \/>\n<meta property=\"og:site_name\" content=\"SIDI\" \/>\n<meta property=\"article:publisher\" content=\"https:\/\/es-es.facebook.com\/sidi.sindicatodedocentes\" \/>\n<meta property=\"article:modified_time\" content=\"2023-12-18T11:09:33+00:00\" \/>\n<meta property=\"og:image\" content=\"https:\/\/sidimurcia.org\/images\/stories\/logos\/masserviciospor1euro.png\" \/>\n<meta name=\"twitter:card\" content=\"summary_large_image\" \/>\n<meta name=\"twitter:site\" content=\"@SIDIMURCIA\" \/>\n<meta name=\"twitter:label1\" content=\"Tiempo de lectura\" \/>\n\t<meta name=\"twitter:data1\" content=\"2 minutos\" \/>\n<script type=\"application\/ld+json\" class=\"yoast-schema-graph\">{\"@context\":\"https:\/\/schema.org\",\"@graph\":[{\"@type\":\"WebPage\",\"@id\":\"https:\/\/sidimurcia.org\/index.php\/servicios-ofrecidos-por-sidi-a-sus-afiliados\/\",\"url\":\"https:\/\/sidimurcia.org\/index.php\/servicios-ofrecidos-por-sidi-a-sus-afiliados\/\",\"name\":\"Servicios ofrecidos por SIDI a sus afiliados - SIDI\",\"isPartOf\":{\"@id\":\"https:\/\/sidimurcia.org\/#website\"},\"primaryImageOfPage\":{\"@id\":\"https:\/\/sidimurcia.org\/index.php\/servicios-ofrecidos-por-sidi-a-sus-afiliados\/#primaryimage\"},\"image\":{\"@id\":\"https:\/\/sidimurcia.org\/index.php\/servicios-ofrecidos-por-sidi-a-sus-afiliados\/#primaryimage\"},\"thumbnailUrl\":\"https:\/\/sidimurcia.org\/images\/stories\/logos\/masserviciospor1euro.png\",\"datePublished\":\"2019-10-10T11:05:43+00:00\",\"dateModified\":\"2023-12-18T11:09:33+00:00\",\"breadcrumb\":{\"@id\":\"https:\/\/sidimurcia.org\/index.php\/servicios-ofrecidos-por-sidi-a-sus-afiliados\/#breadcrumb\"},\"inLanguage\":\"es\",\"potentialAction\":[{\"@type\":\"ReadAction\",\"target\":[\"https:\/\/sidimurcia.org\/index.php\/servicios-ofrecidos-por-sidi-a-sus-afiliados\/\"]}]},{\"@type\":\"ImageObject\",\"inLanguage\":\"es\",\"@id\":\"https:\/\/sidimurcia.org\/index.php\/servicios-ofrecidos-por-sidi-a-sus-afiliados\/#primaryimage\",\"url\":\"https:\/\/sidimurcia.org\/images\/stories\/logos\/masserviciospor1euro.png\",\"contentUrl\":\"https:\/\/sidimurcia.org\/images\/stories\/logos\/masserviciospor1euro.png\"},{\"@type\":\"BreadcrumbList\",\"@id\":\"https:\/\/sidimurcia.org\/index.php\/servicios-ofrecidos-por-sidi-a-sus-afiliados\/#breadcrumb\",\"itemListElement\":[{\"@type\":\"ListItem\",\"position\":1,\"name\":\"Portada\",\"item\":\"https:\/\/sidimurcia.org\/\"},{\"@type\":\"ListItem\",\"position\":2,\"name\":\"Servicios ofrecidos por SIDI a sus afiliados\"}]},{\"@type\":\"WebSite\",\"@id\":\"https:\/\/sidimurcia.org\/#website\",\"url\":\"https:\/\/sidimurcia.org\/\",\"name\":\"SIDI\",\"description\":\"Sindicato Independiente de Docentes\",\"publisher\":{\"@id\":\"https:\/\/sidimurcia.org\/#organization\"},\"potentialAction\":[{\"@type\":\"SearchAction\",\"target\":{\"@type\":\"EntryPoint\",\"urlTemplate\":\"https:\/\/sidimurcia.org\/?s={search_term_string}\"},\"query-input\":{\"@type\":\"PropertyValueSpecification\",\"valueRequired\":true,\"valueName\":\"search_term_string\"}}],\"inLanguage\":\"es\"},{\"@type\":\"Organization\",\"@id\":\"https:\/\/sidimurcia.org\/#organization\",\"name\":\"Sindicato Independiente de Docentes - SIDI\",\"url\":\"https:\/\/sidimurcia.org\/\",\"logo\":{\"@type\":\"ImageObject\",\"inLanguage\":\"es\",\"@id\":\"https:\/\/sidimurcia.org\/#\/schema\/logo\/image\/\",\"url\":\"https:\/\/sidimurcia.org\/wp-content\/uploads\/cropped-PARAPESTANAWEB-1.jpg\",\"contentUrl\":\"https:\/\/sidimurcia.org\/wp-content\/uploads\/cropped-PARAPESTANAWEB-1.jpg\",\"width\":512,\"height\":512,\"caption\":\"Sindicato Independiente de Docentes - SIDI\"},\"image\":{\"@id\":\"https:\/\/sidimurcia.org\/#\/schema\/logo\/image\/\"},\"sameAs\":[\"https:\/\/es-es.facebook.com\/sidi.sindicatodedocentes\",\"https:\/\/x.com\/SIDIMURCIA\",\"https:\/\/www.instagram.com\/sidi_murcia\/\",\"https:\/\/www.youtube.com\/channel\/UCwwdL3uFtDKJdbOfmC70wIQ\"]}]}<\/script>\n<!-- \/ Yoast SEO plugin. -->","yoast_head_json":{"title":"Servicios ofrecidos por SIDI a sus afiliados - SIDI","robots":{"index":"index","follow":"follow","max-snippet":"max-snippet:-1","max-image-preview":"max-image-preview:large","max-video-preview":"max-video-preview:-1"},"canonical":"https:\/\/sidimurcia.org\/index.php\/servicios-ofrecidos-por-sidi-a-sus-afiliados\/","og_locale":"es_ES","og_type":"article","og_title":"Servicios ofrecidos por SIDI a sus afiliados - SIDI","og_description":"A TODO EL PROFESORADO 1. Defensa del profesorado de la Regi\u00f3n de Murcia 2. Reivindicaci\u00f3n de derechos profesionales 3. Asesoramiento ... Leer mas","og_url":"https:\/\/sidimurcia.org\/index.php\/servicios-ofrecidos-por-sidi-a-sus-afiliados\/","og_site_name":"SIDI","article_publisher":"https:\/\/es-es.facebook.com\/sidi.sindicatodedocentes","article_modified_time":"2023-12-18T11:09:33+00:00","og_image":[{"url":"https:\/\/sidimurcia.org\/images\/stories\/logos\/masserviciospor1euro.png","type":"","width":"","height":""}],"twitter_card":"summary_large_image","twitter_site":"@SIDIMURCIA","twitter_misc":{"Tiempo de lectura":"2 minutos"},"schema":{"@context":"https:\/\/schema.org","@graph":[{"@type":"WebPage","@id":"https:\/\/sidimurcia.org\/index.php\/servicios-ofrecidos-por-sidi-a-sus-afiliados\/","url":"https:\/\/sidimurcia.org\/index.php\/servicios-ofrecidos-por-sidi-a-sus-afiliados\/","name":"Servicios ofrecidos por SIDI a sus afiliados - SIDI","isPartOf":{"@id":"https:\/\/sidimurcia.org\/#website"},"primaryImageOfPage":{"@id":"https:\/\/sidimurcia.org\/index.php\/servicios-ofrecidos-por-sidi-a-sus-afiliados\/#primaryimage"},"image":{"@id":"https:\/\/sidimurcia.org\/index.php\/servicios-ofrecidos-por-sidi-a-sus-afiliados\/#primaryimage"},"thumbnailUrl":"https:\/\/sidimurcia.org\/images\/stories\/logos\/masserviciospor1euro.png","datePublished":"2019-10-10T11:05:43+00:00","dateModified":"2023-12-18T11:09:33+00:00","breadcrumb":{"@id":"https:\/\/sidimurcia.org\/index.php\/servicios-ofrecidos-por-sidi-a-sus-afiliados\/#breadcrumb"},"inLanguage":"es","potentialAction":[{"@type":"ReadAction","target":["https:\/\/sidimurcia.org\/index.php\/servicios-ofrecidos-por-sidi-a-sus-afiliados\/"]}]},{"@type":"ImageObject","inLanguage":"es","@id":"https:\/\/sidimurcia.org\/index.php\/servicios-ofrecidos-por-sidi-a-sus-afiliados\/#primaryimage","url":"https:\/\/sidimurcia.org\/images\/stories\/logos\/masserviciospor1euro.png","contentUrl":"https:\/\/sidimurcia.org\/images\/stories\/logos\/masserviciospor1euro.png"},{"@type":"BreadcrumbList","@id":"https:\/\/sidimurcia.org\/index.php\/servicios-ofrecidos-por-sidi-a-sus-afiliados\/#breadcrumb","itemListElement":[{"@type":"ListItem","position":1,"name":"Portada","item":"https:\/\/sidimurcia.org\/"},{"@type":"ListItem","position":2,"name":"Servicios ofrecidos por SIDI a sus afiliados"}]},{"@type":"WebSite","@id":"https:\/\/sidimurcia.org\/#website","url":"https:\/\/sidimurcia.org\/","name":"SIDI","description":"Sindicato Independiente de Docentes","publisher":{"@id":"https:\/\/sidimurcia.org\/#organization"},"potentialAction":[{"@type":"SearchAction","target":{"@type":"EntryPoint","urlTemplate":"https:\/\/sidimurcia.org\/?s={search_term_string}"},"query-input":{"@type":"PropertyValueSpecification","valueRequired":true,"valueName":"search_term_string"}}],"inLanguage":"es"},{"@type":"Organization","@id":"https:\/\/sidimurcia.org\/#organization","name":"Sindicato Independiente de Docentes - SIDI","url":"https:\/\/sidimurcia.org\/","logo":{"@type":"ImageObject","inLanguage":"es","@id":"https:\/\/sidimurcia.org\/#\/schema\/logo\/image\/","url":"https:\/\/sidimurcia.org\/wp-content\/uploads\/cropped-PARAPESTANAWEB-1.jpg","contentUrl":"https:\/\/sidimurcia.org\/wp-content\/uploads\/cropped-PARAPESTANAWEB-1.jpg","width":512,"height":512,"caption":"Sindicato Independiente de Docentes - SIDI"},"image":{"@id":"https:\/\/sidimurcia.org\/#\/schema\/logo\/image\/"},"sameAs":["https:\/\/es-es.facebook.com\/sidi.sindicatodedocentes","https:\/\/x.com\/SIDIMURCIA","https:\/\/www.instagram.com\/sidi_murcia\/","https:\/\/www.youtube.com\/channel\/UCwwdL3uFtDKJdbOfmC70wIQ"]}]}},"_links":{"self":[{"href":"https:\/\/sidimurcia.org\/index.php\/wp-json\/wp\/v2\/pages\/77","targetHints":{"allow":["GET"]}}],"collection":[{"href":"https:\/\/sidimurcia.org\/index.php\/wp-json\/wp\/v2\/pages"}],"about":[{"href":"https:\/\/sidimurcia.org\/index.php\/wp-json\/wp\/v2\/types\/page"}],"author":[{"embeddable":true,"href":"https:\/\/sidimurcia.org\/index.php\/wp-json\/wp\/v2\/users\/1"}],"replies":[{"embeddable":true,"href":"https:\/\/sidimurcia.org\/index.php\/wp-json\/wp\/v2\/comments?post=77"}],"version-history":[{"count":0,"href":"https:\/\/sidimurcia.org\/index.php\/wp-json\/wp\/v2\/pages\/77\/revisions"}],"wp:attachment":[{"href":"https:\/\/sidimurcia.org\/index.php\/wp-json\/wp\/v2\/media?parent=77"}],"curies":[{"name":"wp","href":"https:\/\/api.w.org\/{rel}","templated":true}]}}