{"id":7910,"date":"2021-02-19T09:40:21","date_gmt":"2021-02-19T09:40:21","guid":{"rendered":"https:\/\/sidimurcia.org\/?page_id=7910"},"modified":"2024-01-31T14:26:42","modified_gmt":"2024-01-31T14:26:42","slug":"actos-de-adjudicacion-decalogo","status":"publish","type":"page","link":"https:\/\/sidimurcia.org\/index.php\/actos-de-adjudicacion-decalogo\/","title":{"rendered":"Actos de Adjudicaci\u00f3n &#8211; Dec\u00e1logo"},"content":{"rendered":"<p><img loading=\"lazy\" decoding=\"async\" class=\" wp-image-8003 alignleft\" src=\"https:\/\/sidimurcia.org\/wp-content\/uploads\/adjudicaciones-decalogo.jpg\" alt=\"\" width=\"225\" height=\"150\" \/><\/p>\n<p><span style=\"font-family: arial, helvetica, sans-serif; font-size: 20px; color: #d4458b;\"><strong>DEC\u00c1LOGO INFORMATIVO SOBRE ACTOS DE ADJUDICACI\u00d3N.<\/strong><\/span><\/p>\n<p style=\"text-align: justify;\"><span style=\"font-size: 16px; font-family: arial, helvetica, sans-serif;\">En esta secci\u00f3n puedes encontrar la informaci\u00f3n relativa a los actos de adjudicaci\u00f3n semanales, que actualmente se inician los martes y finalizan los mi\u00e9rcoles con incorporaci\u00f3n a los centros los jueves si no se indican otra cosa, as\u00ed como la informaci\u00f3n relativa a los actos extraordinarios de Julio, Agosto y Septiembre.<\/span><\/p>\n<p style=\"text-align: justify;\"><span style=\"font-family: arial, helvetica, sans-serif;\"><span style=\"color: #3c48a9;\"><strong>1\u00ba- Informaci\u00f3n Relevante:<\/strong> <\/span>Es primordial que conozcas como funcionan los actos de adjudicaci\u00f3n leyendo nuestro <a href=\"https:\/\/sidimurcia.org\/index.php\/kit-basico-de-supervivencia-para-actos-telematicos-de-interins-curso-20-21\/\">KIT B\u00c1SICO DE SUPERVIVENCIA<\/a>. En este KIT adem\u00e1s de informaci\u00f3n relevante, puedes descargar los manuales para el uso de la aplicaci\u00f3n telem\u00e1tica. Tambi\u00e9n puedes ver el <a href=\"https:\/\/sidimurcia.org\/index.php\/actos-de-adjudicacion-gestion-y-temporalizacion\/\">cronograma<\/a> de como est\u00e1n planificados los actos de adjudicaci\u00f3n semanales.<\/span><\/p>\n<p style=\"text-align: justify;\"><span style=\"font-family: arial, helvetica, sans-serif;\">2\u00ba- Acceso a Educarm: La plataforma del profesorado implementada por la Consejer\u00eda de Educaci\u00f3n se encuentra en <a href=\"http:\/\/www.educarm.es\">www.educarm.es<\/a>. En la parte superior tienes el acceso pulsando en Acceder Zona Privada. Si no has accedido nunca a la plataforma o has perdido el <span style=\"color: #d4458b;\"><strong>usuario<\/strong> <\/span>o la <span style=\"color: #d4458b;\"><strong>contrase\u00f1a<\/strong><\/span>, <a href=\"https:\/\/sidimurcia.org\/index.php\/usuario-y-contrasena\/\">Pulsando AQU\u00cd te decimos como recuperarlos<\/a>.<\/span><\/p>\n<p style=\"text-align: justify;\"><span style=\"font-family: arial, helvetica, sans-serif;\"><span style=\"color: #3c48a9;\"><strong>3\u00ba- N\u00famero de Lista:<\/strong><\/span> Es importante que conozcas tu n\u00famero de lista de cada especialidad en la que est\u00e9s en bolsa. Para ello, <a href=\"http:\/\/www.educarm.es\/consultalistainterinos\">consulta aqu\u00ed tu n\u00famero de lista introduciendo tu DNI<\/a>.<\/span><\/p>\n<p style=\"text-align: justify;\"><span style=\"font-family: arial, helvetica, sans-serif;\"><span style=\"color: #3c48a9;\"><strong>4\u00ba- Convocatoria y Vacantes: <\/strong><\/span>Ahora te queda conocer si te han convocado. <a href=\"https:\/\/sidimurcia.org\/index.php\/actos-de-adjudicacion-convocatorias\/\">Pulsa aqu\u00ed para ver la Convocatoria y la relaci\u00f3n de Vacantes ofertadas por cuerpo<\/a> seg\u00fan fecha. Es importante leer la convocatoria, puede contener informaci\u00f3n importante referente al acto o a las vacantes ofertadas.<\/span><\/p>\n<p style=\"text-align: justify;\"><span style=\"font-family: arial, helvetica, sans-serif;\"><span style=\"color: #3c48a9;\"><strong>5\u00ba- Incidencias:<\/strong><\/span> La consejer\u00eda publica una relaci\u00f3n de incidencias durante el acto sobre las 9 de la ma\u00f1ana del dia de la adjudicaci\u00f3n. <a href=\"https:\/\/sidimurcia.org\/index.php\/actos-de-adjudicacion-incidencias\/\">Pulsando aqu\u00ed puedes ver la relaci\u00f3n de incidencias por cuerpo seg\u00fan fecha<\/a>. Las incidencias son meramente informativas. Si apareces en ellas y tienes que corregir algo, tienes hasta la hora de finalizaci\u00f3n del acto para corregirlo. Normalmente es hasta las 11 de la ma\u00f1ana pero depender\u00e1 de cada convocatoria la hora de finalizaci\u00f3n del acto.<\/span><\/p>\n<p style=\"text-align: justify;\"><span style=\"font-family: arial, helvetica, sans-serif;\"><span style=\"color: #3c48a9;\"><strong>6\u00ba- Resultados:<\/strong><\/span> La Consejer\u00eda realiza una <a href=\"https:\/\/sidimurcia.org\/index.php\/actos-de-adjudicacion-resultados-provisionales\/\">Publicaci\u00f3n de Vacantes Provisionales adjudicadas<\/a> y por \u00faltimo la <a href=\"https:\/\/sidimurcia.org\/index.php\/actos-de-adjudicacion-resultados-definitivos\/\">Publicaci\u00f3n Definitiva de Vacantes adjudicadas<\/a>. Si cuando aparece el listado de adjudicaciones provisionales detectas alg\u00fan error o tienes que comunicar algo urgente a la Consejer\u00eda, escribe a <a href=\"mailto:adtele.primaria@murciaeduca.es\">adtele.primaria@murciaeduca.es<\/a> o a <a href=\"mailto:adtele.secundaria@murciaeduca.es\">adtele.secundaria@murciaeduca.es<\/a> seg\u00fan sea tu cuerpo y comun\u00edcalo.<\/span><\/p>\n<p style=\"text-align: justify;\"><span style=\"font-family: arial, helvetica, sans-serif;\"><span style=\"color: #3c48a9;\"><strong>7\u00ba- Recogida de Datos para N\u00f3mina:<\/strong><\/span> Si te han adjudicado una vacante en la publicaci\u00f3n definitiva, si es la primera vez, tienes que rellenar unos datos en la plataforma para que la Consejer\u00eda pueda dar de alta tu contrato. Estos datos est\u00e1n en la denominada Carpetilla y se encuentran en la secci\u00f3n Datos Personales de la plataforma de Educarm. Tambi\u00e9n tienes que completar en esa secci\u00f3n tus datos personales, n\u00famero de cuenta, etc.. <a href=\"https:\/\/sidimurcia.org\/index.php\/actos-de-adjudicacion-impresos-de-recogida-de-datos\/\">Lo tienes todo explicado pulsando aqu\u00ed<\/a>.<\/span><\/p>\n<p style=\"text-align: justify;\"><span style=\"font-family: arial, helvetica, sans-serif;\"><span style=\"color: #3c48a9;\"><strong>8\u00ba- Presentaci\u00f3n en el Centro:<\/strong><\/span> Si te han adjudicado un puesto y has rellenado o rellenaste tu datos de la Carpetilla, solo te queda presentarte en el centro el d\u00eda en el que se te indique en la <a href=\"https:\/\/sidimurcia.org\/index.php\/actos-de-adjudicacion-resultados-definitivos\/\">Publicaci\u00f3n Definitiva de Vacantes adjudicadas<\/a>. Tienes que presentarte a primera hora y es muy importante que ese d\u00eda te presentes porque si no lo haces, la adjudicaci\u00f3n quedar\u00e1 invalidada y si no lo justificas atendiendo a los motivos expuestos en la Orden de Recursos Humanos, ser\u00e1s excluid@ de la lista.<\/span><\/p>\n<p style=\"text-align: justify;\"><span style=\"font-family: arial, helvetica, sans-serif;\">Tras la adjudicaci\u00f3n, ser\u00eda interesante llamar al centro, indicar que has sido adjudicad@, preguntar la hora de apertura del centro para presentarte, preguntar tu horario (al menos el del dia siguiente) y los grupos a los que les vas a impartir clase, niveles, etc.<\/span><\/p>\n<p><span style=\"font-family: arial, helvetica, sans-serif;\"><span style=\"color: #3c48a9;\"><strong>9\u00ba- Seguimiento de Listas:<\/strong><\/span> Desde SIDI, despu\u00e9s de cada acto, publicamos la relaci\u00f3n de n\u00fameros de lista de las personas adjudicadas en el acto de adjudicaci\u00f3n para que puedas ver el movimiento que esta teniendo cada especialidad y si falta mucho para llegar a tu n\u00famero de lista. A continuaci\u00f3n tienes la relaci\u00f3n seg\u00fan el cuerpo al que pertenezca cada especialidad.<\/span><\/p>\n<ul>\n<li><span style=\"font-family: arial, helvetica, sans-serif;\"><a href=\"https:\/\/sidimurcia.org\/index.php\/ultimos-adjudicatarios-maestros-curso-2023-2024\/\">Tabla con la relaci\u00f3n de \u00faltimos adjudicatarios de Primaria.<\/a><\/span><\/li>\n<li><span style=\"font-family: arial, helvetica, sans-serif;\"><a href=\"https:\/\/sidimurcia.org\/index.php\/ultimos-adjudicatarios-secundaria-fp-otros\/\">Tabla con la relaci\u00f3n de \u00faltimos adjudicatarios de Secundaria.<\/a><\/span><\/li>\n<\/ul>\n<p style=\"text-align: justify;\"><span style=\"font-family: arial, helvetica, sans-serif;\"><span style=\"color: #3c48a9;\"><strong>10\u00ba- Excluidos:<\/strong><\/span> Las personas que son excluidas de las listas de interinos por no participar si son convocados y rechazar una vacante obligatoria aparecen en los <a href=\"https:\/\/sidimurcia.org\/index.php\/actos-de-adjudicacion-excluidos\/\">Listados de Excluidos<\/a>. En el siguiente enlace dentro de la Normativa relacionada con la Interinidad puedes ver las <a href=\"https:\/\/sidimurcia.org\/index.php\/normativa-interinos-docentes-murcia-y-actos-telematicos\/\">Causas de renuncia justificada<\/a> as\u00ed como otra informaci\u00f3n que puede ser interesante para t\u00ed como las Renuncias anticipadas y las <u>Causas justificadas de renuncia del puesto adjudicado.<\/u><\/span><\/p>\n<p style=\"text-align: justify;\"><span style=\"font-family: arial, helvetica, sans-serif;\">Para cualquier duda, puedes contactar con nosotros escribiendo a <a href=\"mailto:informacionsidi@sidimurcia.org\">informacionsidi@sidimurcia.org<\/a> o llamando al n\u00famero 654358604 en el horario establecido.<\/span><\/p>\n","protected":false},"excerpt":{"rendered":"<p>DEC\u00c1LOGO INFORMATIVO SOBRE ACTOS DE ADJUDICACI\u00d3N. En esta secci\u00f3n puedes encontrar la informaci\u00f3n relativa a los actos de adjudicaci\u00f3n semanales, &#8230; <a title=\"Actos de Adjudicaci\u00f3n &#8211; Dec\u00e1logo\" class=\"read-more\" href=\"https:\/\/sidimurcia.org\/index.php\/actos-de-adjudicacion-decalogo\/\" aria-label=\"Leer m\u00e1s sobre Actos de Adjudicaci\u00f3n &#8211; Dec\u00e1logo\">Leer mas<\/a><\/p>\n","protected":false},"author":1,"featured_media":0,"parent":0,"menu_order":0,"comment_status":"closed","ping_status":"closed","template":"","meta":{"footnotes":""},"class_list":["post-7910","page","type-page","status-publish"],"yoast_head":"<!-- This site is optimized with the Yoast SEO plugin v27.2 - https:\/\/yoast.com\/product\/yoast-seo-wordpress\/ -->\n<title>Actos de Adjudicaci\u00f3n - Dec\u00e1logo - SIDI<\/title>\n<meta name=\"robots\" content=\"index, follow, max-snippet:-1, max-image-preview:large, max-video-preview:-1\" \/>\n<link rel=\"canonical\" href=\"https:\/\/sidimurcia.org\/index.php\/actos-de-adjudicacion-decalogo\/\" \/>\n<meta property=\"og:locale\" content=\"es_ES\" \/>\n<meta property=\"og:type\" content=\"article\" \/>\n<meta property=\"og:title\" content=\"Actos de Adjudicaci\u00f3n - Dec\u00e1logo - SIDI\" \/>\n<meta property=\"og:description\" content=\"DEC\u00c1LOGO INFORMATIVO SOBRE ACTOS DE ADJUDICACI\u00d3N. En esta secci\u00f3n puedes encontrar la informaci\u00f3n relativa a los actos de adjudicaci\u00f3n semanales, ... Leer mas\" \/>\n<meta property=\"og:url\" content=\"https:\/\/sidimurcia.org\/index.php\/actos-de-adjudicacion-decalogo\/\" \/>\n<meta property=\"og:site_name\" content=\"SIDI\" \/>\n<meta property=\"article:publisher\" content=\"https:\/\/es-es.facebook.com\/sidi.sindicatodedocentes\" \/>\n<meta property=\"article:modified_time\" content=\"2024-01-31T14:26:42+00:00\" \/>\n<meta property=\"og:image\" content=\"https:\/\/sidimurcia.org\/wp-content\/uploads\/adjudicaciones-decalogo.jpg\" \/>\n<meta name=\"twitter:card\" content=\"summary_large_image\" \/>\n<meta name=\"twitter:site\" content=\"@SIDIMURCIA\" \/>\n<meta name=\"twitter:label1\" content=\"Tiempo de lectura\" \/>\n\t<meta name=\"twitter:data1\" content=\"4 minutos\" \/>\n<script type=\"application\/ld+json\" class=\"yoast-schema-graph\">{\"@context\":\"https:\/\/schema.org\",\"@graph\":[{\"@type\":\"WebPage\",\"@id\":\"https:\/\/sidimurcia.org\/index.php\/actos-de-adjudicacion-decalogo\/\",\"url\":\"https:\/\/sidimurcia.org\/index.php\/actos-de-adjudicacion-decalogo\/\",\"name\":\"Actos de Adjudicaci\u00f3n - Dec\u00e1logo - SIDI\",\"isPartOf\":{\"@id\":\"https:\/\/sidimurcia.org\/#website\"},\"primaryImageOfPage\":{\"@id\":\"https:\/\/sidimurcia.org\/index.php\/actos-de-adjudicacion-decalogo\/#primaryimage\"},\"image\":{\"@id\":\"https:\/\/sidimurcia.org\/index.php\/actos-de-adjudicacion-decalogo\/#primaryimage\"},\"thumbnailUrl\":\"https:\/\/sidimurcia.org\/wp-content\/uploads\/adjudicaciones-decalogo.jpg\",\"datePublished\":\"2021-02-19T09:40:21+00:00\",\"dateModified\":\"2024-01-31T14:26:42+00:00\",\"breadcrumb\":{\"@id\":\"https:\/\/sidimurcia.org\/index.php\/actos-de-adjudicacion-decalogo\/#breadcrumb\"},\"inLanguage\":\"es\",\"potentialAction\":[{\"@type\":\"ReadAction\",\"target\":[\"https:\/\/sidimurcia.org\/index.php\/actos-de-adjudicacion-decalogo\/\"]}]},{\"@type\":\"ImageObject\",\"inLanguage\":\"es\",\"@id\":\"https:\/\/sidimurcia.org\/index.php\/actos-de-adjudicacion-decalogo\/#primaryimage\",\"url\":\"https:\/\/sidimurcia.org\/wp-content\/uploads\/adjudicaciones-decalogo.jpg\",\"contentUrl\":\"https:\/\/sidimurcia.org\/wp-content\/uploads\/adjudicaciones-decalogo.jpg\",\"width\":219,\"height\":146},{\"@type\":\"BreadcrumbList\",\"@id\":\"https:\/\/sidimurcia.org\/index.php\/actos-de-adjudicacion-decalogo\/#breadcrumb\",\"itemListElement\":[{\"@type\":\"ListItem\",\"position\":1,\"name\":\"Portada\",\"item\":\"https:\/\/sidimurcia.org\/\"},{\"@type\":\"ListItem\",\"position\":2,\"name\":\"Actos de Adjudicaci\u00f3n &#8211; Dec\u00e1logo\"}]},{\"@type\":\"WebSite\",\"@id\":\"https:\/\/sidimurcia.org\/#website\",\"url\":\"https:\/\/sidimurcia.org\/\",\"name\":\"SIDI\",\"description\":\"Sindicato Independiente de Docentes\",\"publisher\":{\"@id\":\"https:\/\/sidimurcia.org\/#organization\"},\"potentialAction\":[{\"@type\":\"SearchAction\",\"target\":{\"@type\":\"EntryPoint\",\"urlTemplate\":\"https:\/\/sidimurcia.org\/?s={search_term_string}\"},\"query-input\":{\"@type\":\"PropertyValueSpecification\",\"valueRequired\":true,\"valueName\":\"search_term_string\"}}],\"inLanguage\":\"es\"},{\"@type\":\"Organization\",\"@id\":\"https:\/\/sidimurcia.org\/#organization\",\"name\":\"Sindicato Independiente de Docentes - SIDI\",\"url\":\"https:\/\/sidimurcia.org\/\",\"logo\":{\"@type\":\"ImageObject\",\"inLanguage\":\"es\",\"@id\":\"https:\/\/sidimurcia.org\/#\/schema\/logo\/image\/\",\"url\":\"https:\/\/sidimurcia.org\/wp-content\/uploads\/cropped-PARAPESTANAWEB-1.jpg\",\"contentUrl\":\"https:\/\/sidimurcia.org\/wp-content\/uploads\/cropped-PARAPESTANAWEB-1.jpg\",\"width\":512,\"height\":512,\"caption\":\"Sindicato Independiente de Docentes - SIDI\"},\"image\":{\"@id\":\"https:\/\/sidimurcia.org\/#\/schema\/logo\/image\/\"},\"sameAs\":[\"https:\/\/es-es.facebook.com\/sidi.sindicatodedocentes\",\"https:\/\/x.com\/SIDIMURCIA\",\"https:\/\/www.instagram.com\/sidi_murcia\/\",\"https:\/\/www.youtube.com\/channel\/UCwwdL3uFtDKJdbOfmC70wIQ\"]}]}<\/script>\n<!-- \/ Yoast SEO plugin. -->","yoast_head_json":{"title":"Actos de Adjudicaci\u00f3n - Dec\u00e1logo - SIDI","robots":{"index":"index","follow":"follow","max-snippet":"max-snippet:-1","max-image-preview":"max-image-preview:large","max-video-preview":"max-video-preview:-1"},"canonical":"https:\/\/sidimurcia.org\/index.php\/actos-de-adjudicacion-decalogo\/","og_locale":"es_ES","og_type":"article","og_title":"Actos de Adjudicaci\u00f3n - Dec\u00e1logo - SIDI","og_description":"DEC\u00c1LOGO INFORMATIVO SOBRE ACTOS DE ADJUDICACI\u00d3N. En esta secci\u00f3n puedes encontrar la informaci\u00f3n relativa a los actos de adjudicaci\u00f3n semanales, ... Leer mas","og_url":"https:\/\/sidimurcia.org\/index.php\/actos-de-adjudicacion-decalogo\/","og_site_name":"SIDI","article_publisher":"https:\/\/es-es.facebook.com\/sidi.sindicatodedocentes","article_modified_time":"2024-01-31T14:26:42+00:00","og_image":[{"url":"https:\/\/sidimurcia.org\/wp-content\/uploads\/adjudicaciones-decalogo.jpg","type":"","width":"","height":""}],"twitter_card":"summary_large_image","twitter_site":"@SIDIMURCIA","twitter_misc":{"Tiempo de lectura":"4 minutos"},"schema":{"@context":"https:\/\/schema.org","@graph":[{"@type":"WebPage","@id":"https:\/\/sidimurcia.org\/index.php\/actos-de-adjudicacion-decalogo\/","url":"https:\/\/sidimurcia.org\/index.php\/actos-de-adjudicacion-decalogo\/","name":"Actos de Adjudicaci\u00f3n - Dec\u00e1logo - SIDI","isPartOf":{"@id":"https:\/\/sidimurcia.org\/#website"},"primaryImageOfPage":{"@id":"https:\/\/sidimurcia.org\/index.php\/actos-de-adjudicacion-decalogo\/#primaryimage"},"image":{"@id":"https:\/\/sidimurcia.org\/index.php\/actos-de-adjudicacion-decalogo\/#primaryimage"},"thumbnailUrl":"https:\/\/sidimurcia.org\/wp-content\/uploads\/adjudicaciones-decalogo.jpg","datePublished":"2021-02-19T09:40:21+00:00","dateModified":"2024-01-31T14:26:42+00:00","breadcrumb":{"@id":"https:\/\/sidimurcia.org\/index.php\/actos-de-adjudicacion-decalogo\/#breadcrumb"},"inLanguage":"es","potentialAction":[{"@type":"ReadAction","target":["https:\/\/sidimurcia.org\/index.php\/actos-de-adjudicacion-decalogo\/"]}]},{"@type":"ImageObject","inLanguage":"es","@id":"https:\/\/sidimurcia.org\/index.php\/actos-de-adjudicacion-decalogo\/#primaryimage","url":"https:\/\/sidimurcia.org\/wp-content\/uploads\/adjudicaciones-decalogo.jpg","contentUrl":"https:\/\/sidimurcia.org\/wp-content\/uploads\/adjudicaciones-decalogo.jpg","width":219,"height":146},{"@type":"BreadcrumbList","@id":"https:\/\/sidimurcia.org\/index.php\/actos-de-adjudicacion-decalogo\/#breadcrumb","itemListElement":[{"@type":"ListItem","position":1,"name":"Portada","item":"https:\/\/sidimurcia.org\/"},{"@type":"ListItem","position":2,"name":"Actos de Adjudicaci\u00f3n &#8211; Dec\u00e1logo"}]},{"@type":"WebSite","@id":"https:\/\/sidimurcia.org\/#website","url":"https:\/\/sidimurcia.org\/","name":"SIDI","description":"Sindicato Independiente de Docentes","publisher":{"@id":"https:\/\/sidimurcia.org\/#organization"},"potentialAction":[{"@type":"SearchAction","target":{"@type":"EntryPoint","urlTemplate":"https:\/\/sidimurcia.org\/?s={search_term_string}"},"query-input":{"@type":"PropertyValueSpecification","valueRequired":true,"valueName":"search_term_string"}}],"inLanguage":"es"},{"@type":"Organization","@id":"https:\/\/sidimurcia.org\/#organization","name":"Sindicato Independiente de Docentes - SIDI","url":"https:\/\/sidimurcia.org\/","logo":{"@type":"ImageObject","inLanguage":"es","@id":"https:\/\/sidimurcia.org\/#\/schema\/logo\/image\/","url":"https:\/\/sidimurcia.org\/wp-content\/uploads\/cropped-PARAPESTANAWEB-1.jpg","contentUrl":"https:\/\/sidimurcia.org\/wp-content\/uploads\/cropped-PARAPESTANAWEB-1.jpg","width":512,"height":512,"caption":"Sindicato Independiente de Docentes - SIDI"},"image":{"@id":"https:\/\/sidimurcia.org\/#\/schema\/logo\/image\/"},"sameAs":["https:\/\/es-es.facebook.com\/sidi.sindicatodedocentes","https:\/\/x.com\/SIDIMURCIA","https:\/\/www.instagram.com\/sidi_murcia\/","https:\/\/www.youtube.com\/channel\/UCwwdL3uFtDKJdbOfmC70wIQ"]}]}},"_links":{"self":[{"href":"https:\/\/sidimurcia.org\/index.php\/wp-json\/wp\/v2\/pages\/7910","targetHints":{"allow":["GET"]}}],"collection":[{"href":"https:\/\/sidimurcia.org\/index.php\/wp-json\/wp\/v2\/pages"}],"about":[{"href":"https:\/\/sidimurcia.org\/index.php\/wp-json\/wp\/v2\/types\/page"}],"author":[{"embeddable":true,"href":"https:\/\/sidimurcia.org\/index.php\/wp-json\/wp\/v2\/users\/1"}],"replies":[{"embeddable":true,"href":"https:\/\/sidimurcia.org\/index.php\/wp-json\/wp\/v2\/comments?post=7910"}],"version-history":[{"count":0,"href":"https:\/\/sidimurcia.org\/index.php\/wp-json\/wp\/v2\/pages\/7910\/revisions"}],"wp:attachment":[{"href":"https:\/\/sidimurcia.org\/index.php\/wp-json\/wp\/v2\/media?parent=7910"}],"curies":[{"name":"wp","href":"https:\/\/api.w.org\/{rel}","templated":true}]}}