{"id":84,"date":"2019-10-10T11:12:15","date_gmt":"2019-10-10T11:12:15","guid":{"rendered":"https:\/\/sidimurcia.org\/wp\/?page_id=84"},"modified":"2025-07-10T09:06:51","modified_gmt":"2025-07-10T09:06:51","slug":"afiliacion","status":"publish","type":"page","link":"https:\/\/sidimurcia.org\/index.php\/afiliacion\/","title":{"rendered":"Afiliaci\u00f3n"},"content":{"rendered":"<table class=\"contentpaneopen\">\n<tbody>\n<tr>\n<td class=\"contentheading\" width=\"100%\">\n<h4><span style=\"color: #800080; font-size: 20px; font-family: arial, helvetica, sans-serif;\">Colabora afili\u00e1ndote a SIDI<\/span><\/h4>\n<\/td>\n<\/tr>\n<\/tbody>\n<\/table>\n<table class=\"contentpaneopen\" style=\"width: 100%;\">\n<tbody>\n<tr>\n<td style=\"width: 0.716332%;\" colspan=\"2\" valign=\"top\">\n<h1 dir=\"ltr\" style=\"text-align: center;\"><span style=\"font-size: 24px;\"><span style=\"font-family: arial, helvetica, sans-serif; color: #3c48a9;\">\u00bfC\u00d3MO PUEDO AFILIARME AL SINDICATO SIDI?<\/span><\/span><\/h1>\n<p style=\"text-align: center;\"><span style=\"background-color: #ffff00; color: #ff0000; font-family: arial, helvetica, sans-serif;\">\u00a1\u00a1\u00a1 IMPORTANTE &#8211; AFILIACIONES DE AGOSTO: Las afiliaciones recibidas en agosto se tramitar\u00e1n en septiembre!!!<\/span><\/p>\n<p style=\"text-align: center;\"><span style=\"font-family: arial, helvetica, sans-serif; font-size: 20px;\">Para afiliarte (lee primero las instrucciones que encontrar\u00e1s m\u00e1s abajo) y solo tienes que pulsar en el siguiente enlace que te llevar\u00e1 al <strong>FORMULARIO DE AFILIACI\u00d3N ONLINE<\/strong>, rellenar los datos de afiliaci\u00f3n y seguir las indicaciones.<\/span><\/p>\n<p>&nbsp;<\/p>\n<p style=\"text-align: center;\"><span style=\"font-size: 32px; font-family: arial, helvetica, sans-serif;\"><strong><span style=\"color: #d4458b;\">&gt;&gt; <a style=\"color: #d4458b;\" href=\"https:\/\/agora.sidimurcia.org\/\"><span style=\"color: #d4458b;\">FORMULARIO<\/span> DE AFILIACI\u00d3N ONLINE<\/a>\u00a0 &lt;&lt;<\/span><\/strong><\/span><\/p>\n<p>&nbsp;<\/p>\n<p dir=\"ltr\" style=\"text-align: justify;\"><span style=\"font-family: arial, helvetica, sans-serif; font-size: 16px;\">Recuerda que la cuota es de solo un euro al mes y <strong>se abona en un \u00fanico pago anual<\/strong> con los meses desde hoy hasta el 31 de diciembre. Posteriormente cada mes de enero te cobrar\u00edamos 12 euros por todo el siguiente a\u00f1o, (si por ejemplo me afilio en octubre se cobra octubre, noviembre y diciembre \u00fanicamente)<br \/>\n<\/span><\/p>\n<p dir=\"ltr\" style=\"text-align: center;\"><span style=\"color: #d4458b; font-family: arial, helvetica, sans-serif; font-size: 20px;\">INSTRUCCIONES SOBRE EL PROCEDIMIENTO DE AFILIACI\u00d3N:<\/span><\/p>\n<p dir=\"ltr\" style=\"text-align: justify;\"><span style=\"font-family: arial, helvetica, sans-serif; font-size: 16px;\">\u25b6\ufe0f <strong>*<span style=\"color: #d4458b;\">CUMPLIMENTA EL FORMULARIO DE AFILIACI\u00d3N<\/span>*<\/strong>: Rellenas el formulario en el\u00a0 ordenador. Una vez cumplimentados todos los campos (algunos son obligatorios) tienes que firmar la instancia. Para ello tienes dos opciones<\/span><\/p>\n<p dir=\"ltr\" style=\"text-align: justify; padding-left: 40px;\"><span style=\"font-family: arial, helvetica, sans-serif; font-size: 16px;\">\u25b6\ufe0f <strong>*<span style=\"color: #d4458b;\">OPCI\u00d3N 1 &#8211; FIRMA MANUSCRITA<\/span>*<\/strong>: la aplicaci\u00f3n te permite imprimir en papel la ficha de afiliaci\u00f3n que se genera con tus datos, la firmas autogr\u00e1ficamente y la escaneas debiendo aportarla en la misma web donde hab\u00edas cumplimentado el formulario para que llegue al sindicato.\u00a0<\/span><\/p>\n<p dir=\"ltr\" style=\"text-align: justify; padding-left: 40px;\"><span style=\"font-family: arial, helvetica, sans-serif; font-size: 16px;\">\u25b6\ufe0f <strong>*<span style=\"color: #d4458b;\">OPCI\u00d3N 2 &#8211; FIRMA DIGITAL<\/span>*<\/strong>: Una vez cumplimentada la ficha de afiliaci\u00f3n, la abres en pdf y la firmas con DNI electr\u00f3nico o certificado digital VISIBLE (que se aprecie que la firma es digital) y debiendo aportarla en la misma web donde hab\u00edas cumplimentado el formulario.<\/span><\/p>\n<p dir=\"ltr\" style=\"text-align: justify;\"><span style=\"font-family: arial, helvetica, sans-serif; font-size: 16px;\">Recuerda que si no cumplimentas los campos obligatorios, si tu NIF no es correcto, si la cuenta bancaria no es correcta o si la aplicaci\u00f3n no detecta la firma no se realizar\u00e1 el proceso. Una vez recibida y revisada tu ficha de afiliaci\u00f3n, en el caso de ser aceptada, recibir\u00e1s un mensaje de bienvenida con algunas instrucciones a seguir como afiliado\/a.<\/span><\/p>\n<p dir=\"ltr\"><span style=\"font-family: arial, helvetica, sans-serif; font-size: 16px;\">Algunos aspectos a tener en cuenta antes de afiliarte:<\/span><\/p>\n<ul>\n<li><span style=\"font-family: arial, helvetica, sans-serif; font-size: 16px;\">La baja de afiliaci\u00f3n anual en ning\u00fan caso conlleva devoluci\u00f3n de partes de la cuota<\/span><\/li>\n<li><span style=\"font-family: arial, helvetica, sans-serif; font-size: 16px;\"><strong>Para tramitar la baja en la afiliaci\u00f3n, <\/strong>solo debes enviar un email a administracion@sidimurcia.org comunicando la baja antes del 20 de diciembre para as\u00ed evitar el giro autom\u00e1tico del recibo del siguiente a\u00f1o.<\/span><\/li>\n<li><span style=\"font-family: arial, helvetica, sans-serif; font-size: 16px;\"><strong>Para actualizar la cuenta bancaria, o los datos de direcci\u00f3n \u00f3 tel\u00e9fono <\/strong>solo debes enviar un email a administracion@sidimurcia.org comunicando la variaci\u00f3n.<\/span><\/li>\n<li><span style=\"font-family: arial, helvetica, sans-serif; font-size: 16px;\"><strong>SIDI es un sindicato con representaci\u00f3n exclusiva en la Mesa Sectorial de Educaci\u00f3n<\/strong> (centros p\u00fablicos), por tanto las personas que trabajan en centros educativos del colectivo de religi\u00f3n, auxiliares t\u00e9cnicos educativos, t\u00e9cnicos de educaci\u00f3n infantil de las aulas de 2 a\u00f1os y que no son maestros, o las personas que trabajan en centros concertados y privados quedan fuera del \u00e1mbito de representatividad de este sindicato<\/span><\/li>\n<\/ul>\n<p style=\"text-align: center;\"><span style=\"font-family: arial, helvetica, sans-serif; font-size: 20px;\"><strong><span style=\"color: #d4458b;\">\u00bfC\u00d3MO PUEDO CAMBIAR MIS DATOS BANCARIOS POSTERIORMENTE?<\/span><\/strong><\/span><\/p>\n<ul>\n<li><span style=\"font-family: arial, helvetica, sans-serif; font-size: 16px;\"><a href=\"https:\/\/drive.google.com\/file\/d\/1SDSc70c1a_tuWv8NVXDJgcJzTIV4Euai\/view?usp=sharing\">FORMULARIO DE MODIFICACI\u00d3N DE DATOS BANCARIOS<\/a>: cumplim\u00e9ntalo, f\u00edrmalo electr\u00f3nica o autogr\u00e1ficamente y env\u00edalo a <strong>administracion@sidimurcia.org<\/strong><\/span><\/li>\n<\/ul>\n<p>&nbsp;<\/p>\n<p style=\"text-align: center;\"><span style=\"font-family: arial, helvetica, sans-serif;\">M\u00e1s por menos (+x-): <\/span><a href=\"https:\/\/sidimurcia.org\/index.php\/servicios-ofrecidos-por-sidi-a-sus-afiliados\/\" target=\"_self\" rel=\"noopener noreferrer\"><span style=\"font-family: arial, helvetica, sans-serif;\">Servicios ofrecidos por SIDI a sus afiliados.<\/span><\/a><\/p>\n<p>&nbsp;<\/p>\n<p><img decoding=\"async\" class=\"aligncenter\" src=\"https:\/\/sidimurcia.org\/wp-content\/uploads\/Logotipo-SIDI_300x77.jpg\" alt=\"\" \/><span style=\"font-family: arial, helvetica, sans-serif; font-size: 16px;\"><strong>El sindicato INDEPENDIENTE de docentes es el sindicato de: <\/strong>funcionarios\/as de carrera, funcionarios\/as interinos\/as, jefes\/as de departamento, directores\/as, secretarios\/as, jefes\/as de estudios, tutores\/as, coordinadores\/as, RMI, Maestros\/as, profesorado de Secundaria y FP, profesorado de Artes Pl\u00e1sticas y Dise\u00f1o, profesorado de Escuela Oficial de Idiomas, profesorado de M\u00fasica y Artes Esc\u00e9nicas,\u00a0 representantes del CPR, representantes de los consejos escolares&#8230;<strong><br \/>\n<\/strong><\/span><\/p>\n<p align=\"center\"><span style=\"font-family: arial, helvetica, sans-serif; font-size: 16px;\"><strong><u>\u00a1\u00a1\u00a1 En definitiva, TU SINDICATO !!!<\/u><br \/>\n<\/strong><\/span><\/p>\n<p align=\"center\"><span style=\"font-family: arial, helvetica, sans-serif; font-size: 16px;\"><strong>El \u00fanico sindicato que solo defiende a tod@s l@s docentes de la Escuela P\u00fablica.<\/strong><\/span><\/p>\n<p align=\"center\"><span style=\"font-family: arial, helvetica, sans-serif; font-size: 16px;\"><strong>El \u00fanico sindicato que ha defendido y defiende a l@s interin@s\u00bb\u00a0<\/strong><\/span><\/p>\n<p align=\"center\"><span style=\"font-family: arial, helvetica, sans-serif; font-size: 16px;\">Por la m\u00f3dica cantidad de 1 Euro al mes, puedes colaborar al sostenimiento de nuestra lucha.<\/span><\/p>\n<p align=\"center\"><span style=\"font-family: arial, helvetica, sans-serif; font-size: 16px;\">. <u>Tambi\u00e9n tenemos actualizada la informaci\u00f3n de TWITTER, FACEBOOK y empleamos para difusiones y consulta TELEGRAM y WHATSAPP.<\/u><\/span><\/p>\n<div align=\"center\">\n<p><span style=\"color: #d4458b; font-family: arial, helvetica, sans-serif; font-size: 16px;\"><u><em>Para cualquier duda sobre cuotas, formas de pago, recibos, etc, contacta con 654358604 o bien con administracion@sidimurcia.org<\/em><\/u><\/span><\/p>\n<p><strong><img loading=\"lazy\" decoding=\"async\" class=\"\" src=\"https:\/\/sidimurcia.org\/images\/stories\/imgs\/euro1.jpg\" alt=\"Afiliaci\u00f3n por 1 euro al mes\" width=\"137\" height=\"139\" align=\"middle\" border=\"0\" hspace=\"0\" vspace=\"0\" \/><\/strong><\/p>\n<\/div>\n<\/td>\n<\/tr>\n<\/tbody>\n<\/table>\n<p>&nbsp;<\/p>\n","protected":false},"excerpt":{"rendered":"<p>Colabora afili\u00e1ndote a SIDI \u00bfC\u00d3MO PUEDO AFILIARME AL SINDICATO SIDI? \u00a1\u00a1\u00a1 IMPORTANTE &#8211; AFILIACIONES DE AGOSTO: Las afiliaciones recibidas en &#8230; <a title=\"Afiliaci\u00f3n\" class=\"read-more\" href=\"https:\/\/sidimurcia.org\/index.php\/afiliacion\/\" aria-label=\"Leer m\u00e1s sobre Afiliaci\u00f3n\">Leer mas<\/a><\/p>\n","protected":false},"author":1,"featured_media":0,"parent":0,"menu_order":0,"comment_status":"closed","ping_status":"closed","template":"","meta":{"footnotes":""},"class_list":["post-84","page","type-page","status-publish"],"yoast_head":"<!-- This site is optimized with the Yoast SEO plugin v27.2 - https:\/\/yoast.com\/product\/yoast-seo-wordpress\/ -->\n<title>Afiliaci\u00f3n - SIDI<\/title>\n<meta name=\"robots\" content=\"index, follow, max-snippet:-1, max-image-preview:large, max-video-preview:-1\" \/>\n<link rel=\"canonical\" href=\"https:\/\/sidimurcia.org\/index.php\/afiliacion\/\" \/>\n<meta property=\"og:locale\" content=\"es_ES\" \/>\n<meta property=\"og:type\" content=\"article\" \/>\n<meta property=\"og:title\" content=\"Afiliaci\u00f3n - SIDI\" \/>\n<meta property=\"og:description\" content=\"Colabora afili\u00e1ndote a SIDI \u00bfC\u00d3MO PUEDO AFILIARME AL SINDICATO SIDI? \u00a1\u00a1\u00a1 IMPORTANTE &#8211; AFILIACIONES DE AGOSTO: Las afiliaciones recibidas en ... Leer mas\" \/>\n<meta property=\"og:url\" content=\"https:\/\/sidimurcia.org\/index.php\/afiliacion\/\" \/>\n<meta property=\"og:site_name\" content=\"SIDI\" \/>\n<meta property=\"article:publisher\" content=\"https:\/\/es-es.facebook.com\/sidi.sindicatodedocentes\" \/>\n<meta property=\"article:modified_time\" content=\"2025-07-10T09:06:51+00:00\" \/>\n<meta property=\"og:image\" content=\"https:\/\/sidimurcia.org\/wp-content\/uploads\/Logotipo-SIDI_300x77.jpg\" \/>\n<meta name=\"twitter:card\" content=\"summary_large_image\" \/>\n<meta name=\"twitter:site\" content=\"@SIDIMURCIA\" \/>\n<meta name=\"twitter:label1\" content=\"Tiempo de lectura\" \/>\n\t<meta name=\"twitter:data1\" content=\"2 minutos\" \/>\n<script type=\"application\/ld+json\" class=\"yoast-schema-graph\">{\"@context\":\"https:\/\/schema.org\",\"@graph\":[{\"@type\":\"WebPage\",\"@id\":\"https:\/\/sidimurcia.org\/index.php\/afiliacion\/\",\"url\":\"https:\/\/sidimurcia.org\/index.php\/afiliacion\/\",\"name\":\"Afiliaci\u00f3n - SIDI\",\"isPartOf\":{\"@id\":\"https:\/\/sidimurcia.org\/#website\"},\"primaryImageOfPage\":{\"@id\":\"https:\/\/sidimurcia.org\/index.php\/afiliacion\/#primaryimage\"},\"image\":{\"@id\":\"https:\/\/sidimurcia.org\/index.php\/afiliacion\/#primaryimage\"},\"thumbnailUrl\":\"https:\/\/sidimurcia.org\/wp-content\/uploads\/Logotipo-SIDI_300x77.jpg\",\"datePublished\":\"2019-10-10T11:12:15+00:00\",\"dateModified\":\"2025-07-10T09:06:51+00:00\",\"breadcrumb\":{\"@id\":\"https:\/\/sidimurcia.org\/index.php\/afiliacion\/#breadcrumb\"},\"inLanguage\":\"es\",\"potentialAction\":[{\"@type\":\"ReadAction\",\"target\":[\"https:\/\/sidimurcia.org\/index.php\/afiliacion\/\"]}]},{\"@type\":\"ImageObject\",\"inLanguage\":\"es\",\"@id\":\"https:\/\/sidimurcia.org\/index.php\/afiliacion\/#primaryimage\",\"url\":\"https:\/\/sidimurcia.org\/wp-content\/uploads\/Logotipo-SIDI_300x77.jpg\",\"contentUrl\":\"https:\/\/sidimurcia.org\/wp-content\/uploads\/Logotipo-SIDI_300x77.jpg\",\"width\":300,\"height\":77},{\"@type\":\"BreadcrumbList\",\"@id\":\"https:\/\/sidimurcia.org\/index.php\/afiliacion\/#breadcrumb\",\"itemListElement\":[{\"@type\":\"ListItem\",\"position\":1,\"name\":\"Portada\",\"item\":\"https:\/\/sidimurcia.org\/\"},{\"@type\":\"ListItem\",\"position\":2,\"name\":\"Afiliaci\u00f3n\"}]},{\"@type\":\"WebSite\",\"@id\":\"https:\/\/sidimurcia.org\/#website\",\"url\":\"https:\/\/sidimurcia.org\/\",\"name\":\"SIDI\",\"description\":\"Sindicato Independiente de Docentes\",\"publisher\":{\"@id\":\"https:\/\/sidimurcia.org\/#organization\"},\"potentialAction\":[{\"@type\":\"SearchAction\",\"target\":{\"@type\":\"EntryPoint\",\"urlTemplate\":\"https:\/\/sidimurcia.org\/?s={search_term_string}\"},\"query-input\":{\"@type\":\"PropertyValueSpecification\",\"valueRequired\":true,\"valueName\":\"search_term_string\"}}],\"inLanguage\":\"es\"},{\"@type\":\"Organization\",\"@id\":\"https:\/\/sidimurcia.org\/#organization\",\"name\":\"Sindicato Independiente de Docentes - SIDI\",\"url\":\"https:\/\/sidimurcia.org\/\",\"logo\":{\"@type\":\"ImageObject\",\"inLanguage\":\"es\",\"@id\":\"https:\/\/sidimurcia.org\/#\/schema\/logo\/image\/\",\"url\":\"https:\/\/sidimurcia.org\/wp-content\/uploads\/cropped-PARAPESTANAWEB-1.jpg\",\"contentUrl\":\"https:\/\/sidimurcia.org\/wp-content\/uploads\/cropped-PARAPESTANAWEB-1.jpg\",\"width\":512,\"height\":512,\"caption\":\"Sindicato Independiente de Docentes - SIDI\"},\"image\":{\"@id\":\"https:\/\/sidimurcia.org\/#\/schema\/logo\/image\/\"},\"sameAs\":[\"https:\/\/es-es.facebook.com\/sidi.sindicatodedocentes\",\"https:\/\/x.com\/SIDIMURCIA\",\"https:\/\/www.instagram.com\/sidi_murcia\/\",\"https:\/\/www.youtube.com\/channel\/UCwwdL3uFtDKJdbOfmC70wIQ\"]}]}<\/script>\n<!-- \/ Yoast SEO plugin. -->","yoast_head_json":{"title":"Afiliaci\u00f3n - SIDI","robots":{"index":"index","follow":"follow","max-snippet":"max-snippet:-1","max-image-preview":"max-image-preview:large","max-video-preview":"max-video-preview:-1"},"canonical":"https:\/\/sidimurcia.org\/index.php\/afiliacion\/","og_locale":"es_ES","og_type":"article","og_title":"Afiliaci\u00f3n - SIDI","og_description":"Colabora afili\u00e1ndote a SIDI \u00bfC\u00d3MO PUEDO AFILIARME AL SINDICATO SIDI? \u00a1\u00a1\u00a1 IMPORTANTE &#8211; AFILIACIONES DE AGOSTO: Las afiliaciones recibidas en ... Leer mas","og_url":"https:\/\/sidimurcia.org\/index.php\/afiliacion\/","og_site_name":"SIDI","article_publisher":"https:\/\/es-es.facebook.com\/sidi.sindicatodedocentes","article_modified_time":"2025-07-10T09:06:51+00:00","og_image":[{"url":"https:\/\/sidimurcia.org\/wp-content\/uploads\/Logotipo-SIDI_300x77.jpg","type":"","width":"","height":""}],"twitter_card":"summary_large_image","twitter_site":"@SIDIMURCIA","twitter_misc":{"Tiempo de lectura":"2 minutos"},"schema":{"@context":"https:\/\/schema.org","@graph":[{"@type":"WebPage","@id":"https:\/\/sidimurcia.org\/index.php\/afiliacion\/","url":"https:\/\/sidimurcia.org\/index.php\/afiliacion\/","name":"Afiliaci\u00f3n - SIDI","isPartOf":{"@id":"https:\/\/sidimurcia.org\/#website"},"primaryImageOfPage":{"@id":"https:\/\/sidimurcia.org\/index.php\/afiliacion\/#primaryimage"},"image":{"@id":"https:\/\/sidimurcia.org\/index.php\/afiliacion\/#primaryimage"},"thumbnailUrl":"https:\/\/sidimurcia.org\/wp-content\/uploads\/Logotipo-SIDI_300x77.jpg","datePublished":"2019-10-10T11:12:15+00:00","dateModified":"2025-07-10T09:06:51+00:00","breadcrumb":{"@id":"https:\/\/sidimurcia.org\/index.php\/afiliacion\/#breadcrumb"},"inLanguage":"es","potentialAction":[{"@type":"ReadAction","target":["https:\/\/sidimurcia.org\/index.php\/afiliacion\/"]}]},{"@type":"ImageObject","inLanguage":"es","@id":"https:\/\/sidimurcia.org\/index.php\/afiliacion\/#primaryimage","url":"https:\/\/sidimurcia.org\/wp-content\/uploads\/Logotipo-SIDI_300x77.jpg","contentUrl":"https:\/\/sidimurcia.org\/wp-content\/uploads\/Logotipo-SIDI_300x77.jpg","width":300,"height":77},{"@type":"BreadcrumbList","@id":"https:\/\/sidimurcia.org\/index.php\/afiliacion\/#breadcrumb","itemListElement":[{"@type":"ListItem","position":1,"name":"Portada","item":"https:\/\/sidimurcia.org\/"},{"@type":"ListItem","position":2,"name":"Afiliaci\u00f3n"}]},{"@type":"WebSite","@id":"https:\/\/sidimurcia.org\/#website","url":"https:\/\/sidimurcia.org\/","name":"SIDI","description":"Sindicato Independiente de Docentes","publisher":{"@id":"https:\/\/sidimurcia.org\/#organization"},"potentialAction":[{"@type":"SearchAction","target":{"@type":"EntryPoint","urlTemplate":"https:\/\/sidimurcia.org\/?s={search_term_string}"},"query-input":{"@type":"PropertyValueSpecification","valueRequired":true,"valueName":"search_term_string"}}],"inLanguage":"es"},{"@type":"Organization","@id":"https:\/\/sidimurcia.org\/#organization","name":"Sindicato Independiente de Docentes - SIDI","url":"https:\/\/sidimurcia.org\/","logo":{"@type":"ImageObject","inLanguage":"es","@id":"https:\/\/sidimurcia.org\/#\/schema\/logo\/image\/","url":"https:\/\/sidimurcia.org\/wp-content\/uploads\/cropped-PARAPESTANAWEB-1.jpg","contentUrl":"https:\/\/sidimurcia.org\/wp-content\/uploads\/cropped-PARAPESTANAWEB-1.jpg","width":512,"height":512,"caption":"Sindicato Independiente de Docentes - SIDI"},"image":{"@id":"https:\/\/sidimurcia.org\/#\/schema\/logo\/image\/"},"sameAs":["https:\/\/es-es.facebook.com\/sidi.sindicatodedocentes","https:\/\/x.com\/SIDIMURCIA","https:\/\/www.instagram.com\/sidi_murcia\/","https:\/\/www.youtube.com\/channel\/UCwwdL3uFtDKJdbOfmC70wIQ"]}]}},"_links":{"self":[{"href":"https:\/\/sidimurcia.org\/index.php\/wp-json\/wp\/v2\/pages\/84","targetHints":{"allow":["GET"]}}],"collection":[{"href":"https:\/\/sidimurcia.org\/index.php\/wp-json\/wp\/v2\/pages"}],"about":[{"href":"https:\/\/sidimurcia.org\/index.php\/wp-json\/wp\/v2\/types\/page"}],"author":[{"embeddable":true,"href":"https:\/\/sidimurcia.org\/index.php\/wp-json\/wp\/v2\/users\/1"}],"replies":[{"embeddable":true,"href":"https:\/\/sidimurcia.org\/index.php\/wp-json\/wp\/v2\/comments?post=84"}],"version-history":[{"count":0,"href":"https:\/\/sidimurcia.org\/index.php\/wp-json\/wp\/v2\/pages\/84\/revisions"}],"wp:attachment":[{"href":"https:\/\/sidimurcia.org\/index.php\/wp-json\/wp\/v2\/media?parent=84"}],"curies":[{"name":"wp","href":"https:\/\/api.w.org\/{rel}","templated":true}]}}