{"id":8782,"date":"2021-04-21T06:35:15","date_gmt":"2021-04-21T06:35:15","guid":{"rendered":"https:\/\/sidimurcia.org\/?page_id=8782"},"modified":"2026-04-23T08:47:13","modified_gmt":"2026-04-23T08:47:13","slug":"informacion-sidi-interinos-as-como-actuar-ante-una-convocatoria-de-interinos-semanal","status":"publish","type":"page","link":"https:\/\/sidimurcia.org\/index.php\/informacion-sidi-interinos-as-como-actuar-ante-una-convocatoria-de-interinos-semanal\/","title":{"rendered":"INFORMACION SIDI &#8211; Interinos\/as &#8211; C\u00f3mo actuar ante una convocatoria de interinos semanal"},"content":{"rendered":"<p align=\"justify\"><span style=\"font-family: arial, helvetica, sans-serif;\">Dado que son muchos los interinos\/as que trabajan por primera vez en la Regi\u00f3n de Murcia, bien porque han accedido a listas de interinos recientemente, bien porque no conocen la forma de funcionar de un acto de adjudicaci\u00f3n, os vamos a explicar brevemente la forma de proceder para ahorrarnos todos un trabajo innecesario.<\/span><\/p>\n<p align=\"justify\"><span style=\"font-family: arial, helvetica, sans-serif;\">La Consejer\u00eda de Educaci\u00f3n hace p\u00fablicas las listas de personas convocadas por especialidad. Estas listas (denominadas convocatorias) se publican ordinariamente los martes por la tarde. Las pod\u00e9is encontrar en la web de SIDI, en facebook y twitter del sindicato. Tambien disponemos de un\u00a0 aviso inmediato al m\u00d3vil en el momento que se publica la convocatoria mediante Tetelegram (solo para los activados en el servicio mediante petici\u00f3n previa).<\/span><\/p>\n<ul>\n<li><span style=\"font-family: arial, helvetica, sans-serif;\"><a href=\"https:\/\/sidimurcia.org\/index.php\/2026\/04\/23\/23-04-2026-adjudicaciones-telematicas-nota-informativa-sobre-el-aplicativo-en-los-actos-de-adjudicacion\/\">23\/04\/26 ADJUDICACIONES TELEM\u00c1TICAS: Nota informativa sobre el aplicativo en los actos de adjudicaci\u00f3n<\/a><\/span><\/li>\n<li><span style=\"font-family: arial, helvetica, sans-serif;\"><a href=\"https:\/\/drive.google.com\/file\/d\/16PYdSp6eUJbw-Xmfxq99-5a3_vJJ0CoS\/view?usp=sharing\">GU\u00cdA ACTOS DE ADJUDICACI\u00d3N VOLUNTARIOS (PRIMERO DE JULIO, ACTO DE CENTROS PREFERENTES Y ACTOS DE SEPTIEMBRE)<\/a><\/span><\/li>\n<li><a href=\"https:\/\/drive.google.com\/file\/d\/1xTfvEYg2oALzF1a0NlFMpCE9Ybtn-Uyd\/view?usp=sharing\"><span style=\"font-family: arial, helvetica, sans-serif;\">GU\u00cdA DE ACTOS ORDINARIOS, NOCIONES B\u00c1SICAS<\/span><\/a><\/li>\n<\/ul>\n<p align=\"justify\"><span style=\"color: #d4458b; font-family: arial, helvetica, sans-serif;\"><strong>PRIMER PASO &#8211; SABER MI N\u00daMERO DE LISTA<\/strong><\/span><\/p>\n<div align=\"justify\">\n<ul>\n<li><span style=\"font-family: arial, helvetica, sans-serif;\"><a href=\"http:\/\/www.educarm.es\/consultalistainterinos\" target=\"_self\" rel=\"noopener\">B\u00daSQUEDA PERSONALIZADA EN LISTAS DE INTERINOS<\/a><\/span><\/li>\n<li><span style=\"font-family: arial, helvetica, sans-serif;\"><a href=\"http:\/\/www.carm.es\/web\/pagina?IDCONTENIDO=4081&amp;IDTIPO=100&amp;RASTRO=c798$m3914\" target=\"_self\" rel=\"noopener\">LISTAS DE INTERINOS WEB CARM\/EDUCACION<\/a><\/span><\/li>\n<\/ul>\n<\/div>\n<p align=\"justify\"><span style=\"color: #d4458b; font-family: arial, helvetica, sans-serif;\"><strong>SEGUNDO PASO &#8211; COMPROBAR SI ESTOY EN LA CONVOCATORIA PUBLICADA POR EL SIDI<\/strong><\/span><\/p>\n<div align=\"justify\">\n<ul>\n<li><span style=\"font-family: arial, helvetica, sans-serif;\"><a href=\"https:\/\/sidimurcia.org\/index.php\/actos-de-adjudicacion\/\">ENLACE A TODAS LAS PUBLICACIONES DE SIDI RELACIONADAS CON LOS ACTOS DE ADJUDICACIONES<\/a><\/span><\/li>\n<li><span style=\"font-family: arial, helvetica, sans-serif;\">EJEMPLOS DE CONVOCATORIAS para que te familiarices.<\/span><\/li>\n<\/ul>\n<ul>\n<li style=\"list-style-type: none;\">\n<ul>\n<li><span style=\"font-size: 16px; font-family: arial, helvetica, sans-serif; color: #3c48a9;\"><strong>Convocatoria y relaci\u00f3n de vacantes ofertadas para el acto de adjudicaci\u00f3n de interinos del XX\/XX\/2023.<\/strong><\/span><\/li>\n<\/ul>\n<\/li>\n<\/ul>\n<p style=\"padding-left: 120px;\"><span style=\"font-size: 16px; color: #993366; font-family: arial, helvetica, sans-serif;\"><strong>EDUCACI\u00d3N INFANTIL Y PRIMARIA:<\/strong><\/span><\/p>\n<ul>\n<li style=\"list-style-type: none;\">\n<ul>\n<li style=\"list-style-type: none;\">\n<ul>\n<li style=\"list-style-type: none;\">\n<ul>\n<li><span style=\"font-size: 16px; font-family: arial, helvetica, sans-serif;\"><a title=\"20\/04\/2021. ACTO DE ADJUDICACI\u00d3N TELEM\u00c1TICO - Se convoca a los interinos pertenecientes al cuerpo de maestros que a continuaci\u00f3n se relacionan, al acto telem\u00e1tico de adjudicaci\u00f3n de plazas cuyo plazo de presentaci\u00f3n de instancias se inicia el 20 de abril de 2021\" href=\"https:\/\/www.carm.es\/web\/Blob?ARCHIVO=Convocatoria%20acto%2021-04-2021.pdf&amp;TABLA=ARCHIVOS&amp;CAMPOCLAVE=IDARCHIVO&amp;VALORCLAVE=170353&amp;CAMPOIMAGEN=ARCHIVO&amp;IDTIPO=60&amp;RASTRO=c77$m22725,22759,4254\">20\/04\/2021. ACTO DE ADJUDICACI\u00d3N TELEM\u00c1TICO \u2013 <strong>Se convoca<\/strong> a los interinos pertenecientes al cuerpo de maestros que a continuaci\u00f3n se relacionan, al acto telem\u00e1tico de adjudicaci\u00f3n de plazas cuyo plazo de presentaci\u00f3n de instancias se inicia el 20 de abril de 2021<\/a><\/span><\/li>\n<li><span style=\"font-size: 16px; font-family: arial, helvetica, sans-serif;\"><a title=\"20\/04\/2021. Lista de vacantes de Infantil y Primaria para el Acto de Adjudicaci\u00f3n Telem\u00e1tico del d\u00eda 21 de abril de 2021\" href=\"https:\/\/www.carm.es\/web\/Blob?ARCHIVO=ADJVACANTESPRIMARIA-27467.pdf&amp;TABLA=ARCHIVOS&amp;CAMPOCLAVE=IDARCHIVO&amp;VALORCLAVE=170355&amp;CAMPOIMAGEN=ARCHIVO&amp;IDTIPO=60&amp;RASTRO=c77$m22725,22759,4254\">20\/04\/2021. <strong>Lista de vacantes de Infantil y Primaria<\/strong> para el Acto de Adjudicaci\u00f3n Telem\u00e1tico del d\u00eda 21 de abril de 2021<\/a><\/span><\/li>\n<\/ul>\n<\/li>\n<\/ul>\n<\/li>\n<\/ul>\n<\/li>\n<\/ul>\n<p style=\"padding-left: 120px;\"><span style=\"font-size: 16px; color: #008000; font-family: arial, helvetica, sans-serif;\"><strong>SECUNDARIA, FP Y OTROS CUERPOS:<\/strong><\/span><\/p>\n<ul>\n<li style=\"list-style-type: none;\">\n<ul>\n<li style=\"list-style-type: none;\">\n<ul>\n<li style=\"list-style-type: none;\">\n<ul>\n<li><span style=\"font-size: 16px; font-family: arial, helvetica, sans-serif;\"><a title=\"20\/04\/2021. ACTO DE ADJUDICACI\u00d3N TELEM\u00c1TICO - Se convoca a los\/as aspirantes a interinidad de los Cuerpos de Secundaria y Otros, de las especialidades y hasta el n\u00famero de lista que a continuaci\u00f3n se indica, al acto telem\u00e1tico de adjudicaci\u00f3n de plazas cuyo plazo de presentaci\u00f3n de instancias se inicia el d\u00eda 20 de abril de 2021\" href=\"https:\/\/www.carm.es\/web\/Blob?ARCHIVO=CONVOCATORIA%20ACTO%2021-04-2021%20.pdf&amp;TABLA=ARCHIVOS&amp;CAMPOCLAVE=IDARCHIVO&amp;VALORCLAVE=170357&amp;CAMPOIMAGEN=ARCHIVO&amp;IDTIPO=60&amp;RASTRO=c77$m22725,22759,4254\">20\/04\/2021. ACTO DE ADJUDICACI\u00d3N TELEM\u00c1TICO \u2013 <strong>Se convoca<\/strong> a los\/as aspirantes a interinidad de los Cuerpos de Secundaria y Otros, de las especialidades y hasta el n\u00famero de lista que a continuaci\u00f3n se indica, al acto telem\u00e1tico de adjudicaci\u00f3n de plazas cuyo plazo de presentaci\u00f3n de instancias se inicia el d\u00eda 20 de abril de 2021<\/a><\/span><\/li>\n<li><span style=\"font-family: arial, helvetica, sans-serif;\"><a title=\"20\/04\/2021 .Listado de Vacantes de Plantilla y de Sustituci\u00f3n del cuerpo de profesores de ense\u00f1anza Secundaria, ense\u00f1anzas de R\u00e9gimen Especial y T\u00e9ncnicos de Formaci\u00f3n Profesional. Para el acto de adjudicaci\u00f3n del d\u00eda 21\/04\/2021\" href=\"https:\/\/www.carm.es\/web\/Blob?ARCHIVO=ADJVACANTESSECUNDARIA-71202.pdf&amp;TABLA=ARCHIVOS&amp;CAMPOCLAVE=IDARCHIVO&amp;VALORCLAVE=170354&amp;CAMPOIMAGEN=ARCHIVO&amp;IDTIPO=60&amp;RASTRO=c77$m22725,22759,4254\"><span style=\"font-size: 16px;\">20\/04\/2021 .<strong>Listado de Vacantes de Plantilla y de Sustituci\u00f3n<\/strong> del cuerpo de profesores de ense\u00f1anza Secundaria, ense\u00f1anzas de R\u00e9gimen Especial y T\u00e9cnicos de Formaci\u00f3n Profesional. Para el acto de adjudicaci\u00f3n del d\u00eda 21\/04\/2021<\/span><\/a><\/span><\/li>\n<\/ul>\n<\/li>\n<\/ul>\n<\/li>\n<\/ul>\n<\/li>\n<\/ul>\n<p><span style=\"color: #d4458b; font-family: arial, helvetica, sans-serif;\"><strong>TERCER PASO<\/strong><\/span><\/p>\n<\/div>\n<ul>\n<li><span style=\"font-family: arial, helvetica, sans-serif; color: #3c48a9;\"><strong>SI ESTOY CONVOCADO\/A y por tanto ya puedo entrar en <a style=\"color: #3c48a9;\" href=\"http:\/\/tj90.mjt.lu\/lnk\/AEEAGZLX85cAAAAAAAAAAAAAAM0AAAAAAAMAAAAAAAZ7RABYKwnFUADeXGHCSAiWXeNomd2vrwAGM8w\/6\/STSWNgcnakyTY48d21PQyw\/aHR0cDovL3d3dy5lZHVjYXJtLmVz\">www.educarm.es<\/a> con mi usuario y contrase\u00f1a y realizar la petici\u00f3n. Ante cualquier incidencia contacta con nosotros en el 654358604<br \/>\n<\/strong><\/span><\/li>\n<li><span style=\"font-family: arial, helvetica, sans-serif;\"><strong><span style=\"color: #3c48a9;\">NO ESTOY CONVOCADO\/A y por tanto <u>toca esperar<\/u> a la siguiente convocatoria (semana siguiente).<\/span><br \/>\n<\/strong><\/span><\/li>\n<\/ul>\n<hr \/>\n<p align=\"justify\"><span style=\"font-family: arial, helvetica, sans-serif;\"><span style=\"color: #d4458b;\"><strong>SITUACIONES FRECUENTES QUE GENERAN UN TRABAJO INNECESARIO EN UN TIEMPO LIMITADO UNA VEZ QUE SE PUBLICA EL LISTADO DE INCIDENCIAS<\/strong><\/span> (recuerda que desde la publicaci\u00f3n de incidencias en los actos semanales durante el curso se produce sobre las 9:00-9:30 hasta las 11:00, hora en la que se cierra el acto normalmente, hay menos de 2 horas para avisar a los afiliados que se hayan olvidado o que salgan por cualquier cuesti\u00f3n en incidencias y solventarlas). Las siguientes situaciones son las que hay que evitar a toda costa:<strong><br \/>\n<\/strong><\/span><\/p>\n<p align=\"justify\"><span style=\"font-family: arial, helvetica, sans-serif;\"><strong><span style=\"color: #3c48a9;\">1.- No estoy convocado\/a pero es que me he metido en EDUCARM y me deja pedir<\/span><br \/>\n<\/strong><\/span><\/p>\n<div align=\"justify\">\n<blockquote><p><span style=\"font-family: arial, helvetica, sans-serif;\">RESPUESTA SIDI : Recuerda el SEGUNDO PASO (no est\u00e1s en la convocatoria). Si en el segundo paso no estas convocado\/a, no debes entrar a pedir.<\/span><\/p><\/blockquote>\n<\/div>\n<p align=\"justify\"><span style=\"font-family: arial, helvetica, sans-serif;\"><strong><span style=\"color: #3c48a9;\">2.- YA, pero es que me he metido y me aparece una foto que dice que no estoy convocado\/a pero que mande un email y eso he hecho.<\/span><br \/>\n<\/strong><\/span><\/p>\n<div align=\"justify\">\n<blockquote><p><span style=\"font-family: arial, helvetica, sans-serif;\">RESPUESTA SIDI : Estamos perdiendo el tiempo, te has olvidado del SEGUNDO PASO (no est\u00e1s en la convocatoria)\u00a0 Si no estas convocado\/a, no debes entrar a pedir. Ahora saldr\u00e1s en las incidencias, te avisaremos de que sales y nos llamaras nervioso\/a preguntando lo que debes hacer; no debes hacer nada ya que no estas convocado.<strong><br \/>\n<\/strong><\/span><\/p><\/blockquote>\n<\/div>\n<p align=\"justify\"><span style=\"font-family: arial, helvetica, sans-serif;\"><strong><span style=\"color: #3c48a9;\">2.- YA, pero es que tengo un amigo que sabe mucho de esto y me ha dicho que pida de todas formas<\/span><br \/>\n<\/strong><\/span><\/p>\n<div align=\"justify\">\n<blockquote><p><span style=\"font-family: arial, helvetica, sans-serif;\">RESPUESTA SIDI : Pierdes el tiempo, te has olvidado del SEGUNDO PASO (no est\u00e1s en la convocatoria)\u00a0 Si no estas convocado\/a, no debes entrar a pedir. Ahora saldr\u00e1s en las incidencias, te avisaremos de que sales y nos llamaras nervioso\/a preguntando lo que debes hacer; no debes hacer nada ya que no estas convocado.<strong><br \/>\n<\/strong><\/span><\/p><\/blockquote>\n<\/div>\n<p align=\"justify\"><span style=\"font-family: arial, helvetica, sans-serif;\"><strong><span style=\"color: #3c48a9;\">3.- YA, pero es que me ha dejado entrar y pedir, e incluso he cerrado la instancia y tengo el pdf, por tanto he pedido no?<\/span><br \/>\n<\/strong><\/span><\/p>\n<div align=\"justify\">\n<blockquote><p><span style=\"font-family: arial, helvetica, sans-serif;\">RESPUESTA SIDI : Pierdes el tiempo, te has olvidado del SEGUNDO PASO (no est\u00e1s en la convocatoria)\u00a0 Si no estas convocado\/a, no debes entrar a pedir. Ahora saldr\u00e1s en las incidencias, te avisaremos de que sales y nos llamaras nervioso\/a preguntando lo que debes hacer; no debes hacer nada ya que no estas convocado.<strong><br \/>\n<\/strong><\/span><\/p><\/blockquote>\n<\/div>\n<p align=\"justify\"><span style=\"font-family: arial, helvetica, sans-serif;\">TE ROGAMOS POR TANTO, QUE SIGAS LOS DOS PRIMEROS PASOS Y ANTES DE ENTRAR A PEDIR CON VUESTRO USUARIO Y CONTRASE\u00d1A COMPROB\u00c9IS LA CONVOCATORIA OFICIAL<\/span><\/p>\n<div align=\"justify\"><\/div>\n<div align=\"justify\"><span style=\"font-size: 20px; font-family: arial, helvetica, sans-serif;\"><span style=\"color: #d4458b;\"><strong>Finalmente os recomendamos la lectura de nuestro dec\u00e1logo sobre actos de adjudicaci\u00f3n:<\/strong><\/span> <strong><a href=\"https:\/\/sidimurcia.org\/index.php\/actos-de-adjudicacion-decalogo\/\">DEC\u00c1LOGO<\/a><\/strong><\/span><\/div>\n<p align=\"justify\"><span style=\"font-family: arial, helvetica, sans-serif; color: #3c48a9;\"><strong>Esperando tu colaboraci\u00f3n activa, recibe un cordial saludo.<\/strong><\/span><\/p>\n","protected":false},"excerpt":{"rendered":"<p>Dado que son muchos los interinos\/as que trabajan por primera vez en la Regi\u00f3n de Murcia, bien porque han accedido &#8230; <a title=\"INFORMACION SIDI &#8211; Interinos\/as &#8211; C\u00f3mo actuar ante una convocatoria de interinos semanal\" class=\"read-more\" href=\"https:\/\/sidimurcia.org\/index.php\/informacion-sidi-interinos-as-como-actuar-ante-una-convocatoria-de-interinos-semanal\/\" aria-label=\"Leer m\u00e1s sobre INFORMACION SIDI &#8211; Interinos\/as &#8211; C\u00f3mo actuar ante una convocatoria de interinos semanal\">Leer mas<\/a><\/p>\n","protected":false},"author":1,"featured_media":0,"parent":0,"menu_order":0,"comment_status":"closed","ping_status":"closed","template":"","meta":{"footnotes":""},"class_list":["post-8782","page","type-page","status-publish"],"yoast_head":"<!-- This site is optimized with the Yoast SEO plugin v27.2 - https:\/\/yoast.com\/product\/yoast-seo-wordpress\/ -->\n<title>INFORMACION SIDI - Interinos\/as - C\u00f3mo actuar ante una convocatoria de interinos semanal - SIDI<\/title>\n<meta name=\"robots\" content=\"index, follow, max-snippet:-1, max-image-preview:large, max-video-preview:-1\" \/>\n<link rel=\"canonical\" href=\"https:\/\/sidimurcia.org\/index.php\/informacion-sidi-interinos-as-como-actuar-ante-una-convocatoria-de-interinos-semanal\/\" \/>\n<meta property=\"og:locale\" content=\"es_ES\" \/>\n<meta property=\"og:type\" content=\"article\" \/>\n<meta property=\"og:title\" content=\"INFORMACION SIDI - Interinos\/as - C\u00f3mo actuar ante una convocatoria de interinos semanal - SIDI\" \/>\n<meta property=\"og:description\" content=\"Dado que son muchos los interinos\/as que trabajan por primera vez en la Regi\u00f3n de Murcia, bien porque han accedido ... Leer mas\" \/>\n<meta property=\"og:url\" content=\"https:\/\/sidimurcia.org\/index.php\/informacion-sidi-interinos-as-como-actuar-ante-una-convocatoria-de-interinos-semanal\/\" \/>\n<meta property=\"og:site_name\" content=\"SIDI\" \/>\n<meta property=\"article:publisher\" content=\"https:\/\/es-es.facebook.com\/sidi.sindicatodedocentes\" \/>\n<meta property=\"article:modified_time\" content=\"2026-04-23T08:47:13+00:00\" \/>\n<meta name=\"twitter:card\" content=\"summary_large_image\" \/>\n<meta name=\"twitter:site\" content=\"@SIDIMURCIA\" \/>\n<meta name=\"twitter:label1\" content=\"Tiempo de lectura\" \/>\n\t<meta name=\"twitter:data1\" content=\"4 minutos\" \/>\n<script type=\"application\/ld+json\" class=\"yoast-schema-graph\">{\"@context\":\"https:\/\/schema.org\",\"@graph\":[{\"@type\":\"WebPage\",\"@id\":\"https:\/\/sidimurcia.org\/index.php\/informacion-sidi-interinos-as-como-actuar-ante-una-convocatoria-de-interinos-semanal\/\",\"url\":\"https:\/\/sidimurcia.org\/index.php\/informacion-sidi-interinos-as-como-actuar-ante-una-convocatoria-de-interinos-semanal\/\",\"name\":\"INFORMACION SIDI - Interinos\/as - C\u00f3mo actuar ante una convocatoria de interinos semanal - SIDI\",\"isPartOf\":{\"@id\":\"https:\/\/sidimurcia.org\/#website\"},\"datePublished\":\"2021-04-21T06:35:15+00:00\",\"dateModified\":\"2026-04-23T08:47:13+00:00\",\"breadcrumb\":{\"@id\":\"https:\/\/sidimurcia.org\/index.php\/informacion-sidi-interinos-as-como-actuar-ante-una-convocatoria-de-interinos-semanal\/#breadcrumb\"},\"inLanguage\":\"es\",\"potentialAction\":[{\"@type\":\"ReadAction\",\"target\":[\"https:\/\/sidimurcia.org\/index.php\/informacion-sidi-interinos-as-como-actuar-ante-una-convocatoria-de-interinos-semanal\/\"]}]},{\"@type\":\"BreadcrumbList\",\"@id\":\"https:\/\/sidimurcia.org\/index.php\/informacion-sidi-interinos-as-como-actuar-ante-una-convocatoria-de-interinos-semanal\/#breadcrumb\",\"itemListElement\":[{\"@type\":\"ListItem\",\"position\":1,\"name\":\"Portada\",\"item\":\"https:\/\/sidimurcia.org\/\"},{\"@type\":\"ListItem\",\"position\":2,\"name\":\"INFORMACION SIDI &#8211; Interinos\/as &#8211; C\u00f3mo actuar ante una convocatoria de interinos semanal\"}]},{\"@type\":\"WebSite\",\"@id\":\"https:\/\/sidimurcia.org\/#website\",\"url\":\"https:\/\/sidimurcia.org\/\",\"name\":\"SIDI\",\"description\":\"Sindicato Independiente de Docentes\",\"publisher\":{\"@id\":\"https:\/\/sidimurcia.org\/#organization\"},\"potentialAction\":[{\"@type\":\"SearchAction\",\"target\":{\"@type\":\"EntryPoint\",\"urlTemplate\":\"https:\/\/sidimurcia.org\/?s={search_term_string}\"},\"query-input\":{\"@type\":\"PropertyValueSpecification\",\"valueRequired\":true,\"valueName\":\"search_term_string\"}}],\"inLanguage\":\"es\"},{\"@type\":\"Organization\",\"@id\":\"https:\/\/sidimurcia.org\/#organization\",\"name\":\"Sindicato Independiente de Docentes - SIDI\",\"url\":\"https:\/\/sidimurcia.org\/\",\"logo\":{\"@type\":\"ImageObject\",\"inLanguage\":\"es\",\"@id\":\"https:\/\/sidimurcia.org\/#\/schema\/logo\/image\/\",\"url\":\"https:\/\/sidimurcia.org\/wp-content\/uploads\/cropped-PARAPESTANAWEB-1.jpg\",\"contentUrl\":\"https:\/\/sidimurcia.org\/wp-content\/uploads\/cropped-PARAPESTANAWEB-1.jpg\",\"width\":512,\"height\":512,\"caption\":\"Sindicato Independiente de Docentes - SIDI\"},\"image\":{\"@id\":\"https:\/\/sidimurcia.org\/#\/schema\/logo\/image\/\"},\"sameAs\":[\"https:\/\/es-es.facebook.com\/sidi.sindicatodedocentes\",\"https:\/\/x.com\/SIDIMURCIA\",\"https:\/\/www.instagram.com\/sidi_murcia\/\",\"https:\/\/www.youtube.com\/channel\/UCwwdL3uFtDKJdbOfmC70wIQ\"]}]}<\/script>\n<!-- \/ Yoast SEO plugin. -->","yoast_head_json":{"title":"INFORMACION SIDI - Interinos\/as - C\u00f3mo actuar ante una convocatoria de interinos semanal - SIDI","robots":{"index":"index","follow":"follow","max-snippet":"max-snippet:-1","max-image-preview":"max-image-preview:large","max-video-preview":"max-video-preview:-1"},"canonical":"https:\/\/sidimurcia.org\/index.php\/informacion-sidi-interinos-as-como-actuar-ante-una-convocatoria-de-interinos-semanal\/","og_locale":"es_ES","og_type":"article","og_title":"INFORMACION SIDI - Interinos\/as - C\u00f3mo actuar ante una convocatoria de interinos semanal - SIDI","og_description":"Dado que son muchos los interinos\/as que trabajan por primera vez en la Regi\u00f3n de Murcia, bien porque han accedido ... Leer mas","og_url":"https:\/\/sidimurcia.org\/index.php\/informacion-sidi-interinos-as-como-actuar-ante-una-convocatoria-de-interinos-semanal\/","og_site_name":"SIDI","article_publisher":"https:\/\/es-es.facebook.com\/sidi.sindicatodedocentes","article_modified_time":"2026-04-23T08:47:13+00:00","twitter_card":"summary_large_image","twitter_site":"@SIDIMURCIA","twitter_misc":{"Tiempo de lectura":"4 minutos"},"schema":{"@context":"https:\/\/schema.org","@graph":[{"@type":"WebPage","@id":"https:\/\/sidimurcia.org\/index.php\/informacion-sidi-interinos-as-como-actuar-ante-una-convocatoria-de-interinos-semanal\/","url":"https:\/\/sidimurcia.org\/index.php\/informacion-sidi-interinos-as-como-actuar-ante-una-convocatoria-de-interinos-semanal\/","name":"INFORMACION SIDI - Interinos\/as - C\u00f3mo actuar ante una convocatoria de interinos semanal - SIDI","isPartOf":{"@id":"https:\/\/sidimurcia.org\/#website"},"datePublished":"2021-04-21T06:35:15+00:00","dateModified":"2026-04-23T08:47:13+00:00","breadcrumb":{"@id":"https:\/\/sidimurcia.org\/index.php\/informacion-sidi-interinos-as-como-actuar-ante-una-convocatoria-de-interinos-semanal\/#breadcrumb"},"inLanguage":"es","potentialAction":[{"@type":"ReadAction","target":["https:\/\/sidimurcia.org\/index.php\/informacion-sidi-interinos-as-como-actuar-ante-una-convocatoria-de-interinos-semanal\/"]}]},{"@type":"BreadcrumbList","@id":"https:\/\/sidimurcia.org\/index.php\/informacion-sidi-interinos-as-como-actuar-ante-una-convocatoria-de-interinos-semanal\/#breadcrumb","itemListElement":[{"@type":"ListItem","position":1,"name":"Portada","item":"https:\/\/sidimurcia.org\/"},{"@type":"ListItem","position":2,"name":"INFORMACION SIDI &#8211; Interinos\/as &#8211; C\u00f3mo actuar ante una convocatoria de interinos semanal"}]},{"@type":"WebSite","@id":"https:\/\/sidimurcia.org\/#website","url":"https:\/\/sidimurcia.org\/","name":"SIDI","description":"Sindicato Independiente de Docentes","publisher":{"@id":"https:\/\/sidimurcia.org\/#organization"},"potentialAction":[{"@type":"SearchAction","target":{"@type":"EntryPoint","urlTemplate":"https:\/\/sidimurcia.org\/?s={search_term_string}"},"query-input":{"@type":"PropertyValueSpecification","valueRequired":true,"valueName":"search_term_string"}}],"inLanguage":"es"},{"@type":"Organization","@id":"https:\/\/sidimurcia.org\/#organization","name":"Sindicato Independiente de Docentes - SIDI","url":"https:\/\/sidimurcia.org\/","logo":{"@type":"ImageObject","inLanguage":"es","@id":"https:\/\/sidimurcia.org\/#\/schema\/logo\/image\/","url":"https:\/\/sidimurcia.org\/wp-content\/uploads\/cropped-PARAPESTANAWEB-1.jpg","contentUrl":"https:\/\/sidimurcia.org\/wp-content\/uploads\/cropped-PARAPESTANAWEB-1.jpg","width":512,"height":512,"caption":"Sindicato Independiente de Docentes - SIDI"},"image":{"@id":"https:\/\/sidimurcia.org\/#\/schema\/logo\/image\/"},"sameAs":["https:\/\/es-es.facebook.com\/sidi.sindicatodedocentes","https:\/\/x.com\/SIDIMURCIA","https:\/\/www.instagram.com\/sidi_murcia\/","https:\/\/www.youtube.com\/channel\/UCwwdL3uFtDKJdbOfmC70wIQ"]}]}},"_links":{"self":[{"href":"https:\/\/sidimurcia.org\/index.php\/wp-json\/wp\/v2\/pages\/8782","targetHints":{"allow":["GET"]}}],"collection":[{"href":"https:\/\/sidimurcia.org\/index.php\/wp-json\/wp\/v2\/pages"}],"about":[{"href":"https:\/\/sidimurcia.org\/index.php\/wp-json\/wp\/v2\/types\/page"}],"author":[{"embeddable":true,"href":"https:\/\/sidimurcia.org\/index.php\/wp-json\/wp\/v2\/users\/1"}],"replies":[{"embeddable":true,"href":"https:\/\/sidimurcia.org\/index.php\/wp-json\/wp\/v2\/comments?post=8782"}],"version-history":[{"count":1,"href":"https:\/\/sidimurcia.org\/index.php\/wp-json\/wp\/v2\/pages\/8782\/revisions"}],"predecessor-version":[{"id":28166,"href":"https:\/\/sidimurcia.org\/index.php\/wp-json\/wp\/v2\/pages\/8782\/revisions\/28166"}],"wp:attachment":[{"href":"https:\/\/sidimurcia.org\/index.php\/wp-json\/wp\/v2\/media?parent=8782"}],"curies":[{"name":"wp","href":"https:\/\/api.w.org\/{rel}","templated":true}]}}