{"id":9408,"date":"2021-06-05T08:19:57","date_gmt":"2021-06-05T08:19:57","guid":{"rendered":"https:\/\/sidimurcia.org\/?page_id=9408"},"modified":"2024-07-10T08:24:01","modified_gmt":"2024-07-10T08:24:01","slug":"oposiciones-publicaciones-de-tribunales","status":"publish","type":"page","link":"https:\/\/sidimurcia.org\/index.php\/oposiciones-publicaciones-de-tribunales\/","title":{"rendered":"OPOSICIONES 2024: Informaci\u00f3n de inter\u00e9s y Publicaciones de los tribunales"},"content":{"rendered":"<p><img loading=\"lazy\" decoding=\"async\" class=\"aligncenter\" src=\"https:\/\/sidimurcia.org\/wp-content\/uploads\/publicaciones-de-los-tribunales.jpg\" alt=\"\" width=\"175\" height=\"74\" \/><\/p>\n<hr \/>\n<p><span style=\"font-family: arial, helvetica, sans-serif;\"><img loading=\"lazy\" decoding=\"async\" src=\"https:\/\/sidimurcia.org\/wp-content\/uploads\/2019\/10\/informacion20x20.gif\" alt=\"\" width=\"21\" height=\"20\" \/><span style=\"color: #3645a0; font-size: 20px;\"> CITACIONES, PUBLICACIONES DE NOTAS Y OTRAS COMUNICACIONES DE CADA UNO DE LOS TRIBUNALES HACIA LOS OPOSITORES:<br \/>\n<\/span><\/span><\/p>\n<p><!-- <img loading=\"lazy\" decoding=\"async\" class=\"aligncenter\" src=\"https:\/\/sidimurcia.org\/wp-content\/uploads\/cuadro-publicaciones-de-los-tribunales.jpg\" alt=\"\" width=\"822\" height=\"159\" \/>  --><\/p>\n<p style=\"text-align: center;\"><span style=\"font-family: arial, helvetica, sans-serif;\"><strong><span style=\"color: #ff0000;\">ATENCI\u00d3N. LA CONSULTA SE PUEDE RALENTIZAR DADO EL ACCESO MASIVO QUE SE PRODUCE OCASIONALMENTE A LA WEB DE LA CONSEJER\u00cdA POR PARTE DE LOS OPOSITORES<br \/>\n<\/span><\/strong><\/span><\/p>\n<p style=\"text-align: center;\"><iframe loading=\"lazy\" src=\"\/\/servicios.educarm.es\/admin\/index2.php?aplicacion=PUBLICACIONES_TRIBUNALES&amp;module=publicacionesTribunales&amp;anyo=2024&amp;convocatoria=OPOPRI24\" width=\"1060\" height=\"320\"><span style=\"display: inline-block; width: 0px; overflow: hidden; line-height: 0;\" data-mce-type=\"bookmark\" class=\"mce_SELRES_start\"><\/span><span style=\"display: inline-block; width: 0px; overflow: hidden; line-height: 0;\" data-mce-type=\"bookmark\" class=\"mce_SELRES_start\"><\/span><span style=\"display: inline-block; width: 0px; overflow: hidden; line-height: 0;\" data-mce-type=\"bookmark\" class=\"mce_SELRES_start\"><\/span><span style=\"display: inline-block; width: 0px; overflow: hidden; line-height: 0;\" data-mce-type=\"bookmark\" class=\"mce_SELRES_start\"><\/span><span style=\"display: inline-block; width: 0px; overflow: hidden; line-height: 0;\" data-mce-type=\"bookmark\" class=\"mce_SELRES_start\"><\/span><span style=\"display: inline-block; width: 0px; overflow: hidden; line-height: 0;\" data-mce-type=\"bookmark\" class=\"mce_SELRES_start\"><\/span><span style=\"display: inline-block; width: 0px; overflow: hidden; line-height: 0;\" data-mce-type=\"bookmark\" class=\"mce_SELRES_start\"><\/span><span style=\"display: inline-block; width: 0px; overflow: hidden; line-height: 0;\" data-mce-type=\"bookmark\" class=\"mce_SELRES_start\"><\/span><span style=\"display: inline-block; width: 0px; overflow: hidden; line-height: 0;\" data-mce-type=\"bookmark\" class=\"mce_SELRES_start\"><span style=\"display: inline-block; width: 0px; overflow: hidden; line-height: 0;\" data-mce-type=\"bookmark\" class=\"mce_SELRES_start\"><\/span><\/span><\/iframe><\/p>\n<p style=\"text-align: center;\"><span style=\"font-family: arial, helvetica, sans-serif;\"><a href=\"https:\/\/servicios.educarm.es\/admin\/index2.php?aplicacion=PUBLICACIONES_TRIBUNALES&amp;module=publicacionesTribunales&amp;anyo=2024&amp;convocatoria=OPOPRI24\">PULSE AQU\u00cd PARA REALIZAR OTRA CONSULTA<\/a> <span style=\"color: #993366;\">y para poder realizar otras consultas o actualizaciones deber\u00e1 salir y entrar de nuevo a esa p\u00e1gina<\/span><\/span><\/p>\n<hr \/>\n<p>&nbsp;<\/p>\n<p><strong><span style=\"font-family: arial, helvetica, sans-serif; font-size: 20px; color: #c7528c;\">TEXTO DE LA CONVOCATORIA:<\/span><\/strong><\/p>\n<ul>\n<li>\n<p class=\"entry-title\"><span style=\"font-family: arial, helvetica, sans-serif;\"><a href=\"https:\/\/sidimurcia.org\/index.php\/2023\/09\/08\/oposiciones-2024-via-2-convocatoria-del-cuerpo-de-maestros\/\" rel=\"bookmark\">OPOSICIONES 2024 \u2013 V\u00cdA 2: Convocatoria del cuerpo de maestros<\/a><\/span><\/p>\n<\/li>\n<\/ul>\n<p><span style=\"font-size: 20px; font-family: arial, helvetica, sans-serif;\"><strong><span style=\"color: #c7528c;\">FASE DE OPOSICI\u00d3N:<\/span><\/strong><\/span><\/p>\n<ul>\n<li><a href=\"https:\/\/sidimurcia.org\/index.php\/2024\/06\/13\/oposiciones-2024-criterios-de-valoracion-y-actuacion\/\" rel=\"bookmark\"><span style=\"font-family: arial, helvetica, sans-serif;\">OPOSICIONES 2024: Criterios de valoraci\u00f3n y actuaci\u00f3n.<\/span><\/a><\/li>\n<li><span style=\"font-family: arial, helvetica, sans-serif;\"><a href=\"https:\/\/sidimurcia.org\/index.php\/2024\/05\/22\/oposiciones-2024-oposiciones-2024-sedes-y-aulas-del-acto-de-presentacion-y-celebracion-de-la-primera-prueba-e-instrucciones-sobre-su-desarrollo-sedes-de-actuacion-a-partir-del-24-06-24\/\" rel=\"bookmark\">OPOSICIONES 2024: Sedes y aulas del acto de presentaci\u00f3n y celebraci\u00f3n de la primera prueba e instrucciones sobre su desarrollo. Sedes de actuaci\u00f3n a partir del 24\/06\/24<\/a><\/span><\/li>\n<li><span style=\"font-family: arial, helvetica, sans-serif;\"><a href=\"https:\/\/sidimurcia.org\/index.php\/2024\/05\/16\/oposiciones-2024-dia-hora-y-lugar-del-acto-de-presentacion-e-instrucciones-del-inicio-de-las-pruebas-sedes-de-actuacion\/\" rel=\"bookmark\">OPOSICIONES 2024: D\u00eda, hora y lugar del acto de presentaci\u00f3n e instrucciones del inicio de las pruebas. Sedes de actuaci\u00f3n<\/a><\/span><\/li>\n<li><span style=\"font-family: arial, helvetica, sans-serif;\"><a href=\"https:\/\/sidimurcia.org\/index.php\/2024\/05\/03\/oposiciones-2024-resolucion-definitiva-de-aspirantes-admitidos-y-excluidos\/\" rel=\"bookmark\">OPOSICIONES 2024: Resoluci\u00f3n DEFINITIVA de aspirantes admitidos y excluidos y distribuci\u00f3n por tribunal.<\/a><\/span><\/li>\n<li><span style=\"font-family: arial, helvetica, sans-serif;\"><a href=\"https:\/\/sidimurcia.org\/index.php\/2024\/02\/06\/oposiciones-2024-aclaracion-sobre-el-terminosituacion-de-aprendizaje-y-saberes-basicos\/\" rel=\"bookmark\">OPOSICIONES 2024: Aclaraci\u00f3n sobre el t\u00e9rmino \u201csituaci\u00f3n de aprendizaje\u201d y \u201csaberes b\u00e1sicos\u201d<\/a><\/span><\/li>\n<\/ul>\n<p><span style=\"font-size: 20px;\"><strong><span style=\"color: #c7528c; font-family: arial, helvetica, sans-serif;\">FASE DE CONCURSO:<\/span><\/strong><\/span><\/p>\n<ul>\n<li><span style=\"font-family: arial, helvetica, sans-serif;\"><a href=\"https:\/\/drive.google.com\/file\/d\/1qsFuSRmDJT_2RZbnYEwEawrC86yBUXFD\/view?usp=sharing\">ANEXO II \u2013 BAREMO FASE DE CONCURSO MAESTROS 2024<\/a><\/span><\/li>\n<li><img decoding=\"async\" src=\"https:\/\/sidimurcia.org\/wp-content\/uploads\/2019\/10\/logoword.png\" \/> <span style=\"font-family: arial, helvetica, sans-serif;\"><a href=\"https:\/\/www.carm.es\/web\/descarga?ARCHIVO=ANEXO%20V%20FICHA%20BAREMACI%C3%93N_formulario.doc&amp;ALIAS=ARCH&amp;IDCONTENIDO=191547&amp;RASTRO=c798$m3977,72846,73714\">Anexo V. Ficha de solicitud de baremaci\u00f3n de m\u00e9ritos<\/a><br \/>\n<\/span><\/li>\n<li><a href=\"https:\/\/sidimurcia.org\/wp-content\/uploads\/SIDI-BaremoOposiciones2024.xlsx\"><span style=\"font-family: arial, helvetica, sans-serif;\">HERRAMIENTA DE SIDI PARA EL C\u00c1LCULO DEL BAREMO<\/span><\/a><\/li>\n<li><span style=\"font-family: arial, helvetica, sans-serif;\"><strong><span style=\"color: #ff0000;\">RECOMENDACI\u00d3N SIDI:<\/span> Se debe leer el ART\u00cdCULO 53 de la <a href=\"https:\/\/sidimurcia.org\/index.php\/2023\/09\/08\/oposiciones-2024-via-2-convocatoria-del-cuerpo-de-maestros\/\">CONVOCATORIA<\/a> donde se especifica como y cuando se deben entregar los m\u00e9ritos al tribunal.<\/strong><\/span><\/li>\n<li><span style=\"font-family: arial, helvetica, sans-serif;\"><strong>NOTA CONSEJER\u00cdA:<\/strong> Los aspirantes que hayan superado la fase de oposici\u00f3n, deben presentar hasta el d\u00eda h\u00e1bil posterior a la publicaci\u00f3n de la resoluci\u00f3n de las puntuaciones definitivas de la fase de oposici\u00f3n, en el horario que establezcan los tribunales, su ficha de baremaci\u00f3n conforme al\u00a0Anexo V de esta orden, junto con la documentaci\u00f3n justificativa de los m\u00e9ritos ante los tribunales. (<strong>Debe leer el Art\u00edculo 53: Especificaciones a la fase de concurso de los procedimientos de ingreso<\/strong>, de la orden de <strong><a href=\"https:\/\/sidimurcia.org\/index.php\/2023\/09\/08\/oposiciones-2024-via-2-convocatoria-del-cuerpo-de-maestros\/\">CONVOCATORIA<\/a><\/strong> de la oposici\u00f3n)<\/span><\/li>\n<li><span style=\"font-family: arial, helvetica, sans-serif;\"><strong><span style=\"color: #ff0000;\">RECOMENDACI\u00d3N SIDI:<\/span><\/strong> A la hora de rellenar el Anexo V. Ficha de solicitud de baremaci\u00f3n de m\u00e9ritos, es recomendable tener abierto el <a href=\"https:\/\/drive.google.com\/file\/d\/1qsFuSRmDJT_2RZbnYEwEawrC86yBUXFD\/view?usp=sharing\">ANEXO II \u2013 BAREMO<\/a> que indica los m\u00e9ritos baremables as\u00ed como lo que hay que presentar para que un m\u00e9rito se pueda baremar (certificados, t\u00edtulos, etc.) . A continuaci\u00f3n, recorra apartado por apartado el <a href=\"https:\/\/drive.google.com\/file\/d\/1qsFuSRmDJT_2RZbnYEwEawrC86yBUXFD\/view?usp=sharing\">ANEXO II<\/a> identificando los m\u00e9ritos que tiene, procediendo a rellenar el Anexo V con los m\u00e9ritos detectados. El Anexo V posteriormente se entregar\u00e1 al tribunal junto con las copias de los t\u00edtulos o certificados que demuestran nuestro baremo seg\u00fan lo indicado en el art\u00edculo 53 de la <a href=\"https:\/\/sidimurcia.org\/index.php\/2023\/09\/08\/oposiciones-2024-via-2-convocatoria-del-cuerpo-de-maestros\/\">CONVOCATORIA<\/a>.<\/span><\/li>\n<\/ul>\n<p><span style=\"color: #c7528c; font-family: arial, helvetica, sans-serif; font-size: 20px;\"><strong>RECLAMACIONES:<\/strong><\/span><\/p>\n<p style=\"text-align: center;\"><span style=\"font-family: arial, helvetica, sans-serif;\">Video resumen sobre las posibles formas de reclamaci\u00f3n contempladas en la Convocatoria de Oposici\u00f3n:<\/span><\/p>\n<p style=\"text-align: center;\"><iframe loading=\"lazy\" title=\"YouTube video player\" src=\"https:\/\/www.youtube.com\/embed\/SbcSpqVk5FI?si=zW7pDvQvyYCXTLYi\" width=\"560\" height=\"315\" frameborder=\"0\" allowfullscreen=\"allowfullscreen\"><\/iframe><\/p>\n<p>&nbsp;<\/p>\n<p><span style=\"font-family: arial, helvetica, sans-serif; color: #c7528c; font-size: 20px;\"><strong>OTRA INFORMACI\u00d3N DE INTER\u00c9S:<\/strong><\/span><\/p>\n<p><img decoding=\"async\" class=\"aligncenter\" src=\"https:\/\/sidimurcia.org\/wp-content\/uploads\/INFOGRAFIA-VIA-2-FASES-OPO.jpg\" alt=\"\" width=\"700\" \/><\/p>\n<p><img decoding=\"async\" class=\"aligncenter\" src=\"https:\/\/sidimurcia.org\/wp-content\/uploads\/cronograma-opo2024.jpg\" alt=\"\" width=\"400\" \/><\/p>\n<ul>\n<li><span style=\"font-family: arial, helvetica, sans-serif;\"><a href=\"https:\/\/sidimurcia.org\/index.php\/2024\/05\/13\/rebaremacion-maestros-2024-consultas-frecuentes-sobre-la-lista-de-interinos-para-el-curso-24-25\/\" rel=\"bookmark\">REBAREMACI\u00d3N MAESTROS 2024: Consultas frecuentes sobre la lista de interinos para el curso 24\/25<\/a><\/span><\/li>\n<li><span style=\"font-family: arial, helvetica, sans-serif;\"><a href=\"https:\/\/drive.google.com\/file\/d\/1CJVW1DM2neKwuwCImShWpIEngvzqZe4U\/view?usp=sharing\">GU\u00cdA SIDI PARA OPOSICIONES 2024<\/a><\/span><\/li>\n<li><a href=\"https:\/\/view.genially.com\/664c573a788001001402fb9c\"><span style=\"font-family: arial, helvetica, sans-serif;\">Gu\u00eda interactiva Oposiciones Maestros 2024<\/span><\/a><\/li>\n<\/ul>\n<p>&nbsp;<\/p>\n<p>&nbsp;<\/p>\n","protected":false},"excerpt":{"rendered":"<p>CITACIONES, PUBLICACIONES DE NOTAS Y OTRAS COMUNICACIONES DE CADA UNO DE LOS TRIBUNALES HACIA LOS OPOSITORES: ATENCI\u00d3N. LA CONSULTA SE &#8230; <a title=\"OPOSICIONES 2024: Informaci\u00f3n de inter\u00e9s y Publicaciones de los tribunales\" class=\"read-more\" href=\"https:\/\/sidimurcia.org\/index.php\/oposiciones-publicaciones-de-tribunales\/\" aria-label=\"Leer m\u00e1s sobre OPOSICIONES 2024: Informaci\u00f3n de inter\u00e9s y Publicaciones de los tribunales\">Leer mas<\/a><\/p>\n","protected":false},"author":1,"featured_media":0,"parent":0,"menu_order":0,"comment_status":"closed","ping_status":"closed","template":"","meta":{"footnotes":""},"class_list":["post-9408","page","type-page","status-publish"],"yoast_head":"<!-- This site is optimized with the Yoast SEO plugin v27.2 - https:\/\/yoast.com\/product\/yoast-seo-wordpress\/ -->\n<title>OPOSICIONES 2024: Informaci\u00f3n de inter\u00e9s y Publicaciones de los tribunales - SIDI<\/title>\n<meta name=\"robots\" content=\"index, follow, max-snippet:-1, max-image-preview:large, max-video-preview:-1\" \/>\n<link rel=\"canonical\" href=\"https:\/\/sidimurcia.org\/index.php\/oposiciones-publicaciones-de-tribunales\/\" \/>\n<meta property=\"og:locale\" content=\"es_ES\" \/>\n<meta property=\"og:type\" content=\"article\" \/>\n<meta property=\"og:title\" content=\"OPOSICIONES 2024: Informaci\u00f3n de inter\u00e9s y Publicaciones de los tribunales - SIDI\" \/>\n<meta property=\"og:description\" content=\"CITACIONES, PUBLICACIONES DE NOTAS Y OTRAS COMUNICACIONES DE CADA UNO DE LOS TRIBUNALES HACIA LOS OPOSITORES: ATENCI\u00d3N. LA CONSULTA SE ... Leer mas\" \/>\n<meta property=\"og:url\" content=\"https:\/\/sidimurcia.org\/index.php\/oposiciones-publicaciones-de-tribunales\/\" \/>\n<meta property=\"og:site_name\" content=\"SIDI\" \/>\n<meta property=\"article:publisher\" content=\"https:\/\/es-es.facebook.com\/sidi.sindicatodedocentes\" \/>\n<meta property=\"article:modified_time\" content=\"2024-07-10T08:24:01+00:00\" \/>\n<meta property=\"og:image\" content=\"https:\/\/sidimurcia.org\/wp-content\/uploads\/publicaciones-de-los-tribunales.jpg\" \/>\n<meta name=\"twitter:card\" content=\"summary_large_image\" \/>\n<meta name=\"twitter:site\" content=\"@SIDIMURCIA\" \/>\n<meta name=\"twitter:label1\" content=\"Tiempo de lectura\" \/>\n\t<meta name=\"twitter:data1\" content=\"2 minutos\" \/>\n<script type=\"application\/ld+json\" class=\"yoast-schema-graph\">{\"@context\":\"https:\/\/schema.org\",\"@graph\":[{\"@type\":\"WebPage\",\"@id\":\"https:\/\/sidimurcia.org\/index.php\/oposiciones-publicaciones-de-tribunales\/\",\"url\":\"https:\/\/sidimurcia.org\/index.php\/oposiciones-publicaciones-de-tribunales\/\",\"name\":\"OPOSICIONES 2024: Informaci\u00f3n de inter\u00e9s y Publicaciones de los tribunales - SIDI\",\"isPartOf\":{\"@id\":\"https:\/\/sidimurcia.org\/#website\"},\"primaryImageOfPage\":{\"@id\":\"https:\/\/sidimurcia.org\/index.php\/oposiciones-publicaciones-de-tribunales\/#primaryimage\"},\"image\":{\"@id\":\"https:\/\/sidimurcia.org\/index.php\/oposiciones-publicaciones-de-tribunales\/#primaryimage\"},\"thumbnailUrl\":\"https:\/\/sidimurcia.org\/wp-content\/uploads\/publicaciones-de-los-tribunales.jpg\",\"datePublished\":\"2021-06-05T08:19:57+00:00\",\"dateModified\":\"2024-07-10T08:24:01+00:00\",\"breadcrumb\":{\"@id\":\"https:\/\/sidimurcia.org\/index.php\/oposiciones-publicaciones-de-tribunales\/#breadcrumb\"},\"inLanguage\":\"es\",\"potentialAction\":[{\"@type\":\"ReadAction\",\"target\":[\"https:\/\/sidimurcia.org\/index.php\/oposiciones-publicaciones-de-tribunales\/\"]}]},{\"@type\":\"ImageObject\",\"inLanguage\":\"es\",\"@id\":\"https:\/\/sidimurcia.org\/index.php\/oposiciones-publicaciones-de-tribunales\/#primaryimage\",\"url\":\"\",\"contentUrl\":\"\"},{\"@type\":\"BreadcrumbList\",\"@id\":\"https:\/\/sidimurcia.org\/index.php\/oposiciones-publicaciones-de-tribunales\/#breadcrumb\",\"itemListElement\":[{\"@type\":\"ListItem\",\"position\":1,\"name\":\"Portada\",\"item\":\"https:\/\/sidimurcia.org\/\"},{\"@type\":\"ListItem\",\"position\":2,\"name\":\"OPOSICIONES 2024: Informaci\u00f3n de inter\u00e9s y Publicaciones de los tribunales\"}]},{\"@type\":\"WebSite\",\"@id\":\"https:\/\/sidimurcia.org\/#website\",\"url\":\"https:\/\/sidimurcia.org\/\",\"name\":\"SIDI\",\"description\":\"Sindicato Independiente de Docentes\",\"publisher\":{\"@id\":\"https:\/\/sidimurcia.org\/#organization\"},\"potentialAction\":[{\"@type\":\"SearchAction\",\"target\":{\"@type\":\"EntryPoint\",\"urlTemplate\":\"https:\/\/sidimurcia.org\/?s={search_term_string}\"},\"query-input\":{\"@type\":\"PropertyValueSpecification\",\"valueRequired\":true,\"valueName\":\"search_term_string\"}}],\"inLanguage\":\"es\"},{\"@type\":\"Organization\",\"@id\":\"https:\/\/sidimurcia.org\/#organization\",\"name\":\"Sindicato Independiente de Docentes - SIDI\",\"url\":\"https:\/\/sidimurcia.org\/\",\"logo\":{\"@type\":\"ImageObject\",\"inLanguage\":\"es\",\"@id\":\"https:\/\/sidimurcia.org\/#\/schema\/logo\/image\/\",\"url\":\"https:\/\/sidimurcia.org\/wp-content\/uploads\/cropped-PARAPESTANAWEB-1.jpg\",\"contentUrl\":\"https:\/\/sidimurcia.org\/wp-content\/uploads\/cropped-PARAPESTANAWEB-1.jpg\",\"width\":512,\"height\":512,\"caption\":\"Sindicato Independiente de Docentes - SIDI\"},\"image\":{\"@id\":\"https:\/\/sidimurcia.org\/#\/schema\/logo\/image\/\"},\"sameAs\":[\"https:\/\/es-es.facebook.com\/sidi.sindicatodedocentes\",\"https:\/\/x.com\/SIDIMURCIA\",\"https:\/\/www.instagram.com\/sidi_murcia\/\",\"https:\/\/www.youtube.com\/channel\/UCwwdL3uFtDKJdbOfmC70wIQ\"]}]}<\/script>\n<!-- \/ Yoast SEO plugin. -->","yoast_head_json":{"title":"OPOSICIONES 2024: Informaci\u00f3n de inter\u00e9s y Publicaciones de los tribunales - SIDI","robots":{"index":"index","follow":"follow","max-snippet":"max-snippet:-1","max-image-preview":"max-image-preview:large","max-video-preview":"max-video-preview:-1"},"canonical":"https:\/\/sidimurcia.org\/index.php\/oposiciones-publicaciones-de-tribunales\/","og_locale":"es_ES","og_type":"article","og_title":"OPOSICIONES 2024: Informaci\u00f3n de inter\u00e9s y Publicaciones de los tribunales - SIDI","og_description":"CITACIONES, PUBLICACIONES DE NOTAS Y OTRAS COMUNICACIONES DE CADA UNO DE LOS TRIBUNALES HACIA LOS OPOSITORES: ATENCI\u00d3N. LA CONSULTA SE ... Leer mas","og_url":"https:\/\/sidimurcia.org\/index.php\/oposiciones-publicaciones-de-tribunales\/","og_site_name":"SIDI","article_publisher":"https:\/\/es-es.facebook.com\/sidi.sindicatodedocentes","article_modified_time":"2024-07-10T08:24:01+00:00","og_image":[{"url":"https:\/\/sidimurcia.org\/wp-content\/uploads\/publicaciones-de-los-tribunales.jpg","type":"","width":"","height":""}],"twitter_card":"summary_large_image","twitter_site":"@SIDIMURCIA","twitter_misc":{"Tiempo de lectura":"2 minutos"},"schema":{"@context":"https:\/\/schema.org","@graph":[{"@type":"WebPage","@id":"https:\/\/sidimurcia.org\/index.php\/oposiciones-publicaciones-de-tribunales\/","url":"https:\/\/sidimurcia.org\/index.php\/oposiciones-publicaciones-de-tribunales\/","name":"OPOSICIONES 2024: Informaci\u00f3n de inter\u00e9s y Publicaciones de los tribunales - SIDI","isPartOf":{"@id":"https:\/\/sidimurcia.org\/#website"},"primaryImageOfPage":{"@id":"https:\/\/sidimurcia.org\/index.php\/oposiciones-publicaciones-de-tribunales\/#primaryimage"},"image":{"@id":"https:\/\/sidimurcia.org\/index.php\/oposiciones-publicaciones-de-tribunales\/#primaryimage"},"thumbnailUrl":"https:\/\/sidimurcia.org\/wp-content\/uploads\/publicaciones-de-los-tribunales.jpg","datePublished":"2021-06-05T08:19:57+00:00","dateModified":"2024-07-10T08:24:01+00:00","breadcrumb":{"@id":"https:\/\/sidimurcia.org\/index.php\/oposiciones-publicaciones-de-tribunales\/#breadcrumb"},"inLanguage":"es","potentialAction":[{"@type":"ReadAction","target":["https:\/\/sidimurcia.org\/index.php\/oposiciones-publicaciones-de-tribunales\/"]}]},{"@type":"ImageObject","inLanguage":"es","@id":"https:\/\/sidimurcia.org\/index.php\/oposiciones-publicaciones-de-tribunales\/#primaryimage","url":"","contentUrl":""},{"@type":"BreadcrumbList","@id":"https:\/\/sidimurcia.org\/index.php\/oposiciones-publicaciones-de-tribunales\/#breadcrumb","itemListElement":[{"@type":"ListItem","position":1,"name":"Portada","item":"https:\/\/sidimurcia.org\/"},{"@type":"ListItem","position":2,"name":"OPOSICIONES 2024: Informaci\u00f3n de inter\u00e9s y Publicaciones de los tribunales"}]},{"@type":"WebSite","@id":"https:\/\/sidimurcia.org\/#website","url":"https:\/\/sidimurcia.org\/","name":"SIDI","description":"Sindicato Independiente de Docentes","publisher":{"@id":"https:\/\/sidimurcia.org\/#organization"},"potentialAction":[{"@type":"SearchAction","target":{"@type":"EntryPoint","urlTemplate":"https:\/\/sidimurcia.org\/?s={search_term_string}"},"query-input":{"@type":"PropertyValueSpecification","valueRequired":true,"valueName":"search_term_string"}}],"inLanguage":"es"},{"@type":"Organization","@id":"https:\/\/sidimurcia.org\/#organization","name":"Sindicato Independiente de Docentes - SIDI","url":"https:\/\/sidimurcia.org\/","logo":{"@type":"ImageObject","inLanguage":"es","@id":"https:\/\/sidimurcia.org\/#\/schema\/logo\/image\/","url":"https:\/\/sidimurcia.org\/wp-content\/uploads\/cropped-PARAPESTANAWEB-1.jpg","contentUrl":"https:\/\/sidimurcia.org\/wp-content\/uploads\/cropped-PARAPESTANAWEB-1.jpg","width":512,"height":512,"caption":"Sindicato Independiente de Docentes - SIDI"},"image":{"@id":"https:\/\/sidimurcia.org\/#\/schema\/logo\/image\/"},"sameAs":["https:\/\/es-es.facebook.com\/sidi.sindicatodedocentes","https:\/\/x.com\/SIDIMURCIA","https:\/\/www.instagram.com\/sidi_murcia\/","https:\/\/www.youtube.com\/channel\/UCwwdL3uFtDKJdbOfmC70wIQ"]}]}},"_links":{"self":[{"href":"https:\/\/sidimurcia.org\/index.php\/wp-json\/wp\/v2\/pages\/9408","targetHints":{"allow":["GET"]}}],"collection":[{"href":"https:\/\/sidimurcia.org\/index.php\/wp-json\/wp\/v2\/pages"}],"about":[{"href":"https:\/\/sidimurcia.org\/index.php\/wp-json\/wp\/v2\/types\/page"}],"author":[{"embeddable":true,"href":"https:\/\/sidimurcia.org\/index.php\/wp-json\/wp\/v2\/users\/1"}],"replies":[{"embeddable":true,"href":"https:\/\/sidimurcia.org\/index.php\/wp-json\/wp\/v2\/comments?post=9408"}],"version-history":[{"count":0,"href":"https:\/\/sidimurcia.org\/index.php\/wp-json\/wp\/v2\/pages\/9408\/revisions"}],"wp:attachment":[{"href":"https:\/\/sidimurcia.org\/index.php\/wp-json\/wp\/v2\/media?parent=9408"}],"curies":[{"name":"wp","href":"https:\/\/api.w.org\/{rel}","templated":true}]}}