{"id":99,"date":"2019-10-10T12:25:37","date_gmt":"2019-10-10T12:25:37","guid":{"rendered":"https:\/\/sidimurcia.org\/wp\/?page_id=99"},"modified":"2019-12-11T10:00:36","modified_gmt":"2019-12-11T10:00:36","slug":"normativa-sobre-bajas-medicas-procedimiento-solicitud-devolucion-descuento-it","status":"publish","type":"page","link":"https:\/\/sidimurcia.org\/index.php\/normativa-sobre-bajas-medicas-procedimiento-solicitud-devolucion-descuento-it\/","title":{"rendered":"NORMATIVA SOBRE BAJAS MEDICAS &#8211; PROCEDIMIENTO SOLICITUD DEVOLUCI\u00d3N DESCUENTO IT"},"content":{"rendered":"<p align=\"justify\"><u><strong>DESAPARICI\u00d3N DE DESCUENTO POR BAJA M\u00c9DICA<\/strong><\/u><\/p>\n<p align=\"justify\"><u><\/u><strong>Desde el d\u00eda 1 de enero de 2019 ya no se aplica ning\u00fan tipo de descuento en los d\u00edas de baja m\u00e9dica seg\u00fan se indica en la disposici\u00f3n final segunda apartado cuatro de los Presupuestos Generales de la Regi\u00f3n de Murcia publicados en BORM del 28\/12\/2018<u><br \/>\n<\/u><\/strong><\/p>\n<p align=\"justify\">Cuatro. Se modifica el apartado 1 de la disposici\u00f3n adicional segunda, que queda redactado de la siguiente manera:<br \/>\n\u00ab1. El personal funcionario y estatutario al servicio de la Funci\u00f3n P\u00fablica Regional que se halle en la situaci\u00f3n de incapacidad temporal, cualquiera que sea la situaci\u00f3n determinante de la misma, riesgo durante el embarazo, maternidad, adopci\u00f3n, acogimiento previo, paternidad, riesgo durante la lactancia natural, con independencia de cu\u00e1l sea su r\u00e9gimen p\u00fablico de Seguridad Social, tendr\u00e1 derecho a percibir desde el primer d\u00eda y hasta su extinci\u00f3n por el transcurso del plazo m\u00e1ximo establecido para la situaci\u00f3n de que se trate, un complemento salarial que sumado a las prestaciones econ\u00f3micas a las que tenga derecho conforme a la normativa de Seguridad Social le permita alcanzar el cien por cien de los conceptos retributivos que devengue mensualmente con car\u00e1cter fijo, que el personal hubiera percibido el mes de inicio de la situaci\u00f3n correspondiente.<br \/>\nCuando las situaciones contempladas en este apartado se hayan iniciado antes  de  la  entrada  en  vigor  de  esta  ley,  el  personal  tendr\u00e1  derecho  al reconocimiento del complemento hasta el cien por cien de las retribuciones a partir de la fecha en que entre en vigor la ley.<br \/>\nEste apartado ser\u00e1 de aplicaci\u00f3n a los funcionarios que tengan derecho a una prestaci\u00f3n econ\u00f3mica por incapacidad temporal en virtud de su normativa espec\u00edfica, salvo en aquello que contradiga a la misma.\u00bb<strong><u><br \/>\n<\/u><\/strong><\/p>\n<p align=\"justify\"><strong><u>NORMATIVA SOBRE TR\u00c1MITE DE BAJAS (FUNCIONARIOS, INTERINOS Y PROFESORADO DE RELIGI\u00d3N).<\/u><br \/>\n<\/strong><\/p>\n<div align=\"justify\">\n<ul>\n<li><strong>PROFESORADO INTERINO Y PROFESORADO DE RELIGI\u00d3N: <a href=\"http:\/\/www.boe.es\/boe\/dias\/2015\/06\/20\/pdfs\/BOE-A-2015-6839.pdf\" target=\"_self\" rel=\"noopener noreferrer\">Orden ESS\/1187\/2015, de 15 de junio, por la que se desarrolla el Real Decreto 625\/2014, de 18 de julio, por el que se regulan determinados aspectos de la gesti\u00f3n y control de los procesos por incapacidad temporal en los primeros trescientos sesenta y cinco d\u00edas de su duraci\u00f3n.<\/a><\/strong><\/li>\n<li><strong>PROFESORADO FUNCIONARIO DE CARRERA (MUFACE): <a href=\"http:\/\/www.boe.es\/boe\/dias\/2010\/07\/01\/pdfs\/BOE-A-2010-10424.pdf\" target=\"_self\" rel=\"noopener noreferrer\">Orden PRE\/1744\/2010, de 30 de junio, por la que se regula el procedimiento de reconocimiento, control y seguimiento de las situaciones de incapacidad temporal, riesgo durante el embarazo y riesgo durante la lactancia natural en el R\u00e9gimen Especial de la Seguridad Social de los Funcionarios Civiles del Estado.<\/a><\/strong><\/li>\n<\/ul>\n<\/div>\n<p><strong><u>NORMATIVA SOBRE DESCUENTO DE BAJAS IT Y PROCEDIMIENTO PARA SOLICITAR LA DEVOLUCI\u00d3N DE LOS DESCUENTOS<\/u><br \/>\n<\/strong><\/p>\n<ul>\n<li><strong>Instrucciones recorte sueldo interinos y forma de reclamar que te lo devuelvan.<\/strong><\/li>\n<li><strong>Instrucciones recorte sueldo funcionarios y forma de reclamar que te lo duevuelvan<\/strong><\/li>\n<li><strong>DOCUMENTO informativo sobre los duescuentos.<\/strong><\/li>\n<\/ul>\n<p><strong> <a href=\"https:\/\/sidimurcia.org\/index.php?option=com_content&amp;task=view&amp;id=5696&amp;Itemid=39\">Circular sobre descuentos por baja m\u00e9dica &#8211; FUNCIONARIOS<\/a><br \/>\n<a href=\"https:\/\/sidimurcia.org\/index.php?option=com_content&amp;task=view&amp;id=5586&amp;Itemid=39\">Instrucciones que regulan descuentos a los trabajadores en baja por incapacidad<\/a><\/p>\n<p><u> DOCUMENTOS DE SOLICITUD:<\/u><\/p>\n<p>PARA INTERINOS SE PUEDE RELLENAR TELEMATICAMENTE, PERO AL FINAL SE IMPRIME Y SE PRESENTA POR REGISTRO:<\/p>\n<p><\/strong><\/p>\n<ul>\n<li><a href=\"http:\/\/www.carm.es\/web\/pagina?IDCONTENIDO=38068&amp;IDTIPO=100&amp;RASTRO=c2015$m\" target=\"_blank\" rel=\"noopener noreferrer\">Solicitud para el reconocimiento del complemento de incapacidad temporal al 100%. Personal de Seguridad Social <\/a><\/li>\n<\/ul>\n<p><strong><\/p>\n<p>PARA FUNCIONARIOS DE CARRERA VALE EL DOCUMENTO EN WORD SIGUIENTE, QUE SE IMPRIME Y SE PRESENTA POR REGISTRO.<br \/>\n<\/strong><\/p>\n<ul>\n<li><a href=\"https:\/\/www.carm.es\/web\/integra.servlets.Blob?ARCHIVO=Modelo%20reconocimiento%20complemento%20IT%20%40.pdf&amp;TABLA=ARCHIVOS&amp;CAMPOCLAVE=IDARCHIVO&amp;VALORCLAVE=113590&amp;CAMPOIMAGEN=ARCHIVO&amp;IDTIPO=60&amp;RASTRO=c798$m38986\" target=\"_self\" rel=\"noopener noreferrer\">Solicitud reconocimiento complemento Incapacidad Temporal al 100% Personal de Muface Consejer\u00eda de Educaci\u00f3n <\/a><a href=\"http:\/\/www.carm.es\/web\/integra.servlets.Blob?ARCHIVO=Solicitud%20reconocimient.%20complem.%20incapacid%20temp.%20%20MUFACE%2027-08-13pdf.pdf&amp;TABLA=ARCHIVOS&amp;CAMPOCLAVE=IDARCHIVO&amp;VALORCLAVE=86534&amp;CAMPOIMAGEN=ARCHIVO&amp;IDTIPO=60&amp;RASTRO=c800$m4307\"><br \/>\n<\/a><\/li>\n<li><a href=\"https:\/\/docs.google.com\/open?id=0B2C0uzYbxteZWnBPZDltbHhJVHc\" target=\"_self\" rel=\"noopener noreferrer\">Anexo en formato word.<\/a><\/li>\n<\/ul>\n<p><strong>En cualquier caso, SIEMPRE HAY QUE PEDIR LA DEVOLUCI\u00d3N, de oficio no conceden nada.<br \/>\n<\/strong><\/p>\n<div align=\"justify\">\n<ul>\n<li><em><a href=\"http:\/\/www.borm.es\/borm\/documento?obj=anu&amp;id=743929\" target=\"_self\" rel=\"noopener noreferrer\">Instrucciones de 22 de febrero de 2016, de la Consejer\u00eda de Hacienda y Administraci\u00f3n p\u00fablica, por la que se modifican las Instrucciones de 26 de julio de 2012, de la Consejer\u00eda de Econom\u00eda y Hacienda, para la determinaci\u00f3n del procedimiento y criterios de aplicaci\u00f3n de la mejora voluntaria de la acci\u00f3n protectora de la Seguridad Social contemplada en la disposici\u00f3n adicional segunda del texto refundido de la Ley de la Funci\u00f3n P\u00fablica de la Regi\u00f3n de Murcia.<\/a><\/em><\/li>\n<\/ul>\n<\/div>\n<ul>\n<li><a href=\"https:\/\/sidimurcia.org\/images\/stories\/documentos\/bajas_it\/descuentos_por_bajas_rev2016.pdf\" target=\"_blank\" rel=\"noopener noreferrer\">Tabla &#8211; SIDI Descuentos novedades 2016 <\/a>\n<ul>\n<li>NOTA ORIENTATIVA: si se permanece en baja m\u00e9dica los primeros 20 d\u00edas que conllevan descuento, el sueldo que se descuenta es el equivalente a 5,75 d\u00edas.<\/li>\n<\/ul>\n<\/li>\n<li><a href=\"https:\/\/docs.google.com\/open?id=0B2C0uzYbxteZODdUMFVDMnZSS2s\" target=\"_self\" rel=\"noopener noreferrer\">Tabla orientativa D.G. Recursos Humanos descuentos por d\u00eda.<\/a><\/li>\n<\/ul>\n<p><strong><\/p>\n<p><u>DESCUENTOS A PARTIR DEL 4\u00ba D\u00cdA QUE POR ENFERMEDAD NO SE ACUDE A TRABAJAR<\/u><br \/>\nEl descuento se acumula por el a\u00f1o natural (enero\/diciembre) por tanto durante 4 no seguidos, no hay problema. A partir del 5\u00ba d\u00eda se producen descuentos.<br \/>\nVer el siguiente art\u00edculo informativo.<\/p>\n<p><a href=\"https:\/\/sidimurcia.org\/index.php?option=com_content&amp;task=view&amp;id=5892&amp;Itemid=39\">Presupuestos Generales del Estado &#8211; 2013 <\/a><\/strong><\/p>\n","protected":false},"excerpt":{"rendered":"<p>DESAPARICI\u00d3N DE DESCUENTO POR BAJA M\u00c9DICA Desde el d\u00eda 1 de enero de 2019 ya no se aplica ning\u00fan tipo &#8230; <a title=\"NORMATIVA SOBRE BAJAS MEDICAS &#8211; PROCEDIMIENTO SOLICITUD DEVOLUCI\u00d3N DESCUENTO IT\" class=\"read-more\" href=\"https:\/\/sidimurcia.org\/index.php\/normativa-sobre-bajas-medicas-procedimiento-solicitud-devolucion-descuento-it\/\" aria-label=\"Leer m\u00e1s sobre NORMATIVA SOBRE BAJAS MEDICAS &#8211; PROCEDIMIENTO SOLICITUD DEVOLUCI\u00d3N DESCUENTO IT\">Leer mas<\/a><\/p>\n","protected":false},"author":1,"featured_media":0,"parent":0,"menu_order":0,"comment_status":"closed","ping_status":"closed","template":"","meta":{"footnotes":""},"class_list":["post-99","page","type-page","status-publish"],"yoast_head":"<!-- This site is optimized with the Yoast SEO plugin v27.2 - https:\/\/yoast.com\/product\/yoast-seo-wordpress\/ -->\n<title>NORMATIVA SOBRE BAJAS MEDICAS - PROCEDIMIENTO SOLICITUD DEVOLUCI\u00d3N DESCUENTO IT - SIDI<\/title>\n<meta name=\"robots\" content=\"index, follow, max-snippet:-1, max-image-preview:large, max-video-preview:-1\" \/>\n<link rel=\"canonical\" href=\"https:\/\/sidimurcia.org\/index.php\/normativa-sobre-bajas-medicas-procedimiento-solicitud-devolucion-descuento-it\/\" \/>\n<meta property=\"og:locale\" content=\"es_ES\" \/>\n<meta property=\"og:type\" content=\"article\" \/>\n<meta property=\"og:title\" content=\"NORMATIVA SOBRE BAJAS MEDICAS - PROCEDIMIENTO SOLICITUD DEVOLUCI\u00d3N DESCUENTO IT - SIDI\" \/>\n<meta property=\"og:description\" content=\"DESAPARICI\u00d3N DE DESCUENTO POR BAJA M\u00c9DICA Desde el d\u00eda 1 de enero de 2019 ya no se aplica ning\u00fan tipo ... Leer mas\" \/>\n<meta property=\"og:url\" content=\"https:\/\/sidimurcia.org\/index.php\/normativa-sobre-bajas-medicas-procedimiento-solicitud-devolucion-descuento-it\/\" \/>\n<meta property=\"og:site_name\" content=\"SIDI\" \/>\n<meta property=\"article:publisher\" content=\"https:\/\/es-es.facebook.com\/sidi.sindicatodedocentes\" \/>\n<meta property=\"article:modified_time\" content=\"2019-12-11T10:00:36+00:00\" \/>\n<meta name=\"twitter:card\" content=\"summary_large_image\" \/>\n<meta name=\"twitter:site\" content=\"@SIDIMURCIA\" \/>\n<meta name=\"twitter:label1\" content=\"Tiempo de lectura\" \/>\n\t<meta name=\"twitter:data1\" content=\"4 minutos\" \/>\n<script type=\"application\/ld+json\" class=\"yoast-schema-graph\">{\"@context\":\"https:\/\/schema.org\",\"@graph\":[{\"@type\":\"WebPage\",\"@id\":\"https:\/\/sidimurcia.org\/index.php\/normativa-sobre-bajas-medicas-procedimiento-solicitud-devolucion-descuento-it\/\",\"url\":\"https:\/\/sidimurcia.org\/index.php\/normativa-sobre-bajas-medicas-procedimiento-solicitud-devolucion-descuento-it\/\",\"name\":\"NORMATIVA SOBRE BAJAS MEDICAS - PROCEDIMIENTO SOLICITUD DEVOLUCI\u00d3N DESCUENTO IT - SIDI\",\"isPartOf\":{\"@id\":\"https:\/\/sidimurcia.org\/#website\"},\"datePublished\":\"2019-10-10T12:25:37+00:00\",\"dateModified\":\"2019-12-11T10:00:36+00:00\",\"breadcrumb\":{\"@id\":\"https:\/\/sidimurcia.org\/index.php\/normativa-sobre-bajas-medicas-procedimiento-solicitud-devolucion-descuento-it\/#breadcrumb\"},\"inLanguage\":\"es\",\"potentialAction\":[{\"@type\":\"ReadAction\",\"target\":[\"https:\/\/sidimurcia.org\/index.php\/normativa-sobre-bajas-medicas-procedimiento-solicitud-devolucion-descuento-it\/\"]}]},{\"@type\":\"BreadcrumbList\",\"@id\":\"https:\/\/sidimurcia.org\/index.php\/normativa-sobre-bajas-medicas-procedimiento-solicitud-devolucion-descuento-it\/#breadcrumb\",\"itemListElement\":[{\"@type\":\"ListItem\",\"position\":1,\"name\":\"Portada\",\"item\":\"https:\/\/sidimurcia.org\/\"},{\"@type\":\"ListItem\",\"position\":2,\"name\":\"NORMATIVA SOBRE BAJAS MEDICAS &#8211; PROCEDIMIENTO SOLICITUD DEVOLUCI\u00d3N DESCUENTO IT\"}]},{\"@type\":\"WebSite\",\"@id\":\"https:\/\/sidimurcia.org\/#website\",\"url\":\"https:\/\/sidimurcia.org\/\",\"name\":\"SIDI\",\"description\":\"Sindicato Independiente de Docentes\",\"publisher\":{\"@id\":\"https:\/\/sidimurcia.org\/#organization\"},\"potentialAction\":[{\"@type\":\"SearchAction\",\"target\":{\"@type\":\"EntryPoint\",\"urlTemplate\":\"https:\/\/sidimurcia.org\/?s={search_term_string}\"},\"query-input\":{\"@type\":\"PropertyValueSpecification\",\"valueRequired\":true,\"valueName\":\"search_term_string\"}}],\"inLanguage\":\"es\"},{\"@type\":\"Organization\",\"@id\":\"https:\/\/sidimurcia.org\/#organization\",\"name\":\"Sindicato Independiente de Docentes - SIDI\",\"url\":\"https:\/\/sidimurcia.org\/\",\"logo\":{\"@type\":\"ImageObject\",\"inLanguage\":\"es\",\"@id\":\"https:\/\/sidimurcia.org\/#\/schema\/logo\/image\/\",\"url\":\"https:\/\/sidimurcia.org\/wp-content\/uploads\/cropped-PARAPESTANAWEB-1.jpg\",\"contentUrl\":\"https:\/\/sidimurcia.org\/wp-content\/uploads\/cropped-PARAPESTANAWEB-1.jpg\",\"width\":512,\"height\":512,\"caption\":\"Sindicato Independiente de Docentes - SIDI\"},\"image\":{\"@id\":\"https:\/\/sidimurcia.org\/#\/schema\/logo\/image\/\"},\"sameAs\":[\"https:\/\/es-es.facebook.com\/sidi.sindicatodedocentes\",\"https:\/\/x.com\/SIDIMURCIA\",\"https:\/\/www.instagram.com\/sidi_murcia\/\",\"https:\/\/www.youtube.com\/channel\/UCwwdL3uFtDKJdbOfmC70wIQ\"]}]}<\/script>\n<!-- \/ Yoast SEO plugin. -->","yoast_head_json":{"title":"NORMATIVA SOBRE BAJAS MEDICAS - PROCEDIMIENTO SOLICITUD DEVOLUCI\u00d3N DESCUENTO IT - SIDI","robots":{"index":"index","follow":"follow","max-snippet":"max-snippet:-1","max-image-preview":"max-image-preview:large","max-video-preview":"max-video-preview:-1"},"canonical":"https:\/\/sidimurcia.org\/index.php\/normativa-sobre-bajas-medicas-procedimiento-solicitud-devolucion-descuento-it\/","og_locale":"es_ES","og_type":"article","og_title":"NORMATIVA SOBRE BAJAS MEDICAS - PROCEDIMIENTO SOLICITUD DEVOLUCI\u00d3N DESCUENTO IT - SIDI","og_description":"DESAPARICI\u00d3N DE DESCUENTO POR BAJA M\u00c9DICA Desde el d\u00eda 1 de enero de 2019 ya no se aplica ning\u00fan tipo ... Leer mas","og_url":"https:\/\/sidimurcia.org\/index.php\/normativa-sobre-bajas-medicas-procedimiento-solicitud-devolucion-descuento-it\/","og_site_name":"SIDI","article_publisher":"https:\/\/es-es.facebook.com\/sidi.sindicatodedocentes","article_modified_time":"2019-12-11T10:00:36+00:00","twitter_card":"summary_large_image","twitter_site":"@SIDIMURCIA","twitter_misc":{"Tiempo de lectura":"4 minutos"},"schema":{"@context":"https:\/\/schema.org","@graph":[{"@type":"WebPage","@id":"https:\/\/sidimurcia.org\/index.php\/normativa-sobre-bajas-medicas-procedimiento-solicitud-devolucion-descuento-it\/","url":"https:\/\/sidimurcia.org\/index.php\/normativa-sobre-bajas-medicas-procedimiento-solicitud-devolucion-descuento-it\/","name":"NORMATIVA SOBRE BAJAS MEDICAS - PROCEDIMIENTO SOLICITUD DEVOLUCI\u00d3N DESCUENTO IT - SIDI","isPartOf":{"@id":"https:\/\/sidimurcia.org\/#website"},"datePublished":"2019-10-10T12:25:37+00:00","dateModified":"2019-12-11T10:00:36+00:00","breadcrumb":{"@id":"https:\/\/sidimurcia.org\/index.php\/normativa-sobre-bajas-medicas-procedimiento-solicitud-devolucion-descuento-it\/#breadcrumb"},"inLanguage":"es","potentialAction":[{"@type":"ReadAction","target":["https:\/\/sidimurcia.org\/index.php\/normativa-sobre-bajas-medicas-procedimiento-solicitud-devolucion-descuento-it\/"]}]},{"@type":"BreadcrumbList","@id":"https:\/\/sidimurcia.org\/index.php\/normativa-sobre-bajas-medicas-procedimiento-solicitud-devolucion-descuento-it\/#breadcrumb","itemListElement":[{"@type":"ListItem","position":1,"name":"Portada","item":"https:\/\/sidimurcia.org\/"},{"@type":"ListItem","position":2,"name":"NORMATIVA SOBRE BAJAS MEDICAS &#8211; PROCEDIMIENTO SOLICITUD DEVOLUCI\u00d3N DESCUENTO IT"}]},{"@type":"WebSite","@id":"https:\/\/sidimurcia.org\/#website","url":"https:\/\/sidimurcia.org\/","name":"SIDI","description":"Sindicato Independiente de Docentes","publisher":{"@id":"https:\/\/sidimurcia.org\/#organization"},"potentialAction":[{"@type":"SearchAction","target":{"@type":"EntryPoint","urlTemplate":"https:\/\/sidimurcia.org\/?s={search_term_string}"},"query-input":{"@type":"PropertyValueSpecification","valueRequired":true,"valueName":"search_term_string"}}],"inLanguage":"es"},{"@type":"Organization","@id":"https:\/\/sidimurcia.org\/#organization","name":"Sindicato Independiente de Docentes - SIDI","url":"https:\/\/sidimurcia.org\/","logo":{"@type":"ImageObject","inLanguage":"es","@id":"https:\/\/sidimurcia.org\/#\/schema\/logo\/image\/","url":"https:\/\/sidimurcia.org\/wp-content\/uploads\/cropped-PARAPESTANAWEB-1.jpg","contentUrl":"https:\/\/sidimurcia.org\/wp-content\/uploads\/cropped-PARAPESTANAWEB-1.jpg","width":512,"height":512,"caption":"Sindicato Independiente de Docentes - SIDI"},"image":{"@id":"https:\/\/sidimurcia.org\/#\/schema\/logo\/image\/"},"sameAs":["https:\/\/es-es.facebook.com\/sidi.sindicatodedocentes","https:\/\/x.com\/SIDIMURCIA","https:\/\/www.instagram.com\/sidi_murcia\/","https:\/\/www.youtube.com\/channel\/UCwwdL3uFtDKJdbOfmC70wIQ"]}]}},"_links":{"self":[{"href":"https:\/\/sidimurcia.org\/index.php\/wp-json\/wp\/v2\/pages\/99","targetHints":{"allow":["GET"]}}],"collection":[{"href":"https:\/\/sidimurcia.org\/index.php\/wp-json\/wp\/v2\/pages"}],"about":[{"href":"https:\/\/sidimurcia.org\/index.php\/wp-json\/wp\/v2\/types\/page"}],"author":[{"embeddable":true,"href":"https:\/\/sidimurcia.org\/index.php\/wp-json\/wp\/v2\/users\/1"}],"replies":[{"embeddable":true,"href":"https:\/\/sidimurcia.org\/index.php\/wp-json\/wp\/v2\/comments?post=99"}],"version-history":[{"count":0,"href":"https:\/\/sidimurcia.org\/index.php\/wp-json\/wp\/v2\/pages\/99\/revisions"}],"wp:attachment":[{"href":"https:\/\/sidimurcia.org\/index.php\/wp-json\/wp\/v2\/media?parent=99"}],"curies":[{"name":"wp","href":"https:\/\/api.w.org\/{rel}","templated":true}]}}